{"id":3418,"date":"2016-12-13T19:41:05","date_gmt":"2016-12-13T18:41:05","guid":{"rendered":"http:\/\/www.presstourism.ch\/WP_ALEX\/?page_id=3418"},"modified":"2016-12-13T19:41:05","modified_gmt":"2016-12-13T18:41:05","slug":"georgie","status":"publish","type":"page","link":"http:\/\/www.presstourism.ch\/?page_id=3418","title":{"rendered":"G\u00e9orgie"},"content":{"rendered":"<p><a href=\"https:\/\/i0.wp.com\/www.presstourism.ch\/WP_ALEX\/wp-content\/uploads\/2016\/12\/Carte-Georgie.png\"><img loading=\"lazy\" class=\"aligncenter wp-image-3420 size-full\" src=\"https:\/\/i0.wp.com\/www.presstourism.ch\/WP_ALEX\/wp-content\/uploads\/2016\/12\/Carte-Georgie.png?resize=584%2C303\" alt=\"Carte Georgie\" width=\"584\" height=\"303\" srcset=\"https:\/\/i0.wp.com\/www.presstourism.ch\/wp-content\/uploads\/2016\/12\/Carte-Georgie.png?w=632 632w, https:\/\/i0.wp.com\/www.presstourism.ch\/wp-content\/uploads\/2016\/12\/Carte-Georgie.png?resize=300%2C156 300w, https:\/\/i0.wp.com\/www.presstourism.ch\/wp-content\/uploads\/2016\/12\/Carte-Georgie.png?resize=600%2C311 600w\" sizes=\"(max-width: 584px) 100vw, 584px\" data-recalc-dims=\"1\" \/><\/a><\/p>\n<p><a href=\"https:\/\/i2.wp.com\/www.presstourism.ch\/WP_ALEX\/wp-content\/uploads\/2016\/12\/Europe-Georgia.svg_.png\"><img loading=\"lazy\" class=\"aligncenter wp-image-3421 size-large\" src=\"https:\/\/i1.wp.com\/www.presstourism.ch\/WP_ALEX\/wp-content\/uploads\/2016\/12\/Europe-Georgia.svg_-1024x861.png?resize=584%2C491\" alt=\"Europe-Georgia.svg\" width=\"584\" height=\"491\" srcset=\"https:\/\/i1.wp.com\/www.presstourism.ch\/wp-content\/uploads\/2016\/12\/Europe-Georgia.svg_.png?w=1024 1024w, https:\/\/i1.wp.com\/www.presstourism.ch\/wp-content\/uploads\/2016\/12\/Europe-Georgia.svg_.png?resize=300%2C252 300w, https:\/\/i1.wp.com\/www.presstourism.ch\/wp-content\/uploads\/2016\/12\/Europe-Georgia.svg_.png?resize=768%2C646 768w, https:\/\/i1.wp.com\/www.presstourism.ch\/wp-content\/uploads\/2016\/12\/Europe-Georgia.svg_.png?resize=600%2C504 600w\" sizes=\"(max-width: 584px) 100vw, 584px\" data-recalc-dims=\"1\" \/><\/a>La <b>G\u00e9orgie<\/b> (en <a title=\"G\u00e9orgien\" href=\"https:\/\/fr.wikipedia.org\/wiki\/G%C3%A9orgien\">g\u00e9orgien<\/a>\u00a0:\u00a0<span class=\"lang-ka\" lang=\"ka\">\u10e1\u10d0\u10e5\u10d0\u10e0\u10d7\u10d5\u10d4\u10da\u10dd<\/span>, <a title=\"Transcription et translitt\u00e9ration\" href=\"https:\/\/fr.wikipedia.org\/wiki\/Transcription_et_translitt%C3%A9ration\">translitt\u00e9r\u00e9<\/a> en <i>Sakartvelo<\/i><sup><span class=\"noprint\"><a href=\"https:\/\/upload.wikimedia.org\/wikipedia\/commons\/2\/2a\/Sakartvelo.ogg\"><img loading=\"lazy\" src=\"https:\/\/upload.wikimedia.org\/wikipedia\/commons\/thumb\/8\/8a\/Loudspeaker.svg\/11px-Loudspeaker.svg.png\" srcset=\"\/\/upload.wikimedia.org\/wikipedia\/commons\/thumb\/8\/8a\/Loudspeaker.svg\/17px-Loudspeaker.svg.png 1.5x, \/\/upload.wikimedia.org\/wikipedia\/commons\/thumb\/8\/8a\/Loudspeaker.svg\/22px-Loudspeaker.svg.png 2x\" alt=\"Prononciation du titre dans sa version originale\" width=\"11\" height=\"11\" data-file-width=\"20\" data-file-height=\"20\" \/><\/a>\u00a0<small><a class=\"internal\" title=\"Sakartvelo.ogg\" href=\"https:\/\/upload.wikimedia.org\/wikipedia\/commons\/2\/2a\/Sakartvelo.ogg\">\u00c9couter<\/a><\/small><\/span><\/sup>) est un pays sur la c\u00f4te de la <a title=\"Mer Noire\" href=\"https:\/\/fr.wikipedia.org\/wiki\/Mer_Noire\">mer Noire<\/a> dans le <a title=\"Caucase\" href=\"https:\/\/fr.wikipedia.org\/wiki\/Caucase\">Caucase<\/a>, situ\u00e9 \u00e0 la fois en <a title=\"Europe de l'Est\" href=\"https:\/\/fr.wikipedia.org\/wiki\/Europe_de_l%27Est\">Europe de l&rsquo;Est<\/a> et en <a title=\"Asie\" href=\"https:\/\/fr.wikipedia.org\/wiki\/Asie\">Asie<\/a>. Elle est consid\u00e9r\u00e9e comme faisant culturellement, historiquement et politiquement parlant partie de l&rsquo;Europe. La capitale de la G\u00e9orgie est <a title=\"Tbilissi\" href=\"https:\/\/fr.wikipedia.org\/wiki\/Tbilissi\">Tbilissi<\/a>.<\/p>\n<p style=\"text-align: right;\"><em>Extrait de Wikipedia<\/em><\/p>\n<hr \/>\n<p style=\"text-align: right;\">\n","protected":false},"excerpt":{"rendered":"<p>La G\u00e9orgie (en g\u00e9orgien\u00a0:\u00a0\u10e1\u10d0\u10e5\u10d0\u10e0\u10d7\u10d5\u10d4\u10da\u10dd, translitt\u00e9r\u00e9 en Sakartvelo\u00a0\u00c9couter) est un pays sur la c\u00f4te de la mer Noire dans le Caucase, situ\u00e9 \u00e0 la fois en Europe de l&rsquo;Est et en Asie. Elle est consid\u00e9r\u00e9e comme faisant culturellement, historiquement et politiquement &hellip; <a href=\"http:\/\/www.presstourism.ch\/?page_id=3418\">Continuer la lecture <span class=\"meta-nav\">&rarr;<\/span><\/a><\/p>\n","protected":false},"author":1,"featured_media":0,"parent":2161,"menu_order":0,"comment_status":"closed","ping_status":"closed","template":"","meta":{"ngg_post_thumbnail":0,"spay_email":""},"jetpack_sharing_enabled":true,"jetpack_shortlink":"https:\/\/wp.me\/P468TV-T8","_links":{"self":[{"href":"http:\/\/www.presstourism.ch\/index.php?rest_route=\/wp\/v2\/pages\/3418"}],"collection":[{"href":"http:\/\/www.presstourism.ch\/index.php?rest_route=\/wp\/v2\/pages"}],"about":[{"href":"http:\/\/www.presstourism.ch\/index.php?rest_route=\/wp\/v2\/types\/page"}],"author":[{"embeddable":true,"href":"http:\/\/www.presstourism.ch\/index.php?rest_route=\/wp\/v2\/users\/1"}],"replies":[{"embeddable":true,"href":"http:\/\/www.presstourism.ch\/index.php?rest_route=%2Fwp%2Fv2%2Fcomments&post=3418"}],"version-history":[{"count":1,"href":"http:\/\/www.presstourism.ch\/index.php?rest_route=\/wp\/v2\/pages\/3418\/revisions"}],"predecessor-version":[{"id":3422,"href":"http:\/\/www.presstourism.ch\/index.php?rest_route=\/wp\/v2\/pages\/3418\/revisions\/3422"}],"up":[{"embeddable":true,"href":"http:\/\/www.presstourism.ch\/index.php?rest_route=\/wp\/v2\/pages\/2161"}],"wp:attachment":[{"href":"http:\/\/www.presstourism.ch\/index.php?rest_route=%2Fwp%2Fv2%2Fmedia&parent=3418"}],"curies":[{"name":"wp","href":"https:\/\/api.w.org\/{rel}","templated":true}]}}