{"id":3411,"date":"2016-12-05T07:31:03","date_gmt":"2016-12-05T06:31:03","guid":{"rendered":"http:\/\/www.presstourism.ch\/WP_ALEX\/?page_id=3411"},"modified":"2016-12-05T07:31:33","modified_gmt":"2016-12-05T06:31:33","slug":"les-suisses-de-plus-en-plus-fans-de-pontresina","status":"publish","type":"page","link":"http:\/\/www.presstourism.ch\/?page_id=3411","title":{"rendered":"Les Suisses de plus en plus fans de Pontresina"},"content":{"rendered":"<p><div id=\"attachment_3412\" style=\"width: 650px\" class=\"wp-caption aligncenter\"><a href=\"https:\/\/i2.wp.com\/www.presstourism.ch\/WP_ALEX\/wp-content\/uploads\/2016\/12\/Wanderung_Val_Morteratsch_031-Largeur-max.-1024-Hauteur-max.-768.jpg\"><img aria-describedby=\"caption-attachment-3412\" loading=\"lazy\" class=\"wp-image-3412 size-large\" src=\"https:\/\/i1.wp.com\/www.presstourism.ch\/WP_ALEX\/wp-content\/uploads\/2016\/12\/Wanderung_Val_Morteratsch_031-Largeur-max.-1024-Hauteur-max.-768-1024x683.jpg?resize=584%2C390\" alt=\"Wanderung_Val_Morteratsch_031 [Largeur max. 1024 Hauteur max. 768]\" width=\"584\" height=\"390\" srcset=\"https:\/\/i1.wp.com\/www.presstourism.ch\/wp-content\/uploads\/2016\/12\/Wanderung_Val_Morteratsch_031-Largeur-max.-1024-Hauteur-max.-768.jpg?w=1024 1024w, https:\/\/i1.wp.com\/www.presstourism.ch\/wp-content\/uploads\/2016\/12\/Wanderung_Val_Morteratsch_031-Largeur-max.-1024-Hauteur-max.-768.jpg?resize=300%2C200 300w, https:\/\/i1.wp.com\/www.presstourism.ch\/wp-content\/uploads\/2016\/12\/Wanderung_Val_Morteratsch_031-Largeur-max.-1024-Hauteur-max.-768.jpg?resize=768%2C512 768w, https:\/\/i1.wp.com\/www.presstourism.ch\/wp-content\/uploads\/2016\/12\/Wanderung_Val_Morteratsch_031-Largeur-max.-1024-Hauteur-max.-768.jpg?resize=600%2C400 600w\" sizes=\"(max-width: 584px) 100vw, 584px\" data-recalc-dims=\"1\" \/><\/a><p id=\"caption-attachment-3412\" class=\"wp-caption-text\">Une randonn\u00e9e au glacier de Morteratsch, voici l\u2019excursion privil\u00e9gi\u00e9e des vacanciers \u00e0 Pontresina.<\/p><\/div><strong> Alors que la jet-set d\u00e9laisse Saint-Moritz, mettant ainsi en difficult\u00e9 ce haut lieu du tourisme de luxe, le village voisin de Pontresina \u00abfait le plein de Suisses\u00bb gr\u00e2ce \u00e0 un accueil familial et chaleureux, qui a su convaincre une client\u00e8le d\u00e9sormais fid\u00e8le.\u00a0 <\/strong><\/p>\n<p style=\"text-align: right;\">Didier Walzer &amp; Robert Wildi<\/p>\n<p>Une intense activit\u00e9 pi\u00e9tonne a r\u00e9gn\u00e9 cet \u00e9t\u00e9 sur la via Maistra. Dans cette rue commer\u00e7ante tr\u00e8s anim\u00e9e de Pontresina, les boutiques et les restaurants enregistrent une belle fr\u00e9quentation. Ici, une offre vari\u00e9e est propos\u00e9e dans une ambiance sereine: de la cr\u00e8merie aux boutiques de mode en passant par le chocolatier et les magasins de sport \u2013 sans oublier les restaurants gastronomiques \u2013, on trouve absolument tout. En revanche, les marques de luxe comme Prada ou Gucci sont absentes de Pontresina. Pour les paillettes et le glamour, il faut plut\u00f4t chercher du c\u00f4t\u00e9 de Saint-Moritz, \u00e0 dix kilom\u00e8tres de l\u00e0.<\/p>\n<p>Cette commune, o\u00f9 la jet-set d\u00e9pensait autrefois sans compter, semble aujourd&rsquo;hui conna\u00eetre une vague de sobri\u00e9t\u00e9. Les nombreuses boutiques inoccup\u00e9es illustrent le paradoxe qui s&rsquo;est install\u00e9. En effet, le tourisme est en forte baisse, alors que les prix de l\u2019immobilier demeurent extr\u00eamement \u00e9lev\u00e9s. Des magasins, toujours plus nombreux, sont oblig\u00e9s de mettre la cl\u00e9 sous la porte.<\/p>\n<p><strong>Les Suisses pl\u00e9biscitent Pontresina<\/strong><\/p>\n<p>Ainsi, deux mondes se c\u00f4toient dans un m\u00eame espace g\u00e9ographique. Tandis que la commune de Saint-Moritz, enti\u00e8rement tourn\u00e9e vers une client\u00e8le internationale haut de gamme enregistre une forte baisse de fr\u00e9quentation de la part des Russes, Europ\u00e9ens et Asiatiques, qui s\u00e9journaient autrefois ici, le village de Pontresina, qui accueille environ deux tiers de vacanciers, est particuli\u00e8rement appr\u00e9ci\u00e9 des Suisses. Ceux-ci constituent une client\u00e8le fid\u00e8le.<\/p>\n<p>Lors de l\u2019hiver 2015\/16, Pontresina s&rsquo;en est plut\u00f4t bien sorti avec une baisse de fr\u00e9quentation de 5% seulement, alors que les Grisons en g\u00e9n\u00e9ral perdaient 16% de leurs touristes durant la m\u00eame p\u00e9riode. Cet \u00e9t\u00e9, les statistiques ont toutefois repris un cours ascendant. \u00abLe nombre moyen de nuit\u00e9es comptabilis\u00e9es par les 22 h\u00f4tels du village atteignait, fin juillet, le m\u00eame niveau que l&rsquo;an dernier\u00bb, indique Jan Steiner, directeur de Pontresina Tourismus. Et ce, alors m\u00eame que l&rsquo;h\u00f4tel Schloss \u2013 l&rsquo;\u00e9tablissement le plus grand de la commune avec ses 141 chambres \u2013 est rest\u00e9 ferm\u00e9 tout l&rsquo;\u00e9t\u00e9. Et pour cause: les propri\u00e9taires ont entrepris une r\u00e9novation compl\u00e8te des lieux!<\/p>\n<p>Par\u00e9 de quelques atours suppl\u00e9mentaires, l&rsquo;h\u00f4tel rouvrira d\u00e9but d\u00e9cembre, juste \u00e0 temps pour la saison hivernale.<\/p>\n<p><strong>Avenir touristique prometteur<br \/>\n<\/strong><\/p>\n<p>Dans d&rsquo;autres lieux de Pontresina, d&rsquo;importants investissements sont \u00e9galement consentis pour favoriser le tourisme estival ou hivernal, les deux saisons attirant les visiteurs \u00e0 part \u00e9gale dans la r\u00e9gion.<\/p>\n<p>Des milliers de randonneurs se sont ainsi lanc\u00e9s cette ann\u00e9e encore sur le chemin qui m\u00e8ne au glacier de Morteratsch. Cette activit\u00e9, qui avait d\u00e9j\u00e0 connu un franc succ\u00e8s l&rsquo;an dernier, est devenue la principale de la r\u00e9gion.<\/p>\n<p>Plusieurs parcours de VTT ont en outre \u00e9t\u00e9 am\u00e9nag\u00e9s pour cette ann\u00e9e.<\/p>\n<p>En d\u00e9cembre, un lodge alpin d\u2019une capacit\u00e9 de 80 personnes dans des appartements de vacances modernes ouvrira ses portes. Par ailleurs, les premi\u00e8res pierres d&rsquo;un nouvel h\u00f4tel d\u00e9di\u00e9 au sport seront pos\u00e9es \u00e0 l&rsquo;entr\u00e9e du village en 2017. Co\u00fbt de la construction de cet \u00e9tablissement de 100 chambres: 20 millions de francs.<\/p>\n<p>Enfin, une famille d&rsquo;investisseurs grecs vient d&rsquo;apporter son soutien tr\u00e8s engag\u00e9 \u00e0 la cr\u00e9ation de la nouvelle soci\u00e9t\u00e9 de remont\u00e9es m\u00e9caniques Diavolezza Lagalb AG, qui permettra d&rsquo;assurer une activit\u00e9 durable au domaine skiable du Lagalb. \u00abLors de la phase de planification, tous les investisseurs nous ont communiqu\u00e9 avec beaucoup de conviction leur vision tr\u00e8s optimiste de l&rsquo;avenir touristique de Pontresina\u00bb, commente Jan Steiner.<\/p>\n<p><strong>Hospitalit\u00e9 r\u00e9compens\u00e9e<\/strong><\/p>\n<p>Pour comprendre le succ\u00e8s de cette destination, il suffit de jeter un \u0153il sur la liste des laur\u00e9ats du \u00abPrix Bienvenu\u00bb, un prix de l&rsquo;hospitalit\u00e9 initi\u00e9 par Suisse Tourisme, une institution qui a d\u00e9ploy\u00e9 beaucoup d&rsquo;\u00e9nergie \u00e0 la mise au point de ce concept visant \u00e0 am\u00e9liorer la qualit\u00e9 du service touristique en Suisse.<\/p>\n<p>Cinq h\u00f4tels de Pontresina occupent le haut du tableau et sont class\u00e9s parmi les meilleurs pour la qualit\u00e9 de leur accueil.<\/p>\n<p>L&rsquo;un des \u00e9tablissements prim\u00e9s est le Saratz, une maison quatre \u00e9toiles qui attire depuis des ann\u00e9es de nombreuses personnalit\u00e9s d\u00e9sireuses de passer des vacances en famille, loin de l&rsquo;effervescence des lieux en vogue o\u00f9 se rassemblent les \u00e9lites. \u00abBeaucoup de nos h\u00f4tes consid\u00e8rent Pontresina comme une seconde maison, un chez-soi \u00e0 la montagne\u00bb, explique le directeur de l&rsquo;h\u00f4tel, Thierry Geiger. Plus de la moiti\u00e9 des clients reviennent ici r\u00e9guli\u00e8rement; ils r\u00e9servent souvent leur s\u00e9jour suivant au moment o\u00f9 ils quittent les lieux. Le m\u00eame ph\u00e9nom\u00e8ne se produit dans les autres \u00e9tablissements du village, comme l&rsquo;h\u00f4tel Walther Relais &amp; Ch\u00e2teaux qui, dans le cadre du \u00abPrix Bienvenu\u00bb, a m\u00eame d\u00e9croch\u00e9 la premi\u00e8re place dans la cat\u00e9gorie \u00ab30 Grands h\u00f4tels de vacances\u00bb.<\/p>\n<p>Les h\u00f4tels de Pontresina se caract\u00e9risent essentiellement par \u00abun luxe discret et un sens de l&rsquo;hospitalit\u00e9 tr\u00e8s d\u00e9velopp\u00e9\u00bb, indique Jan Steiner. Le rapport qualit\u00e9-prix est id\u00e9al pour la client\u00e8le.<\/p>\n<p>Suisse Tourisme se r\u00e9jouit de constater que les investissements dans l&rsquo;accueil et les prestations de services haut de gamme aboutissent rapidement \u00e0 un succ\u00e8s \u00e9conomique.<\/p>\n<p>A Pontresina, la qualit\u00e9 de l&rsquo;aspect \u00ablogiciel\u00bb est \u00e0 la hauteur du \u00abmat\u00e9riel\u00bb mis \u00e0 disposition des touristes, affirme le directeur de Suisse Tourisme, J\u00fcrg Schmid. \u00abPontresina illustre le succ\u00e8s que pourrait conna\u00eetre demain le tourisme alpin en Suisse.\u00bb<\/p>\n<hr \/>\n<p><strong>Les Romands y trouvent leur compte<\/strong><\/p>\n<p>Pour Jan Steiner, le march\u00e9 le plus important pour Pontresina est la Suisse dans son ensemble. \u00abOutre les activit\u00e9s, estivale avec le v\u00e9lo tout-terrain, et le ski nordique en hiver, nous offrons des prestations appr\u00e9ci\u00e9es des Romands, comme les remont\u00e9es m\u00e9caniques et les transports publics inclus dans le prix de l\u2019h\u00f4tel \u00e0 partir de deux nuit\u00e9es en \u00e9t\u00e9. L\u2019hiver, l\u2019abonnement de ski co\u00fbte 35 francs seulement \u00e0 partir de\u00a0deux nuit\u00e9es!\u00bb, explique le directeur de Pontresina Tourismus.<\/p>\n<p>Les Suisses francophones sont de plus en plus nombreux \u00e0 opter pour Pontresina, si l\u2019on s\u2019en r\u00e9f\u00e8re aux chiffres de 2014 et 2015. Et cette ann\u00e9e devrait suivre la m\u00eame courbe \u00e9volutive.<\/p>\n<p>\u00abLes Romands sont majoritairement des clients individuels, int\u00e9ress\u00e9s \u00e0 divers sports comme la randonn\u00e9e, le VTT, la varappe, etc., bien que les familles aient de quoi trouver leur compte ici avec des piscines disposant d\u2019un coin enfants, des parcours dans les arbres, des via ferrata\u2026\u00bb, souligne Jan Steiner.<\/p>\n<hr \/>\n<p>&nbsp;<\/p>\n","protected":false},"excerpt":{"rendered":"<p>Alors que la jet-set d\u00e9laisse Saint-Moritz, mettant ainsi en difficult\u00e9 ce haut lieu du tourisme de luxe, le village voisin de Pontresina \u00abfait le plein de Suisses\u00bb gr\u00e2ce \u00e0 un accueil familial et chaleureux, qui a su convaincre une client\u00e8le &hellip; <a href=\"http:\/\/www.presstourism.ch\/?page_id=3411\">Continuer la lecture <span class=\"meta-nav\">&rarr;<\/span><\/a><\/p>\n","protected":false},"author":1,"featured_media":0,"parent":341,"menu_order":0,"comment_status":"closed","ping_status":"closed","template":"","meta":{"ngg_post_thumbnail":0,"spay_email":""},"jetpack_sharing_enabled":true,"jetpack_shortlink":"https:\/\/wp.me\/P468TV-T1","_links":{"self":[{"href":"http:\/\/www.presstourism.ch\/index.php?rest_route=\/wp\/v2\/pages\/3411"}],"collection":[{"href":"http:\/\/www.presstourism.ch\/index.php?rest_route=\/wp\/v2\/pages"}],"about":[{"href":"http:\/\/www.presstourism.ch\/index.php?rest_route=\/wp\/v2\/types\/page"}],"author":[{"embeddable":true,"href":"http:\/\/www.presstourism.ch\/index.php?rest_route=\/wp\/v2\/users\/1"}],"replies":[{"embeddable":true,"href":"http:\/\/www.presstourism.ch\/index.php?rest_route=%2Fwp%2Fv2%2Fcomments&post=3411"}],"version-history":[{"count":2,"href":"http:\/\/www.presstourism.ch\/index.php?rest_route=\/wp\/v2\/pages\/3411\/revisions"}],"predecessor-version":[{"id":3414,"href":"http:\/\/www.presstourism.ch\/index.php?rest_route=\/wp\/v2\/pages\/3411\/revisions\/3414"}],"up":[{"embeddable":true,"href":"http:\/\/www.presstourism.ch\/index.php?rest_route=\/wp\/v2\/pages\/341"}],"wp:attachment":[{"href":"http:\/\/www.presstourism.ch\/index.php?rest_route=%2Fwp%2Fv2%2Fmedia&parent=3411"}],"curies":[{"name":"wp","href":"https:\/\/api.w.org\/{rel}","templated":true}]}}