{"id":341,"date":"2013-11-16T15:32:19","date_gmt":"2013-11-16T14:32:19","guid":{"rendered":"http:\/\/www.presstourism.ch\/WP_ALEX\/?page_id=341"},"modified":"2019-06-04T13:27:44","modified_gmt":"2019-06-04T12:27:44","slug":"suisse","status":"publish","type":"page","link":"http:\/\/www.presstourism.ch\/?page_id=341","title":{"rendered":"Suisse"},"content":{"rendered":"\n<figure class=\"wp-block-image\"><img loading=\"lazy\" width=\"149\" height=\"148\" src=\"https:\/\/i0.wp.com\/www.presstourism.ch\/WP_ALEX\/wp-content\/uploads\/2019\/06\/Suisse.jpg?resize=149%2C148\" alt=\"\" class=\"wp-image-5550\" data-recalc-dims=\"1\"\/><\/figure>\n\n\n\n<figure class=\"wp-block-image\"><img loading=\"lazy\" width=\"1066\" height=\"602\" src=\"https:\/\/i0.wp.com\/www.presstourism.ch\/WP_ALEX\/wp-content\/uploads\/2019\/06\/Cervin.jpg?fit=640%2C361\" alt=\"\" class=\"wp-image-5548\" srcset=\"https:\/\/i2.wp.com\/www.presstourism.ch\/wp-content\/uploads\/2019\/06\/Cervin.jpg?w=1066 1066w, https:\/\/i2.wp.com\/www.presstourism.ch\/wp-content\/uploads\/2019\/06\/Cervin.jpg?resize=300%2C169 300w, https:\/\/i2.wp.com\/www.presstourism.ch\/wp-content\/uploads\/2019\/06\/Cervin.jpg?resize=768%2C434 768w, https:\/\/i2.wp.com\/www.presstourism.ch\/wp-content\/uploads\/2019\/06\/Cervin.jpg?resize=1024%2C578 1024w, https:\/\/i2.wp.com\/www.presstourism.ch\/wp-content\/uploads\/2019\/06\/Cervin.jpg?resize=600%2C339 600w\" sizes=\"(max-width: 584px) 100vw, 584px\" \/><\/figure>\n\n\n\n<p>Pour d\u00e9couvrir la Suisse, \u00e0 pied, \u00e0 cheval ou en images, rendez-vous sur le site<\/p>\n\n\n\n<p style=\"text-align:center\" class=\"has-large-font-size\"><a href=\"https:\/\/www.myswitzerland.com\/fr-ch\/\">myswitzerland.com<\/a><\/p>\n\n\n\n<p>Vous y trouverez tout ce que vous cherchez&#8230; et bien davantage !<\/p>\n\n\n\n<figure class=\"wp-block-image\"><img loading=\"lazy\" width=\"1120\" height=\"567\" src=\"https:\/\/i1.wp.com\/www.presstourism.ch\/WP_ALEX\/wp-content\/uploads\/2019\/06\/Destinations.jpg?fit=640%2C324\" alt=\"\" class=\"wp-image-5549\" srcset=\"https:\/\/i0.wp.com\/www.presstourism.ch\/wp-content\/uploads\/2019\/06\/Destinations.jpg?w=1120 1120w, https:\/\/i0.wp.com\/www.presstourism.ch\/wp-content\/uploads\/2019\/06\/Destinations.jpg?resize=300%2C152 300w, https:\/\/i0.wp.com\/www.presstourism.ch\/wp-content\/uploads\/2019\/06\/Destinations.jpg?resize=768%2C389 768w, https:\/\/i0.wp.com\/www.presstourism.ch\/wp-content\/uploads\/2019\/06\/Destinations.jpg?resize=1024%2C518 1024w, https:\/\/i0.wp.com\/www.presstourism.ch\/wp-content\/uploads\/2019\/06\/Destinations.jpg?resize=600%2C304 600w\" sizes=\"(max-width: 584px) 100vw, 584px\" \/><\/figure>\n\n\n<p><a href=\"http:\/\/www.jepars.ch\/magazine\/?p=13685\"><br \/><img class=\"aligncenter\" style=\"display: block;\" title=\"Plan Suisse : cliquez sur la carte Suisse pour l'agrandir\" src=\"https:\/\/i1.wp.com\/www.routard.com\/images_contenu\/partir\/destination\/suisse\/carte\/suisse.gif?w=584\" alt=\"Plan Suisse : cliquez sur la carte Suisse pour l'agrandir\" border=\"0\" data-recalc-dims=\"1\" \/><\/a><\/p>\n<div class=\"art-post\">\u00a0<\/div>\n<h2>\u00a0<\/h2>\n<h2><a title=\"D\u00e9couvrir quelques sites du Nord vaudois\" href=\"http:\/\/www.presstourism.ch\/WP_ALEX\/?page_id=1202\">\u00a0D\u00e9couvrir quelques sites du Nord vaudois<\/a><\/h2>\n<p style=\"text-align: center;\">\u00a0<a href=\"https:\/\/i2.wp.com\/www.presstourism.ch\/WP_ALEX\/wp-content\/uploads\/2014\/10\/3Pr\u00e9GiroudVallorbe.jpg\"><img loading=\"lazy\" class=\"alignnone size-medium wp-image-1205\" src=\"https:\/\/i2.wp.com\/www.presstourism.ch\/WP_ALEX\/wp-content\/uploads\/2014\/10\/3Pr\u00e9GiroudVallorbe-300x225.jpg?resize=300%2C225\" alt=\"Les balades estivales La R\u008egion, 2014\" width=\"300\" height=\"225\" srcset=\"https:\/\/i0.wp.com\/www.presstourism.ch\/wp-content\/uploads\/2014\/10\/3Pr\u00e9GiroudVallorbe.jpg?resize=300%2C225 300w, https:\/\/i0.wp.com\/www.presstourism.ch\/wp-content\/uploads\/2014\/10\/3Pr\u00e9GiroudVallorbe.jpg?resize=600%2C450 600w, https:\/\/i0.wp.com\/www.presstourism.ch\/wp-content\/uploads\/2014\/10\/3Pr\u00e9GiroudVallorbe.jpg?w=800 800w\" sizes=\"(max-width: 300px) 100vw, 300px\" data-recalc-dims=\"1\" \/><\/a><\/p>\n<h6 style=\"text-align: center;\">Vue sur les fortifications et Vallorbe depuis le fort du Pr\u00e9-Giroud.<\/h6>\n<p>S\u2019en aller dans les Gorges de l\u2019Orbe, jusqu\u2019au Fort du Pr\u00e9-Giroud et dans le Vallon des Vaux. Ou encore \u00e0 v\u00e9lo le long des rives du lac: quatre excursions recommand\u00e9es par l\u2019Office du tourisme de notre r\u00e9gion.<\/p>\n<p style=\"text-align: center;\"><a href=\"https:\/\/i2.wp.com\/www.presstourism.ch\/WP_ALEX\/wp-content\/uploads\/2014\/10\/1LesCl\u00e9esBaladeNVD.jpg\"><img loading=\"lazy\" class=\"alignnone size-medium wp-image-1203\" src=\"https:\/\/i2.wp.com\/www.presstourism.ch\/WP_ALEX\/wp-content\/uploads\/2014\/10\/1LesCl\u00e9esBaladeNVD-300x199.jpg?resize=300%2C199\" alt=\"Balades estivales La R\u008egion, 2014\" width=\"300\" height=\"199\" srcset=\"https:\/\/i2.wp.com\/www.presstourism.ch\/wp-content\/uploads\/2014\/10\/1LesCl\u00e9esBaladeNVD.jpg?resize=300%2C199 300w, https:\/\/i2.wp.com\/www.presstourism.ch\/wp-content\/uploads\/2014\/10\/1LesCl\u00e9esBaladeNVD.jpg?resize=600%2C399 600w, https:\/\/i2.wp.com\/www.presstourism.ch\/wp-content\/uploads\/2014\/10\/1LesCl\u00e9esBaladeNVD.jpg?w=800 800w\" sizes=\"(max-width: 300px) 100vw, 300px\" data-recalc-dims=\"1\" \/><\/a><\/p>\n<h6 style=\"text-align: center;\">Le joli village des Cl\u00e9es et son ch\u00e2teau sur le chemin des gorges de l\u2019Orbe.<\/h6>\n<h1 class=\"entry-title\"><a title=\"Un petit joyau nomm\u00e9 M\u00f4tiers\" href=\"http:\/\/www.presstourism.ch\/WP_ALEX\/?page_id=1162\">Un petit joyau nomm\u00e9 M\u00f4tiers<\/a><\/h1>\n<p>De son centre historique jusqu\u2019aux collines qui l\u2019entourent, le chef-lieu du Val-de-Travers a beaucoup de charme. Jean-Jacques Rousseau lui-m\u00eame fut s\u00e9duit par M\u00f4tiers, un village qui sent bon la culture et qui peut se targuer d\u2019un riche patrimoine, de sa fameuse cascade au pied des gorges de la Po\u00ebta-Raisse et de ses parfums d\u2019absinthe. Des sites qu\u2019il vaut la peine de d\u00e9couvrir et un breuvage \u00e0 savourer lors d\u2019une balade dans le Val-de-Travers.<\/p>\n<p style=\"text-align: center;\"><a href=\"http:\/\/i1.wp.com\/www.presstourism.ch\/WP_ALEX\/wp-content\/uploads\/2014\/10\/1M%C3%B4tiersVueVillage.jpg\"><img loading=\"lazy\" class=\"alignnone size-medium wp-image-1165\" src=\"http:\/\/i1.wp.com\/www.presstourism.ch\/WP_ALEX\/wp-content\/uploads\/2014\/10\/1M%C3%B4tiersVueVillage.jpg?resize=300%2C163\" srcset=\"http:\/\/i1.wp.com\/www.presstourism.ch\/WP_ALEX\/wp-content\/uploads\/2014\/10\/1M%C3%B4tiersVueVillage.jpg?zoom=1.5&amp;resize=300%2C163\" alt=\"Balades La R\u008egion, M\u0099tiers, Sept 2014\" width=\"300\" height=\"163\" \/><\/a><\/p>\n<h6 style=\"text-align: center;\">M\u00f4tiers est un des plus beaux villages du canton de Neuch\u00e2tel, ici depuis la route qui m\u00e8ne au ch\u00e2teau qui est propri\u00e9t\u00e9 d\u2019une Manufacture de montres.<\/h6>\n<hr \/>\n<p>\u00a0<\/p>\n<h1 class=\"entry-title\"><a href=\"http:\/\/www.presstourism.ch\/WP_ALEX\/?p=1154\" rel=\"bookmark\">Les aiguilles de Baulmes<\/a><\/h1>\n<div class=\"entry-meta\">\u00a0<\/div>\n<div class=\"entry-content\">\n<h2 style=\"text-align: center;\"><strong>Falaises et panoramas vertigineux<\/strong><\/h2>\n<address style=\"text-align: center;\"><a href=\"http:\/\/i2.wp.com\/www.presstourism.ch\/WP_ALEX\/wp-content\/uploads\/2014\/10\/1AiguillesBaulmes.jpg\"><img loading=\"lazy\" class=\"size-medium wp-image-1143 aligncenter\" src=\"http:\/\/i2.wp.com\/www.presstourism.ch\/WP_ALEX\/wp-content\/uploads\/2014\/10\/1AiguillesBaulmes.jpg?resize=300%2C199\" srcset=\"http:\/\/i2.wp.com\/www.presstourism.ch\/WP_ALEX\/wp-content\/uploads\/2014\/10\/1AiguillesBaulmes.jpg?zoom=1.5&amp;resize=300%2C199\" alt=\"Balades estivales La R\u008egion, ao\u009et 2014\" width=\"300\" height=\"199\" \/><\/a>Les Aiguilles de Baulmes et la nouvelle croix qui a remplac\u00e9 celle qui avait \u00e9t\u00e9 cass\u00e9 par les intemp\u00e9ries.<\/address>\n<p>NORD VAUDOIS \u2013 Autour des Aiguilles de Baulmes, on peut varier les itin\u00e9raires \u00e0 sa guise avec un passage oblig\u00e9 \u00e0 la Table-Ronde, pour avoir une vue imprenable sur le plateau, du lac de Neuch\u00e2tel au L\u00e9man.<\/p>\n<address style=\"text-align: center;\"><a href=\"http:\/\/i0.wp.com\/www.presstourism.ch\/WP_ALEX\/wp-content\/uploads\/2014\/10\/2AiguillesBaulmes.jpg\"><img loading=\"lazy\" class=\"size-medium wp-image-1144 aligncenter\" src=\"http:\/\/i0.wp.com\/www.presstourism.ch\/WP_ALEX\/wp-content\/uploads\/2014\/10\/2AiguillesBaulmes.jpg?resize=300%2C199\" srcset=\"http:\/\/i0.wp.com\/www.presstourism.ch\/WP_ALEX\/wp-content\/uploads\/2014\/10\/2AiguillesBaulmes.jpg?zoom=1.5&amp;resize=300%2C199\" alt=\"Balades estivales La R\u008egion, Autour Aiguilles Baulmes, ao\u009et 2014\" width=\"300\" height=\"199\" \/><\/a>Un magnifique panorama depuis la Table Ronde, le belv\u00e9d\u00e8re qui donne le vertige pr\u00e8s du Mont-de-Baulmes.<\/address><address style=\"text-align: center;\">\u00a0<\/address>\n<p style=\"text-align: right;\"><strong>Texte et photos: Roger Juillerat<\/strong><\/p>\n<hr \/>\n<p style=\"text-align: left;\">\u00a0<\/p>\n<\/div>\n<h1><a title=\"Source d\u2019inspiration \u00e0 Chamoson\" href=\"http:\/\/www.presstourism.ch\/WP_ALEX\/?page_id=1017\">Source d\u2019inspiration \u00e0 Chamoson<\/a><\/h1>\n<h2>Par Roger Juillerat<\/h2>\n<p>VALAIS \u2013 Entre le Rh\u00f4ne et le Grand Muveran, le village se pr\u00e9sente comme un superbe \u00e9crin au milieu des vignes. Avec Saint-Pierre-de-Clages et d\u2019autres joyaux pour faire de belles d\u00e9couvertes.<\/p>\n<h6 style=\"text-align: center;\"><a href=\"https:\/\/i1.wp.com\/www.presstourism.ch\/WP_ALEX\/wp-content\/uploads\/2013\/11\/1Chamoson.jpg\"><img loading=\"lazy\" class=\"alignnone size-medium wp-image-1011 aligncenter\" src=\"https:\/\/i2.wp.com\/www.presstourism.ch\/WP_ALEX\/wp-content\/uploads\/2013\/11\/1Chamoson-300x199.jpg?resize=300%2C199\" alt=\"1Chamoson\" width=\"300\" height=\"199\" srcset=\"https:\/\/i0.wp.com\/www.presstourism.ch\/wp-content\/uploads\/2013\/11\/1Chamoson.jpg?resize=300%2C199 300w, https:\/\/i0.wp.com\/www.presstourism.ch\/wp-content\/uploads\/2013\/11\/1Chamoson.jpg?resize=600%2C399 600w, https:\/\/i0.wp.com\/www.presstourism.ch\/wp-content\/uploads\/2013\/11\/1Chamoson.jpg?w=1024 1024w\" sizes=\"(max-width: 300px) 100vw, 300px\" data-recalc-dims=\"1\" \/><\/a>1) Chamoson et ses hameaux vous donneront l\u2019occasion de passer du bon temps avec des belles randonn\u00e9es \u00e0 la cl\u00e9.<\/h6>\n<p>Tellement beau, tellement accueillant et tellement fascinant le Valais! Tant dans ses montagnes que dans la plaine du Rh\u00f4ne. Entre Martigny et Sion, au milieu des vignes qui semblent s\u2019\u00e9tendre \u00e0 l\u2019infini, Chamoson est par exemple une destination int\u00e9ressante pour faire de jolies balades.<\/p>\n<p><a title=\"Source d\u2019inspiration \u00e0 Chamoson\" href=\"http:\/\/www.presstourism.ch\/WP_ALEX\/?page_id=1017\">Lire la suite&#8230;<\/a><\/p>\n<hr \/>\n<h1><a title=\"Lien permanent vers Gen\u00e8ve de l\u2019histoire, des contes et des l\u00e9gendes\" href=\"http:\/\/www.jepars.ch\/magazine\/?p=7622\" rel=\"bookmark\">Gen\u00e8ve de l\u2019histoire, des contes et des l\u00e9gendes <\/a><\/h1>\n<h2>Par G\u00e9rard Blanc<\/h2>\n<p>Si vous croyez conna\u00eetre Gen\u00e8ve, sachez qu\u2019elle est jalonn\u00e9e de sites qui donnent lieu \u00e0 une quantit\u00e9 d\u2019histoires, certaines vraies, certaines romanc\u00e9es, certaines qui sont des inventions l\u00e9gendaires et que vous ignorez peut-\u00eatre. De quoi la visiter d\u2019un \u0153il nouveau.<\/p>\n<p style=\"text-align: center;\"><a href=\"http:\/\/www.jepars.ch\/magazine\/?p=7622\"><img loading=\"lazy\" title=\"BeauRivage\u00a9BeauRivage\" src=\"https:\/\/i1.wp.com\/www.jepars.ch\/magazine\/wp-content\/uploads\/2012\/10\/BeauRivage%C2%A9BeauRivage-455x303.jpg?resize=455%2C303\" alt=\"\" width=\"455\" height=\"303\" data-recalc-dims=\"1\" \/><\/a><\/p>\n<hr \/>\n<p>\u00a0<\/p>\n<h1><a href=\"http:\/\/www.escapada.ch\/Gstaad-au-charme-idyllique-et-abordable_a163.html\">Gstaad, au charme idyllique et abordable&#8230;<\/a><\/h1>\n<p>Gstaad, village unique \u00e0 maints \u00e9gards, de r\u00e9putation mondiale, au d\u00e9cor alpin magnifique agr\u00e9ment\u00e9 d\u2019une pointe de glamour&#8230; Gstaad my Love&#8230;<\/p>\n<div>\n<div id=\"para_1\">\n<div>\n<div>\n<p align=\"JUSTIFY\"><img loading=\"lazy\" class=\"aligncenter\" title=\"\u00a9 Gstaad Saanenland Tourisme\" src=\"https:\/\/i0.wp.com\/www.escapada.ch\/photo\/art\/default\/4838809-7234541.jpg?resize=459%2C305\" alt=\"\u00a9 Gstaad Saanenland Tourisme\" width=\"459\" height=\"305\" data-recalc-dims=\"1\" \/><\/p>\n<hr \/>\n<h1><a href=\"http:\/\/www.escapada.ch\/Saanen-la-lumineuse-entre-tradition-et-ere-nouvelle_a107.html\">Saanen la lumineuse, entre tradition et \u00e8re nouvelle<\/a><\/h1>\n<\/div>\n<\/div>\n<\/div>\n<\/div>\n<div>\n<p>Traduit par Gessenay en fran\u00e7ais, Saanen est le chef-lieu du Haut-Simmental-Gessenay, un des dix arrondissements administratifs du canton de Berne. Situ\u00e9e au c\u0153ur d\u2019une nature paisible, la commune de Saanen est riche d\u2019un patrimoine culturel prot\u00e9g\u00e9.<\/p>\n<\/div>\n<div>\n<div id=\"para_1\">\n<p><a title=\"La vue depuis le restaurant Sonnenhof \u00a9 FK\" rel=\"http:\/\/www.escapada.ch\/photo\/art\/grande\/4732742-7070319.jpg?v=1347962731&amp;ibox\"><img loading=\"lazy\" class=\"aligncenter\" title=\"La vue depuis le restaurant Sonnenhof \u00a9 FK\" src=\"https:\/\/i1.wp.com\/www.escapada.ch\/photo\/art\/default\/4732742-7070319.jpg?resize=467%2C311\" alt=\"La vue depuis le restaurant Sonnenhof \u00a9 FK\" width=\"467\" height=\"311\" data-recalc-dims=\"1\" \/><\/a><\/p>\n<hr \/>\n<p>\u00a0<\/p>\n<h1><a href=\"http:\/\/sb4-1.infomaniak.ch\/sites\/c4\/c493c95f91125629724acfd1fee9774f\/attachments\/File\/BRISSOTHotel-du-Lac_Vevey.pdf\">A Vevey, l\u2019h\u00f4tel du Lac resplendit<\/a><\/h1>\n<p>Nina Brissot<\/p>\n<p><img class=\"aligncenter\" src=\"https:\/\/i2.wp.com\/static.eurobookings.com\/cache\/exp\/max350xmax350\/hotels\/1000000\/10000\/9600\/9591\/9591_34_b.jpg?w=584\" alt=\"Grand Hotel du Lac Vevey\" data-recalc-dims=\"1\" \/><\/p>\n<p>Deux ans de travaux et 16 millions d\u2019investissements ont apport\u00e9 \u00e0 l\u2019h\u00f4tel du Lac construit en 1868, une nouvelle jeunesse. Sa belle fa\u00e7ade se mire dans les eaux du L\u00e9man. Majestueux, \u00e9l\u00e9gant avec une touche aristocratique, le b\u00e2timent compl\u00e8tement r\u00e9nov\u00e9 terminant la rue d\u2019Italie rouvre ses portes apr\u00e8s deux ann\u00e9es de travaux gigantesques.<\/p>\n<hr \/>\n<p>\u00a0<\/p>\n<h1><a href=\"http:\/\/www.presstourism.ch\/WP_ALEX\/wp-content\/uploads\/2013\/11\/Estavayer.pdf\">Suisse: Les remparts d&rsquo;Estavayer-le-Lac<\/a><\/h1>\n<h2>Par Roger Juillerat<\/h2>\n<p><img loading=\"lazy\" class=\"aligncenter\" src=\"https:\/\/i1.wp.com\/www.tourismesuisse.com\/beta\/img\/album\/615\/3\/361-Promenade-Estavayer-le-Lac-Suisse.jpg?resize=374%2C280\" alt=\"Les remparts du bourg d\\'Estavayer-le-Lac, en direction du Monast\u00e8re des Dominicaines.\" width=\"374\" height=\"280\" data-recalc-dims=\"1\" \/>La cit\u00e9 m\u00e9di\u00e9vale est un petit bijou. De la porte du Camus \u00e0 la place de Moudon, en passant par d&rsquo;autres richesses du patrimoine. Sans oublier le bord du lac et ses activit\u00e9s de loisirs.<\/p>\n<p><a title=\"Juillerat Roger\" href=\"http:\/\/www.presstourism.ch\/WP_ALEX\/?page_id=122\">Lire la suite&#8230;<\/a><\/p>\n<hr \/>\n<p>\u00a0<\/p>\n<h2 style=\"text-align: center;\">Et aussi&#8230;<\/h2>\n<h2><a href=\"http:\/\/sb4-1.infomaniak.ch\/sites\/c4\/c493c95f91125629724acfd1fee9774f\/attachments\/File\/AD_Nouveaux_20120806\/juilleratr20120601landeron.pdf\">Le patrimoine du Landeron \/ Roger Juillerat<\/a><\/h2>\n<h2><a href=\"http:\/\/sb4-1.infomaniak.ch\/sites\/c4\/c493c95f91125629724acfd1fee9774f\/attachments\/File\/AD_Nouveaux_20120806\/juilleratr20120301couvet.pdf\">Conte de f\u00e9es \u00e0 Couvet \/ Roger Juillerat<\/a><\/h2>\n<h2><a href=\"http:\/\/sb4-1.infomaniak.ch\/sites\/c4\/c493c95f91125629724acfd1fee9774f\/attachments\/File\/AD_Nouveaux_20120806\/juilleratr20111001lachauxdefonds.pdf\">Coup de coeur pour La Chaux-de-Fonds \/ Roger Juillerat<\/a><\/h2>\n<h2><a href=\"http:\/\/sb4-1.infomaniak.ch\/sites\/c4\/c493c95f91125629724acfd1fee9774f\/attachments\/File\/Martignoli_Vieux-Rhone.pdf\">Les oiseaux du Vieux Rh\u00f4ne \/ Marguerite Martinoli<\/a><\/h2>\n<h2><a href=\"http:\/\/sb4-1.infomaniak.ch\/sites\/c4\/c493c95f91125629724acfd1fee9774f\/attachments\/File\/MoussadekM20080503suissesealandLT.pdf\">Seeland en cano\u00eb \/ Marion Moussadek<\/a><\/h2>\n<h2><a href=\"http:\/\/sb4-1.infomaniak.ch\/sites\/c4\/c493c95f91125629724acfd1fee9774f\/attachments\/File\/AD_Nouveaux_20120806\/porchett02110710suissehebdo.pdf\">Vaud: P&rsquo;tits coins de Paradis \/ Thierry Porchet<\/a><\/h2>\n<h2><a href=\"http:\/\/sb4-1.infomaniak.ch\/sites\/c4\/c493c95f91125629724acfd1fee9774f\/attachments\/File\/AD_Nouveaux_20120806\/porchett20111103suissehebdo.pdf\">Vaud: les meilleures adresses \/ Thierry Porchet<\/a><\/h2>\n<h2><a href=\"http:\/\/sb4-1.infomaniak.ch\/sites\/c4\/c493c95f91125629724acfd1fee9774f\/attachments\/File\/AD_Nouveaux_20120806\/Porchett20120610suissehebdo.pdf\">Les meilleures terrasses \/ Thierry Porchet <\/a><\/h2>\n<h2><a href=\"http:\/\/sb4-1.infomaniak.ch\/sites\/c4\/c493c95f91125629724acfd1fee9774f\/attachments\/File\/AD_Nouveaux_20120806\/porchett20120322suissehebdo.pdf\">Vaud: 45 restaurants italiens \/ Thierry Porchet<\/a><\/h2>\n<h2><a href=\"http:\/\/www.presstourism.ch\/WP_ALEX\/wp-content\/uploads\/2013\/11\/TourStMartin.pdf\">Suisse: En route vers la tour St-Martin<\/a><\/h2>\n<p>\u00a0<\/p>\n<div>\u00a0<\/div>\n<div>\u00a0<\/div>\n<\/div>\n<\/div>","protected":false},"excerpt":{"rendered":"<p>Pour d\u00e9couvrir la Suisse, \u00e0 pied, \u00e0 cheval ou en images, rendez-vous sur le site myswitzerland.com Vous y trouverez tout ce que vous cherchez&#8230; et bien davantage ! \u00a0 \u00a0 \u00a0D\u00e9couvrir quelques sites du Nord vaudois \u00a0 Vue sur les &hellip; <a href=\"http:\/\/www.presstourism.ch\/?page_id=341\">Continuer la lecture <span class=\"meta-nav\">&rarr;<\/span><\/a><\/p>\n","protected":false},"author":1,"featured_media":0,"parent":2161,"menu_order":0,"comment_status":"open","ping_status":"open","template":"","meta":{"ngg_post_thumbnail":0,"spay_email":""},"jetpack_sharing_enabled":true,"jetpack_shortlink":"https:\/\/wp.me\/P468TV-5v","_links":{"self":[{"href":"http:\/\/www.presstourism.ch\/index.php?rest_route=\/wp\/v2\/pages\/341"}],"collection":[{"href":"http:\/\/www.presstourism.ch\/index.php?rest_route=\/wp\/v2\/pages"}],"about":[{"href":"http:\/\/www.presstourism.ch\/index.php?rest_route=\/wp\/v2\/types\/page"}],"author":[{"embeddable":true,"href":"http:\/\/www.presstourism.ch\/index.php?rest_route=\/wp\/v2\/users\/1"}],"replies":[{"embeddable":true,"href":"http:\/\/www.presstourism.ch\/index.php?rest_route=%2Fwp%2Fv2%2Fcomments&post=341"}],"version-history":[{"count":17,"href":"http:\/\/www.presstourism.ch\/index.php?rest_route=\/wp\/v2\/pages\/341\/revisions"}],"predecessor-version":[{"id":5552,"href":"http:\/\/www.presstourism.ch\/index.php?rest_route=\/wp\/v2\/pages\/341\/revisions\/5552"}],"up":[{"embeddable":true,"href":"http:\/\/www.presstourism.ch\/index.php?rest_route=\/wp\/v2\/pages\/2161"}],"wp:attachment":[{"href":"http:\/\/www.presstourism.ch\/index.php?rest_route=%2Fwp%2Fv2%2Fmedia&parent=341"}],"curies":[{"name":"wp","href":"https:\/\/api.w.org\/{rel}","templated":true}]}}