{"id":339,"date":"2013-11-16T15:25:25","date_gmt":"2013-11-16T14:25:25","guid":{"rendered":"http:\/\/www.presstourism.ch\/WP_ALEX\/?page_id=339"},"modified":"2016-03-03T17:02:54","modified_gmt":"2016-03-03T16:02:54","slug":"suede","status":"publish","type":"page","link":"http:\/\/www.presstourism.ch\/?page_id=339","title":{"rendered":"Su\u00e8de"},"content":{"rendered":"<p><a> <img class=\"aligncenter\" style=\"display: block;\" title=\"Plan Su\u00e8de nord : cliquez sur la carte Su\u00e8de nord pour l'agrandir\" src=\"https:\/\/i0.wp.com\/www.routard.com\/images_contenu\/partir\/destination\/suede\/carte\/suedenord.gif?w=584\" alt=\"Plan Su\u00e8de nord : cliquez sur la carte Su\u00e8de nord pour l'agrandir\" border=\"0\" data-recalc-dims=\"1\" \/><\/a><\/p>\n<p><strong><a title=\"Lien permanent vers Umea, le pays du soleil de minuit\" href=\"http:\/\/www.jepars.ch\/magazine\/?p=1231\" rel=\"bookmark\"> Umea, le pays du soleil de minuit <\/a><\/strong><\/p>\n<p>G\u00e9rard Blanc<\/p>\n<p>Umea (prononcer Um\u00e9o) se trouve au nord-est de la Su\u00e8de \u00e0 une cinquantaine de kilom\u00e8tres du pays lapon et du cercle polaire. Mais que vont donc faire ces voyageurs qui, d\u00e8s le printemps, embarquent \u00e0 bord de vols, r\u00e9guliers ou charters, pour se rendre dans ce coin perdu? Si vous leur posez la question, ils vous diront qu\u2019ils cherchent d\u2019abord la \u00abgrande\u00bb nature, les longues randonn\u00e9es, l\u2019observation de la faune et de la flore, les paysages infinis de for\u00eats et de lacs, la p\u00eache, la chasse, l\u2019authentique dans les fermes et villages et, pour certains, le soleil de minuit.<\/p>\n<p><img loading=\"lazy\" class=\"aligncenter\" title=\"Umea, le pays du soleil de minuit\" src=\"https:\/\/i0.wp.com\/www.jepars.ch\/magazine\/wp-content\/uploads\/2008\/02\/Umea0062copie-455x303.jpg?resize=455%2C303\" alt=\"\" width=\"455\" height=\"303\" data-recalc-dims=\"1\" \/><\/p>\n<p>&nbsp;<\/p>\n","protected":false},"excerpt":{"rendered":"<p>Umea, le pays du soleil de minuit G\u00e9rard Blanc Umea (prononcer Um\u00e9o) se trouve au nord-est de la Su\u00e8de \u00e0 une cinquantaine de kilom\u00e8tres du pays lapon et du cercle polaire. Mais que vont donc faire ces voyageurs qui, d\u00e8s &hellip; <a href=\"http:\/\/www.presstourism.ch\/?page_id=339\">Continuer la lecture <span class=\"meta-nav\">&rarr;<\/span><\/a><\/p>\n","protected":false},"author":1,"featured_media":0,"parent":2161,"menu_order":0,"comment_status":"open","ping_status":"open","template":"","meta":{"ngg_post_thumbnail":0,"spay_email":""},"jetpack_sharing_enabled":true,"jetpack_shortlink":"https:\/\/wp.me\/P468TV-5t","_links":{"self":[{"href":"http:\/\/www.presstourism.ch\/index.php?rest_route=\/wp\/v2\/pages\/339"}],"collection":[{"href":"http:\/\/www.presstourism.ch\/index.php?rest_route=\/wp\/v2\/pages"}],"about":[{"href":"http:\/\/www.presstourism.ch\/index.php?rest_route=\/wp\/v2\/types\/page"}],"author":[{"embeddable":true,"href":"http:\/\/www.presstourism.ch\/index.php?rest_route=\/wp\/v2\/users\/1"}],"replies":[{"embeddable":true,"href":"http:\/\/www.presstourism.ch\/index.php?rest_route=%2Fwp%2Fv2%2Fcomments&post=339"}],"version-history":[{"count":2,"href":"http:\/\/www.presstourism.ch\/index.php?rest_route=\/wp\/v2\/pages\/339\/revisions"}],"predecessor-version":[{"id":2253,"href":"http:\/\/www.presstourism.ch\/index.php?rest_route=\/wp\/v2\/pages\/339\/revisions\/2253"}],"up":[{"embeddable":true,"href":"http:\/\/www.presstourism.ch\/index.php?rest_route=\/wp\/v2\/pages\/2161"}],"wp:attachment":[{"href":"http:\/\/www.presstourism.ch\/index.php?rest_route=%2Fwp%2Fv2%2Fmedia&parent=339"}],"curies":[{"name":"wp","href":"https:\/\/api.w.org\/{rel}","templated":true}]}}