{"id":3366,"date":"2016-11-21T12:16:32","date_gmt":"2016-11-21T11:16:32","guid":{"rendered":"http:\/\/www.presstourism.ch\/WP_ALEX\/?page_id=3366"},"modified":"2016-11-21T12:16:32","modified_gmt":"2016-11-21T11:16:32","slug":"bulgarie","status":"publish","type":"page","link":"http:\/\/www.presstourism.ch\/?page_id=3366","title":{"rendered":"Bulgarie"},"content":{"rendered":"<div class=\"floatright\"><a class=\"image\" href=\"https:\/\/commons.wikimedia.org\/wiki\/File:Bu-map_FR.jpg?uselang=fr\"><img loading=\"lazy\" class=\"aligncenter\" src=\"https:\/\/upload.wikimedia.org\/wikipedia\/commons\/thumb\/e\/ed\/Bu-map_FR.jpg\/220px-Bu-map_FR.jpg\" alt=\"Bu-map FR.jpg\" width=\"220\" height=\"237\" data-file-width=\"321\" data-file-height=\"346\" \/><\/a><\/div>\n<p>La <a title=\"Bulgarie\" href=\"https:\/\/fr.wikipedia.org\/wiki\/Bulgarie\">Bulgarie<\/a> est un pays situ\u00e9 dans le sud-est de l&rsquo;<a title=\"Europe\" href=\"https:\/\/fr.wikipedia.org\/wiki\/Europe\">Europe<\/a>. Elle est bord\u00e9e par la <a title=\"Roumanie\" href=\"https:\/\/fr.wikipedia.org\/wiki\/Roumanie\">Roumanie<\/a> au nord (608 km de fronti\u00e8re), la <a title=\"Serbie\" href=\"https:\/\/fr.wikipedia.org\/wiki\/Serbie\">Serbie<\/a> (318 km) et la <a class=\"mw-redirect\" title=\"R\u00e9publique de Mac\u00e9doine\" href=\"https:\/\/fr.wikipedia.org\/wiki\/R%C3%A9publique_de_Mac%C3%A9doine\">r\u00e9publique de Mac\u00e9doine<\/a> (148 km) \u00e0 l&rsquo;ouest, la <a title=\"Gr\u00e8ce\" href=\"https:\/\/fr.wikipedia.org\/wiki\/Gr%C3%A8ce\">Gr\u00e8ce<\/a> (494 km) et la <a title=\"Turquie\" href=\"https:\/\/fr.wikipedia.org\/wiki\/Turquie\">Turquie<\/a> (240 km) au sud et la <a title=\"Mer Noire\" href=\"https:\/\/fr.wikipedia.org\/wiki\/Mer_Noire\">Mer Noire<\/a> \u00e0 l&rsquo;est. La majeure partie de sa fronti\u00e8re septentrionale avec la Roumanie est d\u00e9limit\u00e9e par le <a title=\"Danube\" href=\"https:\/\/fr.wikipedia.org\/wiki\/Danube\">Danube<\/a> jusqu&rsquo;\u00e0 <a title=\"Silistra\" href=\"https:\/\/fr.wikipedia.org\/wiki\/Silistra\">Silistra<\/a>. La superficie du pays est de 110 550 km\u00b2 (un peu plus grand que l&rsquo;<a title=\"Islande\" href=\"https:\/\/fr.wikipedia.org\/wiki\/Islande\">Islande<\/a>). Bien que de taille assez r\u00e9duite, la Bulgarie jouit d&rsquo;une grande vari\u00e9t\u00e9 de paysages. M\u00eame dans des zones g\u00e9ographiques restreintes on trouve souvent juxtapos\u00e9s plaine, plateau, colline, montagne, vall\u00e9e de rivi\u00e8re encaiss\u00e9e, bassin et gorge. Le centre g\u00e9ographique de la Bulgarie est situ\u00e9 \u00e0 <a class=\"new\" title=\"Uzana (Bulgarie) (page inexistante)\" href=\"https:\/\/fr.wikipedia.org\/w\/index.php?title=Uzana_%28Bulgarie%29&amp;action=edit&amp;redlink=1\">Uzana<\/a>.<\/p>\n<p style=\"text-align: right;\"><em>Extrait de Wikipedia<\/em><\/p>\n","protected":false},"excerpt":{"rendered":"<p>La Bulgarie est un pays situ\u00e9 dans le sud-est de l&rsquo;Europe. Elle est bord\u00e9e par la Roumanie au nord (608 km de fronti\u00e8re), la Serbie (318 km) et la r\u00e9publique de Mac\u00e9doine (148 km) \u00e0 l&rsquo;ouest, la Gr\u00e8ce (494 km) &hellip; <a href=\"http:\/\/www.presstourism.ch\/?page_id=3366\">Continuer la lecture <span class=\"meta-nav\">&rarr;<\/span><\/a><\/p>\n","protected":false},"author":1,"featured_media":0,"parent":2161,"menu_order":0,"comment_status":"closed","ping_status":"closed","template":"","meta":{"ngg_post_thumbnail":0,"spay_email":""},"jetpack_sharing_enabled":true,"jetpack_shortlink":"https:\/\/wp.me\/P468TV-Si","_links":{"self":[{"href":"http:\/\/www.presstourism.ch\/index.php?rest_route=\/wp\/v2\/pages\/3366"}],"collection":[{"href":"http:\/\/www.presstourism.ch\/index.php?rest_route=\/wp\/v2\/pages"}],"about":[{"href":"http:\/\/www.presstourism.ch\/index.php?rest_route=\/wp\/v2\/types\/page"}],"author":[{"embeddable":true,"href":"http:\/\/www.presstourism.ch\/index.php?rest_route=\/wp\/v2\/users\/1"}],"replies":[{"embeddable":true,"href":"http:\/\/www.presstourism.ch\/index.php?rest_route=%2Fwp%2Fv2%2Fcomments&post=3366"}],"version-history":[{"count":1,"href":"http:\/\/www.presstourism.ch\/index.php?rest_route=\/wp\/v2\/pages\/3366\/revisions"}],"predecessor-version":[{"id":3367,"href":"http:\/\/www.presstourism.ch\/index.php?rest_route=\/wp\/v2\/pages\/3366\/revisions\/3367"}],"up":[{"embeddable":true,"href":"http:\/\/www.presstourism.ch\/index.php?rest_route=\/wp\/v2\/pages\/2161"}],"wp:attachment":[{"href":"http:\/\/www.presstourism.ch\/index.php?rest_route=%2Fwp%2Fv2%2Fmedia&parent=3366"}],"curies":[{"name":"wp","href":"https:\/\/api.w.org\/{rel}","templated":true}]}}