{"id":335,"date":"2013-11-16T14:25:35","date_gmt":"2013-11-16T13:25:35","guid":{"rendered":"http:\/\/www.presstourism.ch\/WP_ALEX\/?page_id=335"},"modified":"2016-03-03T17:01:24","modified_gmt":"2016-03-03T16:01:24","slug":"seychelles","status":"publish","type":"page","link":"http:\/\/www.presstourism.ch\/?page_id=335","title":{"rendered":"Seychelles"},"content":{"rendered":"<p><a> <img class=\"aligncenter\" style=\"display: block;\" title=\"Plan Seychelles : cliquez sur la carte Seychelles pour l'agrandir\" src=\"https:\/\/i1.wp.com\/www.routard.com\/images_contenu\/partir\/destination\/seychelles\/carte\/seychelles.gif?w=584\" alt=\"Plan Seychelles : cliquez sur la carte Seychelles pour l'agrandir\" border=\"0\" data-recalc-dims=\"1\" \/><\/a><\/p>\n<p id=\"watch-headline-title\"><strong><a href=\"http:\/\/www.youtube.com\/watch?v=OYm8I-9FXZ0\">Seychelles: les cocos de La Digue (vid\u00e9o)<\/a><\/strong><\/p>\n<div id=\"action-panel-details\" data-panel-loaded=\"true\">\n<div id=\"watch-description\">\n<div id=\"watch-description-content\">\n<div id=\"watch-description-clip\">\n<div id=\"watch-description-text\">\n<p id=\"eow-description\">Alex D\u00e9cotte<\/p>\n<p>Dans l&rsquo;ancien cimeti\u00e8re de La Digue, les tombes sont celles des anciens ma\u00eetres blancs. Les esclaves r\u00e9coltaient la noix de coco. Leurs descendants, sous la houlette de Molly la Douce, dansent la Moutia sur la plage.<\/p>\n<\/div>\n<\/div>\n<\/div>\n<\/div>\n<\/div>\n<div id=\"watch7-action-panels\">\n<div id=\"action-panel-details\" data-panel-loaded=\"true\">\n<div id=\"watch-description\">\n<div id=\"watch-description-content\">\n<div id=\"watch-description-clip\">\n<div id=\"watch-description-text\">\n<p><strong><a href=\"http:\/\/www.youtube.com\/watch?v=b7RkLFSrb74\">Cocofesses et tortues g\u00e9antes (vid\u00e9o)<\/a><\/strong><\/p>\n<p id=\"eow-description\">Alex D\u00e9cotte<\/p>\n<p>Qui n&rsquo;a jamais vu de cocofesses ne peut comprendre l&rsquo;\u00e9rotisme v\u00e9g\u00e9tal. Quant aux tortues centenaires, elles vivent d\u00e9sormais sous la protection des hommes apr\u00e8s leur avoir servi de cher \u00e0 bouillon.<\/p>\n<\/div>\n<\/div>\n<\/div>\n<\/div>\n<\/div>\n<\/div>\n","protected":false},"excerpt":{"rendered":"<p>Seychelles: les cocos de La Digue (vid\u00e9o) Alex D\u00e9cotte Dans l&rsquo;ancien cimeti\u00e8re de La Digue, les tombes sont celles des anciens ma\u00eetres blancs. Les esclaves r\u00e9coltaient la noix de coco. Leurs descendants, sous la houlette de Molly la Douce, dansent &hellip; <a href=\"http:\/\/www.presstourism.ch\/?page_id=335\">Continuer la lecture <span class=\"meta-nav\">&rarr;<\/span><\/a><\/p>\n","protected":false},"author":1,"featured_media":0,"parent":162,"menu_order":0,"comment_status":"open","ping_status":"open","template":"","meta":{"ngg_post_thumbnail":0,"spay_email":""},"jetpack_sharing_enabled":true,"jetpack_shortlink":"https:\/\/wp.me\/P468TV-5p","_links":{"self":[{"href":"http:\/\/www.presstourism.ch\/index.php?rest_route=\/wp\/v2\/pages\/335"}],"collection":[{"href":"http:\/\/www.presstourism.ch\/index.php?rest_route=\/wp\/v2\/pages"}],"about":[{"href":"http:\/\/www.presstourism.ch\/index.php?rest_route=\/wp\/v2\/types\/page"}],"author":[{"embeddable":true,"href":"http:\/\/www.presstourism.ch\/index.php?rest_route=\/wp\/v2\/users\/1"}],"replies":[{"embeddable":true,"href":"http:\/\/www.presstourism.ch\/index.php?rest_route=%2Fwp%2Fv2%2Fcomments&post=335"}],"version-history":[{"count":2,"href":"http:\/\/www.presstourism.ch\/index.php?rest_route=\/wp\/v2\/pages\/335\/revisions"}],"predecessor-version":[{"id":2251,"href":"http:\/\/www.presstourism.ch\/index.php?rest_route=\/wp\/v2\/pages\/335\/revisions\/2251"}],"up":[{"embeddable":true,"href":"http:\/\/www.presstourism.ch\/index.php?rest_route=\/wp\/v2\/pages\/162"}],"wp:attachment":[{"href":"http:\/\/www.presstourism.ch\/index.php?rest_route=%2Fwp%2Fv2%2Fmedia&parent=335"}],"curies":[{"name":"wp","href":"https:\/\/api.w.org\/{rel}","templated":true}]}}