{"id":325,"date":"2013-11-16T13:27:10","date_gmt":"2013-11-16T12:27:10","guid":{"rendered":"http:\/\/www.presstourism.ch\/WP_ALEX\/?page_id=325"},"modified":"2016-03-03T16:58:59","modified_gmt":"2016-03-03T15:58:59","slug":"portugal","status":"publish","type":"page","link":"http:\/\/www.presstourism.ch\/?page_id=325","title":{"rendered":"Portugal"},"content":{"rendered":"<p><a> <img class=\"aligncenter\" style=\"display: block;\" title=\"Plan Portugal : cliquez sur la carte Portugal pour l'agrandir\" src=\"https:\/\/i1.wp.com\/www.routard.com\/images_contenu\/partir\/destination\/portugal\/carte\/portugal.gif?w=584\" alt=\"Plan Portugal : cliquez sur la carte Portugal pour l'agrandir\" border=\"0\" data-recalc-dims=\"1\" \/><\/a><\/p>\n<p><strong><a title=\"Lien permanent vers En retrait des grands axes touristiques, l\u2019Alentejo s\u2019offre au naturel\" href=\"http:\/\/www.jepars.ch\/magazine\/?p=417\" rel=\"bookmark\"> En retrait des grands axes touristiques, l\u2019Alentejo s\u2019offre au naturel <\/a><\/strong><\/p>\n<p>G\u00e9rard Blanc<\/p>\n<p>Il est une province portugaise bien jolie, au sud de Lisbonne et au nord de l\u2019Algarve, dont l\u2019atout est une palette impressionniste servant d\u2019\u00e9crin \u00e0 une faune et une flore exub\u00e9rantes, des villes et villages avec des maisons blanchies \u00e0 la chaux et, surtout, une population poss\u00e9dant un don spontan\u00e9 de l\u2019accueil, qui n\u2019a pas \u00e9t\u00e9 appris dans les \u00e9coles de marketing. Cette r\u00e9gion s\u2019appelle l\u2019Alentejo, une d\u00e9nomination jadis emprunte d\u2019un l\u00e9ger d\u00e9dain de la part des citadins de Lisbonne, lorsqu\u2019ils parlaient de ceux qui se trouvaient \u00abau-del\u00e0 du Tage\u00bb, un peu comme les Parisiens parlent des provinciaux. Mais, au fil du temps, cette appellation est devenue une fiert\u00e9.<\/p>\n<p><strong><a href=\"http:\/\/sb4-1.infomaniak.ch\/sites\/c4\/c493c95f91125629724acfd1fee9774f\/attachments\/File\/MullerAlgarve_Je_pars_23%281%29.pdf\">Algarve secr\u00e8re \/ Mariette Muller<\/a><\/strong><\/p>\n<p>&nbsp;<\/p>\n","protected":false},"excerpt":{"rendered":"<p>En retrait des grands axes touristiques, l\u2019Alentejo s\u2019offre au naturel G\u00e9rard Blanc Il est une province portugaise bien jolie, au sud de Lisbonne et au nord de l\u2019Algarve, dont l\u2019atout est une palette impressionniste servant d\u2019\u00e9crin \u00e0 une faune et &hellip; <a href=\"http:\/\/www.presstourism.ch\/?page_id=325\">Continuer la lecture <span class=\"meta-nav\">&rarr;<\/span><\/a><\/p>\n","protected":false},"author":1,"featured_media":0,"parent":2161,"menu_order":0,"comment_status":"open","ping_status":"open","template":"","meta":{"ngg_post_thumbnail":0,"spay_email":""},"jetpack_sharing_enabled":true,"jetpack_shortlink":"https:\/\/wp.me\/P468TV-5f","_links":{"self":[{"href":"http:\/\/www.presstourism.ch\/index.php?rest_route=\/wp\/v2\/pages\/325"}],"collection":[{"href":"http:\/\/www.presstourism.ch\/index.php?rest_route=\/wp\/v2\/pages"}],"about":[{"href":"http:\/\/www.presstourism.ch\/index.php?rest_route=\/wp\/v2\/types\/page"}],"author":[{"embeddable":true,"href":"http:\/\/www.presstourism.ch\/index.php?rest_route=\/wp\/v2\/users\/1"}],"replies":[{"embeddable":true,"href":"http:\/\/www.presstourism.ch\/index.php?rest_route=%2Fwp%2Fv2%2Fcomments&post=325"}],"version-history":[{"count":3,"href":"http:\/\/www.presstourism.ch\/index.php?rest_route=\/wp\/v2\/pages\/325\/revisions"}],"predecessor-version":[{"id":2248,"href":"http:\/\/www.presstourism.ch\/index.php?rest_route=\/wp\/v2\/pages\/325\/revisions\/2248"}],"up":[{"embeddable":true,"href":"http:\/\/www.presstourism.ch\/index.php?rest_route=\/wp\/v2\/pages\/2161"}],"wp:attachment":[{"href":"http:\/\/www.presstourism.ch\/index.php?rest_route=%2Fwp%2Fv2%2Fmedia&parent=325"}],"curies":[{"name":"wp","href":"https:\/\/api.w.org\/{rel}","templated":true}]}}