{"id":323,"date":"2013-11-16T13:18:30","date_gmt":"2013-11-16T12:18:30","guid":{"rendered":"http:\/\/www.presstourism.ch\/WP_ALEX\/?page_id=323"},"modified":"2016-03-03T16:54:04","modified_gmt":"2016-03-03T15:54:04","slug":"mongolie","status":"publish","type":"page","link":"http:\/\/www.presstourism.ch\/?page_id=323","title":{"rendered":"Mongolie"},"content":{"rendered":"<p><a> <img class=\"aligncenter\" style=\"display: block;\" title=\"Plan Mongolie : cliquez sur la carte Mongolie pour l'agrandir\" src=\"https:\/\/i0.wp.com\/www.routard.com\/images_contenu\/partir\/destination\/mongolie\/carte\/mongolie.gif?w=584\" alt=\"Plan Mongolie : cliquez sur la carte Mongolie pour l'agrandir\" border=\"0\" data-recalc-dims=\"1\" \/><\/a><\/p>\n<p><strong><a href=\"http:\/\/www.youtube.com\/watch?hl=fr&amp;v=lg6ur_oO39Y&amp;gl=FR\">Oulan-Bator et le d\u00e9set de Gobi (vid\u00e9o)<\/a><\/strong><\/p>\n<p>Entr\u00e9e en Mongolie. D\u00e9couverte d&rsquo;Oulan Bator. Travers\u00e9e du d\u00e9sert de Gobi.<br \/>\nExtrait du DVD r\u00e9alis\u00e9 par Alex D\u00e9cotte en 2007 et ins\u00e9r\u00e9 dans le livre \u00ab\u00a0Trains de r\u00eave\u00a0\u00bb (Editions Seven 7, Paris)<\/p>\n","protected":false},"excerpt":{"rendered":"<p>Oulan-Bator et le d\u00e9set de Gobi (vid\u00e9o) Entr\u00e9e en Mongolie. D\u00e9couverte d&rsquo;Oulan Bator. Travers\u00e9e du d\u00e9sert de Gobi. Extrait du DVD r\u00e9alis\u00e9 par Alex D\u00e9cotte en 2007 et ins\u00e9r\u00e9 dans le livre \u00ab\u00a0Trains de r\u00eave\u00a0\u00bb (Editions Seven 7, Paris)<\/p>\n","protected":false},"author":1,"featured_media":0,"parent":2222,"menu_order":0,"comment_status":"open","ping_status":"open","template":"","meta":{"ngg_post_thumbnail":0,"spay_email":""},"jetpack_sharing_enabled":true,"jetpack_shortlink":"https:\/\/wp.me\/P468TV-5d","_links":{"self":[{"href":"http:\/\/www.presstourism.ch\/index.php?rest_route=\/wp\/v2\/pages\/323"}],"collection":[{"href":"http:\/\/www.presstourism.ch\/index.php?rest_route=\/wp\/v2\/pages"}],"about":[{"href":"http:\/\/www.presstourism.ch\/index.php?rest_route=\/wp\/v2\/types\/page"}],"author":[{"embeddable":true,"href":"http:\/\/www.presstourism.ch\/index.php?rest_route=\/wp\/v2\/users\/1"}],"replies":[{"embeddable":true,"href":"http:\/\/www.presstourism.ch\/index.php?rest_route=%2Fwp%2Fv2%2Fcomments&post=323"}],"version-history":[{"count":2,"href":"http:\/\/www.presstourism.ch\/index.php?rest_route=\/wp\/v2\/pages\/323\/revisions"}],"predecessor-version":[{"id":2245,"href":"http:\/\/www.presstourism.ch\/index.php?rest_route=\/wp\/v2\/pages\/323\/revisions\/2245"}],"up":[{"embeddable":true,"href":"http:\/\/www.presstourism.ch\/index.php?rest_route=\/wp\/v2\/pages\/2222"}],"wp:attachment":[{"href":"http:\/\/www.presstourism.ch\/index.php?rest_route=%2Fwp%2Fv2%2Fmedia&parent=323"}],"curies":[{"name":"wp","href":"https:\/\/api.w.org\/{rel}","templated":true}]}}