{"id":321,"date":"2013-11-16T13:11:58","date_gmt":"2013-11-16T12:11:58","guid":{"rendered":"http:\/\/www.presstourism.ch\/WP_ALEX\/?page_id=321"},"modified":"2013-11-16T13:11:58","modified_gmt":"2013-11-16T12:11:58","slug":"rodrigues-ile","status":"publish","type":"page","link":"http:\/\/www.presstourism.ch\/?page_id=321","title":{"rendered":"Rodrigues (Ile)"},"content":{"rendered":"<p><a> <img class=\"aligncenter\" style=\"display: block;\" title=\"Plan Rodrigues : cliquez sur la carte Rodrigues pour l'agrandir\" alt=\"Plan Rodrigues : cliquez sur la carte Rodrigues pour l'agrandir\" src=\"https:\/\/i0.wp.com\/www.routard.com\/images_contenu\/partir\/destination\/ile_maurice\/carte\/rodrigues.gif?w=584\" border=\"0\" data-recalc-dims=\"1\" \/><\/a><\/p>\n<p><strong><a href=\"http:\/\/www.youtube.com\/watch?v=e1TCJbXOTrs\">Ile Rodrigues: Laval et Polkarisse (vid\u00e9o)<\/a><\/strong><\/p>\n<p>Alex D\u00e9cotte<\/p>\n<p>Autour de Ben et Tino Gontran, ce groupe de musiciens parmi les plus c\u00e9l\u00e8bres de l&rsquo;\u00eele Rodrigues se r\u00e9sunit chaque semaine pour jouer la musique traditionnelle, laval et polkarisse, accompagn\u00e9e \u00e0 &#8230; l&rsquo;accord\u00e9on diatonique.<br \/>\nCopyright Alex D\u00e9cotte 1998-2008<\/p>\n<p><strong><a href=\"http:\/\/www.youtube.com\/watch?v=DpJJlUQi3V4\">Ile Rodrigues: le lagon du poisson-picasso (vid\u00e9o)<\/a><\/strong><\/p>\n<p>Alex D\u00e9cotte<\/p>\n<div id=\"watch7-action-panels\">\n<div id=\"action-panel-details\" data-panel-loaded=\"true\">\n<div id=\"watch-description\">\n<div id=\"watch-description-content\">\n<div id=\"watch-description-clip\">\n<div id=\"watch-description-text\">\n<p id=\"eow-description\">L&rsquo;\u00eele Rodrigues est entiur\u00e9e d&rsquo;un des plus beaux lagons de l&rsquo;oc\u00e9an Indien. Chaque matin, sur la barque \u00e0 voile, Eliott va y d\u00e9poser les casiers dans lesquels il esp\u00e8re retrouver, le soir, de quoi nourrir sa famille.<\/p>\n<\/div>\n<\/div>\n<\/div>\n<\/div>\n<\/div>\n<\/div>\n","protected":false},"excerpt":{"rendered":"<p>Ile Rodrigues: Laval et Polkarisse (vid\u00e9o) Alex D\u00e9cotte Autour de Ben et Tino Gontran, ce groupe de musiciens parmi les plus c\u00e9l\u00e8bres de l&rsquo;\u00eele Rodrigues se r\u00e9sunit chaque semaine pour jouer la musique traditionnelle, laval et polkarisse, accompagn\u00e9e \u00e0 &#8230; &hellip; <a href=\"http:\/\/www.presstourism.ch\/?page_id=321\">Continuer la lecture <span class=\"meta-nav\">&rarr;<\/span><\/a><\/p>\n","protected":false},"author":1,"featured_media":0,"parent":319,"menu_order":0,"comment_status":"open","ping_status":"open","template":"","meta":{"ngg_post_thumbnail":0,"spay_email":""},"jetpack_sharing_enabled":true,"jetpack_shortlink":"https:\/\/wp.me\/P468TV-5b","_links":{"self":[{"href":"http:\/\/www.presstourism.ch\/index.php?rest_route=\/wp\/v2\/pages\/321"}],"collection":[{"href":"http:\/\/www.presstourism.ch\/index.php?rest_route=\/wp\/v2\/pages"}],"about":[{"href":"http:\/\/www.presstourism.ch\/index.php?rest_route=\/wp\/v2\/types\/page"}],"author":[{"embeddable":true,"href":"http:\/\/www.presstourism.ch\/index.php?rest_route=\/wp\/v2\/users\/1"}],"replies":[{"embeddable":true,"href":"http:\/\/www.presstourism.ch\/index.php?rest_route=%2Fwp%2Fv2%2Fcomments&post=321"}],"version-history":[{"count":1,"href":"http:\/\/www.presstourism.ch\/index.php?rest_route=\/wp\/v2\/pages\/321\/revisions"}],"predecessor-version":[{"id":322,"href":"http:\/\/www.presstourism.ch\/index.php?rest_route=\/wp\/v2\/pages\/321\/revisions\/322"}],"up":[{"embeddable":true,"href":"http:\/\/www.presstourism.ch\/index.php?rest_route=\/wp\/v2\/pages\/319"}],"wp:attachment":[{"href":"http:\/\/www.presstourism.ch\/index.php?rest_route=%2Fwp%2Fv2%2Fmedia&parent=321"}],"curies":[{"name":"wp","href":"https:\/\/api.w.org\/{rel}","templated":true}]}}