{"id":311,"date":"2013-11-16T12:33:19","date_gmt":"2013-11-16T11:33:19","guid":{"rendered":"http:\/\/www.presstourism.ch\/WP_ALEX\/?page_id=311"},"modified":"2016-03-03T16:39:18","modified_gmt":"2016-03-03T15:39:18","slug":"malaisie","status":"publish","type":"page","link":"http:\/\/www.presstourism.ch\/?page_id=311","title":{"rendered":"Malaisie"},"content":{"rendered":"<p><strong><a title=\"Lien permanent vers La Merdeka, un \u00e9v\u00e9nement pharaonique\" href=\"http:\/\/www.jepars.ch\/magazine\/?p=1426\" rel=\"bookmark\"> La Merdeka, un \u00e9v\u00e9nement pharaonique <\/a><\/strong><\/p>\n<p>G\u00e9rard Blanc<\/p>\n<p>\u00abMerdeka! Merdeka!\u00bb (Ind\u00e9pendance! Ind\u00e9pendance!) harangue-t-on depuis la tribune o\u00f9 si\u00e8gent le roi de Malaisie aux c\u00f4t\u00e9s duquel sont au garde-\u00e0-vous le premier ministre, les ministres du gouvernement et les officiers sup\u00e9rieurs. Nous sommes \u00e0 la c\u00e9l\u00e9bration annuelle de la grande f\u00eate nationale malaisienne c\u00e9l\u00e9brant l\u2019ind\u00e9pendance de la Malaisie.<\/p>\n<p><a href=\"https:\/\/i0.wp.com\/www.presstourism.ch\/WP_ALEX\/wp-content\/uploads\/2013\/11\/merdekaSjpg.jpg\"><img loading=\"lazy\" class=\"size-full wp-image-313 aligncenter\" src=\"https:\/\/i0.wp.com\/www.presstourism.ch\/WP_ALEX\/wp-content\/uploads\/2013\/11\/merdekaSjpg.jpg?resize=291%2C242\" alt=\"merdekaSjpg\" width=\"291\" height=\"242\" data-recalc-dims=\"1\" \/><\/a><\/p>\n","protected":false},"excerpt":{"rendered":"<p>La Merdeka, un \u00e9v\u00e9nement pharaonique G\u00e9rard Blanc \u00abMerdeka! Merdeka!\u00bb (Ind\u00e9pendance! Ind\u00e9pendance!) harangue-t-on depuis la tribune o\u00f9 si\u00e8gent le roi de Malaisie aux c\u00f4t\u00e9s duquel sont au garde-\u00e0-vous le premier ministre, les ministres du gouvernement et les officiers sup\u00e9rieurs. Nous sommes &hellip; <a href=\"http:\/\/www.presstourism.ch\/?page_id=311\">Continuer la lecture <span class=\"meta-nav\">&rarr;<\/span><\/a><\/p>\n","protected":false},"author":1,"featured_media":0,"parent":2222,"menu_order":0,"comment_status":"open","ping_status":"open","template":"","meta":{"ngg_post_thumbnail":0,"spay_email":""},"jetpack_sharing_enabled":true,"jetpack_shortlink":"https:\/\/wp.me\/P468TV-51","_links":{"self":[{"href":"http:\/\/www.presstourism.ch\/index.php?rest_route=\/wp\/v2\/pages\/311"}],"collection":[{"href":"http:\/\/www.presstourism.ch\/index.php?rest_route=\/wp\/v2\/pages"}],"about":[{"href":"http:\/\/www.presstourism.ch\/index.php?rest_route=\/wp\/v2\/types\/page"}],"author":[{"embeddable":true,"href":"http:\/\/www.presstourism.ch\/index.php?rest_route=\/wp\/v2\/users\/1"}],"replies":[{"embeddable":true,"href":"http:\/\/www.presstourism.ch\/index.php?rest_route=%2Fwp%2Fv2%2Fcomments&post=311"}],"version-history":[{"count":2,"href":"http:\/\/www.presstourism.ch\/index.php?rest_route=\/wp\/v2\/pages\/311\/revisions"}],"predecessor-version":[{"id":2242,"href":"http:\/\/www.presstourism.ch\/index.php?rest_route=\/wp\/v2\/pages\/311\/revisions\/2242"}],"up":[{"embeddable":true,"href":"http:\/\/www.presstourism.ch\/index.php?rest_route=\/wp\/v2\/pages\/2222"}],"wp:attachment":[{"href":"http:\/\/www.presstourism.ch\/index.php?rest_route=%2Fwp%2Fv2%2Fmedia&parent=311"}],"curies":[{"name":"wp","href":"https:\/\/api.w.org\/{rel}","templated":true}]}}