{"id":307,"date":"2013-11-16T12:20:25","date_gmt":"2013-11-16T11:20:25","guid":{"rendered":"http:\/\/www.presstourism.ch\/WP_ALEX\/?page_id=307"},"modified":"2016-03-03T16:38:23","modified_gmt":"2016-03-03T15:38:23","slug":"kenya","status":"publish","type":"page","link":"http:\/\/www.presstourism.ch\/?page_id=307","title":{"rendered":"Kenya"},"content":{"rendered":"<p><strong><a title=\"Lien permanent vers Mombasa, la bigarr\u00e9e\" href=\"http:\/\/www.jepars.ch\/magazine\/?p=914\" rel=\"bookmark\"> Mombasa, la bigarr\u00e9e <\/a><\/strong><\/p>\n<p>G\u00e9rard Blanc<\/p>\n<p>Beaucoup d\u2019adeptes des safaris des parcs animaliers k\u00e9nyans ou des stations baln\u00e9aires de la c\u00f4te de l\u2019oc\u00e9an Indien consid\u00e8rent Mombasa comme le but d\u2019une simple excursion-pr\u00e9texte. Ceux-ci ont alors la surprise de d\u00e9couvrir une ville o\u00f9 les couleurs et l\u2019animation sont le reflet d\u2019un heureux m\u00e9lange de civilisations et de religions.<\/p>\n<p style=\"text-align: center;\"><a href=\"http:\/\/www.jepars.ch\/magazine\/?p=914\"><strong><img loading=\"lazy\" src=\"https:\/\/i2.wp.com\/www.jepars.ch\/magazine\/wp-content\/uploads\/2011\/01\/KenyaMombasA0101-455x303.jpg?resize=455%2C303\" alt=\"Effervescence dans la rue \u00e0 Mombasa\" width=\"455\" height=\"303\" data-recalc-dims=\"1\" \/><\/strong><\/a><\/p>\n<p><strong><a href=\"http:\/\/www.youtube.com\/watch?v=NFmLLL6ySa8\">El\u00e9phants orphelins au Kenya (vid\u00e9o)<\/a><\/strong><\/p>\n<p>Alex D\u00e9cotte<\/p>\n<div id=\"watch7-action-panels\">\n<div id=\"action-panel-details\" data-panel-loaded=\"true\">\n<div id=\"watch-description\">\n<div id=\"watch-description-content\">\n<div id=\"watch-description-clip\">\n<div id=\"watch-description-text\">\n<p id=\"eow-description\">S\u00e9par\u00e9 de ses parents, un jeune \u00e9l\u00e9phant est priv\u00e9 de tous ses rep\u00e8res. Choqu\u00e9, craintif, il peut sombrer dans une d\u00e9pression profonde et parfois irr\u00e9versible. A Nairobi, la Fondation Sheldrick accueille les \u00e9l\u00e9phants orphelins, les soigne, les rassure avant de les envoyer, plus au sud, dans le Parc de Tsavo. C&rsquo;est l\u00e0 que Catherine Tschanen, fondatrice de l&rsquo;association suisse Terre et Faune, les rejoint r\u00e9guli\u00e8rement pour partager avec eux un peu de l&rsquo;affection sans laquelle ils risqueraient de perdre go\u00fbt \u00e0 la vie.<\/p>\n<p><strong><a href=\"http:\/\/sb4-1.infomaniak.ch\/sites\/c4\/c493c95f91125629724acfd1fee9774f\/attachments\/File\/BRISSOTEvasion-REG452_Kenya_Safari.pdf\">Et si on troquait la neige pour un safari en Afrique ? (Nina Brissot)<\/a><\/strong><\/p>\n<p dir=\"ltr\" data-angle=\"0\" data-font-name=\"g_font_87_0\" data-canvas-width=\"595.1760817871093\"><strong><a href=\"http:\/\/sb4-1.infomaniak.ch\/sites\/c4\/c493c95f91125629724acfd1fee9774f\/attachments\/File\/BRISSOTEvasion-REG453_Mombassa.pdf\">Mombassa, \u00eele chatoyante faite de douceur de vivre \/ Nina Brissot<\/a><\/strong><\/p>\n<div dir=\"ltr\" data-angle=\"0\" data-font-name=\"g_font_89_0\" data-canvas-width=\"71.34464411926271\"><\/div>\n<p><br dir=\"ltr\" data-angle=\"0\" data-font-name=\"g_font_88_0\" data-canvas-width=\"526.0711507415772\" \/><\/p>\n<\/div>\n<\/div>\n<\/div>\n<\/div>\n<\/div>\n<\/div>\n","protected":false},"excerpt":{"rendered":"<p>Mombasa, la bigarr\u00e9e G\u00e9rard Blanc Beaucoup d\u2019adeptes des safaris des parcs animaliers k\u00e9nyans ou des stations baln\u00e9aires de la c\u00f4te de l\u2019oc\u00e9an Indien consid\u00e8rent Mombasa comme le but d\u2019une simple excursion-pr\u00e9texte. Ceux-ci ont alors la surprise de d\u00e9couvrir une ville &hellip; <a href=\"http:\/\/www.presstourism.ch\/?page_id=307\">Continuer la lecture <span class=\"meta-nav\">&rarr;<\/span><\/a><\/p>\n","protected":false},"author":1,"featured_media":0,"parent":162,"menu_order":0,"comment_status":"open","ping_status":"open","template":"","meta":{"ngg_post_thumbnail":0,"spay_email":""},"jetpack_sharing_enabled":true,"jetpack_shortlink":"https:\/\/wp.me\/P468TV-4X","_links":{"self":[{"href":"http:\/\/www.presstourism.ch\/index.php?rest_route=\/wp\/v2\/pages\/307"}],"collection":[{"href":"http:\/\/www.presstourism.ch\/index.php?rest_route=\/wp\/v2\/pages"}],"about":[{"href":"http:\/\/www.presstourism.ch\/index.php?rest_route=\/wp\/v2\/types\/page"}],"author":[{"embeddable":true,"href":"http:\/\/www.presstourism.ch\/index.php?rest_route=\/wp\/v2\/users\/1"}],"replies":[{"embeddable":true,"href":"http:\/\/www.presstourism.ch\/index.php?rest_route=%2Fwp%2Fv2%2Fcomments&post=307"}],"version-history":[{"count":5,"href":"http:\/\/www.presstourism.ch\/index.php?rest_route=\/wp\/v2\/pages\/307\/revisions"}],"predecessor-version":[{"id":2241,"href":"http:\/\/www.presstourism.ch\/index.php?rest_route=\/wp\/v2\/pages\/307\/revisions\/2241"}],"up":[{"embeddable":true,"href":"http:\/\/www.presstourism.ch\/index.php?rest_route=\/wp\/v2\/pages\/162"}],"wp:attachment":[{"href":"http:\/\/www.presstourism.ch\/index.php?rest_route=%2Fwp%2Fv2%2Fmedia&parent=307"}],"curies":[{"name":"wp","href":"https:\/\/api.w.org\/{rel}","templated":true}]}}