{"id":3037,"date":"2016-11-07T12:28:05","date_gmt":"2016-11-07T11:28:05","guid":{"rendered":"http:\/\/www.presstourism.ch\/WP_ALEX\/?page_id=3037"},"modified":"2024-04-13T09:56:31","modified_gmt":"2024-04-13T07:56:31","slug":"blogs-et-blogueurs","status":"publish","type":"page","link":"http:\/\/www.presstourism.ch\/?page_id=3037","title":{"rendered":"Blogs et blogueurs"},"content":{"rendered":"<p>Voil\u00e0 belle lurette que les journalistes professionnels ne sont plus les seuls \u00e0 courir le monde. Dans leur sillage, il n&rsquo;y eut longtemps que les touristes voyageant en groupe mais, aujourd&rsquo;hui, seuls ou en couple, les globe-trotters sont repartis \u00e0 l&rsquo;assaut de la plan\u00e8te et, malgr\u00e9 les p\u00e9rils de notre p\u00e9riode agit\u00e9e, ils nous livrent de surprenants r\u00e9cits et autant d&rsquo;images qui m\u00e9ritent que nous allions faire un tour du monde &#8211; ou plusieurs &#8211;&nbsp; sur leur blog.<\/p>\n<p style=\"text-align: right;\"><em>Cliquez sur l&rsquo;ic\u00f4ne de votre choix<\/em><\/p>\n<hr>\n<p style=\"text-align: center;\"><a href=\"http:\/\/www.a-contresens.net\/\"><img loading=\"lazy\" class=\"alignnone wp-image-3349 size-medium\" src=\"https:\/\/i1.wp.com\/www.presstourism.ch\/wp-content\/uploads\/2016\/11\/a-contresens-1.jpg?resize=300%2C67\" alt=\"a contresens\" width=\"300\" height=\"67\" srcset=\"https:\/\/i1.wp.com\/www.presstourism.ch\/wp-content\/uploads\/2016\/11\/a-contresens-1.jpg?resize=300%2C67 300w, https:\/\/i1.wp.com\/www.presstourism.ch\/wp-content\/uploads\/2016\/11\/a-contresens-1.jpg?resize=600%2C134 600w, https:\/\/i1.wp.com\/www.presstourism.ch\/wp-content\/uploads\/2016\/11\/a-contresens-1.jpg?w=636 636w\" sizes=\"(max-width: 300px) 100vw, 300px\" data-recalc-dims=\"1\" \/><\/a><\/p>\n<hr>\n<p style=\"text-align: center;\"><a href=\"http:\/\/www.carnets-de-traverse.com\/blog\/\"><img loading=\"lazy\" class=\"alignnone wp-image-3339 size-medium\" src=\"https:\/\/i1.wp.com\/www.presstourism.ch\/wp-content\/uploads\/2016\/11\/logo.jpg?resize=300%2C18\" alt=\"logo\" width=\"300\" height=\"18\"  data-recalc-dims=\"1\"><\/a><\/p>\n<hr>\n<p style=\"text-align: center;\"><a href=\"http:\/\/www.curieusevoyageuse.com\/\"><img loading=\"lazy\" class=\"alignnone wp-image-3334 size-medium\" src=\"https:\/\/i2.wp.com\/www.presstourism.ch\/wp-content\/uploads\/2016\/11\/curieuse-voyageuse.jpg?resize=300%2C117\" alt=\"curieuse voyageuse\" width=\"300\" height=\"117\" srcset=\"https:\/\/i2.wp.com\/www.presstourism.ch\/wp-content\/uploads\/2016\/11\/curieuse-voyageuse.jpg?resize=300%2C117 300w, https:\/\/i2.wp.com\/www.presstourism.ch\/wp-content\/uploads\/2016\/11\/curieuse-voyageuse.jpg?resize=600%2C233 600w, https:\/\/i2.wp.com\/www.presstourism.ch\/wp-content\/uploads\/2016\/11\/curieuse-voyageuse.jpg?w=607 607w\" sizes=\"(max-width: 300px) 100vw, 300px\" data-recalc-dims=\"1\" \/><\/a><\/p>\n<hr>\n<p style=\"text-align: center;\"><a href=\"https:\/\/i1.wp.com\/www.presstourism.ch\/wp-content\/uploads\/2024\/04\/Untitled-4-1-1.png\"><img loading=\"lazy\" class=\"alignnone wp-image-9376 size-medium\" src=\"https:\/\/i1.wp.com\/www.presstourism.ch\/wp-content\/uploads\/2024\/04\/Untitled-4-1-1.png?resize=300%2C104\" alt=\"\" width=\"300\" height=\"104\" srcset=\"https:\/\/i1.wp.com\/www.presstourism.ch\/wp-content\/uploads\/2024\/04\/Untitled-4-1-1.png?resize=300%2C104 300w, https:\/\/i1.wp.com\/www.presstourism.ch\/wp-content\/uploads\/2024\/04\/Untitled-4-1-1.png?resize=500%2C173 500w, https:\/\/i1.wp.com\/www.presstourism.ch\/wp-content\/uploads\/2024\/04\/Untitled-4-1-1.png?w=565 565w\" sizes=\"(max-width: 300px) 100vw, 300px\" data-recalc-dims=\"1\" \/><\/a><\/p>\n<p style=\"text-align: center;\"><a href=\"http:\/\/www.leblogdesarah.com\/\"><img loading=\"lazy\" class=\"alignnone wp-image-3337 size-medium\" src=\"https:\/\/i0.wp.com\/www.presstourism.ch\/wp-content\/uploads\/2016\/11\/Blog-Sarah.jpg?resize=300%2C92\" alt=\"Blog Sarah\" width=\"300\" height=\"92\" srcset=\"https:\/\/i0.wp.com\/www.presstourism.ch\/wp-content\/uploads\/2016\/11\/Blog-Sarah.jpg?resize=300%2C92 300w, https:\/\/i0.wp.com\/www.presstourism.ch\/wp-content\/uploads\/2016\/11\/Blog-Sarah.jpg?w=456 456w\" sizes=\"(max-width: 300px) 100vw, 300px\" data-recalc-dims=\"1\" \/><\/a><\/p>\n<p style=\"text-align: center;\"><a href=\"http:\/\/www.blogduvoyage.fr\/\"><img loading=\"lazy\" class=\"alignnone wp-image-3338 size-medium\" src=\"https:\/\/i1.wp.com\/www.presstourism.ch\/wp-content\/uploads\/2016\/11\/Blog-voyage.jpg?resize=300%2C70\" alt=\"Blog voyage\" width=\"300\" height=\"70\" srcset=\"https:\/\/i1.wp.com\/www.presstourism.ch\/wp-content\/uploads\/2016\/11\/Blog-voyage.jpg?resize=300%2C70 300w, https:\/\/i1.wp.com\/www.presstourism.ch\/wp-content\/uploads\/2016\/11\/Blog-voyage.jpg?resize=768%2C179 768w, https:\/\/i1.wp.com\/www.presstourism.ch\/wp-content\/uploads\/2016\/11\/Blog-voyage.jpg?resize=600%2C140 600w, https:\/\/i1.wp.com\/www.presstourism.ch\/wp-content\/uploads\/2016\/11\/Blog-voyage.jpg?w=840 840w\" sizes=\"(max-width: 300px) 100vw, 300px\" data-recalc-dims=\"1\" \/><\/a><\/p>\n<p style=\"text-align: center;\"><a href=\"http:\/\/lesacados.com\/\"><img loading=\"lazy\" class=\"alignnone wp-image-3346 size-medium\" src=\"https:\/\/i1.wp.com\/www.presstourism.ch\/wp-content\/uploads\/2016\/11\/sac-\u00e0-dos.jpg?resize=300%2C155\" alt=\"sac \u00e0 dos\" width=\"300\" height=\"155\" srcset=\"https:\/\/i1.wp.com\/www.presstourism.ch\/wp-content\/uploads\/2016\/11\/sac-\u00e0-dos.jpg?resize=300%2C155 300w, https:\/\/i1.wp.com\/www.presstourism.ch\/wp-content\/uploads\/2016\/11\/sac-\u00e0-dos.jpg?w=317 317w\" sizes=\"(max-width: 300px) 100vw, 300px\" data-recalc-dims=\"1\" \/><\/a><\/p>\n<hr>\n<p style=\"text-align: center;\"><a href=\"http:\/\/oiseaurose.com\/\"><img loading=\"lazy\" class=\"alignnone wp-image-3359 size-medium\" src=\"https:\/\/i0.wp.com\/www.presstourism.ch\/wp-content\/uploads\/2016\/11\/oiseau-rose.jpg?resize=300%2C113\" alt=\"oiseau rose\" width=\"300\" height=\"113\" srcset=\"https:\/\/i0.wp.com\/www.presstourism.ch\/wp-content\/uploads\/2016\/11\/oiseau-rose.jpg?resize=300%2C113 300w, https:\/\/i0.wp.com\/www.presstourism.ch\/wp-content\/uploads\/2016\/11\/oiseau-rose.jpg?w=372 372w\" sizes=\"(max-width: 300px) 100vw, 300px\" data-recalc-dims=\"1\" \/><\/a><\/p>\n<hr>\n<p style=\"text-align: center;\"><a href=\"http:\/\/madebymaider.com\/\"><img loading=\"lazy\" class=\"alignnone wp-image-3340 size-medium\" src=\"https:\/\/i1.wp.com\/www.presstourism.ch\/wp-content\/uploads\/2016\/11\/blog-made-by-maider.png?resize=300%2C96\" alt=\"blog-made-by-maider\" width=\"300\" height=\"96\" srcset=\"https:\/\/i1.wp.com\/www.presstourism.ch\/wp-content\/uploads\/2016\/11\/blog-made-by-maider.png?resize=300%2C96 300w, https:\/\/i1.wp.com\/www.presstourism.ch\/wp-content\/uploads\/2016\/11\/blog-made-by-maider.png?w=500 500w\" sizes=\"(max-width: 300px) 100vw, 300px\" data-recalc-dims=\"1\" \/><\/a><\/p>\n<hr>\n<p style=\"text-align: center;\"><a href=\"http:\/\/www.moimessouliers.org\/\"><img loading=\"lazy\" class=\"alignnone wp-image-3342 size-medium\" src=\"https:\/\/i0.wp.com\/www.presstourism.ch\/wp-content\/uploads\/2016\/11\/moi-souliers.jpg?resize=300%2C77\" alt=\"moi souliers\" width=\"300\" height=\"77\" srcset=\"https:\/\/i0.wp.com\/www.presstourism.ch\/wp-content\/uploads\/2016\/11\/moi-souliers.jpg?resize=300%2C77 300w, https:\/\/i0.wp.com\/www.presstourism.ch\/wp-content\/uploads\/2016\/11\/moi-souliers.jpg?resize=600%2C154 600w, https:\/\/i0.wp.com\/www.presstourism.ch\/wp-content\/uploads\/2016\/11\/moi-souliers.jpg?w=666 666w\" sizes=\"(max-width: 300px) 100vw, 300px\" data-recalc-dims=\"1\" \/><\/a><\/p>\n<hr>\n<p style=\"text-align: center;\"><a href=\"http:\/\/www.novo-monde.com\/\"><img loading=\"lazy\" class=\"alignnone wp-image-3317 size-medium\" src=\"https:\/\/i2.wp.com\/www.presstourism.ch\/wp-content\/uploads\/2016\/11\/Novo-monde.png?resize=300%2C174\" alt=\"Novo-monde\" width=\"300\" height=\"174\"  data-recalc-dims=\"1\"><\/a><\/p>\n<hr>\n<p style=\"text-align: center;\"><a href=\"http:\/\/nowmadz.com\/\"><img loading=\"lazy\" class=\"alignnone wp-image-3343 size-medium\" src=\"https:\/\/i1.wp.com\/www.presstourism.ch\/wp-content\/uploads\/2016\/11\/nowmadz.jpg?resize=300%2C100\" alt=\"nowmadz\" width=\"300\" height=\"100\" srcset=\"https:\/\/i1.wp.com\/www.presstourism.ch\/wp-content\/uploads\/2016\/11\/nowmadz.jpg?resize=300%2C100 300w, https:\/\/i1.wp.com\/www.presstourism.ch\/wp-content\/uploads\/2016\/11\/nowmadz.jpg?resize=600%2C200 600w, https:\/\/i1.wp.com\/www.presstourism.ch\/wp-content\/uploads\/2016\/11\/nowmadz.jpg?w=749 749w\" sizes=\"(max-width: 300px) 100vw, 300px\" data-recalc-dims=\"1\" \/><\/a><\/p>\n<hr>\n<p style=\"text-align: center;\"><a href=\"https:\/\/petitesbullesdailleurs.fr\/\"><img loading=\"lazy\" class=\"alignnone wp-image-3323 size-full\" src=\"https:\/\/i0.wp.com\/www.presstourism.ch\/wp-content\/uploads\/2016\/11\/logo260x701.jpg?resize=260%2C70\" alt=\"logo260x701\" width=\"260\" height=\"70\"  data-recalc-dims=\"1\"><\/a><\/p>\n<hr>\n<p style=\"text-align: center;\"><a href=\"https:\/\/i2.wp.com\/www.presstourism.ch\/wp-content\/uploads\/2024\/04\/logo-300x83-1.jpg\"><img loading=\"lazy\" class=\"alignnone wp-image-9380 size-full\" src=\"https:\/\/i2.wp.com\/www.presstourism.ch\/wp-content\/uploads\/2024\/04\/logo-300x83-1.jpg?resize=300%2C83\" alt=\"\" width=\"300\" height=\"83\"  data-recalc-dims=\"1\"><\/a><\/p>\n<hr>\n<p style=\"text-align: center;\"><a href=\"https:\/\/tour-monde.fr\/\"><img loading=\"lazy\" class=\"alignnone wp-image-3327 size-full\" src=\"https:\/\/i0.wp.com\/www.presstourism.ch\/wp-content\/uploads\/2016\/11\/logo-web2b-e1414590085488.png?resize=172%2C65\" alt=\"logo-web2b-e1414590085488\" width=\"172\" height=\"65\"  data-recalc-dims=\"1\"><\/a><\/p>\n<hr>\n<p style=\"text-align: center;\"><a href=\"http:\/\/travelandfilm.com\/\"><img loading=\"lazy\" class=\"alignnone wp-image-3314 size-medium\" src=\"https:\/\/i0.wp.com\/www.presstourism.ch\/wp-content\/uploads\/2016\/11\/Travel-and-film.jpg?resize=300%2C64\" alt=\"Travel and film\" width=\"300\" height=\"64\" srcset=\"https:\/\/i0.wp.com\/www.presstourism.ch\/wp-content\/uploads\/2016\/11\/Travel-and-film.jpg?resize=300%2C64 300w, https:\/\/i0.wp.com\/www.presstourism.ch\/wp-content\/uploads\/2016\/11\/Travel-and-film.jpg?resize=600%2C129 600w, https:\/\/i0.wp.com\/www.presstourism.ch\/wp-content\/uploads\/2016\/11\/Travel-and-film.jpg?w=616 616w\" sizes=\"(max-width: 300px) 100vw, 300px\" data-recalc-dims=\"1\" \/><\/a><\/p>\n<hr>\n<p style=\"text-align: center;\"><a href=\"http:\/\/www.travel-me-happy.com\/\"><img loading=\"lazy\" class=\"alignnone wp-image-3320 size-medium\" src=\"https:\/\/i0.wp.com\/www.presstourism.ch\/wp-content\/uploads\/2016\/11\/HEADER-TRAVEL-ME-HAPPY.jpg?resize=300%2C89\" alt=\"HEADER-TRAVEL-ME-HAPPY\" width=\"300\" height=\"89\" srcset=\"https:\/\/i0.wp.com\/www.presstourism.ch\/wp-content\/uploads\/2016\/11\/HEADER-TRAVEL-ME-HAPPY.jpg?resize=300%2C89 300w, https:\/\/i0.wp.com\/www.presstourism.ch\/wp-content\/uploads\/2016\/11\/HEADER-TRAVEL-ME-HAPPY.jpg?resize=768%2C228 768w, https:\/\/i0.wp.com\/www.presstourism.ch\/wp-content\/uploads\/2016\/11\/HEADER-TRAVEL-ME-HAPPY.jpg?resize=1024%2C303 1024w, https:\/\/i0.wp.com\/www.presstourism.ch\/wp-content\/uploads\/2016\/11\/HEADER-TRAVEL-ME-HAPPY.jpg?resize=600%2C178 600w, https:\/\/i0.wp.com\/www.presstourism.ch\/wp-content\/uploads\/2016\/11\/HEADER-TRAVEL-ME-HAPPY.jpg?w=1080 1080w\" sizes=\"(max-width: 300px) 100vw, 300px\" data-recalc-dims=\"1\" \/><\/a><\/p>\n<hr>\n<p style=\"text-align: center;\"><a href=\"http:\/\/www.bien-voyager.com\/\"><img loading=\"lazy\" class=\"alignnone wp-image-3322 size-full\" src=\"https:\/\/i2.wp.com\/www.presstourism.ch\/wp-content\/uploads\/2016\/11\/BienVoyagerLogoLarge.jpg?resize=232%2C74\" alt=\"BienVoyagerLogoLarge\" width=\"232\" height=\"74\"  data-recalc-dims=\"1\"><\/a><\/p>\n<hr>\n<p style=\"text-align: center;\"><a href=\"https:\/\/www.unsacsurledos.com\/\"><img loading=\"lazy\" class=\"alignnone wp-image-3350 size-medium\" src=\"https:\/\/i1.wp.com\/www.presstourism.ch\/wp-content\/uploads\/2016\/11\/sac.jpg?resize=300%2C112\" alt=\"sac\" width=\"300\" height=\"112\" srcset=\"https:\/\/i1.wp.com\/www.presstourism.ch\/wp-content\/uploads\/2016\/11\/sac.jpg?resize=300%2C112 300w, https:\/\/i1.wp.com\/www.presstourism.ch\/wp-content\/uploads\/2016\/11\/sac.jpg?w=340 340w\" sizes=\"(max-width: 300px) 100vw, 300px\" data-recalc-dims=\"1\" \/><\/a><\/p>\n<hr>\n<p style=\"text-align: center;\"><a href=\"http:\/\/untoursurterre.fr\/\"><img loading=\"lazy\" class=\"alignnone wp-image-3316 size-medium\" src=\"https:\/\/i2.wp.com\/www.presstourism.ch\/wp-content\/uploads\/2016\/11\/logo-fond-blanc.png?resize=300%2C90\" alt=\"logo-fond-blanc\" width=\"300\" height=\"90\"  data-recalc-dims=\"1\"><\/a><\/p>\n<hr>\n<p style=\"text-align: center;\"><a href=\"http:\/\/www.vie-nomade.com\/\"><img loading=\"lazy\" class=\"alignnone wp-image-3352 size-full\" src=\"https:\/\/i0.wp.com\/www.presstourism.ch\/wp-content\/uploads\/2016\/11\/vie-nomade.jpg?resize=290%2C93\" alt=\"vie nomade\" width=\"290\" height=\"93\"  data-recalc-dims=\"1\"><\/a><\/p>\n<hr>\n<p style=\"text-align: center;\"><a href=\"http:\/\/www.votretourdumonde.com\/\"><img loading=\"lazy\" class=\"alignnone wp-image-3354 size-full\" src=\"https:\/\/i2.wp.com\/www.presstourism.ch\/wp-content\/uploads\/2016\/11\/votre-tour.jpg?resize=274%2C111\" alt=\"votre tour\" width=\"274\" height=\"111\"  data-recalc-dims=\"1\"><\/a><\/p>\n<hr>\n<p style=\"text-align: center;\"><a href=\"http:\/\/www.voyageway.com\/\"><img loading=\"lazy\" class=\"alignnone wp-image-3356 size-full\" src=\"https:\/\/i1.wp.com\/www.presstourism.ch\/wp-content\/uploads\/2016\/11\/logo-blog-voyage2.png?resize=200%2C148\" alt=\"logo-blog-voyage2\" width=\"200\" height=\"148\"  data-recalc-dims=\"1\"><\/a><\/p>\n<hr>\n<p style=\"text-align: center;\"><a href=\"http:\/\/voyagerloin.com\/\"><img loading=\"lazy\" class=\"alignnone wp-image-3357 size-full\" src=\"https:\/\/i0.wp.com\/www.presstourism.ch\/wp-content\/uploads\/2016\/11\/voyagerloin.jpg?resize=176%2C60\" alt=\"voyagerloin\" width=\"176\" height=\"60\"  data-recalc-dims=\"1\"><\/a><\/p>\n<hr>\n<p style=\"text-align: center;\"><a href=\"http:\/\/www.voyagesetc.fr\/\"><img loading=\"lazy\" class=\"alignnone wp-image-3360 size-medium\" src=\"https:\/\/i1.wp.com\/www.presstourism.ch\/wp-content\/uploads\/2016\/11\/voyagetc.jpg?resize=300%2C155\" alt=\"voyagetc\" width=\"300\" height=\"155\" srcset=\"https:\/\/i1.wp.com\/www.presstourism.ch\/wp-content\/uploads\/2016\/11\/voyagetc.jpg?resize=300%2C155 300w, https:\/\/i1.wp.com\/www.presstourism.ch\/wp-content\/uploads\/2016\/11\/voyagetc.jpg?w=438 438w\" sizes=\"(max-width: 300px) 100vw, 300px\" data-recalc-dims=\"1\" \/><\/a><\/p>\n<hr>\n<p style=\"text-align: center;\"><a href=\"http:\/\/voyagesetvagabondages.com\/\"><img loading=\"lazy\" class=\"alignnone wp-image-3321 size-medium\" src=\"https:\/\/i2.wp.com\/www.presstourism.ch\/wp-content\/uploads\/2016\/11\/Voyages-et-Vagabondages-2.png?resize=300%2C55\" alt=\"Voyages-et-Vagabondages-2\" width=\"300\" height=\"55\" srcset=\"https:\/\/i2.wp.com\/www.presstourism.ch\/wp-content\/uploads\/2016\/11\/Voyages-et-Vagabondages-2.png?resize=300%2C55 300w, https:\/\/i2.wp.com\/www.presstourism.ch\/wp-content\/uploads\/2016\/11\/Voyages-et-Vagabondages-2.png?resize=768%2C141 768w, https:\/\/i2.wp.com\/www.presstourism.ch\/wp-content\/uploads\/2016\/11\/Voyages-et-Vagabondages-2.png?resize=1024%2C188 1024w, https:\/\/i2.wp.com\/www.presstourism.ch\/wp-content\/uploads\/2016\/11\/Voyages-et-Vagabondages-2.png?resize=600%2C110 600w, https:\/\/i2.wp.com\/www.presstourism.ch\/wp-content\/uploads\/2016\/11\/Voyages-et-Vagabondages-2.png?w=1200 1200w\" sizes=\"(max-width: 300px) 100vw, 300px\" data-recalc-dims=\"1\" \/><\/a><\/p>\n<hr>\n<p style=\"text-align: center;\"><a href=\"http:\/\/worldwildbrice.net\/\"><img loading=\"lazy\" class=\"alignnone wp-image-3362 size-full\" src=\"https:\/\/i2.wp.com\/www.presstourism.ch\/wp-content\/uploads\/2016\/11\/worldbrice.jpg?resize=259%2C52\" alt=\"worldbrice\" width=\"259\" height=\"52\"  data-recalc-dims=\"1\"><\/a><\/p>\n<hr>\n<p>Si vous avez connaissance d&rsquo;autres bons blogs de voyage, n&rsquo;h\u00e9sitez pas \u00e0 nous les signaler. Merci.<\/p>\n","protected":false},"excerpt":{"rendered":"<p>Voil\u00e0 belle lurette que les journalistes professionnels ne sont plus les seuls \u00e0 courir le monde. Dans leur sillage, il n&rsquo;y eut longtemps que les touristes voyageant en groupe mais, aujourd&rsquo;hui, seuls ou en couple, les globe-trotters sont repartis \u00e0 &hellip; <a href=\"http:\/\/www.presstourism.ch\/?page_id=3037\">Continuer la lecture <span class=\"meta-nav\">&rarr;<\/span><\/a><\/p>\n","protected":false},"author":1,"featured_media":0,"parent":14,"menu_order":0,"comment_status":"closed","ping_status":"closed","template":"","meta":{"ngg_post_thumbnail":0,"spay_email":""},"jetpack_sharing_enabled":true,"jetpack_shortlink":"https:\/\/wp.me\/P468TV-MZ","_links":{"self":[{"href":"http:\/\/www.presstourism.ch\/index.php?rest_route=\/wp\/v2\/pages\/3037"}],"collection":[{"href":"http:\/\/www.presstourism.ch\/index.php?rest_route=\/wp\/v2\/pages"}],"about":[{"href":"http:\/\/www.presstourism.ch\/index.php?rest_route=\/wp\/v2\/types\/page"}],"author":[{"embeddable":true,"href":"http:\/\/www.presstourism.ch\/index.php?rest_route=\/wp\/v2\/users\/1"}],"replies":[{"embeddable":true,"href":"http:\/\/www.presstourism.ch\/index.php?rest_route=%2Fwp%2Fv2%2Fcomments&post=3037"}],"version-history":[{"count":45,"href":"http:\/\/www.presstourism.ch\/index.php?rest_route=\/wp\/v2\/pages\/3037\/revisions"}],"predecessor-version":[{"id":9381,"href":"http:\/\/www.presstourism.ch\/index.php?rest_route=\/wp\/v2\/pages\/3037\/revisions\/9381"}],"up":[{"embeddable":true,"href":"http:\/\/www.presstourism.ch\/index.php?rest_route=\/wp\/v2\/pages\/14"}],"wp:attachment":[{"href":"http:\/\/www.presstourism.ch\/index.php?rest_route=%2Fwp%2Fv2%2Fmedia&parent=3037"}],"curies":[{"name":"wp","href":"https:\/\/api.w.org\/{rel}","templated":true}]}}