{"id":302,"date":"2013-11-16T12:15:17","date_gmt":"2013-11-16T11:15:17","guid":{"rendered":"http:\/\/www.presstourism.ch\/WP_ALEX\/?page_id=302"},"modified":"2022-06-01T14:53:51","modified_gmt":"2022-06-01T13:53:51","slug":"italie","status":"publish","type":"page","link":"http:\/\/www.presstourism.ch\/?page_id=302","title":{"rendered":"Italie"},"content":{"rendered":"<p><a href=\"http:\/\/www.jepars.ch\/magazine\/?p=10754\"><strong>La Sardaigne : d\u2019Alghero \u00e0 Castelsardo<\/strong><\/a><\/p>\n<p>Erika Bodmer et G\u00e9rard Blanc<\/p>\n<p>De toutes les villes de la r\u00e9gion, Alghero est vraisemblablement la plus pittoresque par sa promenade de front de mer donnant sur le port de p\u00eache de Porto Darsena, mais surtout par ses remparts, tours et bastions qu\u2019on croirait \u00eatre encore en permanence pr\u00eats \u00e0 tenir le si\u00e8ge d\u2019imaginaires pirates. Intramuros, le centre historique avec ses rues \u00e9troites est jalonn\u00e9 de palais de patriciens, dont l\u2019un porte le nom cocasse de palais Machin (on porte le nom qu\u2019on peut\u2026)<\/p>\n<p style=\"text-align: center;\"><a href=\"https:\/\/i1.wp.com\/www.presstourism.ch\/WP_ALEX\/wp-content\/uploads\/2022\/06\/Castelsardo-455x303-1.jpg\"><img loading=\"lazy\" class=\"alignnone size-medium wp-image-8399\" src=\"https:\/\/i1.wp.com\/www.presstourism.ch\/WP_ALEX\/wp-content\/uploads\/2022\/06\/Castelsardo-455x303-1-300x200.jpg?resize=300%2C200\" alt=\"\" width=\"300\" height=\"200\" srcset=\"https:\/\/i1.wp.com\/www.presstourism.ch\/wp-content\/uploads\/2022\/06\/Castelsardo-455x303-1.jpg?resize=300%2C200 300w, https:\/\/i1.wp.com\/www.presstourism.ch\/wp-content\/uploads\/2022\/06\/Castelsardo-455x303-1.jpg?resize=450%2C300 450w, https:\/\/i1.wp.com\/www.presstourism.ch\/wp-content\/uploads\/2022\/06\/Castelsardo-455x303-1.jpg?w=455 455w\" sizes=\"(max-width: 300px) 100vw, 300px\" data-recalc-dims=\"1\" \/><\/a><\/p>\n<p>&nbsp;<\/p>\n<p><strong><a href=\"http:\/\/www.presstourism.ch\/WP_ALEX\/wp-content\/uploads\/2013\/11\/BaladeEte\u2560\u00fc2013NVD-Domodossola-copie.pdf\">De Domodossola \u00e0 la cascade du Toce<\/a><\/strong><\/p>\n<p>Roger Juillerat<\/p>\n<p>Dans la r\u00e9gion du Lac Majeur en Italie du nord, les vall\u00e9es de l\u2019Ossola sont un petit monde en soi, avec leurs localit\u00e9s pittoresques et leurs montagnes imposantes. La r\u00e9gion se distingue par la vari\u00e9t\u00e9 de ses paysages, qui se dessinent entre les Alpes l\u00e9pontines, les lacs au sud et au nord, la Suisse. Depuis Domodossola, qui a beaucoup de charme et un joli centre historique, les balades sont nombreuses.<\/p>\n<p><a href=\"https:\/\/i1.wp.com\/www.presstourism.ch\/WP_ALEX\/wp-content\/uploads\/2013\/11\/IMG_8632.jpg\"><img loading=\"lazy\" class=\"size-medium wp-image-573 aligncenter\" src=\"https:\/\/i2.wp.com\/www.presstourism.ch\/WP_ALEX\/wp-content\/uploads\/2013\/11\/IMG_8632-300x200.jpg?resize=300%2C200\" alt=\"IMG_8632\" width=\"300\" height=\"200\" srcset=\"https:\/\/i2.wp.com\/www.presstourism.ch\/wp-content\/uploads\/2013\/11\/IMG_8632.jpg?resize=300%2C200 300w, https:\/\/i2.wp.com\/www.presstourism.ch\/wp-content\/uploads\/2013\/11\/IMG_8632.jpg?w=600 600w\" sizes=\"(max-width: 300px) 100vw, 300px\" data-recalc-dims=\"1\" \/><\/a><\/p>\n<p><strong><a title=\"Lien permanent vers Sicile, de baroque en Etna\" href=\"http:\/\/www.jepars.ch\/magazine\/?p=853\" rel=\"bookmark\">Sicile, de baroque en Etna <\/a><\/strong><\/p>\n<p>Angel Carreras \/ G\u00e9rard Blanc<\/p>\n<p>Il est fr\u00e9quent qu\u2019une premi\u00e8re visite en Sicile soit consacr\u00e9e aux \u00abclassiques\u00bb, \u00e0 savoir Segeste, Selinunte et Agrigente. Mais on retourne en Sicile comme on retournerait dans les autres pays qui, dans le bassin m\u00e9diterran\u00e9en, ont aussi une vocation culturelle, comme la Gr\u00e8ce ou l\u2019Egypte. Une seconde approche pourrait, par exemple \u00eatre consacr\u00e9e \u00e0 la pointe extr\u00eame sud-est du triangle que forme cette \u00eele, cette r\u00e9gion qu\u2019on appelle la \u00abRiviera des cyclopes\u00bb, r\u00e9f\u00e9rence faite aux voyages d\u2019Ulysse. C\u2019est l\u00e0 o\u00f9 le capricieux volcan de l\u2019Etna conna\u00eet des \u00e9ruptions grandioses, mais c\u2019est aussi l\u00e0 o\u00f9 la culture est au rendez-vous.<\/p>\n<p><a href=\"https:\/\/i1.wp.com\/www.presstourism.ch\/WP_ALEX\/wp-content\/uploads\/2013\/11\/Ragusa-sic_0057+-455x296.jpg\"><img loading=\"lazy\" class=\"size-medium wp-image-303 aligncenter\" src=\"https:\/\/i1.wp.com\/www.presstourism.ch\/WP_ALEX\/wp-content\/uploads\/2013\/11\/Ragusa-sic_0057+-455x296-300x195.jpg?resize=300%2C195\" alt=\"Ragusa-sic_0057+-455x296\" width=\"300\" height=\"195\" srcset=\"https:\/\/i1.wp.com\/www.presstourism.ch\/wp-content\/uploads\/2013\/11\/Ragusa-sic_0057+-455x296.jpg?resize=300%2C195 300w, https:\/\/i1.wp.com\/www.presstourism.ch\/wp-content\/uploads\/2013\/11\/Ragusa-sic_0057+-455x296.jpg?resize=455%2C296 455w\" sizes=\"(max-width: 300px) 100vw, 300px\" data-recalc-dims=\"1\" \/><\/a><\/p>\n<p><strong><a title=\"Lien permanent vers Florence le rendez-vous des artistes\" href=\"http:\/\/www.jepars.ch\/magazine\/?p=6220\" rel=\"bookmark\">Florence le rendez-vous des artistes <\/a><\/strong><\/p>\n<p>Erika Blanc<\/p>\n<p>Florence est l\u2019une des villes au monde qui poss\u00e8de le plus de mus\u00e9es; et on peut aussi lui donner le nom de \u00abville-mus\u00e9e\u00bb par excellence. De toutes les grandes cit\u00e9s italiennes, c\u2019est celle qui additionne le plus de splendeurs picturales et architecturales.<\/p>\n<p style=\"text-align: center;\"><a title=\"Florence le rendez-vous des artistes\" href=\"http:\/\/www.jepars.ch\/magazine\/?p=6220\"><img loading=\"lazy\" title=\"Florence le rendez-vous des artistes\" src=\"https:\/\/i2.wp.com\/www.jepars.ch\/magazine\/wp-content\/uploads\/2012\/02\/IMG_1006-455x303.jpg?resize=455%2C303\" alt=\"\" width=\"455\" height=\"303\"  data-recalc-dims=\"1\"><\/a><\/p>\n<p><strong><a title=\"Lien permanent vers Sardaigne \u2013 De la Gallura \u00e0 Sassari\" href=\"http:\/\/www.jepars.ch\/magazine\/?p=8900\" rel=\"bookmark\"> Sardaigne \u2013 De la Gallura \u00e0 Sassari <\/a><\/strong><\/p>\n<p>G\u00e9rard Blanc<\/p>\n<p>Le nord de la Sardaigne est un choix de roi, car il r\u00e9unit la plupart des \u00e9l\u00e9ments qui peut motiver un visiteur \u00e0 le pr\u00e9f\u00e9rer \u00e0 d\u2019autres destinations m\u00e9diterran\u00e9ennes, \u00e0 savoir la culture avec ses sites arch\u00e9ologiques, ses coutumes, son authenticit\u00e9 bien pr\u00e9serv\u00e9e, son climat, ses paysages et surtout sa douceur de vivre avec des vins typ\u00e9s et une cuisine de terroir.<\/p>\n<p><img loading=\"lazy\" class=\"aligncenter\" title=\"Sardaigne\" src=\"https:\/\/i1.wp.com\/www.jepars.ch\/magazine\/wp-content\/uploads\/2013\/06\/MG_6594-455x303.jpg?resize=455%2C303\" alt=\"Sardaigne\" width=\"455\" height=\"303\"  data-recalc-dims=\"1\"><\/p>\n<p style=\"text-align: left;\"><strong><a href=\"http:\/\/sb4-1.infomaniak.ch\/sites\/c4\/c493c95f91125629724acfd1fee9774f\/attachments\/File\/MartignoliItalie_-_Toscane.pdf\">Chemins de Toscane \/ Marguerite Martinoli<\/a><\/strong><\/p>\n","protected":false},"excerpt":{"rendered":"<p>La Sardaigne : d\u2019Alghero \u00e0 Castelsardo Erika Bodmer et G\u00e9rard Blanc De toutes les villes de la r\u00e9gion, Alghero est vraisemblablement la plus pittoresque par sa promenade de front de mer donnant sur le port de p\u00eache de Porto Darsena, &hellip; <a href=\"http:\/\/www.presstourism.ch\/?page_id=302\">Continuer la lecture <span class=\"meta-nav\">&rarr;<\/span><\/a><\/p>\n","protected":false},"author":1,"featured_media":0,"parent":2161,"menu_order":0,"comment_status":"open","ping_status":"open","template":"","meta":{"ngg_post_thumbnail":0,"spay_email":""},"jetpack_sharing_enabled":true,"jetpack_shortlink":"https:\/\/wp.me\/P468TV-4S","_links":{"self":[{"href":"http:\/\/www.presstourism.ch\/index.php?rest_route=\/wp\/v2\/pages\/302"}],"collection":[{"href":"http:\/\/www.presstourism.ch\/index.php?rest_route=\/wp\/v2\/pages"}],"about":[{"href":"http:\/\/www.presstourism.ch\/index.php?rest_route=\/wp\/v2\/types\/page"}],"author":[{"embeddable":true,"href":"http:\/\/www.presstourism.ch\/index.php?rest_route=\/wp\/v2\/users\/1"}],"replies":[{"embeddable":true,"href":"http:\/\/www.presstourism.ch\/index.php?rest_route=%2Fwp%2Fv2%2Fcomments&post=302"}],"version-history":[{"count":8,"href":"http:\/\/www.presstourism.ch\/index.php?rest_route=\/wp\/v2\/pages\/302\/revisions"}],"predecessor-version":[{"id":8400,"href":"http:\/\/www.presstourism.ch\/index.php?rest_route=\/wp\/v2\/pages\/302\/revisions\/8400"}],"up":[{"embeddable":true,"href":"http:\/\/www.presstourism.ch\/index.php?rest_route=\/wp\/v2\/pages\/2161"}],"wp:attachment":[{"href":"http:\/\/www.presstourism.ch\/index.php?rest_route=%2Fwp%2Fv2%2Fmedia&parent=302"}],"curies":[{"name":"wp","href":"https:\/\/api.w.org\/{rel}","templated":true}]}}