{"id":300,"date":"2013-11-16T12:03:43","date_gmt":"2013-11-16T11:03:43","guid":{"rendered":"http:\/\/www.presstourism.ch\/WP_ALEX\/?page_id=300"},"modified":"2016-03-03T16:34:45","modified_gmt":"2016-03-03T15:34:45","slug":"inde","status":"publish","type":"page","link":"http:\/\/www.presstourism.ch\/?page_id=300","title":{"rendered":"Inde"},"content":{"rendered":"<h2 class=\"art-postheader\"><strong><a title=\"Lien permanent vers Mille et une ferveurs en Inde\" href=\"http:\/\/www.jepars.ch\/magazine\/?p=1164\" rel=\"bookmark\"> Mille et une ferveurs en Inde <\/a><\/strong><\/h2>\n<div class=\"art-postheadericons art-metadata-icons\">Erika Bodmer<\/div>\n<div class=\"art-postcontent\">\n<p><a href=\"https:\/\/i1.wp.com\/www.jepars.ch\/magazine\/wp-content\/uploads\/2015\/05\/Echo_Inde18.jpg\"><img loading=\"lazy\" class=\"wp-image-12128\" src=\"https:\/\/i1.wp.com\/www.jepars.ch\/magazine\/wp-content\/uploads\/2015\/05\/Echo_Inde18-455x299.jpg?resize=455%2C299\" alt=\"Varanasi\" width=\"455\" height=\"299\" data-recalc-dims=\"1\" \/><\/a><\/p>\n<p>Dans le sous-continent indien, la religion joue un r\u00f4le primordial dans la vie quotidienne. Elle est visible \u00e0 la fois dans l\u2019architecture, la sculpture, la danse et la peinture. Agra est le symbole de la tol\u00e9rance religieuse; Khajur\u00e2ho v\u00e9n\u00e8re l\u2019amour; V\u00e2r\u00e2nas\u00ee (B\u00e9nar\u00e8s) est le culte de la fin de vie et du Gange; Bhubaneshwar c\u00e9l\u00e8bre le soleil et la porte du Nirvana.<\/p>\n<\/div>\n<p><strong><a title=\"Lien permanent vers Le peuple de Mumbai\" href=\"http:\/\/www.jepars.ch\/magazine\/?p=922\" rel=\"bookmark\">Le peuple de Mumbai <\/a><\/strong><\/p>\n<p>Avec ses 19 millions d\u2019habitants, Mumbai, la capitale des affaires de l\u2019Inde, d\u00e9passe de deux millions la population de la capitale administrative New Delhi. Une fourmili\u00e8re d\u2019\u00eatres humains, et, comme telle, tr\u00e8s organis\u00e9e.<\/p>\n<p><strong><a title=\"Le peuple de Mumbai\" href=\"http:\/\/www.jepars.ch\/magazine\/?p=922\"><img loading=\"lazy\" class=\"aligncenter\" title=\"Le peuple de Mumbai\" src=\"https:\/\/i2.wp.com\/www.jepars.ch\/magazine\/wp-content\/uploads\/2009\/11\/Mumbai0345+cor-455x347.jpg?resize=455%2C347\" alt=\"\" width=\"455\" height=\"347\" data-recalc-dims=\"1\" \/><\/a><\/strong><\/p>\n<p><strong><a title=\"Lien permanent vers Le Maharajas\u2019 Express : Sur les rails des seigneurs\" href=\"http:\/\/www.jepars.ch\/magazine\/?p=8989\" rel=\"bookmark\"> Le Maharajas\u2019 Express : Sur les rails des seigneurs <\/a><\/strong><\/p>\n<p>Erika Blanc<\/p>\n<p>Combien de fois n\u2019a-t-on pas r\u00eav\u00e9 d\u2019embarquer \u00e0 bord d\u2019un de ces trains de luxe nostalgiques avec toute l\u2019\u00e9vocation d\u2019une client\u00e8le hupp\u00e9e et privil\u00e9gi\u00e9e en toilette des Ann\u00e9es folles? Mais apr\u00e8s tout, n\u2019est-ce pas seulement une mise en bouche publicitaire? Qu\u2019en est-il en r\u00e9alit\u00e9? Pour l\u2019avoir exp\u00e9riment\u00e9, je peux vous dire que la r\u00e9alit\u00e9 du Maharajas\u2019 Express correspond \u00e0 l\u2019attente.<\/p>\n<p style=\"text-align: center;\"><a title=\"Le Maharajas\u2019 Express : Sur les rails des seigneurs\" href=\"http:\/\/www.jepars.ch\/magazine\/?p=8989\"><img loading=\"lazy\" title=\"Le Maharajas\u2019 Express : Sur les rails des seigneurs\" src=\"https:\/\/i0.wp.com\/www.jepars.ch\/magazine\/wp-content\/uploads\/2013\/06\/maharadjah_express_08-455x303.jpg?resize=455%2C303\" alt=\"\" width=\"455\" height=\"303\" data-recalc-dims=\"1\" \/><\/a><\/p>\n<p><strong><a title=\"Lien permanent vers La f\u00e9erie des monarques de l\u2019Inde\" href=\"http:\/\/www.jepars.ch\/magazine\/?p=8430\" rel=\"bookmark\"> La f\u00e9erie des monarques de l\u2019Inde <\/a><\/strong><\/p>\n<p>G\u00e9rard Blanc \/ Erika Bodmer<\/p>\n<p>Il suffit d\u2019entendre prononcer le mot de Rajasthan pour que la f\u00e9erie de l\u2019\u00e9poque dor\u00e9e o\u00f9 les princes de terres du nord-ouest de l\u2019Inde vivaient dans le faste des cours ou scintillaient les diamants et o\u00f9 la chasse au tigre \u00e9tait une distraction courante nous fasse r\u00eaver.<\/p>\n<p><img loading=\"lazy\" class=\"aligncenter\" title=\"Pushkar\" src=\"https:\/\/i1.wp.com\/www.jepars.ch\/magazine\/wp-content\/uploads\/2013\/02\/pushkar__MG_5066-455x303.jpg?resize=455%2C303\" alt=\"Pushkar\" width=\"455\" height=\"303\" data-recalc-dims=\"1\" \/><\/p>\n<p>&nbsp;<\/p>\n<p><strong><a href=\"http:\/\/sb4-1.infomaniak.ch\/sites\/c4\/c493c95f91125629724acfd1fee9774f\/attachments\/File\/MartignoliInde.pdf\">Kartik Purnima \/ Marguerite Martinoli<\/a><\/strong><\/p>\n<p>&nbsp;<\/p>\n<p><a href=\"http:\/\/www.presstourism.ch\/attachments\/File\/BRISSOTREG473-PP40-41Guyane.pdf\"><br \/>\n<\/a><\/p>\n","protected":false},"excerpt":{"rendered":"<p>Mille et une ferveurs en Inde Erika Bodmer Dans le sous-continent indien, la religion joue un r\u00f4le primordial dans la vie quotidienne. Elle est visible \u00e0 la fois dans l\u2019architecture, la sculpture, la danse et la peinture. Agra est le &hellip; <a href=\"http:\/\/www.presstourism.ch\/?page_id=300\">Continuer la lecture <span class=\"meta-nav\">&rarr;<\/span><\/a><\/p>\n","protected":false},"author":1,"featured_media":0,"parent":2222,"menu_order":0,"comment_status":"open","ping_status":"open","template":"","meta":{"ngg_post_thumbnail":0,"spay_email":""},"jetpack_sharing_enabled":true,"jetpack_shortlink":"https:\/\/wp.me\/P468TV-4Q","_links":{"self":[{"href":"http:\/\/www.presstourism.ch\/index.php?rest_route=\/wp\/v2\/pages\/300"}],"collection":[{"href":"http:\/\/www.presstourism.ch\/index.php?rest_route=\/wp\/v2\/pages"}],"about":[{"href":"http:\/\/www.presstourism.ch\/index.php?rest_route=\/wp\/v2\/types\/page"}],"author":[{"embeddable":true,"href":"http:\/\/www.presstourism.ch\/index.php?rest_route=\/wp\/v2\/users\/1"}],"replies":[{"embeddable":true,"href":"http:\/\/www.presstourism.ch\/index.php?rest_route=%2Fwp%2Fv2%2Fcomments&post=300"}],"version-history":[{"count":7,"href":"http:\/\/www.presstourism.ch\/index.php?rest_route=\/wp\/v2\/pages\/300\/revisions"}],"predecessor-version":[{"id":2238,"href":"http:\/\/www.presstourism.ch\/index.php?rest_route=\/wp\/v2\/pages\/300\/revisions\/2238"}],"up":[{"embeddable":true,"href":"http:\/\/www.presstourism.ch\/index.php?rest_route=\/wp\/v2\/pages\/2222"}],"wp:attachment":[{"href":"http:\/\/www.presstourism.ch\/index.php?rest_route=%2Fwp%2Fv2%2Fmedia&parent=300"}],"curies":[{"name":"wp","href":"https:\/\/api.w.org\/{rel}","templated":true}]}}