{"id":2955,"date":"2016-09-01T15:16:17","date_gmt":"2016-09-01T14:16:17","guid":{"rendered":"http:\/\/www.presstourism.ch\/WP_ALEX\/?page_id=2955"},"modified":"2016-09-01T15:16:17","modified_gmt":"2016-09-01T14:16:17","slug":"du-conifer-jusquau-chateau-de-joux","status":"publish","type":"page","link":"http:\/\/www.presstourism.ch\/?page_id=2955","title":{"rendered":"Du Coni&rsquo;fer jusqu&rsquo;au ch\u00e2teau de Joux"},"content":{"rendered":"<div id=\"attachment_2956\" style=\"width: 650px\" class=\"wp-caption aligncenter\"><a href=\"https:\/\/i2.wp.com\/www.presstourism.ch\/WP_ALEX\/wp-content\/uploads\/2016\/09\/1ConiferLocomotive.jpeg\"><img aria-describedby=\"caption-attachment-2956\" loading=\"lazy\" class=\"wp-image-2956 size-large\" src=\"https:\/\/i0.wp.com\/www.presstourism.ch\/WP_ALEX\/wp-content\/uploads\/2016\/09\/1ConiferLocomotive-1024x683.jpeg?resize=584%2C390\" alt=\"1ConiferLocomotive\" width=\"584\" height=\"390\" srcset=\"https:\/\/i0.wp.com\/www.presstourism.ch\/wp-content\/uploads\/2016\/09\/1ConiferLocomotive.jpeg?resize=1024%2C683 1024w, https:\/\/i0.wp.com\/www.presstourism.ch\/wp-content\/uploads\/2016\/09\/1ConiferLocomotive.jpeg?resize=300%2C200 300w, https:\/\/i0.wp.com\/www.presstourism.ch\/wp-content\/uploads\/2016\/09\/1ConiferLocomotive.jpeg?resize=768%2C512 768w, https:\/\/i0.wp.com\/www.presstourism.ch\/wp-content\/uploads\/2016\/09\/1ConiferLocomotive.jpeg?resize=600%2C400 600w, https:\/\/i0.wp.com\/www.presstourism.ch\/wp-content\/uploads\/2016\/09\/1ConiferLocomotive.jpeg?w=1280 1280w, https:\/\/i0.wp.com\/www.presstourism.ch\/wp-content\/uploads\/2016\/09\/1ConiferLocomotive.jpeg?w=1168 1168w\" sizes=\"(max-width: 584px) 100vw, 584px\" data-recalc-dims=\"1\" \/><\/a><p id=\"caption-attachment-2956\" class=\"wp-caption-text\">Le m\u00e9canicien Kurt Rebmann porte une attention particuli\u00e8re \u00e0 la locomotive \u00e0 vapeur suisse Tigerli, qui date de 1915.<\/p><\/div>\n<p>FRANCE VOISINE &#8211; Le petit train touristique s&rsquo;\u00e9lance aux H\u00f4pitaux-Neuf pour rejoindre Fontaine Ronde, pas loin de Pontarlier. Un jour, il ira de nouveau \u00e0 Vallorbe. Quant au ch\u00e2teau de Joux, il fait revivre des histoires passionnantes.<\/p>\n<div id=\"attachment_2959\" style=\"width: 650px\" class=\"wp-caption aligncenter\"><a href=\"https:\/\/i2.wp.com\/www.presstourism.ch\/WP_ALEX\/wp-content\/uploads\/2016\/09\/6ConiferChJouxBalade.jpeg\"><img aria-describedby=\"caption-attachment-2959\" loading=\"lazy\" class=\"wp-image-2959 size-large\" src=\"https:\/\/i0.wp.com\/www.presstourism.ch\/WP_ALEX\/wp-content\/uploads\/2016\/09\/6ConiferChJouxBalade-683x1024.jpeg?resize=584%2C876\" alt=\"6ConiferChJouxBalade\" width=\"584\" height=\"876\" srcset=\"https:\/\/i0.wp.com\/www.presstourism.ch\/wp-content\/uploads\/2016\/09\/6ConiferChJouxBalade.jpeg?resize=683%2C1024 683w, https:\/\/i0.wp.com\/www.presstourism.ch\/wp-content\/uploads\/2016\/09\/6ConiferChJouxBalade.jpeg?resize=200%2C300 200w, https:\/\/i0.wp.com\/www.presstourism.ch\/wp-content\/uploads\/2016\/09\/6ConiferChJouxBalade.jpeg?resize=768%2C1151 768w, https:\/\/i0.wp.com\/www.presstourism.ch\/wp-content\/uploads\/2016\/09\/6ConiferChJouxBalade.jpeg?resize=600%2C899 600w, https:\/\/i0.wp.com\/www.presstourism.ch\/wp-content\/uploads\/2016\/09\/6ConiferChJouxBalade.jpeg?w=854 854w\" sizes=\"(max-width: 584px) 100vw, 584px\" data-recalc-dims=\"1\" \/><\/a><p id=\"caption-attachment-2959\" class=\"wp-caption-text\">Le contr\u00f4leur du Coni&rsquo;fer est aussi d&rsquo;\u00e9poque&#8230;<\/p><\/div>\n<p>Louis Poix, surnomm\u00e9 Loulou, esp\u00e8re bien que le Coni&rsquo;fer pourra passer d&rsquo;ici \u00e0 5 ans sous l&rsquo;\u00e9peron rocheux du ch\u00e2teau de Joux. Pr\u00e9sident de la soci\u00e9t\u00e9 franco-suisse qui s&rsquo;occupe de cette ligne et de l&rsquo;Association des chemins de fer touristiques de France, il est \u00e0 l&rsquo;origine de la naissance de ce petit train, qui offre une balade insolite et r\u00e9tro sur l&rsquo;ancienne voie ferr\u00e9e Pontarlier-Vallorbe, \u00e0 travers les p\u00e2turages et les for\u00eats du Haut-Doubs.<\/p>\n<div id=\"attachment_2958\" style=\"width: 650px\" class=\"wp-caption aligncenter\"><a href=\"https:\/\/i0.wp.com\/www.presstourism.ch\/WP_ALEX\/wp-content\/uploads\/2016\/09\/2ConiferLocoPassagers.jpeg\"><img aria-describedby=\"caption-attachment-2958\" loading=\"lazy\" class=\"wp-image-2958 size-large\" src=\"https:\/\/i2.wp.com\/www.presstourism.ch\/WP_ALEX\/wp-content\/uploads\/2016\/09\/2ConiferLocoPassagers-1024x683.jpeg?resize=584%2C390\" alt=\"2ConiferLocoPassagers\" width=\"584\" height=\"390\" srcset=\"https:\/\/i2.wp.com\/www.presstourism.ch\/wp-content\/uploads\/2016\/09\/2ConiferLocoPassagers.jpeg?resize=1024%2C683 1024w, https:\/\/i2.wp.com\/www.presstourism.ch\/wp-content\/uploads\/2016\/09\/2ConiferLocoPassagers.jpeg?resize=300%2C200 300w, https:\/\/i2.wp.com\/www.presstourism.ch\/wp-content\/uploads\/2016\/09\/2ConiferLocoPassagers.jpeg?resize=768%2C512 768w, https:\/\/i2.wp.com\/www.presstourism.ch\/wp-content\/uploads\/2016\/09\/2ConiferLocoPassagers.jpeg?resize=600%2C400 600w, https:\/\/i2.wp.com\/www.presstourism.ch\/wp-content\/uploads\/2016\/09\/2ConiferLocoPassagers.jpeg?w=1280 1280w, https:\/\/i2.wp.com\/www.presstourism.ch\/wp-content\/uploads\/2016\/09\/2ConiferLocoPassagers.jpeg?w=1168 1168w\" sizes=\"(max-width: 584px) 100vw, 584px\" data-recalc-dims=\"1\" \/><\/a><p id=\"caption-attachment-2958\" class=\"wp-caption-text\">Des passagers devant la locomotive surnomm\u00e9e aussi \u00ab\u00a0Sa Majest\u00e9\u00a0\u00bb.<\/p><\/div>\n<p>Le Coni&rsquo;fer a vu le jour en 1993 et il circule depuis, \u00e9tape apr\u00e8s \u00e9tape de reconstruction de la voie, sur une distance de 8,5\u00a0km entre les H\u00f4pitaux-Neufs et Fontaine Ronde. Il reste un petit bout \u00e0 r\u00e9habiliter jusqu&rsquo;\u00e0 Pontarlier, la capitale du Haut-Doubs, en passant justement sous le ch\u00e2teau de Joux. Et de l&rsquo;autre c\u00f4t\u00e9 jusqu&rsquo;\u00e0 Vallorbe, en empruntant le \u00ab\u00a0Tunnel de Sous-Jougne\u00a0\u00bb, puis en descendant par les Tavins, o\u00f9 on peut suivre l&rsquo;ancien trac\u00e9 \u00e0 pieds. C&rsquo;est donc une v\u00e9ritable aventure r\u00e9gionale que ce petit train, dont les responsables organisent chaque ann\u00e9e moult animations, comme on a pu s&rsquo;en rendre compte ce dernier week-end avec, entre autres, le travail d&rsquo;un chercheur d&rsquo;or pr\u00e8s de Fontaine Ronde, qui nous a fait partager sa passion.<\/p>\n<div id=\"attachment_2963\" style=\"width: 650px\" class=\"wp-caption aligncenter\"><a href=\"https:\/\/i1.wp.com\/www.presstourism.ch\/WP_ALEX\/wp-content\/uploads\/2016\/09\/3ConiferArpailleur.jpeg\"><img aria-describedby=\"caption-attachment-2963\" loading=\"lazy\" class=\"wp-image-2963 size-large\" src=\"https:\/\/i1.wp.com\/www.presstourism.ch\/WP_ALEX\/wp-content\/uploads\/2016\/09\/3ConiferArpailleur-1024x683.jpeg?resize=584%2C390\" alt=\"3ConiferArpailleur\" width=\"584\" height=\"390\" srcset=\"https:\/\/i2.wp.com\/www.presstourism.ch\/wp-content\/uploads\/2016\/09\/3ConiferArpailleur.jpeg?resize=1024%2C683 1024w, https:\/\/i2.wp.com\/www.presstourism.ch\/wp-content\/uploads\/2016\/09\/3ConiferArpailleur.jpeg?resize=300%2C200 300w, https:\/\/i2.wp.com\/www.presstourism.ch\/wp-content\/uploads\/2016\/09\/3ConiferArpailleur.jpeg?resize=768%2C512 768w, https:\/\/i2.wp.com\/www.presstourism.ch\/wp-content\/uploads\/2016\/09\/3ConiferArpailleur.jpeg?resize=600%2C400 600w, https:\/\/i2.wp.com\/www.presstourism.ch\/wp-content\/uploads\/2016\/09\/3ConiferArpailleur.jpeg?w=1280 1280w, https:\/\/i2.wp.com\/www.presstourism.ch\/wp-content\/uploads\/2016\/09\/3ConiferArpailleur.jpeg?w=1168 1168w\" sizes=\"(max-width: 584px) 100vw, 584px\" data-recalc-dims=\"1\" \/><\/a><p id=\"caption-attachment-2963\" class=\"wp-caption-text\">L&rsquo;orpailleur Jacques Daval fait partager sa passion pas loin de Fontaine Ronde.<\/p><\/div>\n<p>La visite du ch\u00e2teau de Joux, fortifi\u00e9 par Vauban et qu&rsquo;on rejoint rapidement \u00e0 La Cluse-et-Mijoux, est aussi captivante. Des personnages c\u00e9l\u00e8bres ont laiss\u00e9 la trace de leur captivit\u00e9, de Mirabeau, jeune aristocrate d\u00e9voy\u00e9, \u00e0 Toussaint Louverture, p\u00e8re de l&rsquo;ind\u00e9pendance d&rsquo;Ha\u00efti, en passant par Von Kleist, po\u00e8te dramaturge et officier prussien accus\u00e9 d&rsquo;espionnage.<\/p>\n<div id=\"attachment_2957\" style=\"width: 650px\" class=\"wp-caption aligncenter\"><a href=\"https:\/\/i2.wp.com\/www.presstourism.ch\/WP_ALEX\/wp-content\/uploads\/2016\/09\/7Cha\u0302teauJouxEperon.jpeg\"><img aria-describedby=\"caption-attachment-2957\" loading=\"lazy\" class=\"wp-image-2957 size-large\" src=\"https:\/\/i2.wp.com\/www.presstourism.ch\/WP_ALEX\/wp-content\/uploads\/2016\/09\/7Cha\u0302teauJouxEperon-1024x683.jpeg?resize=584%2C390\" alt=\"7Cha\u0302teauJouxEperon\" width=\"584\" height=\"390\" srcset=\"https:\/\/i0.wp.com\/www.presstourism.ch\/wp-content\/uploads\/2016\/09\/7Cha\u0302teauJouxEperon.jpeg?resize=1024%2C683 1024w, https:\/\/i0.wp.com\/www.presstourism.ch\/wp-content\/uploads\/2016\/09\/7Cha\u0302teauJouxEperon.jpeg?resize=300%2C200 300w, https:\/\/i0.wp.com\/www.presstourism.ch\/wp-content\/uploads\/2016\/09\/7Cha\u0302teauJouxEperon.jpeg?resize=768%2C512 768w, https:\/\/i0.wp.com\/www.presstourism.ch\/wp-content\/uploads\/2016\/09\/7Cha\u0302teauJouxEperon.jpeg?resize=600%2C400 600w, https:\/\/i0.wp.com\/www.presstourism.ch\/wp-content\/uploads\/2016\/09\/7Cha\u0302teauJouxEperon.jpeg?w=1280 1280w, https:\/\/i0.wp.com\/www.presstourism.ch\/wp-content\/uploads\/2016\/09\/7Cha\u0302teauJouxEperon.jpeg?w=1168 1168w\" sizes=\"(max-width: 584px) 100vw, 584px\" data-recalc-dims=\"1\" \/><\/a><p id=\"caption-attachment-2957\" class=\"wp-caption-text\">Le ch\u00e2teau de Joux domine toute la r\u00e9gion sur son \u00e9peron rocheux.<\/p><\/div>\n<div id=\"attachment_2962\" style=\"width: 650px\" class=\"wp-caption aligncenter\"><a href=\"https:\/\/i2.wp.com\/www.presstourism.ch\/WP_ALEX\/wp-content\/uploads\/2016\/09\/9Cha\u0302teauJouxLaventure.jpeg\"><img aria-describedby=\"caption-attachment-2962\" loading=\"lazy\" class=\"wp-image-2962 size-large\" src=\"https:\/\/i0.wp.com\/www.presstourism.ch\/WP_ALEX\/wp-content\/uploads\/2016\/09\/9Cha\u0302teauJouxLaventure-1024x683.jpeg?resize=584%2C390\" alt=\"9Cha\u0302teauJouxLaventure\" width=\"584\" height=\"390\" srcset=\"https:\/\/i1.wp.com\/www.presstourism.ch\/wp-content\/uploads\/2016\/09\/9Cha\u0302teauJouxLaventure.jpeg?resize=1024%2C683 1024w, https:\/\/i1.wp.com\/www.presstourism.ch\/wp-content\/uploads\/2016\/09\/9Cha\u0302teauJouxLaventure.jpeg?resize=300%2C200 300w, https:\/\/i1.wp.com\/www.presstourism.ch\/wp-content\/uploads\/2016\/09\/9Cha\u0302teauJouxLaventure.jpeg?resize=768%2C512 768w, https:\/\/i1.wp.com\/www.presstourism.ch\/wp-content\/uploads\/2016\/09\/9Cha\u0302teauJouxLaventure.jpeg?resize=600%2C400 600w, https:\/\/i1.wp.com\/www.presstourism.ch\/wp-content\/uploads\/2016\/09\/9Cha\u0302teauJouxLaventure.jpeg?w=1280 1280w, https:\/\/i1.wp.com\/www.presstourism.ch\/wp-content\/uploads\/2016\/09\/9Cha\u0302teauJouxLaventure.jpeg?w=1168 1168w\" sizes=\"(max-width: 584px) 100vw, 584px\" data-recalc-dims=\"1\" \/><\/a><p id=\"caption-attachment-2962\" class=\"wp-caption-text\">La cellule de Toussait Louverture, p\u00e8re de l&rsquo;ind\u00e9pendance d&rsquo;Ha\u00efti, d\u00e9c\u00e9d\u00e9 au ch\u00e2teau.<\/p><\/div>\n<p>On peut faire le petit train et le ch\u00e2teau en une journ\u00e9e, m\u00eame avec une petite \u00e9tape au lac Saint-Point (direction Oye-et-Pallet depuis le ch\u00e2teau), si le beau temps est au rendez-vous.<\/p>\n<p><strong>Texte et photos: Roger Juillerat<\/strong><\/p>\n<div id=\"attachment_2960\" style=\"width: 650px\" class=\"wp-caption aligncenter\"><a href=\"https:\/\/i1.wp.com\/www.presstourism.ch\/WP_ALEX\/wp-content\/uploads\/2016\/09\/4ConiferWagons.jpeg\"><img aria-describedby=\"caption-attachment-2960\" loading=\"lazy\" class=\"wp-image-2960 size-large\" src=\"https:\/\/i2.wp.com\/www.presstourism.ch\/WP_ALEX\/wp-content\/uploads\/2016\/09\/4ConiferWagons-1024x683.jpeg?resize=584%2C390\" alt=\"4ConiferWagons\" width=\"584\" height=\"390\" srcset=\"https:\/\/i2.wp.com\/www.presstourism.ch\/wp-content\/uploads\/2016\/09\/4ConiferWagons.jpeg?resize=1024%2C683 1024w, https:\/\/i2.wp.com\/www.presstourism.ch\/wp-content\/uploads\/2016\/09\/4ConiferWagons.jpeg?resize=300%2C200 300w, https:\/\/i2.wp.com\/www.presstourism.ch\/wp-content\/uploads\/2016\/09\/4ConiferWagons.jpeg?resize=768%2C512 768w, https:\/\/i2.wp.com\/www.presstourism.ch\/wp-content\/uploads\/2016\/09\/4ConiferWagons.jpeg?resize=600%2C400 600w, https:\/\/i2.wp.com\/www.presstourism.ch\/wp-content\/uploads\/2016\/09\/4ConiferWagons.jpeg?w=1280 1280w, https:\/\/i2.wp.com\/www.presstourism.ch\/wp-content\/uploads\/2016\/09\/4ConiferWagons.jpeg?w=1168 1168w\" sizes=\"(max-width: 584px) 100vw, 584px\" data-recalc-dims=\"1\" \/><\/a><p id=\"caption-attachment-2960\" class=\"wp-caption-text\">Le Vallorbe, un des wagons o\u00f9 prennent place les passagers.<\/p><\/div>\n<hr \/>\n<p style=\"text-align: center;\"><strong>Infos pratiques<\/strong><\/p>\n<p><strong>Y aller:<\/strong> prendre la direction de Vallorbe et la France jusqu&rsquo;au H\u00f4pitaux-Neufs pour rejoindre la gare du petit train touristique le Coni&rsquo;fer. Le ch\u00e2teau est quant \u00e0 lui sur la route de Pontarlier.<\/p>\n<div id=\"attachment_2961\" style=\"width: 650px\" class=\"wp-caption aligncenter\"><a href=\"https:\/\/i0.wp.com\/www.presstourism.ch\/WP_ALEX\/wp-content\/uploads\/2016\/09\/8Cha\u0302teauJouxVauban.jpeg\"><img aria-describedby=\"caption-attachment-2961\" loading=\"lazy\" class=\"wp-image-2961 size-large\" src=\"https:\/\/i1.wp.com\/www.presstourism.ch\/WP_ALEX\/wp-content\/uploads\/2016\/09\/8Cha\u0302teauJouxVauban-1024x683.jpeg?resize=584%2C390\" alt=\"8Cha\u0302teauJouxVauban\" width=\"584\" height=\"390\" srcset=\"https:\/\/i0.wp.com\/www.presstourism.ch\/wp-content\/uploads\/2016\/09\/8Cha\u0302teauJouxVauban.jpeg?resize=1024%2C683 1024w, https:\/\/i0.wp.com\/www.presstourism.ch\/wp-content\/uploads\/2016\/09\/8Cha\u0302teauJouxVauban.jpeg?resize=300%2C200 300w, https:\/\/i0.wp.com\/www.presstourism.ch\/wp-content\/uploads\/2016\/09\/8Cha\u0302teauJouxVauban.jpeg?resize=768%2C512 768w, https:\/\/i0.wp.com\/www.presstourism.ch\/wp-content\/uploads\/2016\/09\/8Cha\u0302teauJouxVauban.jpeg?resize=600%2C400 600w, https:\/\/i0.wp.com\/www.presstourism.ch\/wp-content\/uploads\/2016\/09\/8Cha\u0302teauJouxVauban.jpeg?w=1280 1280w, https:\/\/i0.wp.com\/www.presstourism.ch\/wp-content\/uploads\/2016\/09\/8Cha\u0302teauJouxVauban.jpeg?w=1168 1168w\" sizes=\"(max-width: 584px) 100vw, 584px\" data-recalc-dims=\"1\" \/><\/a><p id=\"caption-attachment-2961\" class=\"wp-caption-text\">La petite statue en bronze de Vauban devant le ch\u00e2teau de Joux qu&rsquo;il a fortifi\u00e9.<\/p><\/div>\n<p><strong>Couverts:<\/strong> la bonne cuisine du terroir au restaurant de la Pinte Comtoise, \u00e0 Pontarlier, <a href=\"http:\/\/www.lapintecomtoise.fr\">www.lapintecomtoise.fr<\/a>, ainsi que les produits comtois \u00e0 la charcuterie Decreuse, la Cluse-et-Mijoux, sous le ch\u00e2teau de Joux, <a href=\"http:\/\/www.decreuse.com\">www.decreuse.com<\/a> .<\/p>\n<div id=\"attachment_2964\" style=\"width: 650px\" class=\"wp-caption aligncenter\"><a href=\"https:\/\/i0.wp.com\/www.presstourism.ch\/WP_ALEX\/wp-content\/uploads\/2016\/09\/5ConiferChJouxBalade.jpeg\"><img aria-describedby=\"caption-attachment-2964\" loading=\"lazy\" class=\"wp-image-2964 size-large\" src=\"https:\/\/i2.wp.com\/www.presstourism.ch\/WP_ALEX\/wp-content\/uploads\/2016\/09\/5ConiferChJouxBalade-1024x683.jpeg?resize=584%2C390\" alt=\"5ConiferChJouxBalade\" width=\"584\" height=\"390\" srcset=\"https:\/\/i2.wp.com\/www.presstourism.ch\/wp-content\/uploads\/2016\/09\/5ConiferChJouxBalade.jpeg?resize=1024%2C683 1024w, https:\/\/i2.wp.com\/www.presstourism.ch\/wp-content\/uploads\/2016\/09\/5ConiferChJouxBalade.jpeg?resize=300%2C200 300w, https:\/\/i2.wp.com\/www.presstourism.ch\/wp-content\/uploads\/2016\/09\/5ConiferChJouxBalade.jpeg?resize=768%2C512 768w, https:\/\/i2.wp.com\/www.presstourism.ch\/wp-content\/uploads\/2016\/09\/5ConiferChJouxBalade.jpeg?resize=600%2C400 600w, https:\/\/i2.wp.com\/www.presstourism.ch\/wp-content\/uploads\/2016\/09\/5ConiferChJouxBalade.jpeg?w=1280 1280w, https:\/\/i2.wp.com\/www.presstourism.ch\/wp-content\/uploads\/2016\/09\/5ConiferChJouxBalade.jpeg?w=1168 1168w\" sizes=\"(max-width: 584px) 100vw, 584px\" data-recalc-dims=\"1\" \/><\/a><p id=\"caption-attachment-2964\" class=\"wp-caption-text\">La ligne du Coni&rsquo;fer traverse p\u00e2turages et for\u00eats du Haut-Doubs.<\/p><\/div>\n<p><strong>S&rsquo;informer:<\/strong> <a href=\"http:\/\/www.coni-fer.org\">www.coni-fer.org<\/a> pour le petit train, et <a href=\"http:\/\/www.chateaudejoux.com\">www.chateaudejoux.com<\/a> <a href=\"http:\/\/www.franche-comte.org\">www.franche-comte.org<\/a> et <a href=\"http:\/\/www.pontarlier.org\">www.pontarlier.org<\/a> .<\/p>\n<hr \/>\n<p>&nbsp;<\/p>\n","protected":false},"excerpt":{"rendered":"<p>FRANCE VOISINE &#8211; Le petit train touristique s&rsquo;\u00e9lance aux H\u00f4pitaux-Neuf pour rejoindre Fontaine Ronde, pas loin de Pontarlier. Un jour, il ira de nouveau \u00e0 Vallorbe. Quant au ch\u00e2teau de Joux, il fait revivre des histoires passionnantes. Louis Poix, surnomm\u00e9 &hellip; <a href=\"http:\/\/www.presstourism.ch\/?page_id=2955\">Continuer la lecture <span class=\"meta-nav\">&rarr;<\/span><\/a><\/p>\n","protected":false},"author":1,"featured_media":0,"parent":289,"menu_order":0,"comment_status":"closed","ping_status":"closed","template":"","meta":{"ngg_post_thumbnail":0,"spay_email":""},"jetpack_sharing_enabled":true,"jetpack_shortlink":"https:\/\/wp.me\/P468TV-LF","_links":{"self":[{"href":"http:\/\/www.presstourism.ch\/index.php?rest_route=\/wp\/v2\/pages\/2955"}],"collection":[{"href":"http:\/\/www.presstourism.ch\/index.php?rest_route=\/wp\/v2\/pages"}],"about":[{"href":"http:\/\/www.presstourism.ch\/index.php?rest_route=\/wp\/v2\/types\/page"}],"author":[{"embeddable":true,"href":"http:\/\/www.presstourism.ch\/index.php?rest_route=\/wp\/v2\/users\/1"}],"replies":[{"embeddable":true,"href":"http:\/\/www.presstourism.ch\/index.php?rest_route=%2Fwp%2Fv2%2Fcomments&post=2955"}],"version-history":[{"count":1,"href":"http:\/\/www.presstourism.ch\/index.php?rest_route=\/wp\/v2\/pages\/2955\/revisions"}],"predecessor-version":[{"id":2965,"href":"http:\/\/www.presstourism.ch\/index.php?rest_route=\/wp\/v2\/pages\/2955\/revisions\/2965"}],"up":[{"embeddable":true,"href":"http:\/\/www.presstourism.ch\/index.php?rest_route=\/wp\/v2\/pages\/289"}],"wp:attachment":[{"href":"http:\/\/www.presstourism.ch\/index.php?rest_route=%2Fwp%2Fv2%2Fmedia&parent=2955"}],"curies":[{"name":"wp","href":"https:\/\/api.w.org\/{rel}","templated":true}]}}