{"id":295,"date":"2013-11-16T11:54:31","date_gmt":"2013-11-16T10:54:31","guid":{"rendered":"http:\/\/www.presstourism.ch\/WP_ALEX\/?page_id=295"},"modified":"2016-02-16T15:09:34","modified_gmt":"2016-02-16T14:09:34","slug":"295-2","status":"publish","type":"page","link":"http:\/\/www.presstourism.ch\/?page_id=295","title":{"rendered":"Provence &#038; C\u00f4te d\u2019Azur"},"content":{"rendered":"<div>\n<p><strong><a href=\"http:\/\/www.escapada.ch\/Chateau-de-Grignan-le-Versailles-du-Sud_a383.html\">Ch\u00e2teau de Grignan : le Versailles du Sud<\/a><\/strong><\/p>\n<\/div>\n<div>\n<p>Christine Ansermet<\/p>\n<p>\u00abIci, nos nuits sont plus belles que vos jours \u00bb : ce serait du ch\u00e2teau de Grignan que la Marquise de S\u00e9vign\u00e9 aurait adress\u00e9 ces mots devenus c\u00e9l\u00e8bres \u00e0 Jean Racine. Peut-\u00eatre en contemplant \u00ab les vues triomphantes \u00bb offertes par l\u2019immense terrasse de ce bijou Renaissance o\u00f9 se d\u00e9roulaient des f\u00eates fastueuses qui eurent finalement raison de la fortune de son propri\u00e9taire, le comte de Grignan.<\/p>\n<\/div>\n<div><a title=\"Ch\u00e2teau de Grignan : le Versailles du Sud\" rel=\"http:\/\/www.escapada.ch\/photo\/art\/grande\/5546592-8274120.jpg?v=1369571497&amp;ibox\"><img class=\"aligncenter\" title=\"Ch\u00e2teau de Grignan : le Versailles du Sud\" src=\"https:\/\/i0.wp.com\/www.escapada.ch\/photo\/art\/default\/5546592-8274120.jpg?w=584\" alt=\"Ch\u00e2teau de Grignan : le Versailles du Sud\" data-recalc-dims=\"1\" \/><\/a><\/div>\n<p><strong><a href=\"http:\/\/s169196779.onlinehome.fr\/?page_id=3059\">La Dr\u00f4me comme une douce braise<\/a><\/strong><\/p>\n<p>Alex D\u00e9cotte<\/p>\n<p>Belle lurette que je n\u2019\u00e9tais plus revenu dans la Dr\u00f4me. J\u2019avais tort. Elle restait en moi comme une braise si douce et si tenace qu\u2019il me semblait inutile de la raviver. Peut-\u00eatre aurait-elle fini par s\u2019\u00e9teindre tout \u00e0 fait si le hasard ne m\u2019avait invit\u00e9 \u00e0 y souffler \u00e0 nouveau pendant quelques jours.<\/p>\n<p><img loading=\"lazy\" class=\"aligncenter\" src=\"https:\/\/i2.wp.com\/s169196779.onlinehome.fr\/wp-content\/uploads\/2013\/08\/FRADRow-Valence-V%C3%A9lo-P1000228sw-300x288.jpg?resize=300%2C288\" alt=\"FRADRow Valence V\u00e9lo P1000228sw\" width=\"300\" height=\"288\" data-recalc-dims=\"1\" \/><\/p>\n","protected":false},"excerpt":{"rendered":"<p>Ch\u00e2teau de Grignan : le Versailles du Sud Christine Ansermet \u00abIci, nos nuits sont plus belles que vos jours \u00bb : ce serait du ch\u00e2teau de Grignan que la Marquise de S\u00e9vign\u00e9 aurait adress\u00e9 ces mots devenus c\u00e9l\u00e8bres \u00e0 Jean &hellip; <a href=\"http:\/\/www.presstourism.ch\/?page_id=295\">Continuer la lecture <span class=\"meta-nav\">&rarr;<\/span><\/a><\/p>\n","protected":false},"author":1,"featured_media":0,"parent":279,"menu_order":0,"comment_status":"open","ping_status":"open","template":"","meta":{"ngg_post_thumbnail":0,"spay_email":""},"jetpack_sharing_enabled":true,"jetpack_shortlink":"https:\/\/wp.me\/P468TV-4L","_links":{"self":[{"href":"http:\/\/www.presstourism.ch\/index.php?rest_route=\/wp\/v2\/pages\/295"}],"collection":[{"href":"http:\/\/www.presstourism.ch\/index.php?rest_route=\/wp\/v2\/pages"}],"about":[{"href":"http:\/\/www.presstourism.ch\/index.php?rest_route=\/wp\/v2\/types\/page"}],"author":[{"embeddable":true,"href":"http:\/\/www.presstourism.ch\/index.php?rest_route=\/wp\/v2\/users\/1"}],"replies":[{"embeddable":true,"href":"http:\/\/www.presstourism.ch\/index.php?rest_route=%2Fwp%2Fv2%2Fcomments&post=295"}],"version-history":[{"count":5,"href":"http:\/\/www.presstourism.ch\/index.php?rest_route=\/wp\/v2\/pages\/295\/revisions"}],"predecessor-version":[{"id":1935,"href":"http:\/\/www.presstourism.ch\/index.php?rest_route=\/wp\/v2\/pages\/295\/revisions\/1935"}],"up":[{"embeddable":true,"href":"http:\/\/www.presstourism.ch\/index.php?rest_route=\/wp\/v2\/pages\/279"}],"wp:attachment":[{"href":"http:\/\/www.presstourism.ch\/index.php?rest_route=%2Fwp%2Fv2%2Fmedia&parent=295"}],"curies":[{"name":"wp","href":"https:\/\/api.w.org\/{rel}","templated":true}]}}