{"id":293,"date":"2013-11-16T11:50:28","date_gmt":"2013-11-16T10:50:28","guid":{"rendered":"http:\/\/www.presstourism.ch\/WP_ALEX\/?page_id=293"},"modified":"2016-02-16T15:13:43","modified_gmt":"2016-02-16T14:13:43","slug":"france-voisine","status":"publish","type":"page","link":"http:\/\/www.presstourism.ch\/?page_id=293","title":{"rendered":"Rh\u00f4ne-Alpes"},"content":{"rendered":"<p>\u00c0 Bourg-en-Bresse la gourmande<\/p>\n<p>Texte et photos: Roger Juillerat<\/p>\n<p style=\"text-align: center;\"><a href=\"https:\/\/i0.wp.com\/www.presstourism.ch\/WP_ALEX\/wp-content\/uploads\/2014\/10\/5VieilleVilleBourgEnBr.jpg\"><img loading=\"lazy\" class=\"alignnone size-medium wp-image-1130\" src=\"https:\/\/i2.wp.com\/www.presstourism.ch\/WP_ALEX\/wp-content\/uploads\/2014\/10\/5VieilleVilleBourgEnBr-300x199.jpg?resize=300%2C199\" alt=\"5VieilleVilleBourgEnBr\" width=\"300\" height=\"199\" srcset=\"https:\/\/i1.wp.com\/www.presstourism.ch\/wp-content\/uploads\/2014\/10\/5VieilleVilleBourgEnBr.jpg?resize=300%2C199 300w, https:\/\/i1.wp.com\/www.presstourism.ch\/wp-content\/uploads\/2014\/10\/5VieilleVilleBourgEnBr.jpg?resize=600%2C399 600w, https:\/\/i1.wp.com\/www.presstourism.ch\/wp-content\/uploads\/2014\/10\/5VieilleVilleBourgEnBr.jpg?w=700 700w\" sizes=\"(max-width: 300px) 100vw, 300px\" data-recalc-dims=\"1\" \/><\/a><\/p>\n<p>\u00c0 moins d&rsquo;une heure de Gen\u00e8ve, cette ville d\u2019histoire et de gastronomie est une destination id\u00e9ale pour passer un beau week-end, d\u00e9guster les fameux poulets bressans et d\u2019autres produits typiques du bocage. Si c\u2019est avant tout un lieu de s\u00e9jour gourmand, la Bresse est aussi une r\u00e9gion culturellement riche et un parfum de nature pour des excursions captivantes et des loisirs en famille.<\/p>\n<p><a title=\"\u00c0 Bourg-en-Bresse la gourmande\" href=\"http:\/\/www.presstourism.ch\/WP_ALEX\/?page_id=1124\">Lire la suite&#8230;<\/a><\/p>\n<p>&nbsp;<\/p>\n<p>Yvoire et Les Carroz<\/p>\n<div id=\"para_1\">\n<p dir=\"ltr\" data-angle=\"0\" data-font-name=\"g_font_24_0\" data-canvas-width=\"234.84333926677706\">Colette de Lucia<\/p>\n<p dir=\"ltr\" data-angle=\"0\" data-font-name=\"g_font_24_0\" data-canvas-width=\"234.84333926677706\">Sur le site enchanteur d\u2019Yvoire, le plus joli village m\u00e9di\u00e9val de France, perch\u00e9 sur l\u2019\u00e9minence de la colline formant un balcon sur le lac L\u00e9man, le jardin des Cinq Sens &#8211; jardin du ch\u00e2teau du 18e si\u00e8cle \u2013 s\u2019est ouvert au public, jouant les couleurs et les textures, harmonisant les herbes folles aux chicor\u00e9es ou aux pommes fris\u00e9es, les roses au vert \u00e9carlate du romarin, il y a vingt ans d\u00e9j\u00e0.<\/p>\n<p dir=\"ltr\" data-angle=\"0\" data-font-name=\"g_font_24_0\" data-canvas-width=\"234.84333926677706\"><a href=\"http:\/\/sb4-1.infomaniak.ch\/sites\/c4\/c493c95f91125629724acfd1fee9774f\/attachments\/File\/deLucia20080708_p38_Yvoire_et_les_Carroz.pdf\">Lire la suite&#8230;<\/a><\/p>\n<hr \/>\n<p>Voir aussi:<\/p>\n<p><a href=\"http:\/\/sb4-1.infomaniak.ch\/sites\/c4\/c493c95f91125629724acfd1fee9774f\/attachments\/File\/deLucia200910_Salins_les_bains.pdf\">Salins-les-Bains \/ Colette de Lucia<\/a><\/p>\n<hr \/>\n<p dir=\"ltr\" data-angle=\"0\" data-font-name=\"g_font_94_0\" data-canvas-width=\"531.6025902465822\"><a href=\"http:\/\/sb4-1.infomaniak.ch\/sites\/c4\/c493c95f91125629724acfd1fee9774f\/attachments\/File\/deLuciaLoisirs_Salins_Unesco.pdf\"><br \/>\n<\/a><\/p>\n<\/div>\n","protected":false},"excerpt":{"rendered":"<p>\u00c0 Bourg-en-Bresse la gourmande Texte et photos: Roger Juillerat \u00c0 moins d&rsquo;une heure de Gen\u00e8ve, cette ville d\u2019histoire et de gastronomie est une destination id\u00e9ale pour passer un beau week-end, d\u00e9guster les fameux poulets bressans et d\u2019autres produits typiques du &hellip; <a href=\"http:\/\/www.presstourism.ch\/?page_id=293\">Continuer la lecture <span class=\"meta-nav\">&rarr;<\/span><\/a><\/p>\n","protected":false},"author":1,"featured_media":0,"parent":279,"menu_order":0,"comment_status":"open","ping_status":"open","template":"","meta":{"ngg_post_thumbnail":0,"spay_email":""},"jetpack_sharing_enabled":true,"jetpack_shortlink":"https:\/\/wp.me\/P468TV-4J","_links":{"self":[{"href":"http:\/\/www.presstourism.ch\/index.php?rest_route=\/wp\/v2\/pages\/293"}],"collection":[{"href":"http:\/\/www.presstourism.ch\/index.php?rest_route=\/wp\/v2\/pages"}],"about":[{"href":"http:\/\/www.presstourism.ch\/index.php?rest_route=\/wp\/v2\/types\/page"}],"author":[{"embeddable":true,"href":"http:\/\/www.presstourism.ch\/index.php?rest_route=\/wp\/v2\/users\/1"}],"replies":[{"embeddable":true,"href":"http:\/\/www.presstourism.ch\/index.php?rest_route=%2Fwp%2Fv2%2Fcomments&post=293"}],"version-history":[{"count":17,"href":"http:\/\/www.presstourism.ch\/index.php?rest_route=\/wp\/v2\/pages\/293\/revisions"}],"predecessor-version":[{"id":1938,"href":"http:\/\/www.presstourism.ch\/index.php?rest_route=\/wp\/v2\/pages\/293\/revisions\/1938"}],"up":[{"embeddable":true,"href":"http:\/\/www.presstourism.ch\/index.php?rest_route=\/wp\/v2\/pages\/279"}],"wp:attachment":[{"href":"http:\/\/www.presstourism.ch\/index.php?rest_route=%2Fwp%2Fv2%2Fmedia&parent=293"}],"curies":[{"name":"wp","href":"https:\/\/api.w.org\/{rel}","templated":true}]}}