{"id":2915,"date":"2016-08-14T08:24:08","date_gmt":"2016-08-14T07:24:08","guid":{"rendered":"http:\/\/www.presstourism.ch\/WP_ALEX\/?page_id=2915"},"modified":"2016-08-14T08:45:17","modified_gmt":"2016-08-14T07:45:17","slug":"le-camping-doit-se-reinventer-en-suisse","status":"publish","type":"page","link":"http:\/\/www.presstourism.ch\/?page_id=2915","title":{"rendered":"Le camping doit se r\u00e9inventer en Suisse"},"content":{"rendered":"<div id=\"attachment_2916\" style=\"width: 810px\" class=\"wp-caption aligncenter\"><a href=\"https:\/\/i0.wp.com\/www.presstourism.ch\/WP_ALEX\/wp-content\/uploads\/2016\/08\/Camping.SalavauxW.jpg\"><img aria-describedby=\"caption-attachment-2916\" loading=\"lazy\" class=\"wp-image-2916 size-full\" src=\"https:\/\/i0.wp.com\/www.presstourism.ch\/WP_ALEX\/wp-content\/uploads\/2016\/08\/Camping.SalavauxW.jpg?resize=584%2C381\" alt=\"Camping.SalavauxW\" width=\"584\" height=\"381\" srcset=\"https:\/\/i0.wp.com\/www.presstourism.ch\/wp-content\/uploads\/2016\/08\/Camping.SalavauxW.jpg?w=800 800w, https:\/\/i0.wp.com\/www.presstourism.ch\/wp-content\/uploads\/2016\/08\/Camping.SalavauxW.jpg?resize=300%2C196 300w, https:\/\/i0.wp.com\/www.presstourism.ch\/wp-content\/uploads\/2016\/08\/Camping.SalavauxW.jpg?resize=768%2C501 768w, https:\/\/i0.wp.com\/www.presstourism.ch\/wp-content\/uploads\/2016\/08\/Camping.SalavauxW.jpg?resize=600%2C392 600w\" sizes=\"(max-width: 584px) 100vw, 584px\" data-recalc-dims=\"1\" \/><\/a><p id=\"caption-attachment-2916\" class=\"wp-caption-text\">Le c\u0153ur de cible du TCS pour ses campings est les retrait\u00e9s et les familles suisses, outre les \u00e9trangers.<\/p><\/div>\n<p><strong>Poser sa caravane chaque ann\u00e9e au m\u00eame endroit plusieurs semaines, c\u2019est termin\u00e9. Le camping d\u2019aujourd\u2019hui est itin\u00e9rant. Et les zones d\u00e9volues \u00e0 cette activit\u00e9 n\u2019ont d\u2019autre choix que de (re)gagner en attractivit\u00e9. Le point. <\/strong><\/p>\n<p>Depuis 6-7 ans, le profil des campeurs a chang\u00e9. Ils sont devenus tr\u00e8s mobiles. La preuve avec les ventes de camping-cars, qui ont doubl\u00e9 ces cinq derni\u00e8res ann\u00e9es en Suisse. \u00abCette tendance se remarque \u00e9galement dans les campings TCS (27 au total), o\u00f9 les saisonniers fixes sont en diminution, indique Oliver Gr\u00fctzner, responsable tourisme &amp; loisirs aupr\u00e8s du Touring Club Suisse, \u00e0 Sch\u00f6nb\u00fchl (BE). Cela s\u2019explique parce que les aficionados prennent de l\u2019\u00e2ge et les touristes d\u2019aujourd\u2019hui \u2013 jeunes essentiellement \u2013 ne sont pas f\u00e9rus de vacances \u00e0 un seul endroit.\u00bb<\/p>\n<p>D\u00e9sormais, les campings o\u00f9 les passionn\u00e9s se retrouvaient de g\u00e9n\u00e9ration en g\u00e9n\u00e9ration pour une ou plusieurs semaines, comme celui de Salavaux (VD, photo), par exemple, ne peuvent plus uniquement compter sur cette client\u00e8le \u00abstatique\u00bb.<\/p>\n<p>La \u00abbougeotte\u00bb actuelle est aliment\u00e9e par le prix des camping-cars, meilleur march\u00e9 que par le pass\u00e9, \u00e0 plus forte raison s\u2019ils sont achet\u00e9s \u00e0 l\u2019\u00e9tranger (sic). Pour l\u2019anecdote, il n\u2019est pas rare que certains retrait\u00e9s optent parfois pour un mobil-home \u00e0 la place d\u2019un appartement!<\/p>\n<p>Ajoutons que le franc fort incite les \u00abcampeurs nomades\u00bb \u00e0 voyager davantage en zone euro.<\/p>\n<p><strong>Baisse notable des nuit\u00e9es dans les campings<\/strong><\/p>\n<p>Pour ces raisons et depuis 2009, les nuit\u00e9es dans les 400 campings helv\u00e9tiques couverts par les statistiques ont diminu\u00e9 de 30%, m\u00eame si elles sont encore au nombre de 2,8 millions par an, surtout gr\u00e2ce aux Suisses. Le TCS en r\u00e9alise un demi-million dans ses 27 campings et ils comptent pour 17% environ du march\u00e9 national des touristes mobiles.<\/p>\n<p>\u00abL\u2019id\u00e9e du camping n\u2019est certes pas morte, mais les vacanciers cherchent dor\u00e9navant de l\u2019h\u00f4tellerie en plein air, le glamping, un n\u00e9ologisme qui signifie dormir sous tente en pleine nature avec le confort d\u2019une chambre d\u2019h\u00f4tel\u00bb, pr\u00e9cise Oliver Gr\u00fctzner.<\/p>\n<p>A noter que la France est le pays europ\u00e9en le plus mature \u00e0 ce niveau, qui propose de v\u00e9ritables complexes o\u00f9 se retrouvent les mobilhomes, dont les occupants peuvent profiter de piscines, saunas, places de jeux, voire de la plage.<\/p>\n<p>Les campeurs \u00e9trangers, eux, \u00e9vitent la Suisse pour une question de co\u00fbts. \u00abIl est cependant difficile de les baisser dans la mesure o\u00f9 nos charges sont \u00e9lev\u00e9es\u00bb, argumente le responsable tourisme &amp; loisirs du TCS.<\/p>\n<p><strong>R\u00e9inventer les s\u00e9jours au camping<\/strong><\/p>\n<p>Reste la solution de l\u2019attractivit\u00e9 avec des emplacements idylliques, que l\u2019on peut facilement atteindre par la route, proposant un acc\u00e8s direct au lac ou au fleuve selon les r\u00e9gions, des sanitaires de qualit\u00e9, le wifi\u2026<\/p>\n<p>\u00abPour faire simple, une offre en rapport avec le prix demand\u00e9 pour attirer les \u00e9trangers et, en Suisse, les retrait\u00e9s et les familles, notre c\u0153ur de cible. Mais ce n\u2019est pas tout: pour gagner de nouveaux clients, il convient, parall\u00e8lement, d\u2019offrir un produit lifestyle, changer l\u2019image un peu \u00abbeauf\u00bb, qui colle encore quelquefois au camping. De nos jours, s\u2019il pleut, on est bien prot\u00e9g\u00e9s et les chaises en plastique n\u2019existent plus!, sourit notre interlocuteur. S\u2019agissant des activit\u00e9s, l\u2019air du temps est au stand-up paddle, \u00e0 une restauration ax\u00e9e sur les produits du terroir, aux \u00e9v\u00e9nements tels des concerts, etc.\u00bb<\/p>\n<p><em>Didier Walzer<\/em><\/p>\n<hr \/>\n<p><strong>Les campings suisses, bient\u00f4t des complexes de vacances?<\/strong><\/p>\n<p>Les 27 campings du TCS \u2013 non subventionn\u00e9s par le si\u00e8ge \u2013 affichent 30 ans d\u2019\u00e2ge. \u00abIl convient de les moderniser, les repositionner et cela passe par la diff\u00e9renciation, l\u2019innovation architecturale, l\u2019\u00e9motion. Telle une PME, ils ont tout \u00e0 gagner \u00e0 s\u2019engager et investir dans cette voie\u00bb, pr\u00e9conise Oliver Gr\u00fctzner, responsable tourisme &amp; loisirs au TCS.<\/p>\n<p>Le grand club helv\u00e9tique de la mobilit\u00e9 a commenc\u00e9 de mettre en place une nouvelle strat\u00e9gie consistant \u00e0 r\u00e9nover ses campings, \u00e9largir les parcelles et installer le wifi partout.<\/p>\n<p>Pour Oliver Gr\u00fctzner, leur potentiel est ind\u00e9niable pour autant que l\u2019on d\u00e9passe le seul cercle des membres TCS. \u00abLa client\u00e8le internationale est clairement vis\u00e9e \u2013 d\u2019autant que les Asiatiques se mettent au camping \u2013 et nous disposons des instruments marketing pour valoriser le camping du XXIe si\u00e8cle. L\u2019un des arguments est qu\u2019il est plut\u00f4t bon march\u00e9 comparativement \u00e0 un s\u00e9jour en \u00e9t\u00e9 sur la C\u00f4te d\u2019Azur. Casser cette image de chert\u00e9 est imp\u00e9ratif.\u00bb<\/p>\n<p>Par ailleurs, le responsable tourisme &amp; loisirs du TCS appelle un nouveau type de saisonniers de ses v\u0153ux. Des vacanciers qui arriveraient avec leur propre camping-car, se verraient proposer de louer un petit jardin, une maisonnette, pour plusieurs mois. En filigrane, l\u2019objectif de faire des campings d\u2019aujourd\u2019hui de v\u00e9ritables centres de vacances, loin des \u00abcommunaut\u00e9s de campeurs\u00bb d\u2019autrefois.<\/p>\n<p>\u00abLes s\u00e9jours au camping sont individuels, riches et vari\u00e9s, en pleine nature, souvent au bord d\u2019un lac. De surcro\u00eet, ils offrent une grande s\u00e9curit\u00e9\u00bb, conclut Oliver Gr\u00fctzner.<\/p>\n<p>Une nouvelle offre appel\u00e9e \u00e0 cr\u00e9er une nouvelle demande, en somme.<\/p>\n<hr \/>\n<p><strong>Camping de Del\u00e9mont: le restaurant pour compenser la chute des saisonniers<\/strong><\/p>\n<p>Les campings-clubs TCS, dont celui de la Section jurassienne, \u00e9prouvent des difficult\u00e9s \u00e0 recruter de nouveaux membres, mais leur effectif reste toutefois stable, car le Touring-Club Suisse a une grande tradition en la mati\u00e8re. Juridiquement ind\u00e9pendants, ils peuvent toutefois b\u00e9n\u00e9ficier de conseils de la part des sections qui les chapeautent, via Oliver Gr\u00fctzner.<\/p>\n<p>Sur le terrain, au camping de La Grande Ecluse, \u00e0 Del\u00e9mont (qui appartient \u00e0 la Section jurassienne du TCS), tenu par le couple Marcelle et Jean-Ren\u00e9 Hostettmann depuis 7 ans, on d\u00e9plore \u00e9galement une diminution des saisonniers: \u00abC\u2019est vite vu, d\u00e9clare ce dernier, lorsque nous sommes arriv\u00e9s, il y en avait 27 et ils sont tomb\u00e9s \u00e0 20 en 2016. Nous en avons donc perdu un par ann\u00e9e.\u00bb Il constate \u00e9galement que les caravanes ont de moins en moins la cote comparativement aux mobilhomes. \u00abMais, depuis l\u2019ouverture de la Transjurane, les campeurs itin\u00e9rants ne sillonnent plus les petites routes et passent donc \u00e0 c\u00f4t\u00e9 de nos infrastructures, analyse Jean-Ren\u00e9 Hostettmann. Pour ne rien arranger \u00e0 nos affaires, ces v\u00e9hicules sont d\u00e9sormais autonomes, \u00e9quip\u00e9s de panneaux solaires. Ils n\u2019ont donc plus besoin de s\u2019arr\u00eater dans un camping pour se recharger en \u00e9lectricit\u00e9. Si on ajoute \u00e0 ces ph\u00e9nom\u00e8nes un autre, naturel, la m\u00e9t\u00e9o, pas toujours au beau fixe\u2026\u00bb. Heureusement pour les tenanciers, le restaurant de La Grande Ecluse affiche complet d\u00e8s que le soleil est au rendez-vous!<\/p>\n","protected":false},"excerpt":{"rendered":"<p>Poser sa caravane chaque ann\u00e9e au m\u00eame endroit plusieurs semaines, c\u2019est termin\u00e9. Le camping d\u2019aujourd\u2019hui est itin\u00e9rant. Et les zones d\u00e9volues \u00e0 cette activit\u00e9 n\u2019ont d\u2019autre choix que de (re)gagner en attractivit\u00e9. Le point. Depuis 6-7 ans, le profil des &hellip; <a href=\"http:\/\/www.presstourism.ch\/?page_id=2915\">Continuer la lecture <span class=\"meta-nav\">&rarr;<\/span><\/a><\/p>\n","protected":false},"author":1,"featured_media":0,"parent":341,"menu_order":0,"comment_status":"closed","ping_status":"closed","template":"","meta":{"ngg_post_thumbnail":0,"spay_email":""},"jetpack_sharing_enabled":true,"jetpack_shortlink":"https:\/\/wp.me\/P468TV-L1","_links":{"self":[{"href":"http:\/\/www.presstourism.ch\/index.php?rest_route=\/wp\/v2\/pages\/2915"}],"collection":[{"href":"http:\/\/www.presstourism.ch\/index.php?rest_route=\/wp\/v2\/pages"}],"about":[{"href":"http:\/\/www.presstourism.ch\/index.php?rest_route=\/wp\/v2\/types\/page"}],"author":[{"embeddable":true,"href":"http:\/\/www.presstourism.ch\/index.php?rest_route=\/wp\/v2\/users\/1"}],"replies":[{"embeddable":true,"href":"http:\/\/www.presstourism.ch\/index.php?rest_route=%2Fwp%2Fv2%2Fcomments&post=2915"}],"version-history":[{"count":2,"href":"http:\/\/www.presstourism.ch\/index.php?rest_route=\/wp\/v2\/pages\/2915\/revisions"}],"predecessor-version":[{"id":2920,"href":"http:\/\/www.presstourism.ch\/index.php?rest_route=\/wp\/v2\/pages\/2915\/revisions\/2920"}],"up":[{"embeddable":true,"href":"http:\/\/www.presstourism.ch\/index.php?rest_route=\/wp\/v2\/pages\/341"}],"wp:attachment":[{"href":"http:\/\/www.presstourism.ch\/index.php?rest_route=%2Fwp%2Fv2%2Fmedia&parent=2915"}],"curies":[{"name":"wp","href":"https:\/\/api.w.org\/{rel}","templated":true}]}}