{"id":2897,"date":"2016-08-10T18:47:17","date_gmt":"2016-08-10T17:47:17","guid":{"rendered":"http:\/\/www.presstourism.ch\/WP_ALEX\/?page_id=2897"},"modified":"2024-04-12T19:55:37","modified_gmt":"2024-04-12T17:55:37","slug":"de-la-lombardie-jusquen-valteline","status":"publish","type":"page","link":"http:\/\/www.presstourism.ch\/?page_id=2897","title":{"rendered":"De la Lombardie jusqu&rsquo;en Valteline"},"content":{"rendered":"<div id=\"attachment_2900\" style=\"width: 650px\" class=\"wp-caption aligncenter\"><a href=\"https:\/\/i0.wp.com\/www.presstourism.ch\/WP_ALEX\/wp-content\/uploads\/2016\/08\/8LagoIseoItalia.jpeg\"><img aria-describedby=\"caption-attachment-2900\" loading=\"lazy\" class=\"wp-image-2900 size-large\" src=\"https:\/\/i1.wp.com\/www.presstourism.ch\/WP_ALEX\/wp-content\/uploads\/2016\/08\/8LagoIseoItalia-1024x683.jpeg?resize=584%2C390\" alt=\"Les petits commerces italiens avec des produits du terroir et des p\u00e2tes fra\u00eeches.\" width=\"584\" height=\"390\" srcset=\"https:\/\/i0.wp.com\/www.presstourism.ch\/wp-content\/uploads\/2016\/08\/8LagoIseoItalia.jpeg?resize=1024%2C683 1024w, https:\/\/i0.wp.com\/www.presstourism.ch\/wp-content\/uploads\/2016\/08\/8LagoIseoItalia.jpeg?resize=300%2C200 300w, https:\/\/i0.wp.com\/www.presstourism.ch\/wp-content\/uploads\/2016\/08\/8LagoIseoItalia.jpeg?resize=768%2C512 768w, https:\/\/i0.wp.com\/www.presstourism.ch\/wp-content\/uploads\/2016\/08\/8LagoIseoItalia.jpeg?resize=600%2C400 600w, https:\/\/i0.wp.com\/www.presstourism.ch\/wp-content\/uploads\/2016\/08\/8LagoIseoItalia.jpeg?w=1280 1280w, https:\/\/i0.wp.com\/www.presstourism.ch\/wp-content\/uploads\/2016\/08\/8LagoIseoItalia.jpeg?w=1168 1168w\" sizes=\"(max-width: 584px) 100vw, 584px\" data-recalc-dims=\"1\" \/><\/a><p id=\"caption-attachment-2900\" class=\"wp-caption-text\">Les petits commerces italiens avec des produits du terroir et des p\u00e2tes fra\u00eeches.<\/p><\/div>\n<p>ITALIE DU NORD &#8211; Pas loin de Bergame, il ne faut surtout pas manquer les beaut\u00e9s du lac d&rsquo;Iseo et de Lovere, puis rejoindre la Suisse par les montagnes, en passant dans l&rsquo;accueillante ville de Tirano.<\/p>\n<div id=\"attachment_2899\" style=\"width: 650px\" class=\"wp-caption aligncenter\"><a href=\"https:\/\/i2.wp.com\/www.presstourism.ch\/WP_ALEX\/wp-content\/uploads\/2016\/08\/2LagoIseoLovere.jpeg\"><img aria-describedby=\"caption-attachment-2899\" loading=\"lazy\" class=\"wp-image-2899 size-large\" src=\"https:\/\/i0.wp.com\/www.presstourism.ch\/WP_ALEX\/wp-content\/uploads\/2016\/08\/2LagoIseoLovere-1024x683.jpeg?resize=584%2C390\" alt=\"La place des Martyrs \u00e0 Lovere qui fait partie des plus beaux bourgs d'Italie.\" width=\"584\" height=\"390\" srcset=\"https:\/\/i1.wp.com\/www.presstourism.ch\/wp-content\/uploads\/2016\/08\/2LagoIseoLovere.jpeg?resize=1024%2C683 1024w, https:\/\/i1.wp.com\/www.presstourism.ch\/wp-content\/uploads\/2016\/08\/2LagoIseoLovere.jpeg?resize=300%2C200 300w, https:\/\/i1.wp.com\/www.presstourism.ch\/wp-content\/uploads\/2016\/08\/2LagoIseoLovere.jpeg?resize=768%2C512 768w, https:\/\/i1.wp.com\/www.presstourism.ch\/wp-content\/uploads\/2016\/08\/2LagoIseoLovere.jpeg?resize=600%2C400 600w, https:\/\/i1.wp.com\/www.presstourism.ch\/wp-content\/uploads\/2016\/08\/2LagoIseoLovere.jpeg?w=1280 1280w, https:\/\/i1.wp.com\/www.presstourism.ch\/wp-content\/uploads\/2016\/08\/2LagoIseoLovere.jpeg?w=1168 1168w\" sizes=\"(max-width: 584px) 100vw, 584px\" data-recalc-dims=\"1\" \/><\/a><p id=\"caption-attachment-2899\" class=\"wp-caption-text\">La place des Martyrs \u00e0 Lovere qui fait partie des plus beaux bourgs d&rsquo;Italie.<\/p><\/div>\n<p>Bergame nous avait mis sous le charme (voir une pr\u00e9dente balade) mais il aurait \u00e9t\u00e9 dommage de quitter la Lombardie sans citer encore quelques-unes des ses destinations qui valent le d\u00e9tour. C&rsquo;est le cas du lac d&rsquo;Iseo, \u00e0 30 km de la cit\u00e9 bergamasque. Plus de 500&nbsp;000 touristes du monde entier ont pris d&rsquo;assaut de mi-juin jusqu&rsquo;au 3 juillet dernier les passerelles install\u00e9es par l&rsquo;artiste Christo pour faire marcher le public sur l&rsquo;eau de ce petit joyau, et rejoindre l&rsquo;\u00eele de Monte Isola et celle, toute petite, de San Paolo.<\/p>\n<div id=\"attachment_2898\" style=\"width: 650px\" class=\"wp-caption aligncenter\"><a href=\"https:\/\/i1.wp.com\/www.presstourism.ch\/WP_ALEX\/wp-content\/uploads\/2016\/08\/1LagoIseoPromenade.jpeg\"><img aria-describedby=\"caption-attachment-2898\" loading=\"lazy\" class=\"wp-image-2898 size-large\" src=\"https:\/\/i1.wp.com\/www.presstourism.ch\/WP_ALEX\/wp-content\/uploads\/2016\/08\/1LagoIseoPromenade-1024x683.jpeg?resize=584%2C390\" alt=\"Le lac d'Iseo offre toutes les activit\u00e9s lacustres et de belles balades dans ses alentours ou simplement le long de ses rives.\" width=\"584\" height=\"390\" srcset=\"https:\/\/i2.wp.com\/www.presstourism.ch\/wp-content\/uploads\/2016\/08\/1LagoIseoPromenade.jpeg?resize=1024%2C683 1024w, https:\/\/i2.wp.com\/www.presstourism.ch\/wp-content\/uploads\/2016\/08\/1LagoIseoPromenade.jpeg?resize=300%2C200 300w, https:\/\/i2.wp.com\/www.presstourism.ch\/wp-content\/uploads\/2016\/08\/1LagoIseoPromenade.jpeg?resize=768%2C512 768w, https:\/\/i2.wp.com\/www.presstourism.ch\/wp-content\/uploads\/2016\/08\/1LagoIseoPromenade.jpeg?resize=600%2C400 600w, https:\/\/i2.wp.com\/www.presstourism.ch\/wp-content\/uploads\/2016\/08\/1LagoIseoPromenade.jpeg?w=1280 1280w, https:\/\/i2.wp.com\/www.presstourism.ch\/wp-content\/uploads\/2016\/08\/1LagoIseoPromenade.jpeg?w=1168 1168w\" sizes=\"(max-width: 584px) 100vw, 584px\" data-recalc-dims=\"1\" \/><\/a><p id=\"caption-attachment-2898\" class=\"wp-caption-text\">Le lac d&rsquo;Iseo offre toutes les activit\u00e9s lacustres et de belles balades dans ses alentours ou simplement le long de ses rives.<\/p><\/div>\n<p>Au lac d&rsquo;Iseo, il faut profiter de la baignade, d\u2019une sortie en bateau et de promenades panoramiques. Il est possible de le faire \u00e0 Lovere \u2013 officiellement class\u00e9 parmi les plus beaux bourgs d\u2019Italie \u2013, d\u00e9couvrir ses petites rues du Centre historique, son port, sa place des Martyres avec les terrasses des caf\u00e9s, ainsi que le parcours pi\u00e9tonnier et les passerelles en bois qui longent la rive. Sans oublier l\u2019art n\u00e9o-classique de Canova, abrit\u00e9 par l\u2019Acad\u00e9mie Tadini.<\/p>\n<div id=\"attachment_2901\" style=\"width: 650px\" class=\"wp-caption aligncenter\"><a href=\"https:\/\/i2.wp.com\/www.presstourism.ch\/WP_ALEX\/wp-content\/uploads\/2016\/08\/3TiranoVieilleVille.jpeg\"><img aria-describedby=\"caption-attachment-2901\" loading=\"lazy\" class=\"wp-image-2901 size-large\" src=\"https:\/\/i2.wp.com\/www.presstourism.ch\/WP_ALEX\/wp-content\/uploads\/2016\/08\/3TiranoVieilleVille-683x1024.jpeg?resize=584%2C876\" alt=\"Sur le pont de l'Adda qui m\u00e8ne au centre historique de Tirano, en Valteline.\" width=\"584\" height=\"876\" srcset=\"https:\/\/i0.wp.com\/www.presstourism.ch\/wp-content\/uploads\/2016\/08\/3TiranoVieilleVille.jpeg?resize=683%2C1024 683w, https:\/\/i0.wp.com\/www.presstourism.ch\/wp-content\/uploads\/2016\/08\/3TiranoVieilleVille.jpeg?resize=200%2C300 200w, https:\/\/i0.wp.com\/www.presstourism.ch\/wp-content\/uploads\/2016\/08\/3TiranoVieilleVille.jpeg?resize=768%2C1151 768w, https:\/\/i0.wp.com\/www.presstourism.ch\/wp-content\/uploads\/2016\/08\/3TiranoVieilleVille.jpeg?resize=600%2C899 600w, https:\/\/i0.wp.com\/www.presstourism.ch\/wp-content\/uploads\/2016\/08\/3TiranoVieilleVille.jpeg?w=854 854w\" sizes=\"(max-width: 584px) 100vw, 584px\" data-recalc-dims=\"1\" \/><\/a><p id=\"caption-attachment-2901\" class=\"wp-caption-text\">Sur le pont de l&rsquo;Adda qui m\u00e8ne au centre historique de Tirano, en Valteline.<\/p><\/div>\n<p>Notre balade en train et en car nous a ensuite conduit en direction de la Valteline, une mani\u00e8re originale de rejoindre la Suisse via les Grisons. Et l&rsquo;occasion de d\u00e9couvrir Tirano, une autre petite ville sympa juste avant la fronti\u00e8re. L\u00e0 aussi, le Centre historique est magnifique avec ses maisons typiques et son fameux Palais Salis, o\u00f9 un parcours mus\u00e9ographique a r\u00e9cemment \u00e9t\u00e9 ouvert et s\u2019articule \u00e0 travers les plus belles salles d\u2019une prestigieuse r\u00e9sidence de famille. Splendide, comme son jardin \u00e0 l&rsquo;italienne et ses caves. Tirano abrite aussi une basilique qui domine toute la r\u00e9gion et un mus\u00e9e d&rsquo;ethnographie.<\/p>\n<div id=\"attachment_2902\" style=\"width: 650px\" class=\"wp-caption aligncenter\"><a href=\"https:\/\/i2.wp.com\/www.presstourism.ch\/WP_ALEX\/wp-content\/uploads\/2016\/08\/5PlafondPalaisSalis.jpeg\"><img aria-describedby=\"caption-attachment-2902\" loading=\"lazy\" class=\"wp-image-2902 size-large\" src=\"https:\/\/i2.wp.com\/www.presstourism.ch\/WP_ALEX\/wp-content\/uploads\/2016\/08\/5PlafondPalaisSalis-1024x683.jpeg?resize=584%2C390\" alt=\"Palais Salis \u00e0 Tirano: l'un de ses fantastiques plafonds\" width=\"584\" height=\"390\" srcset=\"https:\/\/i1.wp.com\/www.presstourism.ch\/wp-content\/uploads\/2016\/08\/5PlafondPalaisSalis.jpeg?resize=1024%2C683 1024w, https:\/\/i1.wp.com\/www.presstourism.ch\/wp-content\/uploads\/2016\/08\/5PlafondPalaisSalis.jpeg?resize=300%2C200 300w, https:\/\/i1.wp.com\/www.presstourism.ch\/wp-content\/uploads\/2016\/08\/5PlafondPalaisSalis.jpeg?resize=768%2C512 768w, https:\/\/i1.wp.com\/www.presstourism.ch\/wp-content\/uploads\/2016\/08\/5PlafondPalaisSalis.jpeg?resize=600%2C400 600w, https:\/\/i1.wp.com\/www.presstourism.ch\/wp-content\/uploads\/2016\/08\/5PlafondPalaisSalis.jpeg?w=1280 1280w, https:\/\/i1.wp.com\/www.presstourism.ch\/wp-content\/uploads\/2016\/08\/5PlafondPalaisSalis.jpeg?w=1168 1168w\" sizes=\"(max-width: 584px) 100vw, 584px\" data-recalc-dims=\"1\" \/><\/a><p id=\"caption-attachment-2902\" class=\"wp-caption-text\">Palais Salis \u00e0 Tirano: l&rsquo;un de ses fantastiques plafonds<\/p><\/div>\n<p>Avec le petit train rouge Bernina Express d\u00e9bute ensuite le voyage du retour vers l&rsquo;Engadine et St Moritz, en passant par le massif du Bernina. Tout un programme&#8230;<\/p>\n<p><strong>Texte et photos: Roger Juillerat<\/strong><\/p>\n<hr>\n<p><strong>Infos pratiques<\/strong><\/p>\n<div id=\"attachment_2903\" style=\"width: 650px\" class=\"wp-caption aligncenter\"><a href=\"https:\/\/i2.wp.com\/www.presstourism.ch\/WP_ALEX\/wp-content\/uploads\/2016\/08\/4PalaisSalisTirano.jpeg\"><img aria-describedby=\"caption-attachment-2903\" loading=\"lazy\" class=\"wp-image-2903 size-large\" src=\"https:\/\/i2.wp.com\/www.presstourism.ch\/WP_ALEX\/wp-content\/uploads\/2016\/08\/4PalaisSalisTirano-1024x683.jpeg?resize=584%2C390\" alt=\"Le Palais Salis, \u00e0 Tirano, est un fleuron architectural d'une r\u00e9gion jouxtant la Suisse.\" width=\"584\" height=\"390\" srcset=\"https:\/\/i0.wp.com\/www.presstourism.ch\/wp-content\/uploads\/2016\/08\/4PalaisSalisTirano.jpeg?resize=1024%2C683 1024w, https:\/\/i0.wp.com\/www.presstourism.ch\/wp-content\/uploads\/2016\/08\/4PalaisSalisTirano.jpeg?resize=300%2C200 300w, https:\/\/i0.wp.com\/www.presstourism.ch\/wp-content\/uploads\/2016\/08\/4PalaisSalisTirano.jpeg?resize=768%2C512 768w, https:\/\/i0.wp.com\/www.presstourism.ch\/wp-content\/uploads\/2016\/08\/4PalaisSalisTirano.jpeg?resize=600%2C400 600w, https:\/\/i0.wp.com\/www.presstourism.ch\/wp-content\/uploads\/2016\/08\/4PalaisSalisTirano.jpeg?w=1280 1280w, https:\/\/i0.wp.com\/www.presstourism.ch\/wp-content\/uploads\/2016\/08\/4PalaisSalisTirano.jpeg?w=1168 1168w\" sizes=\"(max-width: 584px) 100vw, 584px\" data-recalc-dims=\"1\" \/><\/a><p id=\"caption-attachment-2903\" class=\"wp-caption-text\">Le Palais Salis, \u00e0 Tirano, est un fleuron architectural d&rsquo;une r\u00e9gion jouxtant la Suisse.<\/p><\/div>\n<p><strong>Se renseigner:<\/strong> www.visitbergamo.net avec les infos sur le lac d&rsquo;Iseo. www.lovereturismo.it et www.italythisway.com\/fr\/endroits\/lovere.php pour la ville de Lovere. www.valtellinaturismo.com pour la cit\u00e9 de Tirano et le Palais Salis. CFF loisirs et vacances. Le Guide Lombardie du Petit Fut\u00e9, www.petitfute.com<\/p>\n<div id=\"attachment_2904\" style=\"width: 650px\" class=\"wp-caption aligncenter\"><a href=\"https:\/\/i0.wp.com\/www.presstourism.ch\/WP_ALEX\/wp-content\/uploads\/2016\/08\/6PalaisSalisSalon.jpeg\"><img aria-describedby=\"caption-attachment-2904\" loading=\"lazy\" class=\"wp-image-2904 size-large\" src=\"https:\/\/i1.wp.com\/www.presstourism.ch\/WP_ALEX\/wp-content\/uploads\/2016\/08\/6PalaisSalisSalon-1024x683.jpeg?resize=584%2C390\" alt=\"Palais Salis \u00e0 Tirano: un salon\" width=\"584\" height=\"390\" srcset=\"https:\/\/i0.wp.com\/www.presstourism.ch\/wp-content\/uploads\/2016\/08\/6PalaisSalisSalon.jpeg?resize=1024%2C683 1024w, https:\/\/i0.wp.com\/www.presstourism.ch\/wp-content\/uploads\/2016\/08\/6PalaisSalisSalon.jpeg?resize=300%2C200 300w, https:\/\/i0.wp.com\/www.presstourism.ch\/wp-content\/uploads\/2016\/08\/6PalaisSalisSalon.jpeg?resize=768%2C512 768w, https:\/\/i0.wp.com\/www.presstourism.ch\/wp-content\/uploads\/2016\/08\/6PalaisSalisSalon.jpeg?resize=600%2C400 600w, https:\/\/i0.wp.com\/www.presstourism.ch\/wp-content\/uploads\/2016\/08\/6PalaisSalisSalon.jpeg?w=1280 1280w, https:\/\/i0.wp.com\/www.presstourism.ch\/wp-content\/uploads\/2016\/08\/6PalaisSalisSalon.jpeg?w=1168 1168w\" sizes=\"(max-width: 584px) 100vw, 584px\" data-recalc-dims=\"1\" \/><\/a><p id=\"caption-attachment-2904\" class=\"wp-caption-text\">Palais Salis \u00e0 Tirano: un salon<\/p><\/div>\n<p><strong>Couverts:<\/strong> pour les gourmets, il y a un int\u00e9ressant parcours gastronomique et oenologique \u00e0 Tirano. Se renseigner \u00e0 l&rsquo;Office du tourisme, place de la Gare. La bonne cuisine du terroir \u00e0 l&rsquo;H\u00f4tel-restaurant Bernina de Tirano, www.hotelbernina-tirano.initalia.it<\/p>\n<div id=\"attachment_2905\" style=\"width: 650px\" class=\"wp-caption aligncenter\"><a href=\"https:\/\/i2.wp.com\/www.presstourism.ch\/WP_ALEX\/wp-content\/uploads\/2016\/08\/7PalaisSalisJardins.jpeg\"><img aria-describedby=\"caption-attachment-2905\" loading=\"lazy\" class=\"wp-image-2905 size-large\" src=\"https:\/\/i2.wp.com\/www.presstourism.ch\/WP_ALEX\/wp-content\/uploads\/2016\/08\/7PalaisSalisJardins-1024x683.jpeg?resize=584%2C390\" alt=\"Palais Salis \u00e0 Tirano: jardin \u00e0 l'italienne\" width=\"584\" height=\"390\" srcset=\"https:\/\/i2.wp.com\/www.presstourism.ch\/wp-content\/uploads\/2016\/08\/7PalaisSalisJardins.jpeg?resize=1024%2C683 1024w, https:\/\/i2.wp.com\/www.presstourism.ch\/wp-content\/uploads\/2016\/08\/7PalaisSalisJardins.jpeg?resize=300%2C200 300w, https:\/\/i2.wp.com\/www.presstourism.ch\/wp-content\/uploads\/2016\/08\/7PalaisSalisJardins.jpeg?resize=768%2C512 768w, https:\/\/i2.wp.com\/www.presstourism.ch\/wp-content\/uploads\/2016\/08\/7PalaisSalisJardins.jpeg?resize=600%2C400 600w, https:\/\/i2.wp.com\/www.presstourism.ch\/wp-content\/uploads\/2016\/08\/7PalaisSalisJardins.jpeg?w=1280 1280w, https:\/\/i2.wp.com\/www.presstourism.ch\/wp-content\/uploads\/2016\/08\/7PalaisSalisJardins.jpeg?w=1168 1168w\" sizes=\"(max-width: 584px) 100vw, 584px\" data-recalc-dims=\"1\" \/><\/a><p id=\"caption-attachment-2905\" class=\"wp-caption-text\">Palais Salis \u00e0 Tirano: jardin \u00e0 l&rsquo;italienne<\/p><\/div>\n<p><a href=\"http:\/\/www.presstourism.ch\/wp-content\/uploads\/2016\/08\/NVT_Mercredi100816_w-LacIseoTiranoBalade2.pdf\">Lire ou t\u00e9l\u00e9charger l&rsquo;article publi\u00e9 le 10 ao\u00fbt 2016<\/a><\/p>\n","protected":false},"excerpt":{"rendered":"<p>ITALIE DU NORD &#8211; Pas loin de Bergame, il ne faut surtout pas manquer les beaut\u00e9s du lac d&rsquo;Iseo et de Lovere, puis rejoindre la Suisse par les montagnes, en passant dans l&rsquo;accueillante ville de Tirano. Bergame nous avait mis &hellip; <a href=\"http:\/\/www.presstourism.ch\/?page_id=2897\">Continuer la lecture <span class=\"meta-nav\">&rarr;<\/span><\/a><\/p>\n","protected":false},"author":1,"featured_media":0,"parent":302,"menu_order":0,"comment_status":"closed","ping_status":"closed","template":"","meta":{"ngg_post_thumbnail":0,"spay_email":""},"jetpack_sharing_enabled":true,"jetpack_shortlink":"https:\/\/wp.me\/P468TV-KJ","_links":{"self":[{"href":"http:\/\/www.presstourism.ch\/index.php?rest_route=\/wp\/v2\/pages\/2897"}],"collection":[{"href":"http:\/\/www.presstourism.ch\/index.php?rest_route=\/wp\/v2\/pages"}],"about":[{"href":"http:\/\/www.presstourism.ch\/index.php?rest_route=\/wp\/v2\/types\/page"}],"author":[{"embeddable":true,"href":"http:\/\/www.presstourism.ch\/index.php?rest_route=\/wp\/v2\/users\/1"}],"replies":[{"embeddable":true,"href":"http:\/\/www.presstourism.ch\/index.php?rest_route=%2Fwp%2Fv2%2Fcomments&post=2897"}],"version-history":[{"count":4,"href":"http:\/\/www.presstourism.ch\/index.php?rest_route=\/wp\/v2\/pages\/2897\/revisions"}],"predecessor-version":[{"id":9336,"href":"http:\/\/www.presstourism.ch\/index.php?rest_route=\/wp\/v2\/pages\/2897\/revisions\/9336"}],"up":[{"embeddable":true,"href":"http:\/\/www.presstourism.ch\/index.php?rest_route=\/wp\/v2\/pages\/302"}],"wp:attachment":[{"href":"http:\/\/www.presstourism.ch\/index.php?rest_route=%2Fwp%2Fv2%2Fmedia&parent=2897"}],"curies":[{"name":"wp","href":"https:\/\/api.w.org\/{rel}","templated":true}]}}