{"id":2887,"date":"2016-08-04T10:24:35","date_gmt":"2016-08-04T09:24:35","guid":{"rendered":"http:\/\/www.presstourism.ch\/WP_ALEX\/?page_id=2887"},"modified":"2016-08-04T10:25:01","modified_gmt":"2016-08-04T09:25:01","slug":"valais-la-grotte-des-decouvertes","status":"publish","type":"page","link":"http:\/\/www.presstourism.ch\/?page_id=2887","title":{"rendered":"Valais: La grotte des d\u00e9couvertes"},"content":{"rendered":"<div class=\"CZ-F-A_13_08_1 \">\n<div class=\"bildergalerieElement \">\n<p><img src=\"https:\/\/i0.wp.com\/www.cooperation.ch\/site\/presse-cooperation\/displayImageThumbService\/24081902\/600x400\/auf.jpg?w=584\" data-recalc-dims=\"1\" \/><\/p>\n<div class=\"bildergalerieBildunterschrift\">Le plus grand lac souterrain d\u2019Europe est une merveille.<\/div>\n<\/div>\n<\/div>\n<p class=\"CZ-F-A_13_19\">But d\u2019excursion hors du temps, le lac souterrain de Saint-L\u00e9onard (VS) emporte le visiteur dans un univers de calme et d\u2019exploration mill\u00e9naire.<\/p>\n<div class=\"teaser_4_6 CZ-F-A_13_17 \">\n<p>Ici, on est coup\u00e9 du monde quelques instants. Et \u00e7a fait un sacr\u00e9 bien. Le lac souterrain de Saint-L\u00e9onard a cette premi\u00e8re vertu, celle de la relaxation. \u00abC\u2019est vrai qu\u2019il d\u00e9gage une atmosph\u00e8re intemporelle\u00bb, confirme C\u00e9dric Savioz, le directeur. Au rythme tranquille de la barque mue par des rames, l\u2019on s\u2019enfonce paisiblement dans la grotte de 300 m de long et \u00e0 la temp\u00e9rature constante de 15 \u00b0C, nourri par les explications du prolixe guide Christian.<br \/>\nLe lac, d\u2019une profondeur moyenne de 4 m et de 7 m au maximum, contient 25 millions de litres d\u2019eau potable, tr\u00e8s claire, aux magnifiques teintes bleut\u00e9es. Sa temp\u00e9rature \u00e0 l\u2019ann\u00e9e: 10 \u00b0C.<br \/>\nDes truites d\u2019un honorable volume y ont \u00e9t\u00e9 introduites \u2013 c\u2019est d\u2019ailleurs le premier souvenir que gardent les enfants. On distingue clairement les poissons gr\u00e2ce \u00e0 un \u00e9clairage qui conf\u00e8re une ambiance ensorcelante \u00e0 la caverne. Quelquefois, ils sautent et replongent dans un clapotis caract\u00e9ristique. Manifestement, ils vivent heureux.<\/p>\n<p>Didier Walzer<\/p>\n<p><a href=\"http:\/\/www.cooperation.ch\/La+grotte\">Lire la suite dans Coop\u00e9ration<\/a><\/p>\n<\/div>\n","protected":false},"excerpt":{"rendered":"<p>Le plus grand lac souterrain d\u2019Europe est une merveille. But d\u2019excursion hors du temps, le lac souterrain de Saint-L\u00e9onard (VS) emporte le visiteur dans un univers de calme et d\u2019exploration mill\u00e9naire. Ici, on est coup\u00e9 du monde quelques instants. Et &hellip; <a href=\"http:\/\/www.presstourism.ch\/?page_id=2887\">Continuer la lecture <span class=\"meta-nav\">&rarr;<\/span><\/a><\/p>\n","protected":false},"author":1,"featured_media":0,"parent":341,"menu_order":0,"comment_status":"closed","ping_status":"closed","template":"","meta":{"ngg_post_thumbnail":0,"spay_email":""},"jetpack_sharing_enabled":true,"jetpack_shortlink":"https:\/\/wp.me\/P468TV-Kz","_links":{"self":[{"href":"http:\/\/www.presstourism.ch\/index.php?rest_route=\/wp\/v2\/pages\/2887"}],"collection":[{"href":"http:\/\/www.presstourism.ch\/index.php?rest_route=\/wp\/v2\/pages"}],"about":[{"href":"http:\/\/www.presstourism.ch\/index.php?rest_route=\/wp\/v2\/types\/page"}],"author":[{"embeddable":true,"href":"http:\/\/www.presstourism.ch\/index.php?rest_route=\/wp\/v2\/users\/1"}],"replies":[{"embeddable":true,"href":"http:\/\/www.presstourism.ch\/index.php?rest_route=%2Fwp%2Fv2%2Fcomments&post=2887"}],"version-history":[{"count":2,"href":"http:\/\/www.presstourism.ch\/index.php?rest_route=\/wp\/v2\/pages\/2887\/revisions"}],"predecessor-version":[{"id":2889,"href":"http:\/\/www.presstourism.ch\/index.php?rest_route=\/wp\/v2\/pages\/2887\/revisions\/2889"}],"up":[{"embeddable":true,"href":"http:\/\/www.presstourism.ch\/index.php?rest_route=\/wp\/v2\/pages\/341"}],"wp:attachment":[{"href":"http:\/\/www.presstourism.ch\/index.php?rest_route=%2Fwp%2Fv2%2Fmedia&parent=2887"}],"curies":[{"name":"wp","href":"https:\/\/api.w.org\/{rel}","templated":true}]}}