{"id":2885,"date":"2016-08-04T10:21:04","date_gmt":"2016-08-04T09:21:04","guid":{"rendered":"http:\/\/www.presstourism.ch\/WP_ALEX\/?page_id=2885"},"modified":"2016-08-04T10:26:07","modified_gmt":"2016-08-04T09:26:07","slug":"jean-troillet-cest-le-domaine-des-dieux-ou-de-la-mort","status":"publish","type":"page","link":"http:\/\/www.presstourism.ch\/?page_id=2885","title":{"rendered":"Jean Troillet: \u00abC\u2019est le domaine des dieux ou de la mort\u00bb"},"content":{"rendered":"<div class=\"CZ-F-A_13_08_1 \">\n<div class=\"bildergalerieElement \">\n<p><img src=\"https:\/\/i2.wp.com\/www.cooperation.ch\/site\/presse-cooperation\/displayImageThumbService\/24087261\/600x400\/auf.jpg?w=584\" data-recalc-dims=\"1\" \/><\/p>\n<div class=\"bildergalerieBildunterschrift\">Jean Troillet (68 ans): \u00abSi mes trois enfants suivent mes traces, ce sera tr\u00e8s dur \u00e9motionnellement.\u00bb<\/div>\n<\/div>\n<\/div>\n<p class=\"CZ-F-A_13_19\">Dix sommets de 8000 m, cinquante ans d\u2019alpinisme et quarante ans d\u2019exp\u00e9ditions: rencontre avec Jean Troillet, un homme qui a tutoy\u00e9 les \u00e9toiles.<\/p>\n<div class=\"teaser_4_6 CZ-F-A_13_17 \">\n<div class=\"CZ-F-A_16_04 \">\n<div class=\"content\">\n<div id=\"tabContent_1\" class=\"tabContent active nomarginal\">\n<div class=\"teaser_4_6 CZ-F-A_13_17\">\n<div class=\"basecontent-coophtml\">\n<p><strong>Votre chalet de La Fouly, \u00e0 1600 m, c\u2019est pour vous rapprocher des sommets?<\/strong><br \/>\nNon, pas vraiment. J\u2019ai h\u00e9rit\u00e9 le terrain de mes parents. \u00c0 un moment, j\u2019ai d\u00e9cid\u00e9 de construire. Et \u00e7a fait vingt ans que j\u2019y habite. J\u2019ajoute que j\u2019ai pass\u00e9 une grande partie de mon enfance dans le coin.<\/p>\n<\/div>\n<div class=\"basecontent-coophtml\">\n<p><strong>Cet amour immod\u00e9r\u00e9 des montagnes, d\u2019o\u00f9 vient-il?<\/strong><br \/>\nJ\u2019y suis n\u00e9. J\u2019\u00e9tais berger vers 10 ans d\u00e9j\u00e0. On laissait les moutons dans la nature, sur l\u2019ar\u00eate de Bavon. D\u00e8s que la neige arrivait, il fallait aller les chercher, redescendre la vall\u00e9e en faisant la trace pour les moutons. J\u2019ai toujours ador\u00e9 la nature, cet espace de libert\u00e9 extraordinaire.<\/p>\n<p>Propos recueillis par Didier Walzer.<\/p>\n<p><a href=\"http:\/\/www.cooperation.ch\/Jean+Troillet\">Lire la suite dans Coop\u00e9ration&#8230;<\/a><\/p>\n<\/div>\n<\/div>\n<\/div>\n<\/div>\n<\/div>\n<\/div>\n","protected":false},"excerpt":{"rendered":"<p>Jean Troillet (68 ans): \u00abSi mes trois enfants suivent mes traces, ce sera tr\u00e8s dur \u00e9motionnellement.\u00bb Dix sommets de 8000 m, cinquante ans d\u2019alpinisme et quarante ans d\u2019exp\u00e9ditions: rencontre avec Jean Troillet, un homme qui a tutoy\u00e9 les \u00e9toiles. Votre &hellip; <a href=\"http:\/\/www.presstourism.ch\/?page_id=2885\">Continuer la lecture <span class=\"meta-nav\">&rarr;<\/span><\/a><\/p>\n","protected":false},"author":1,"featured_media":0,"parent":341,"menu_order":0,"comment_status":"closed","ping_status":"closed","template":"","meta":{"ngg_post_thumbnail":0,"spay_email":""},"jetpack_sharing_enabled":true,"jetpack_shortlink":"https:\/\/wp.me\/P468TV-Kx","_links":{"self":[{"href":"http:\/\/www.presstourism.ch\/index.php?rest_route=\/wp\/v2\/pages\/2885"}],"collection":[{"href":"http:\/\/www.presstourism.ch\/index.php?rest_route=\/wp\/v2\/pages"}],"about":[{"href":"http:\/\/www.presstourism.ch\/index.php?rest_route=\/wp\/v2\/types\/page"}],"author":[{"embeddable":true,"href":"http:\/\/www.presstourism.ch\/index.php?rest_route=\/wp\/v2\/users\/1"}],"replies":[{"embeddable":true,"href":"http:\/\/www.presstourism.ch\/index.php?rest_route=%2Fwp%2Fv2%2Fcomments&post=2885"}],"version-history":[{"count":2,"href":"http:\/\/www.presstourism.ch\/index.php?rest_route=\/wp\/v2\/pages\/2885\/revisions"}],"predecessor-version":[{"id":2890,"href":"http:\/\/www.presstourism.ch\/index.php?rest_route=\/wp\/v2\/pages\/2885\/revisions\/2890"}],"up":[{"embeddable":true,"href":"http:\/\/www.presstourism.ch\/index.php?rest_route=\/wp\/v2\/pages\/341"}],"wp:attachment":[{"href":"http:\/\/www.presstourism.ch\/index.php?rest_route=%2Fwp%2Fv2%2Fmedia&parent=2885"}],"curies":[{"name":"wp","href":"https:\/\/api.w.org\/{rel}","templated":true}]}}