{"id":2882,"date":"2016-08-04T10:16:43","date_gmt":"2016-08-04T09:16:43","guid":{"rendered":"http:\/\/www.presstourism.ch\/WP_ALEX\/?page_id=2882"},"modified":"2016-08-04T10:17:37","modified_gmt":"2016-08-04T09:17:37","slug":"creux-du-van-spectacle-majeur","status":"publish","type":"page","link":"http:\/\/www.presstourism.ch\/?page_id=2882","title":{"rendered":"Creux du Van: spectacle majeur"},"content":{"rendered":"<div class=\"CZ-F-A_13_08_1 \">\n<div class=\"bildergalerieElement \">\n<p><img src=\"https:\/\/i0.wp.com\/www.cooperation.ch\/site\/presse-cooperation\/displayImageThumbService\/24112994\/600x400\/AUF.jpg?w=584\" data-recalc-dims=\"1\" \/><\/p>\n<div class=\"bildergalerieBildunterschrift\">Un lieu exceptionnel, abrupt, sauvage et myst\u00e9rieux.<\/div>\n<\/div>\n<\/div>\n<p class=\"CZ-F-A_13_19\"><b>Splendeur naturelle<\/b> C\u2019est peu de dire que l\u2019on se sent minuscule devant le cirque rocheux neuch\u00e2telois. Captivation et crainte se m\u00ealent devant le vide.<\/p>\n<div class=\"teaser_4_6 CZ-F-A_13_17 \">\n<p>\u00c0 cette p\u00e9riode de l\u2019ann\u00e9e, soit pr\u00e9cis\u00e9ment au mois d\u2019avril, les crocus s\u2019\u00e9tendent \u00e0 perte de vue. Leur couleur blanche se marie fort bien avec les quelques plaques de neige encore pr\u00e9sentes, vestiges de l\u2019hiver \u00e0 peine enfoui sous le calendrier. Qui peut ressurgir \u00e0 tout instant. Il faut dire que l\u2019on \u00e9volue ici \u00e0 1380 m d\u2019altitude. Pourtant, ces fleurs n\u2019attendent qu\u2019un rayon de soleil pour s\u2019ouvrir aux promeneurs.<\/p>\n<p>Didier Walzer. <a href=\"http:\/\/www.cooperation.ch\/Creux+du+Van_+spectacle+majeur\">Lire la suite dans Coop\u00e9ration<\/a><\/p>\n<\/div>\n","protected":false},"excerpt":{"rendered":"<p>Un lieu exceptionnel, abrupt, sauvage et myst\u00e9rieux. Splendeur naturelle C\u2019est peu de dire que l\u2019on se sent minuscule devant le cirque rocheux neuch\u00e2telois. Captivation et crainte se m\u00ealent devant le vide. \u00c0 cette p\u00e9riode de l\u2019ann\u00e9e, soit pr\u00e9cis\u00e9ment au mois &hellip; <a href=\"http:\/\/www.presstourism.ch\/?page_id=2882\">Continuer la lecture <span class=\"meta-nav\">&rarr;<\/span><\/a><\/p>\n","protected":false},"author":1,"featured_media":0,"parent":341,"menu_order":0,"comment_status":"closed","ping_status":"closed","template":"","meta":{"ngg_post_thumbnail":0,"spay_email":""},"jetpack_sharing_enabled":true,"jetpack_shortlink":"https:\/\/wp.me\/P468TV-Ku","_links":{"self":[{"href":"http:\/\/www.presstourism.ch\/index.php?rest_route=\/wp\/v2\/pages\/2882"}],"collection":[{"href":"http:\/\/www.presstourism.ch\/index.php?rest_route=\/wp\/v2\/pages"}],"about":[{"href":"http:\/\/www.presstourism.ch\/index.php?rest_route=\/wp\/v2\/types\/page"}],"author":[{"embeddable":true,"href":"http:\/\/www.presstourism.ch\/index.php?rest_route=\/wp\/v2\/users\/1"}],"replies":[{"embeddable":true,"href":"http:\/\/www.presstourism.ch\/index.php?rest_route=%2Fwp%2Fv2%2Fcomments&post=2882"}],"version-history":[{"count":2,"href":"http:\/\/www.presstourism.ch\/index.php?rest_route=\/wp\/v2\/pages\/2882\/revisions"}],"predecessor-version":[{"id":2884,"href":"http:\/\/www.presstourism.ch\/index.php?rest_route=\/wp\/v2\/pages\/2882\/revisions\/2884"}],"up":[{"embeddable":true,"href":"http:\/\/www.presstourism.ch\/index.php?rest_route=\/wp\/v2\/pages\/341"}],"wp:attachment":[{"href":"http:\/\/www.presstourism.ch\/index.php?rest_route=%2Fwp%2Fv2%2Fmedia&parent=2882"}],"curies":[{"name":"wp","href":"https:\/\/api.w.org\/{rel}","templated":true}]}}