{"id":2875,"date":"2016-08-04T10:00:25","date_gmt":"2016-08-04T09:00:25","guid":{"rendered":"http:\/\/www.presstourism.ch\/WP_ALEX\/?page_id=2875"},"modified":"2018-12-26T07:55:24","modified_gmt":"2018-12-26T06:55:24","slug":"walzer-didier","status":"publish","type":"page","link":"http:\/\/www.presstourism.ch\/?page_id=2875","title":{"rendered":"Walzer Didier"},"content":{"rendered":"<div id=\"page-zones__main-widgets__responsivecolumns61\" class=\"widget responsivecolumns\" data-uniqueid=\"page-zones__main-widgets__responsivecolumns61\">\n<section id=\"page-zones__main-widgets__responsivecolumns61-zones__column1\" class=\"bk-zone column columns-two-right\" data-uniqueid=\"page-zones__main-widgets__responsivecolumns61-zones__column1\">\n<div id=\"page-zones__main-widgets__responsivecolumns61-zones__column1-widgets__content\" class=\"widget content\" data-uniqueid=\"page-zones__main-widgets__responsivecolumns61-zones__column1-widgets__content\">\n<div class=\"bk-content-text js-text-content wysihtml-editor-content\">\n<div id=\"page-zones__main-widgets__responsivecolumns61\" class=\"widget responsivecolumns\" data-uniqueid=\"page-zones__main-widgets__responsivecolumns61\">\n<section id=\"page-zones__main-widgets__responsivecolumns61-zones__column\" class=\"bk-zone column columns-two-left\" data-uniqueid=\"page-zones__main-widgets__responsivecolumns61-zones__column\">\n<div id=\"page-zones__main-widgets__responsivecolumns61-zones__column-widgets__image\" class=\"widget image\" data-uniqueid=\"page-zones__main-widgets__responsivecolumns61-zones__column-widgets__image\"><a href=\"https:\/\/i0.wp.com\/www.presstourism.ch\/WP_ALEX\/wp-content\/uploads\/2016\/08\/1135-serie-walzer-walz.jpg\"><img loading=\"lazy\" class=\"alignnone size-full wp-image-4097\" src=\"https:\/\/i0.wp.com\/www.presstourism.ch\/WP_ALEX\/wp-content\/uploads\/2016\/08\/1135-serie-walzer-walz.jpg?resize=280%2C279\" alt=\"1135-serie-walzer-walz\" width=\"280\" height=\"279\" srcset=\"https:\/\/i0.wp.com\/www.presstourism.ch\/wp-content\/uploads\/2016\/08\/1135-serie-walzer-walz.jpg?w=280 280w, https:\/\/i0.wp.com\/www.presstourism.ch\/wp-content\/uploads\/2016\/08\/1135-serie-walzer-walz.jpg?resize=150%2C150 150w\" sizes=\"(max-width: 280px) 100vw, 280px\" data-recalc-dims=\"1\" \/><\/a><\/div>\n<\/section>\n<\/div>\n<div class=\"widget image\" data-uniqueid=\"page-zones__main-widgets__responsivecolumns61-zones__column-widgets__image\">\n<div id=\"main\">\n<div id=\"container\">\n<div id=\"content\">\n<p>&#8230;<\/p>\n<blockquote class=\"wp-embedded-content\" data-secret=\"j2l9l2AZGx\"><p><a href=\"http:\/\/www.presstourism.ch\/WP_ALEX\/?page_id=5084\">Le renouveau du camping \ufeff<\/a><\/p><\/blockquote>\n<p><iframe class=\"wp-embedded-content\" sandbox=\"allow-scripts\" security=\"restricted\" style=\"position: absolute; clip: rect(1px, 1px, 1px, 1px);\" src=\"http:\/\/www.presstourism.ch\/WP_ALEX\/?page_id=5084&#038;embed=true#?secret=j2l9l2AZGx\" data-secret=\"j2l9l2AZGx\" width=\"584\" height=\"329\" title=\"\u00ab\u00a0Le renouveau du camping \ufeff\u00a0\u00bb &#8212; presstourism.ch\" frameborder=\"0\" marginwidth=\"0\" marginheight=\"0\" scrolling=\"no\"><\/iframe><\/p>\n<p><a href=\"http:\/\/www.presstourism.ch\/WP_ALEX\/?page_id=4834\">Le Grand H\u00f4tel du Lac \u00e0 Vevey f\u00eate ses 150 ans et se r\u00e9invente<\/a><\/p>\n<p><a href=\"http:\/\/www.presstourism.ch\/WP_ALEX\/?page_id=4847\">Tourisme 2018: \u00abOn reste dans les classiques pour cet \u00e9t\u00e9\u00bb<\/a><\/p>\n<p><a href=\"http:\/\/www.presstourism.ch\/WP_ALEX\/?page_id=4562\">Disneyland Paris \/ L\u2019\u00e9t\u00e9 appartient aux super-h\u00e9ros de Marvel<\/a><\/p>\n<p><a href=\"http:\/\/www.presstourism.ch\/WP_ALEX\/?page_id=4090\">CroisiEurope: la passe de cinq sur le Douro<\/a><\/p>\n<p id=\"post-3439\" class=\"post-3439 page type-page status-publish hentry\"><a href=\"http:\/\/www.presstourism.ch\/WP_ALEX\/?page_id=3680\">Les Suisses tiennent \u00e0 leurs vacances estivales<\/a><\/p>\n<p class=\"post-3439 page type-page status-publish hentry\"><a href=\"http:\/\/www.presstourism.ch\/WP_ALEX\/?page_id=3670\">Disneyland Paris f\u00eate ses 25 ans<\/a><\/p>\n<p class=\"post-3439 page type-page status-publish hentry\"><a href=\"http:\/\/www.presstourism.ch\/WP_ALEX\/?page_id=3677\">Roissy-CDG, une premi\u00e8re place en Europe<\/a><\/p>\n<p class=\"post-3439 page type-page status-publish hentry\"><a href=\"http:\/\/www.presstourism.ch\/WP_ALEX\/?page_id=3439\">Au royaume du P\u00e8re No\u00ebl<\/a><\/p>\n<\/div>\n<\/div>\n<\/div>\n<\/div>\n<div id=\"page-zones__main-widgets__responsivecolumns61\" class=\"widget responsivecolumns\" data-uniqueid=\"page-zones__main-widgets__responsivecolumns61\">\n<section id=\"page-zones__main-widgets__responsivecolumns61-zones__column1\" class=\"bk-zone column columns-two-right\" data-uniqueid=\"page-zones__main-widgets__responsivecolumns61-zones__column1\">\n<div id=\"page-zones__main-widgets__responsivecolumns61-zones__column1-widgets__content\" class=\"widget content\" data-uniqueid=\"page-zones__main-widgets__responsivecolumns61-zones__column1-widgets__content\">\n<div class=\"bk-content-text js-text-content wysihtml-editor-content\">\n<p><a href=\"http:\/\/www.presstourism.ch\/WP_ALEX\/?page_id=2866\">L&rsquo;avenir de l&rsquo;h\u00f4tellerie suisse de luxe<\/a><\/p>\n<p><a href=\"http:\/\/www.presstourism.ch\/WP_ALEX\/?page_id=2860\">Disneyland 2016<\/a><\/p>\n<hr \/>\n<p>Ave du Jura 15, Case postale 1071, 2800 Del\u00e9mont<\/p>\n<hr \/>\n<p>Fax 061 336 71 69, fax 061 336 74 43,<br \/>\nmobile: 079 218 37 71<br \/>\nEmail: <a href=\"mailto:didier.walzer@bluewin.ch\" target=\"_self\">didier.walzer@bluewin.ch<br \/>\n<\/a>Fonction: Journaliste<br \/>\nM\u00e9dias: Coop\u00e9ration, TCS, Arc Hebdo, D\u00e9fis<br \/>\nLangues: Fran\u00e7ais, allemand, anglais<\/p>\n<\/div>\n<\/div>\n<\/section>\n<\/div>\n<\/div>\n<\/div>\n<\/section>\n<\/div>\n","protected":false},"excerpt":{"rendered":"<p>&#8230; Le renouveau du camping \ufeff Le Grand H\u00f4tel du Lac \u00e0 Vevey f\u00eate ses 150 ans et se r\u00e9invente Tourisme 2018: \u00abOn reste dans les classiques pour cet \u00e9t\u00e9\u00bb Disneyland Paris \/ L\u2019\u00e9t\u00e9 appartient aux super-h\u00e9ros de Marvel CroisiEurope: &hellip; <a href=\"http:\/\/www.presstourism.ch\/?page_id=2875\">Continuer la lecture <span class=\"meta-nav\">&rarr;<\/span><\/a><\/p>\n","protected":false},"author":1,"featured_media":0,"parent":76,"menu_order":0,"comment_status":"closed","ping_status":"closed","template":"","meta":{"ngg_post_thumbnail":0,"spay_email":""},"jetpack_sharing_enabled":true,"jetpack_shortlink":"https:\/\/wp.me\/P468TV-Kn","_links":{"self":[{"href":"http:\/\/www.presstourism.ch\/index.php?rest_route=\/wp\/v2\/pages\/2875"}],"collection":[{"href":"http:\/\/www.presstourism.ch\/index.php?rest_route=\/wp\/v2\/pages"}],"about":[{"href":"http:\/\/www.presstourism.ch\/index.php?rest_route=\/wp\/v2\/types\/page"}],"author":[{"embeddable":true,"href":"http:\/\/www.presstourism.ch\/index.php?rest_route=\/wp\/v2\/users\/1"}],"replies":[{"embeddable":true,"href":"http:\/\/www.presstourism.ch\/index.php?rest_route=%2Fwp%2Fv2%2Fcomments&post=2875"}],"version-history":[{"count":14,"href":"http:\/\/www.presstourism.ch\/index.php?rest_route=\/wp\/v2\/pages\/2875\/revisions"}],"predecessor-version":[{"id":5089,"href":"http:\/\/www.presstourism.ch\/index.php?rest_route=\/wp\/v2\/pages\/2875\/revisions\/5089"}],"up":[{"embeddable":true,"href":"http:\/\/www.presstourism.ch\/index.php?rest_route=\/wp\/v2\/pages\/76"}],"wp:attachment":[{"href":"http:\/\/www.presstourism.ch\/index.php?rest_route=%2Fwp%2Fv2%2Fmedia&parent=2875"}],"curies":[{"name":"wp","href":"https:\/\/api.w.org\/{rel}","templated":true}]}}