{"id":2860,"date":"2016-08-04T09:44:53","date_gmt":"2016-08-04T08:44:53","guid":{"rendered":"http:\/\/www.presstourism.ch\/WP_ALEX\/?page_id=2860"},"modified":"2016-08-04T09:44:53","modified_gmt":"2016-08-04T08:44:53","slug":"disneyland-2016","status":"publish","type":"page","link":"http:\/\/www.presstourism.ch\/?page_id=2860","title":{"rendered":"Disneyland 2016"},"content":{"rendered":"<p><a href=\"https:\/\/i1.wp.com\/www.presstourism.ch\/WP_ALEX\/wp-content\/uploads\/2016\/08\/For\u00eat.jpg\"><img loading=\"lazy\" class=\"aligncenter wp-image-2861 size-large\" src=\"https:\/\/i2.wp.com\/www.presstourism.ch\/WP_ALEX\/wp-content\/uploads\/2016\/08\/For\u00eat-1024x683.jpg?resize=584%2C390\" alt=\"For\u00eat\" width=\"584\" height=\"390\" srcset=\"https:\/\/i1.wp.com\/www.presstourism.ch\/wp-content\/uploads\/2016\/08\/For\u00eat.jpg?resize=1024%2C683 1024w, https:\/\/i1.wp.com\/www.presstourism.ch\/wp-content\/uploads\/2016\/08\/For\u00eat.jpg?resize=300%2C200 300w, https:\/\/i1.wp.com\/www.presstourism.ch\/wp-content\/uploads\/2016\/08\/For\u00eat.jpg?resize=768%2C512 768w, https:\/\/i1.wp.com\/www.presstourism.ch\/wp-content\/uploads\/2016\/08\/For\u00eat.jpg?resize=600%2C400 600w, https:\/\/i1.wp.com\/www.presstourism.ch\/wp-content\/uploads\/2016\/08\/For\u00eat.jpg?w=1168 1168w, https:\/\/i1.wp.com\/www.presstourism.ch\/wp-content\/uploads\/2016\/08\/For\u00eat.jpg?w=1752 1752w\" sizes=\"(max-width: 584px) 100vw, 584px\" data-recalc-dims=\"1\" \/><\/a>Un nouveau spectacle en hommage \u00e0 la nature et un semi-marathon vont notamment marquer la saison 2016 de la premi\u00e8re destination touristique europ\u00e9enne.<\/p>\n<p><strong>La For\u00eat de l\u2019Enchantement. <\/strong>Un nouveau spectacle magique d\u00e9di\u00e9 \u00e0 Dame Nature o\u00f9 les d\u00e9cors, les costumes et les maquillages respirent l\u2019odeur et les couleurs de la for\u00eat vient de prendre possession du th\u00e9\u00e2tre Chaparral. Show rampant, dansant, acrobatique, il r\u00e9unit plusieurs personnages c\u00e9l\u00e8bres de Disney, dont quelques-uns des plus r\u00e9cents. A un moment donn\u00e9, Tarzan surprend m\u00eame le public\u2026 La sc\u00e8ne r\u00e9sonne de la prestation du roi de la jungle et de ses partenaires. Broadway n\u2019est pas loin!<\/p>\n<p><strong>Mickey et le Magicien. <\/strong>Depuis le 2 juillet, aux Walt Disney Studios, Mickey trouve de curieux accessoires et de myst\u00e9rieux objets en rangeant l\u2019atelier d\u2019un magicien. La magie ne va pas tarder \u00e0 op\u00e9rer, les rebondissements th\u00e9\u00e2traux vont s\u2019en m\u00ealer et Mickey de devenir magicien \u00e0 son tour.<\/p>\n<p><strong>L\u2019Acad\u00e9mie d\u2019entra\u00eenement Jedi.<\/strong> Des Padawans de 7 \u00e0 12 ans s\u2019entra\u00eenent \u00e0 devenir de v\u00e9ritables chevaliers Jedi gr\u00e2ce au savoir-faire d\u2019un orf\u00e8vre en la mati\u00e8re. Ce spectacle interactif o\u00f9 les parents assisteront aux premi\u00e8res loges \u00e0 la formation de leur prog\u00e9niture se d\u00e9roulera \u00e0 Videopolis (Discoveryland).<\/p>\n<p><strong>F\u00eate givr\u00e9e \u00e0 Disneyland Paris. <\/strong>La Reine des Neige sera de nouveau \u00e0 l\u2019honneur avec le spectacle interactif (4 juin\u201418 septembre) incluant Chantons la Reine des Neiges, la place du March\u00e9 aux couleurs de la Reine des Neiges, l\u2019apparition d\u2019Elsa et d\u2019Anna dans le parc Disneyland, ainsi qu\u2019une s\u00e9quence sp\u00e9ciale dans le spectacle nocturne \u00e9poustouflant Disney Dreams!<\/p>\n<p><strong>Disneyland Paris ne manque pas de souffle. <\/strong>Pour la premi\u00e8re fois, Disneyland accueillera un semi-marathon du 23 au 25 septembre 2016. Organis\u00e9 en collaboration avec runDisney, il est ouvert \u00e0 tout un chacun: individuels, enfants, familles. L\u2019on peut courir d\u00e9guis\u00e9 et c\u00f4toyer les personnages de Disney. Tr\u00e8s populaire aux Etats-Unis, cette manifestation quittera le sol am\u00e9ricain pour la premi\u00e8re fois l\u2019\u00e9t\u00e9 prochain pour venir faire transpirer le site de Marne-la-Vall\u00e9e et les villages voisins. (DWA, Disneyland Paris)<\/p>\n<hr \/>\n<p><strong>L\u2019h\u00f4tel Newport Bay Club \u00e0 Disneyland Paris a fait peau neuve<\/strong><\/p>\n<hr \/>\n<p><a href=\"https:\/\/i2.wp.com\/www.presstourism.ch\/WP_ALEX\/wp-content\/uploads\/2016\/08\/2554031-Newport-Bay-Club.jpg\"><img loading=\"lazy\" class=\"wp-image-2862 size-large\" src=\"https:\/\/i0.wp.com\/www.presstourism.ch\/WP_ALEX\/wp-content\/uploads\/2016\/08\/2554031-Newport-Bay-Club-1024x677.jpg?resize=584%2C386\" alt=\"2554031 Newport Bay Club\" width=\"584\" height=\"386\" srcset=\"https:\/\/i0.wp.com\/www.presstourism.ch\/wp-content\/uploads\/2016\/08\/2554031-Newport-Bay-Club.jpg?resize=1024%2C677 1024w, https:\/\/i0.wp.com\/www.presstourism.ch\/wp-content\/uploads\/2016\/08\/2554031-Newport-Bay-Club.jpg?resize=300%2C198 300w, https:\/\/i0.wp.com\/www.presstourism.ch\/wp-content\/uploads\/2016\/08\/2554031-Newport-Bay-Club.jpg?resize=768%2C508 768w, https:\/\/i0.wp.com\/www.presstourism.ch\/wp-content\/uploads\/2016\/08\/2554031-Newport-Bay-Club.jpg?resize=600%2C397 600w, https:\/\/i0.wp.com\/www.presstourism.ch\/wp-content\/uploads\/2016\/08\/2554031-Newport-Bay-Club.jpg?w=1168 1168w, https:\/\/i0.wp.com\/www.presstourism.ch\/wp-content\/uploads\/2016\/08\/2554031-Newport-Bay-Club.jpg?w=1752 1752w\" sizes=\"(max-width: 584px) 100vw, 584px\" data-recalc-dims=\"1\" \/><\/a><\/p>\n<p>Le Newport Bay Club est le plus grand h\u00f4tel de France et le deuxi\u00e8me au plan europ\u00e9en<\/p>\n<p><strong>Etablissement pr\u00e9f\u00e9r\u00e9 des Suisses, il est pass\u00e9 de 3 \u00e0 4 \u00e9toiles apr\u00e8s deux ans de travaux. \u00a0\u00a0\u00a0<\/strong><\/p>\n<p>Mille cent chambres, un centre de congr\u00e8s de 5500 m2, 450 \u00e9v\u00e9nements par an\u2026 Le Newport Bay Club, l\u2019h\u00f4tel pr\u00e9f\u00e9r\u00e9 des Suisses (et des Espagnols, qui appr\u00e9cient beaucoup son c\u00f4t\u00e9 baln\u00e9aire) en s\u00e9jour \u00e0 Disneyland Paris, sort d\u2019une cure de jouvence qui aura dur\u00e9 pr\u00e8s de deux ans et co\u00fbt\u00e9 76 millions de francs. Il a gagn\u00e9 une \u00e9toile dans la r\u00e9novation, passant de trois \u00e0 quatre. \u00abSi le th\u00e8me de la marine en fait la sp\u00e9cificit\u00e9 \u2013 <em>r\u00e9d<\/em>. voir, \u00e0 ce propos, le bateau qui entre litt\u00e9ralement dans la piscine int\u00e9rieure \u2013, cet \u00e9tablissement ressemble d\u00e9sormais \u00e0 un paquebot de croisi\u00e8re color\u00e9 et chaleureux avec des chambres donnant l\u2019impression que l\u2019on dort dans une v\u00e9ritable cabine\u00bb, explique Laurent Cayuela, le concepteur, qui en a imagin\u00e9 les nouvelles courbes. Les prises y sont \u00e9galement plus nombreuses pour s\u2019adapter aux besoins d\u2019aujourd\u2019hui.<\/p>\n<p>La r\u00e9ception, o\u00f9 se trouve un grand \u00e9cran tactile permettant d\u2019obtenir facilement les infos souhait\u00e9es (il suffit d\u2019appuyer sur les onglets de son choix), est aussi plus vaste et accueillante qu\u2019avant. Quant \u00e0 la boutique, \u00e0 rouvrir en septembre, elle aura d\u00e9sormais vue sur le lac situ\u00e9 devant\u00a0 le Newport Bay Club.<\/p>\n<p><strong>Un \u00e9tablissement tr\u00e8s sollicit\u00e9 par les entreprises<\/strong><\/p>\n<p>Le Compass (boussole en fran\u00e7ais) Club, sorte d\u2019h\u00f4tel dans l\u2019h\u00f4tel, qui propose divers services exclusifs aux 114 nouvelles chambres qui le composent (enregistrement priv\u00e9, accompagnement en chambre, go\u00fbter l\u2019apr\u00e8s-midi, etc.), a \u00e9galement vu le jour dans le cadre des travaux. Le lounge, o\u00f9 l\u2019on prend notamment le petit-d\u00e9jeuner, est une vraie r\u00e9ussite en termes de design, avec ses grands hublots, sa \u00abvue mer\u00bb et un ciel \u00e9toil\u00e9 o\u00f9 volent notamment des oiseaux\u2026<\/p>\n<p>\u00abL\u2019on peut demander une privatisation totale de l\u2019\u00e9tablissement, qui accueille donc \u00e0 la fois une client\u00e8le de loisirs et business, souligne le directeur, Marco Bernini. Le centre de convention abritera un restaurant de quelque 200 places pour le petit-d\u00e9jeuner, car les horaires des businessmen sont diff\u00e9rents de ceux des touristes classiques du parc.\u00bb<\/p>\n<p>Le Newport Bay Club, plus grand h\u00f4tel de France et deuxi\u00e8me au plan europ\u00e9en, a une capacit\u00e9 d\u2019accueil de 3600 clients par jour et d\u2019un million sur l\u2019ann\u00e9e. Un million de repas y sont \u00e9galement servis. Enfin, le taux moyen de remplissage annuel se monte \u00e0 pr\u00e8s de 80%.<\/p>\n<p style=\"text-align: right;\"><strong>Didier Walzer<\/strong><\/p>\n<p>&nbsp;<\/p>\n","protected":false},"excerpt":{"rendered":"<p>Un nouveau spectacle en hommage \u00e0 la nature et un semi-marathon vont notamment marquer la saison 2016 de la premi\u00e8re destination touristique europ\u00e9enne. La For\u00eat de l\u2019Enchantement. Un nouveau spectacle magique d\u00e9di\u00e9 \u00e0 Dame Nature o\u00f9 les d\u00e9cors, les costumes &hellip; <a href=\"http:\/\/www.presstourism.ch\/?page_id=2860\">Continuer la lecture <span class=\"meta-nav\">&rarr;<\/span><\/a><\/p>\n","protected":false},"author":1,"featured_media":0,"parent":2857,"menu_order":0,"comment_status":"closed","ping_status":"closed","template":"","meta":{"ngg_post_thumbnail":0,"spay_email":""},"jetpack_sharing_enabled":true,"jetpack_shortlink":"https:\/\/wp.me\/P468TV-K8","_links":{"self":[{"href":"http:\/\/www.presstourism.ch\/index.php?rest_route=\/wp\/v2\/pages\/2860"}],"collection":[{"href":"http:\/\/www.presstourism.ch\/index.php?rest_route=\/wp\/v2\/pages"}],"about":[{"href":"http:\/\/www.presstourism.ch\/index.php?rest_route=\/wp\/v2\/types\/page"}],"author":[{"embeddable":true,"href":"http:\/\/www.presstourism.ch\/index.php?rest_route=\/wp\/v2\/users\/1"}],"replies":[{"embeddable":true,"href":"http:\/\/www.presstourism.ch\/index.php?rest_route=%2Fwp%2Fv2%2Fcomments&post=2860"}],"version-history":[{"count":1,"href":"http:\/\/www.presstourism.ch\/index.php?rest_route=\/wp\/v2\/pages\/2860\/revisions"}],"predecessor-version":[{"id":2863,"href":"http:\/\/www.presstourism.ch\/index.php?rest_route=\/wp\/v2\/pages\/2860\/revisions\/2863"}],"up":[{"embeddable":true,"href":"http:\/\/www.presstourism.ch\/index.php?rest_route=\/wp\/v2\/pages\/2857"}],"wp:attachment":[{"href":"http:\/\/www.presstourism.ch\/index.php?rest_route=%2Fwp%2Fv2%2Fmedia&parent=2860"}],"curies":[{"name":"wp","href":"https:\/\/api.w.org\/{rel}","templated":true}]}}