{"id":2839,"date":"2016-08-01T11:05:09","date_gmt":"2016-08-01T10:05:09","guid":{"rendered":"http:\/\/www.presstourism.ch\/WP_ALEX\/?page_id=2839"},"modified":"2024-04-12T20:11:50","modified_gmt":"2024-04-12T18:11:50","slug":"le-superbe-ecrin-du-lac-saint-point","status":"publish","type":"page","link":"http:\/\/www.presstourism.ch\/?page_id=2839","title":{"rendered":"Le superbe \u00e9crin du lac Saint-Point"},"content":{"rendered":"<div id=\"attachment_2840\" style=\"width: 650px\" class=\"wp-caption aligncenter\"><a href=\"https:\/\/i0.wp.com\/www.presstourism.ch\/WP_ALEX\/wp-content\/uploads\/2016\/08\/1SaintPointBoutLac.jpeg\"><img aria-describedby=\"caption-attachment-2840\" loading=\"lazy\" class=\"wp-image-2840 size-large\" src=\"https:\/\/i0.wp.com\/www.presstourism.ch\/WP_ALEX\/wp-content\/uploads\/2016\/08\/1SaintPointBoutLac-1024x683.jpeg?resize=584%2C390\" alt=\"1) Au bout du lac Saint-Point, troisi\u00e8me plan d'eau naturel de France et propice \u00e0 de belles randonn\u00e9es.\" width=\"584\" height=\"390\" srcset=\"https:\/\/i0.wp.com\/www.presstourism.ch\/wp-content\/uploads\/2016\/08\/1SaintPointBoutLac.jpeg?resize=1024%2C683 1024w, https:\/\/i0.wp.com\/www.presstourism.ch\/wp-content\/uploads\/2016\/08\/1SaintPointBoutLac.jpeg?resize=300%2C200 300w, https:\/\/i0.wp.com\/www.presstourism.ch\/wp-content\/uploads\/2016\/08\/1SaintPointBoutLac.jpeg?resize=768%2C512 768w, https:\/\/i0.wp.com\/www.presstourism.ch\/wp-content\/uploads\/2016\/08\/1SaintPointBoutLac.jpeg?resize=600%2C400 600w, https:\/\/i0.wp.com\/www.presstourism.ch\/wp-content\/uploads\/2016\/08\/1SaintPointBoutLac.jpeg?w=1280 1280w, https:\/\/i0.wp.com\/www.presstourism.ch\/wp-content\/uploads\/2016\/08\/1SaintPointBoutLac.jpeg?w=1168 1168w\" sizes=\"(max-width: 584px) 100vw, 584px\" data-recalc-dims=\"1\" \/><\/a><p id=\"caption-attachment-2840\" class=\"wp-caption-text\">1) Au bout du lac Saint-Point, troisi\u00e8me plan d&rsquo;eau naturel de France et propice \u00e0 de belles randonn\u00e9es.<\/p><\/div>\n<p>FRANCE VOISINE &#8211; Form\u00e9 par le Doubs, ce joli lac mesure 7,2&nbsp;km de long sur 950 m\u00e8tres de large. On en fait le tour sur une boucle de 23 km bien balis\u00e9e, mais qu&rsquo;on peut fractionner.<\/p>\n<div id=\"attachment_2841\" style=\"width: 650px\" class=\"wp-caption aligncenter\"><a href=\"https:\/\/i1.wp.com\/www.presstourism.ch\/WP_ALEX\/wp-content\/uploads\/2016\/08\/2SaintPointVillage.jpeg\"><img aria-describedby=\"caption-attachment-2841\" loading=\"lazy\" class=\"wp-image-2841 size-large\" src=\"https:\/\/i0.wp.com\/www.presstourism.ch\/WP_ALEX\/wp-content\/uploads\/2016\/08\/2SaintPointVillage-1024x683.jpeg?resize=584%2C390\" alt=\"2) Le petit port du village de Saint-Point, qui a aussi une jolie plage et une \u00e9glise caract\u00e9ristique de Franche-Comt\u00e9.\" width=\"584\" height=\"390\" srcset=\"https:\/\/i1.wp.com\/www.presstourism.ch\/wp-content\/uploads\/2016\/08\/2SaintPointVillage.jpeg?resize=1024%2C683 1024w, https:\/\/i1.wp.com\/www.presstourism.ch\/wp-content\/uploads\/2016\/08\/2SaintPointVillage.jpeg?resize=300%2C200 300w, https:\/\/i1.wp.com\/www.presstourism.ch\/wp-content\/uploads\/2016\/08\/2SaintPointVillage.jpeg?resize=768%2C512 768w, https:\/\/i1.wp.com\/www.presstourism.ch\/wp-content\/uploads\/2016\/08\/2SaintPointVillage.jpeg?resize=600%2C400 600w, https:\/\/i1.wp.com\/www.presstourism.ch\/wp-content\/uploads\/2016\/08\/2SaintPointVillage.jpeg?w=1280 1280w, https:\/\/i1.wp.com\/www.presstourism.ch\/wp-content\/uploads\/2016\/08\/2SaintPointVillage.jpeg?w=1168 1168w\" sizes=\"(max-width: 584px) 100vw, 584px\" data-recalc-dims=\"1\" \/><\/a><p id=\"caption-attachment-2841\" class=\"wp-caption-text\">2) Le petit port du village de Saint-Point, qui a aussi une jolie plage et une \u00e9glise caract\u00e9ristique de Franche-Comt\u00e9.<\/p><\/div>\n<p>Les richesses naturelles du massif du Jura sont nombreuses et elles se pr\u00eatent particuli\u00e8rement bien aux randonn\u00e9es en \u00e9t\u00e9.<\/p>\n<div id=\"attachment_2842\" style=\"width: 650px\" class=\"wp-caption aligncenter\"><a href=\"https:\/\/i2.wp.com\/www.presstourism.ch\/WP_ALEX\/wp-content\/uploads\/2016\/08\/3SaintPointVert.jpeg\"><img aria-describedby=\"caption-attachment-2842\" loading=\"lazy\" class=\"wp-image-2842 size-large\" src=\"https:\/\/i2.wp.com\/www.presstourism.ch\/WP_ALEX\/wp-content\/uploads\/2016\/08\/3SaintPointVert-1024x720.jpeg?resize=584%2C411\" alt=\"3) Le trac\u00e9 du sentier p\u00e9destre passe \u00e9galement dans des petits coins sauvages verdoyants et sauvages.\" width=\"584\" height=\"411\" srcset=\"https:\/\/i2.wp.com\/www.presstourism.ch\/wp-content\/uploads\/2016\/08\/3SaintPointVert.jpeg?resize=1024%2C720 1024w, https:\/\/i2.wp.com\/www.presstourism.ch\/wp-content\/uploads\/2016\/08\/3SaintPointVert.jpeg?resize=300%2C211 300w, https:\/\/i2.wp.com\/www.presstourism.ch\/wp-content\/uploads\/2016\/08\/3SaintPointVert.jpeg?resize=768%2C540 768w, https:\/\/i2.wp.com\/www.presstourism.ch\/wp-content\/uploads\/2016\/08\/3SaintPointVert.jpeg?resize=600%2C422 600w, https:\/\/i2.wp.com\/www.presstourism.ch\/wp-content\/uploads\/2016\/08\/3SaintPointVert.jpeg?w=1280 1280w, https:\/\/i2.wp.com\/www.presstourism.ch\/wp-content\/uploads\/2016\/08\/3SaintPointVert.jpeg?w=1168 1168w\" sizes=\"(max-width: 584px) 100vw, 584px\" data-recalc-dims=\"1\" \/><\/a><p id=\"caption-attachment-2842\" class=\"wp-caption-text\">3) Le trac\u00e9 du sentier p\u00e9destre passe \u00e9galement dans des petits coins sauvages verdoyants et sauvages.<\/p><\/div>\n<p>A pr\u00e8s de 850 m\u00e8tres d&rsquo;altitude et \u00e0 moins d&rsquo;une heure d&rsquo;Yverdon-les-Bains, le lac Saint-Point en fait partie et s&rsquo;ins\u00e8re magnifiquement dans un paysage vallonn\u00e9 de prairies et de for\u00eats. Il est bord\u00e9 par quatre communes, dont Saint-Point-Lac \u2013 qui lui a donn\u00e9 son nom \u2013 et Malbuisson, en quelque sorte la capitale.<\/p>\n<div id=\"attachment_2843\" style=\"width: 650px\" class=\"wp-caption aligncenter\"><a href=\"https:\/\/i0.wp.com\/www.presstourism.ch\/WP_ALEX\/wp-content\/uploads\/2016\/08\/4MalbuissondepEscale.jpeg\"><img aria-describedby=\"caption-attachment-2843\" loading=\"lazy\" class=\"wp-image-2843 size-large\" src=\"https:\/\/i1.wp.com\/www.presstourism.ch\/WP_ALEX\/wp-content\/uploads\/2016\/08\/4MalbuissondepEscale-1024x683.jpeg?resize=584%2C390\" alt=\"4) Malbuisson et un p\u00eacheur depuis la rive de l'Escale, \u00e0 la Petite Combe, o\u00f9 on peut d\u00e9guster de bons poissons.\" width=\"584\" height=\"390\" srcset=\"https:\/\/i1.wp.com\/www.presstourism.ch\/wp-content\/uploads\/2016\/08\/4MalbuissondepEscale.jpeg?resize=1024%2C683 1024w, https:\/\/i1.wp.com\/www.presstourism.ch\/wp-content\/uploads\/2016\/08\/4MalbuissondepEscale.jpeg?resize=300%2C200 300w, https:\/\/i1.wp.com\/www.presstourism.ch\/wp-content\/uploads\/2016\/08\/4MalbuissondepEscale.jpeg?resize=768%2C512 768w, https:\/\/i1.wp.com\/www.presstourism.ch\/wp-content\/uploads\/2016\/08\/4MalbuissondepEscale.jpeg?resize=600%2C400 600w, https:\/\/i1.wp.com\/www.presstourism.ch\/wp-content\/uploads\/2016\/08\/4MalbuissondepEscale.jpeg?w=1280 1280w, https:\/\/i1.wp.com\/www.presstourism.ch\/wp-content\/uploads\/2016\/08\/4MalbuissondepEscale.jpeg?w=1168 1168w\" sizes=\"(max-width: 584px) 100vw, 584px\" data-recalc-dims=\"1\" \/><\/a><p id=\"caption-attachment-2843\" class=\"wp-caption-text\">4) Malbuisson et un p\u00eacheur depuis la rive de l&rsquo;Escale, \u00e0 la Petite Combe, o\u00f9 on peut d\u00e9guster de bons poissons.<\/p><\/div>\n<p>On peut faire le tour du plan d&rsquo;eau, ou bien des balades fractionn\u00e9es, en partant de Malbuisson-Plage et en suivant les pancartes \u00ab\u00a0Sentier du Tour du Lac\u00a0\u00bb. On rejoint d&rsquo;abord Chaudron puis Montperreux et l&rsquo;Anse de Chaon, o\u00f9 le chemin s&rsquo;\u00e9tire le long de hauts roseaux et d&rsquo;un village de vacances. Pour arriver \u00e0 l&rsquo;extr\u00e9mit\u00e9 nord-est et traverser le pont de bois qui franchit le Doubs.<\/p>\n<div id=\"attachment_2844\" style=\"width: 650px\" class=\"wp-caption aligncenter\"><a href=\"https:\/\/i2.wp.com\/www.presstourism.ch\/WP_ALEX\/wp-content\/uploads\/2016\/08\/5StPointDoubs.jpeg\"><img aria-describedby=\"caption-attachment-2844\" loading=\"lazy\" class=\"wp-image-2844 size-large\" src=\"https:\/\/i2.wp.com\/www.presstourism.ch\/WP_ALEX\/wp-content\/uploads\/2016\/08\/5StPointDoubs-1024x683.jpeg?resize=584%2C390\" alt=\"5) Le pont de bois qui traverse le Doubs \u00e0 l'extr\u00e9mit\u00e9 du lac entre Chaon et Port Titi.\" width=\"584\" height=\"390\" srcset=\"https:\/\/i1.wp.com\/www.presstourism.ch\/wp-content\/uploads\/2016\/08\/5StPointDoubs.jpeg?resize=1024%2C683 1024w, https:\/\/i1.wp.com\/www.presstourism.ch\/wp-content\/uploads\/2016\/08\/5StPointDoubs.jpeg?resize=300%2C200 300w, https:\/\/i1.wp.com\/www.presstourism.ch\/wp-content\/uploads\/2016\/08\/5StPointDoubs.jpeg?resize=768%2C512 768w, https:\/\/i1.wp.com\/www.presstourism.ch\/wp-content\/uploads\/2016\/08\/5StPointDoubs.jpeg?resize=600%2C400 600w, https:\/\/i1.wp.com\/www.presstourism.ch\/wp-content\/uploads\/2016\/08\/5StPointDoubs.jpeg?w=1280 1280w, https:\/\/i1.wp.com\/www.presstourism.ch\/wp-content\/uploads\/2016\/08\/5StPointDoubs.jpeg?w=1168 1168w\" sizes=\"(max-width: 584px) 100vw, 584px\" data-recalc-dims=\"1\" \/><\/a><p id=\"caption-attachment-2844\" class=\"wp-caption-text\">5) Le pont de bois qui traverse le Doubs \u00e0 l&rsquo;extr\u00e9mit\u00e9 du lac entre Chaon et Port Titi.<\/p><\/div>\n<p>S&rsquo;ensuit Port Titi puis les Grangettes, ses belles fermes et un superbe panorama lors des beaux jours de l&rsquo;\u00e9t\u00e9. Sur ce versant, le trac\u00e9 est plus \u00e9loign\u00e9 de la rive jusqu&rsquo;\u00e0 Saint-Point-Lac, bourg accueillant avec son petit port et sa plage, son \u00e9glise pittoresque au clocher comtois, ainsi que sa nef romane en berceau du 12e si\u00e8cle. Pour s&rsquo;en aller ensuite vers l&rsquo;Abbaye et le riche milieu naturel qui s\u00e9pare le lac Saint-Point de celui de Remoray. Avant de retourner rapidement vers Malbuisson par Grange Ste-Marie.<\/p>\n<div id=\"attachment_2845\" style=\"width: 650px\" class=\"wp-caption aligncenter\"><a href=\"https:\/\/i0.wp.com\/www.presstourism.ch\/WP_ALEX\/wp-content\/uploads\/2016\/08\/6CygnesStPoint.jpeg\"><img aria-describedby=\"caption-attachment-2845\" loading=\"lazy\" class=\"wp-image-2845 size-large\" src=\"https:\/\/i2.wp.com\/www.presstourism.ch\/WP_ALEX\/wp-content\/uploads\/2016\/08\/6CygnesStPoint-767x1024.jpeg?resize=584%2C779\" alt=\"6) Une famille de cygnes en balade.\" width=\"584\" height=\"779\" srcset=\"https:\/\/i0.wp.com\/www.presstourism.ch\/wp-content\/uploads\/2016\/08\/6CygnesStPoint.jpeg?resize=767%2C1024 767w, https:\/\/i0.wp.com\/www.presstourism.ch\/wp-content\/uploads\/2016\/08\/6CygnesStPoint.jpeg?resize=225%2C300 225w, https:\/\/i0.wp.com\/www.presstourism.ch\/wp-content\/uploads\/2016\/08\/6CygnesStPoint.jpeg?resize=768%2C1025 768w, https:\/\/i0.wp.com\/www.presstourism.ch\/wp-content\/uploads\/2016\/08\/6CygnesStPoint.jpeg?resize=600%2C801 600w, https:\/\/i0.wp.com\/www.presstourism.ch\/wp-content\/uploads\/2016\/08\/6CygnesStPoint.jpeg?w=959 959w\" sizes=\"(max-width: 584px) 100vw, 584px\" data-recalc-dims=\"1\" \/><\/a><p id=\"caption-attachment-2845\" class=\"wp-caption-text\">6) Une famille de cygnes en balade.<\/p><\/div>\n<p>Sur le lac, en plus de la baignade, on peut pratiquer de nombreuses activit\u00e9s: bateau (\u00e0 voile uniquement), aviron, cano\u00eb, kayak, planche \u00e0 voile, p\u00e9dalo, la p\u00eache et m\u00eame du kitesurf. De quoi jumeler une randonn\u00e9e avec des loisirs lacustres bienvenus durant l&rsquo;\u00e9t\u00e9. Au fait, le lac Saint-Point a une l\u00e9gende qui est racont\u00e9e sur les panneaux de signalisation et d&rsquo;informations de son sentier p\u00e9destre.<\/p>\n<p><strong>Texte et photos: Roger Juillerat<\/strong><\/p>\n<div id=\"attachment_2846\" style=\"width: 650px\" class=\"wp-caption aligncenter\"><a href=\"https:\/\/i1.wp.com\/www.presstourism.ch\/WP_ALEX\/wp-content\/uploads\/2016\/08\/7SaintPointHo\u0302telLac.jpeg\"><img aria-describedby=\"caption-attachment-2846\" loading=\"lazy\" class=\"wp-image-2846 size-large\" src=\"https:\/\/i2.wp.com\/www.presstourism.ch\/WP_ALEX\/wp-content\/uploads\/2016\/08\/7SaintPointHo\u0302telLac-1024x683.jpeg?resize=584%2C390\" alt=\"7) L'H\u00f4tel-Restaurant Le Lac \u00e0 Malbuisson, une bonne adresse pour d\u00e9guster les sp\u00e9cialit\u00e9s r\u00e9gionales.\" width=\"584\" height=\"390\" srcset=\"https:\/\/i1.wp.com\/www.presstourism.ch\/wp-content\/uploads\/2016\/08\/7SaintPointHo\u0302telLac.jpeg?resize=1024%2C683 1024w, https:\/\/i1.wp.com\/www.presstourism.ch\/wp-content\/uploads\/2016\/08\/7SaintPointHo\u0302telLac.jpeg?resize=300%2C200 300w, https:\/\/i1.wp.com\/www.presstourism.ch\/wp-content\/uploads\/2016\/08\/7SaintPointHo\u0302telLac.jpeg?resize=768%2C512 768w, https:\/\/i1.wp.com\/www.presstourism.ch\/wp-content\/uploads\/2016\/08\/7SaintPointHo\u0302telLac.jpeg?resize=600%2C400 600w, https:\/\/i1.wp.com\/www.presstourism.ch\/wp-content\/uploads\/2016\/08\/7SaintPointHo\u0302telLac.jpeg?w=1280 1280w, https:\/\/i1.wp.com\/www.presstourism.ch\/wp-content\/uploads\/2016\/08\/7SaintPointHo\u0302telLac.jpeg?w=1168 1168w\" sizes=\"(max-width: 584px) 100vw, 584px\" data-recalc-dims=\"1\" \/><\/a><p id=\"caption-attachment-2846\" class=\"wp-caption-text\">7) L&rsquo;H\u00f4tel-Restaurant Le Lac \u00e0 Malbuisson, une bonne adresse pour d\u00e9guster les sp\u00e9cialit\u00e9s r\u00e9gionales.<\/p><\/div>\n<p><strong>Infos pratiques<\/strong><\/p>\n<p><strong>Y aller:<\/strong> depuis Yverdon, prendre la direction de Pontarlier. Aux H\u00f4pitaux-Neufs suivre M\u00e9tabief, Labergement-Ste-Marie puis Malbuisson.<\/p>\n<p><strong>Couettes et couverts:<\/strong> l&rsquo;H\u00f4tel-restaurant Le Lac, \u00e0 Malbuisson, avec ses plats aux saveurs du terroir r\u00e9gional, www.hotel-le-lac.fr. A la Petite Combe, pr\u00e8s du village de Saint-Point-Lac, les poissons frais du restaurant de l&rsquo;Escale.<\/p>\n<p><strong>D\u00e9couvrir:<\/strong> les croisi\u00e8res-promenades avec le P&rsquo;tit Saint Point, bateau \u00e9lectro-solaire qui peut accueillir 24 personnes \u00e0 l&#8217;embarcad\u00e8re de Malbuisson. Il y a aussi des navettes inter-rives \u00e0 Saint-Point-Lac.<\/p>\n<p><strong>Se renseigner:<\/strong> <a href=\"http:\/\/www.malbuisson-les-lacs.com\">www.malbuisson-les-lacs.com<\/a> et <a href=\"http:\/\/www.franche-comte.org\">www.franche-comte.org<\/a><\/p>\n<div id=\"attachment_2847\" style=\"width: 650px\" class=\"wp-caption aligncenter\"><a href=\"https:\/\/i2.wp.com\/www.presstourism.ch\/WP_ALEX\/wp-content\/uploads\/2016\/08\/8LacStPoint.jpeg\"><img aria-describedby=\"caption-attachment-2847\" loading=\"lazy\" class=\"wp-image-2847 size-large\" src=\"https:\/\/i0.wp.com\/www.presstourism.ch\/WP_ALEX\/wp-content\/uploads\/2016\/08\/8LacStPoint-1024x683.jpeg?resize=584%2C390\" alt=\"8) Un beau plongeon dans le Doubs lorsqu'il poursuit sa route \u00e0 la sortie du lac.\" width=\"584\" height=\"390\" srcset=\"https:\/\/i1.wp.com\/www.presstourism.ch\/wp-content\/uploads\/2016\/08\/8LacStPoint.jpeg?resize=1024%2C683 1024w, https:\/\/i1.wp.com\/www.presstourism.ch\/wp-content\/uploads\/2016\/08\/8LacStPoint.jpeg?resize=300%2C200 300w, https:\/\/i1.wp.com\/www.presstourism.ch\/wp-content\/uploads\/2016\/08\/8LacStPoint.jpeg?resize=768%2C512 768w, https:\/\/i1.wp.com\/www.presstourism.ch\/wp-content\/uploads\/2016\/08\/8LacStPoint.jpeg?resize=600%2C400 600w, https:\/\/i1.wp.com\/www.presstourism.ch\/wp-content\/uploads\/2016\/08\/8LacStPoint.jpeg?w=1280 1280w, https:\/\/i1.wp.com\/www.presstourism.ch\/wp-content\/uploads\/2016\/08\/8LacStPoint.jpeg?w=1168 1168w\" sizes=\"(max-width: 584px) 100vw, 584px\" data-recalc-dims=\"1\" \/><\/a><p id=\"caption-attachment-2847\" class=\"wp-caption-text\">8) Un beau plongeon dans le Doubs lorsqu&rsquo;il poursuit sa route \u00e0 la sortie du lac.<\/p><\/div>\n<p><a href=\"http:\/\/www.presstourism.ch\/wp-content\/uploads\/2016\/08\/NVT_Mercredi270716_w-BaladeStPointLac1.pdf\">Lire ou t\u00e9l\u00e9charger l&rsquo;article de presse du 27.7.2016<\/a><\/p>\n","protected":false},"excerpt":{"rendered":"<p>FRANCE VOISINE &#8211; Form\u00e9 par le Doubs, ce joli lac mesure 7,2&nbsp;km de long sur 950 m\u00e8tres de large. On en fait le tour sur une boucle de 23 km bien balis\u00e9e, mais qu&rsquo;on peut fractionner. Les richesses naturelles du &hellip; <a href=\"http:\/\/www.presstourism.ch\/?page_id=2839\">Continuer la lecture <span class=\"meta-nav\">&rarr;<\/span><\/a><\/p>\n","protected":false},"author":1,"featured_media":0,"parent":341,"menu_order":0,"comment_status":"closed","ping_status":"closed","template":"","meta":{"ngg_post_thumbnail":0,"spay_email":""},"jetpack_sharing_enabled":true,"jetpack_shortlink":"https:\/\/wp.me\/P468TV-JN","_links":{"self":[{"href":"http:\/\/www.presstourism.ch\/index.php?rest_route=\/wp\/v2\/pages\/2839"}],"collection":[{"href":"http:\/\/www.presstourism.ch\/index.php?rest_route=\/wp\/v2\/pages"}],"about":[{"href":"http:\/\/www.presstourism.ch\/index.php?rest_route=\/wp\/v2\/types\/page"}],"author":[{"embeddable":true,"href":"http:\/\/www.presstourism.ch\/index.php?rest_route=\/wp\/v2\/users\/1"}],"replies":[{"embeddable":true,"href":"http:\/\/www.presstourism.ch\/index.php?rest_route=%2Fwp%2Fv2%2Fcomments&post=2839"}],"version-history":[{"count":2,"href":"http:\/\/www.presstourism.ch\/index.php?rest_route=\/wp\/v2\/pages\/2839\/revisions"}],"predecessor-version":[{"id":9344,"href":"http:\/\/www.presstourism.ch\/index.php?rest_route=\/wp\/v2\/pages\/2839\/revisions\/9344"}],"up":[{"embeddable":true,"href":"http:\/\/www.presstourism.ch\/index.php?rest_route=\/wp\/v2\/pages\/341"}],"wp:attachment":[{"href":"http:\/\/www.presstourism.ch\/index.php?rest_route=%2Fwp%2Fv2%2Fmedia&parent=2839"}],"curies":[{"name":"wp","href":"https:\/\/api.w.org\/{rel}","templated":true}]}}