{"id":2820,"date":"2016-07-13T14:06:03","date_gmt":"2016-07-13T13:06:03","guid":{"rendered":"http:\/\/www.presstourism.ch\/WP_ALEX\/?page_id=2820"},"modified":"2016-07-13T14:06:03","modified_gmt":"2016-07-13T13:06:03","slug":"bergame-une-belle-ville-perchee-sur-une-colline","status":"publish","type":"page","link":"http:\/\/www.presstourism.ch\/?page_id=2820","title":{"rendered":"Bergame, une belle ville perch\u00e9e sur une colline"},"content":{"rendered":"<p><a href=\"https:\/\/i0.wp.com\/www.presstourism.ch\/WP_ALEX\/wp-content\/uploads\/2016\/07\/5BergamoRemparts2-Largeur-max.-1024-Hauteur-max.-768.jpg\"><img loading=\"lazy\" class=\"alignnone wp-image-2828 size-large\" src=\"https:\/\/i0.wp.com\/www.presstourism.ch\/WP_ALEX\/wp-content\/uploads\/2016\/07\/5BergamoRemparts2-Largeur-max.-1024-Hauteur-max.-768-1024x682.jpg?resize=584%2C389\" alt=\"5BergamoRemparts2 [Largeur max. 1024 Hauteur max. 768]\" width=\"584\" height=\"389\" srcset=\"https:\/\/i0.wp.com\/www.presstourism.ch\/wp-content\/uploads\/2016\/07\/5BergamoRemparts2-Largeur-max.-1024-Hauteur-max.-768.jpg?w=1024 1024w, https:\/\/i0.wp.com\/www.presstourism.ch\/wp-content\/uploads\/2016\/07\/5BergamoRemparts2-Largeur-max.-1024-Hauteur-max.-768.jpg?resize=300%2C200 300w, https:\/\/i0.wp.com\/www.presstourism.ch\/wp-content\/uploads\/2016\/07\/5BergamoRemparts2-Largeur-max.-1024-Hauteur-max.-768.jpg?resize=768%2C512 768w, https:\/\/i0.wp.com\/www.presstourism.ch\/wp-content\/uploads\/2016\/07\/5BergamoRemparts2-Largeur-max.-1024-Hauteur-max.-768.jpg?resize=600%2C400 600w\" sizes=\"(max-width: 584px) 100vw, 584px\" data-recalc-dims=\"1\" \/><\/a><\/p>\n<p>Moins connue que certaines de ses consoeurs italiennes, la cit\u00e9 lombarde a tout pour plaire, rec\u00e8le de nombreux attraits et se parcourt \u00e0 pied ou en funiculaire.<\/p>\n<p><div id=\"attachment_2830\" style=\"width: 650px\" class=\"wp-caption alignnone\"><a href=\"https:\/\/i0.wp.com\/www.presstourism.ch\/WP_ALEX\/wp-content\/uploads\/2016\/07\/7BergamoFuniculaire-Largeur-max.-1024-Hauteur-max.-768.jpg\"><img aria-describedby=\"caption-attachment-2830\" loading=\"lazy\" class=\"wp-image-2830 size-large\" src=\"https:\/\/i0.wp.com\/www.presstourism.ch\/WP_ALEX\/wp-content\/uploads\/2016\/07\/7BergamoFuniculaire-Largeur-max.-1024-Hauteur-max.-768-1024x768.jpg?resize=584%2C438\" alt=\"7BergamoFuniculaire [Largeur max. 1024 Hauteur max. 768]\" width=\"584\" height=\"438\" srcset=\"https:\/\/i2.wp.com\/www.presstourism.ch\/wp-content\/uploads\/2016\/07\/7BergamoFuniculaire-Largeur-max.-1024-Hauteur-max.-768.jpg?w=1024 1024w, https:\/\/i2.wp.com\/www.presstourism.ch\/wp-content\/uploads\/2016\/07\/7BergamoFuniculaire-Largeur-max.-1024-Hauteur-max.-768.jpg?resize=300%2C225 300w, https:\/\/i2.wp.com\/www.presstourism.ch\/wp-content\/uploads\/2016\/07\/7BergamoFuniculaire-Largeur-max.-1024-Hauteur-max.-768.jpg?resize=768%2C576 768w, https:\/\/i2.wp.com\/www.presstourism.ch\/wp-content\/uploads\/2016\/07\/7BergamoFuniculaire-Largeur-max.-1024-Hauteur-max.-768.jpg?resize=600%2C450 600w\" sizes=\"(max-width: 584px) 100vw, 584px\" data-recalc-dims=\"1\" \/><\/a><p id=\"caption-attachment-2830\" class=\"wp-caption-text\">Le funiculaire qui conduit sur la colline de San Vigilio.<\/p><\/div>\u00c0 la sortie de la gare, on peut d\u00e9j\u00e0 apercevoir au loin sur la colline la Citt\u00e0 Alta, qui a fait sa r\u00e9putation. Elle est plut\u00f4t jolie et vraiment \u00e9tonnante, cette ville de Bergame, d\u00e8s qu&rsquo;on a justement pris de la hauteur. En empruntant ses deux funiculaires, car les grimpettes sont rudes. Le premier pour rejoindre la Piazza Vecchia et le deuxi\u00e8me plus \u00e0 l&rsquo;ouest pour monter \u00e0 San Vigilio et au parc dei Colli, qui constitue un \u00e9tage sup\u00e9rieur.<\/p>\n<div id=\"attachment_2827\" style=\"width: 650px\" class=\"wp-caption alignnone\"><a href=\"https:\/\/i2.wp.com\/www.presstourism.ch\/WP_ALEX\/wp-content\/uploads\/2016\/07\/4BergamoRemparts1-Largeur-max.-1024-Hauteur-max.-768.jpg\"><img aria-describedby=\"caption-attachment-2827\" loading=\"lazy\" class=\"wp-image-2827 size-large\" src=\"https:\/\/i1.wp.com\/www.presstourism.ch\/WP_ALEX\/wp-content\/uploads\/2016\/07\/4BergamoRemparts1-Largeur-max.-1024-Hauteur-max.-768-1024x682.jpg?resize=584%2C389\" alt=\"Une partie des remparts qui font 6 km et ont permis \u00e0 la cit\u00e9 de n'\u00eatre jamais conquise.\" width=\"584\" height=\"389\" srcset=\"https:\/\/i0.wp.com\/www.presstourism.ch\/wp-content\/uploads\/2016\/07\/4BergamoRemparts1-Largeur-max.-1024-Hauteur-max.-768.jpg?w=1024 1024w, https:\/\/i0.wp.com\/www.presstourism.ch\/wp-content\/uploads\/2016\/07\/4BergamoRemparts1-Largeur-max.-1024-Hauteur-max.-768.jpg?resize=300%2C200 300w, https:\/\/i0.wp.com\/www.presstourism.ch\/wp-content\/uploads\/2016\/07\/4BergamoRemparts1-Largeur-max.-1024-Hauteur-max.-768.jpg?resize=768%2C512 768w, https:\/\/i0.wp.com\/www.presstourism.ch\/wp-content\/uploads\/2016\/07\/4BergamoRemparts1-Largeur-max.-1024-Hauteur-max.-768.jpg?resize=600%2C400 600w\" sizes=\"(max-width: 584px) 100vw, 584px\" data-recalc-dims=\"1\" \/><\/a><p id=\"caption-attachment-2827\" class=\"wp-caption-text\">Une partie des remparts qui font 6 km et ont permis \u00e0 la cit\u00e9 de n&rsquo;\u00eatre jamais conquise.<\/p><\/div>\n<p>Depuis les funiculaires, votre regard se posera tout de suite sur les imposants remparts de la ville. Erig\u00e9s au XVIe si\u00e8cle et aujourd&rsquo;hui encore intacts, ils ont permis \u00e0 Bergame de n&rsquo;\u00eatre jamais conquise. Cette structure de d\u00e9fense a un p\u00e9rim\u00e8tre de six kilom\u00e8tres et compte quatre majestueuses portes d&rsquo;entr\u00e9e, dont celle de San Giacomo, particuli\u00e8rement suggestive de cette invincibilit\u00e9.<\/p>\n<div id=\"attachment_2824\" style=\"width: 650px\" class=\"wp-caption alignnone\"><a href=\"https:\/\/i1.wp.com\/www.presstourism.ch\/WP_ALEX\/wp-content\/uploads\/2016\/07\/1BergamoPiazzaVecchia-Largeur-max.-1024-Hauteur-max.-768.jpg\"><img aria-describedby=\"caption-attachment-2824\" loading=\"lazy\" class=\"wp-image-2824 size-large\" src=\"https:\/\/i1.wp.com\/www.presstourism.ch\/WP_ALEX\/wp-content\/uploads\/2016\/07\/1BergamoPiazzaVecchia-Largeur-max.-1024-Hauteur-max.-768-1024x682.jpg?resize=584%2C389\" alt=\"Sur la Piazza Vecchia, dans la Ville Haute, le coeur noble de la cit\u00e9. \" width=\"584\" height=\"389\" srcset=\"https:\/\/i0.wp.com\/www.presstourism.ch\/wp-content\/uploads\/2016\/07\/1BergamoPiazzaVecchia-Largeur-max.-1024-Hauteur-max.-768.jpg?w=1024 1024w, https:\/\/i0.wp.com\/www.presstourism.ch\/wp-content\/uploads\/2016\/07\/1BergamoPiazzaVecchia-Largeur-max.-1024-Hauteur-max.-768.jpg?resize=300%2C200 300w, https:\/\/i0.wp.com\/www.presstourism.ch\/wp-content\/uploads\/2016\/07\/1BergamoPiazzaVecchia-Largeur-max.-1024-Hauteur-max.-768.jpg?resize=768%2C512 768w, https:\/\/i0.wp.com\/www.presstourism.ch\/wp-content\/uploads\/2016\/07\/1BergamoPiazzaVecchia-Largeur-max.-1024-Hauteur-max.-768.jpg?resize=600%2C400 600w\" sizes=\"(max-width: 584px) 100vw, 584px\" data-recalc-dims=\"1\" \/><\/a><p id=\"caption-attachment-2824\" class=\"wp-caption-text\">Sur la Piazza Vecchia, dans la Ville Haute, le coeur noble de la cit\u00e9.<\/p><\/div>\n<p>Mais revenons sur la Piazza Vecchia, qu&rsquo;on atteint rapidement depuis la station sup\u00e9rieure du premier funiculaire. Pour admirer et visiter ses richesses du patrimoine tout autour de la basilique de Santa Maria Maggiore.<\/p>\n<div id=\"attachment_2825\" style=\"width: 522px\" class=\"wp-caption aligncenter\"><a href=\"https:\/\/i1.wp.com\/www.presstourism.ch\/WP_ALEX\/wp-content\/uploads\/2016\/07\/2BergamoTourCivique-Largeur-max.-1024-Hauteur-max.-768.jpg\"><img aria-describedby=\"caption-attachment-2825\" loading=\"lazy\" class=\"wp-image-2825 size-full\" src=\"https:\/\/i1.wp.com\/www.presstourism.ch\/WP_ALEX\/wp-content\/uploads\/2016\/07\/2BergamoTourCivique-Largeur-max.-1024-Hauteur-max.-768.jpg?resize=512%2C768\" alt=\"La Tour civique ou beffroi, qui sonne pas moins de 180 coups \u00e0 22 h.\" width=\"512\" height=\"768\" srcset=\"https:\/\/i1.wp.com\/www.presstourism.ch\/wp-content\/uploads\/2016\/07\/2BergamoTourCivique-Largeur-max.-1024-Hauteur-max.-768.jpg?w=512 512w, https:\/\/i1.wp.com\/www.presstourism.ch\/wp-content\/uploads\/2016\/07\/2BergamoTourCivique-Largeur-max.-1024-Hauteur-max.-768.jpg?resize=200%2C300 200w\" sizes=\"(max-width: 512px) 100vw, 512px\" data-recalc-dims=\"1\" \/><\/a><p id=\"caption-attachment-2825\" class=\"wp-caption-text\">La Tour civique ou beffroi, qui ne sonne pas moins de 180 coups \u00e0 22 h.<\/p><\/div>\n<p>Telle la Tour civique (beffroi), le \u00ab\u00a0Campanone\u00a0\u00bb pour les Bergamasques, qui offre une superbe vue et dont la cloche historique ne sonne pas moins de 180 coups tous les soirs \u00e0 22\u00a0h. Apr\u00e8s une bonne le\u00e7on d&rsquo;histoire, il est temps de prendre un peu de bon temps au Caf\u00e9 del Tasso, avec son d\u00e9cor r\u00e9tro et ses excellentes p\u00e2tisseries. Puis redescendre \u00e0 pied vers la ville moderne, en passant par la porte San Giacomo, puis la superbe et typique ruelle Sant&rsquo;Allessandro.<\/p>\n<div id=\"attachment_2826\" style=\"width: 650px\" class=\"wp-caption alignnone\"><a href=\"https:\/\/i2.wp.com\/www.presstourism.ch\/WP_ALEX\/wp-content\/uploads\/2016\/07\/3BergamoPanorama-Largeur-max.-1024-Hauteur-max.-768.jpg\"><img aria-describedby=\"caption-attachment-2826\" loading=\"lazy\" class=\"wp-image-2826 size-large\" src=\"https:\/\/i0.wp.com\/www.presstourism.ch\/WP_ALEX\/wp-content\/uploads\/2016\/07\/3BergamoPanorama-Largeur-max.-1024-Hauteur-max.-768-1024x682.jpg?resize=584%2C389\" alt=\"Un beau panorama sur la ville moderne depuis la Porta San Giacomo.\" width=\"584\" height=\"389\" srcset=\"https:\/\/i0.wp.com\/www.presstourism.ch\/wp-content\/uploads\/2016\/07\/3BergamoPanorama-Largeur-max.-1024-Hauteur-max.-768.jpg?w=1024 1024w, https:\/\/i0.wp.com\/www.presstourism.ch\/wp-content\/uploads\/2016\/07\/3BergamoPanorama-Largeur-max.-1024-Hauteur-max.-768.jpg?resize=300%2C200 300w, https:\/\/i0.wp.com\/www.presstourism.ch\/wp-content\/uploads\/2016\/07\/3BergamoPanorama-Largeur-max.-1024-Hauteur-max.-768.jpg?resize=768%2C512 768w, https:\/\/i0.wp.com\/www.presstourism.ch\/wp-content\/uploads\/2016\/07\/3BergamoPanorama-Largeur-max.-1024-Hauteur-max.-768.jpg?resize=600%2C400 600w\" sizes=\"(max-width: 584px) 100vw, 584px\" data-recalc-dims=\"1\" \/><\/a><p id=\"caption-attachment-2826\" class=\"wp-caption-text\">Un beau panorama sur la ville moderne depuis la Porta San Giacomo.<\/p><\/div>\n<p>Pour retrouver ensuite le centre de la ville moderne, anim\u00e9 \u00e0 souhait et propice au shopping, notamment de la place Saint-Esprit \u00e0 celle de Pontida, avec les belles vitrines et les caf\u00e9s. Ou encore autour de celles de Dante et de Cavour.<\/p>\n<div id=\"attachment_2821\" style=\"width: 650px\" class=\"wp-caption alignnone\"><a href=\"https:\/\/i2.wp.com\/www.presstourism.ch\/WP_ALEX\/wp-content\/uploads\/2016\/07\/12BergamoBasseVille-Largeur-max.-1024-Hauteur-max.-768.jpg\"><img aria-describedby=\"caption-attachment-2821\" loading=\"lazy\" class=\"wp-image-2821 size-large\" src=\"https:\/\/i1.wp.com\/www.presstourism.ch\/WP_ALEX\/wp-content\/uploads\/2016\/07\/12BergamoBasseVille-Largeur-max.-1024-Hauteur-max.-768-1024x682.jpg?resize=584%2C389\" alt=\"Il fait bon aussi fl\u00e2ner dans la Ville Basse et y faire du shopping.\" width=\"584\" height=\"389\" srcset=\"https:\/\/i0.wp.com\/www.presstourism.ch\/wp-content\/uploads\/2016\/07\/12BergamoBasseVille-Largeur-max.-1024-Hauteur-max.-768.jpg?w=1024 1024w, https:\/\/i0.wp.com\/www.presstourism.ch\/wp-content\/uploads\/2016\/07\/12BergamoBasseVille-Largeur-max.-1024-Hauteur-max.-768.jpg?resize=300%2C200 300w, https:\/\/i0.wp.com\/www.presstourism.ch\/wp-content\/uploads\/2016\/07\/12BergamoBasseVille-Largeur-max.-1024-Hauteur-max.-768.jpg?resize=768%2C512 768w, https:\/\/i0.wp.com\/www.presstourism.ch\/wp-content\/uploads\/2016\/07\/12BergamoBasseVille-Largeur-max.-1024-Hauteur-max.-768.jpg?resize=600%2C400 600w\" sizes=\"(max-width: 584px) 100vw, 584px\" data-recalc-dims=\"1\" \/><\/a><p id=\"caption-attachment-2821\" class=\"wp-caption-text\">Il fait bon aussi fl\u00e2ner dans la Ville Basse et y faire du shopping.<\/p><\/div>\n<p style=\"text-align: right;\"><strong>Texte et photos: Roger Juillerat<\/strong><\/p>\n<p style=\"text-align: left;\"><a href=\"http:\/\/www.presstourism.ch\/WP_ALEX\/wp-content\/uploads\/2016\/07\/NVT_130716_Mercredi-BaladeBergame2.pdf\">Lire ou t\u00e9l\u00e9charger l&rsquo;article de presse (13.7.2016)<\/a><\/p>\n<hr \/>\n<p><strong>Infos pratiques<\/strong><\/p>\n<p><strong>Y aller:<\/strong> En train via Lausanne, Brigue, Milan puis Bergame (5 h.), superbes paysages \u00e0 la cl\u00e9, notamment \u00e0 la hauteur de Stresa et les Iles Borom\u00e9e.<\/p>\n<div id=\"attachment_2831\" style=\"width: 650px\" class=\"wp-caption aligncenter\"><a href=\"https:\/\/i2.wp.com\/www.presstourism.ch\/WP_ALEX\/wp-content\/uploads\/2016\/07\/8BergamoSanVigilio-Largeur-max.-1024-Hauteur-max.-768.jpg\"><img aria-describedby=\"caption-attachment-2831\" loading=\"lazy\" class=\"wp-image-2831 size-large\" src=\"https:\/\/i0.wp.com\/www.presstourism.ch\/WP_ALEX\/wp-content\/uploads\/2016\/07\/8BergamoSanVigilio-Largeur-max.-1024-Hauteur-max.-768-1024x682.jpg?resize=584%2C389\" alt=\"Sur la terrasse toujours bond\u00e9e du restaurant Baretto, \u00e0 San Vigilio.\" width=\"584\" height=\"389\" srcset=\"https:\/\/i1.wp.com\/www.presstourism.ch\/wp-content\/uploads\/2016\/07\/8BergamoSanVigilio-Largeur-max.-1024-Hauteur-max.-768.jpg?w=1024 1024w, https:\/\/i1.wp.com\/www.presstourism.ch\/wp-content\/uploads\/2016\/07\/8BergamoSanVigilio-Largeur-max.-1024-Hauteur-max.-768.jpg?resize=300%2C200 300w, https:\/\/i1.wp.com\/www.presstourism.ch\/wp-content\/uploads\/2016\/07\/8BergamoSanVigilio-Largeur-max.-1024-Hauteur-max.-768.jpg?resize=768%2C512 768w, https:\/\/i1.wp.com\/www.presstourism.ch\/wp-content\/uploads\/2016\/07\/8BergamoSanVigilio-Largeur-max.-1024-Hauteur-max.-768.jpg?resize=600%2C400 600w\" sizes=\"(max-width: 584px) 100vw, 584px\" data-recalc-dims=\"1\" \/><\/a><p id=\"caption-attachment-2831\" class=\"wp-caption-text\">Sur la terrasse toujours bond\u00e9e du restaurant Baretto, \u00e0 San Vigilio.<\/p><\/div>\n<p><strong>Couettes et couverts:<\/strong> l&rsquo;H\u00f4tel Mercure Bergamo Palazzo Dolci, Viale Papa Giovanni 23, +39\u00a0035\u00a022\u00a074\u00a011, www.accor.com\/Bergamo. Les excellents menus du restaurant Baretto, en haut du funiculaire menant \u00e0 San Vigilio, www.baretto.it<\/p>\n<div id=\"attachment_2829\" style=\"width: 650px\" class=\"wp-caption alignnone\"><a href=\"https:\/\/i1.wp.com\/www.presstourism.ch\/WP_ALEX\/wp-content\/uploads\/2016\/07\/6BergamoSGiacomo-Largeur-max.-1024-Hauteur-max.-768.jpg\"><img aria-describedby=\"caption-attachment-2829\" loading=\"lazy\" class=\"wp-image-2829 size-large\" src=\"https:\/\/i1.wp.com\/www.presstourism.ch\/WP_ALEX\/wp-content\/uploads\/2016\/07\/6BergamoSGiacomo-Largeur-max.-1024-Hauteur-max.-768-1024x682.jpg?resize=584%2C389\" alt=\"La majestueuse porte de San Giacomo et le d\u00e9but de la rue Sant'Allessandro.\" width=\"584\" height=\"389\" srcset=\"https:\/\/i1.wp.com\/www.presstourism.ch\/wp-content\/uploads\/2016\/07\/6BergamoSGiacomo-Largeur-max.-1024-Hauteur-max.-768.jpg?w=1024 1024w, https:\/\/i1.wp.com\/www.presstourism.ch\/wp-content\/uploads\/2016\/07\/6BergamoSGiacomo-Largeur-max.-1024-Hauteur-max.-768.jpg?resize=300%2C200 300w, https:\/\/i1.wp.com\/www.presstourism.ch\/wp-content\/uploads\/2016\/07\/6BergamoSGiacomo-Largeur-max.-1024-Hauteur-max.-768.jpg?resize=768%2C512 768w, https:\/\/i1.wp.com\/www.presstourism.ch\/wp-content\/uploads\/2016\/07\/6BergamoSGiacomo-Largeur-max.-1024-Hauteur-max.-768.jpg?resize=600%2C400 600w\" sizes=\"(max-width: 584px) 100vw, 584px\" data-recalc-dims=\"1\" \/><\/a><p id=\"caption-attachment-2829\" class=\"wp-caption-text\">La majestueuse porte de San Giacomo et le d\u00e9but de la rue Sant&rsquo;Allessandro.<\/p><\/div>\n<p><strong>Se renseigner:<\/strong> les CFF (loisirs et vacances), www.cff.ch. Turismo di Bergamo, www.visitbergamo.net. La Bergamo Card pour les transports et visites (10 \u20ac pour un jour et 15 \u20ac pour deux jours).<\/p>\n<hr \/>\n<div id=\"attachment_2823\" style=\"width: 522px\" class=\"wp-caption aligncenter\"><a href=\"https:\/\/i0.wp.com\/www.presstourism.ch\/WP_ALEX\/wp-content\/uploads\/2016\/07\/11BergamoEntre\u0301e-MariaMaggiore-Largeur-max.-1024-Hauteur-max.-768.jpg\"><img aria-describedby=\"caption-attachment-2823\" loading=\"lazy\" class=\"wp-image-2823 size-full\" src=\"https:\/\/i0.wp.com\/www.presstourism.ch\/WP_ALEX\/wp-content\/uploads\/2016\/07\/11BergamoEntre\u0301e-MariaMaggiore-Largeur-max.-1024-Hauteur-max.-768.jpg?resize=512%2C768\" alt=\"L'entr\u00e9e principale de la basilique, qui contient de nombreux tr\u00e9sors du patrimoine.\" width=\"512\" height=\"768\" srcset=\"https:\/\/i2.wp.com\/www.presstourism.ch\/wp-content\/uploads\/2016\/07\/11BergamoEntre\u0301e-MariaMaggiore-Largeur-max.-1024-Hauteur-max.-768.jpg?w=512 512w, https:\/\/i2.wp.com\/www.presstourism.ch\/wp-content\/uploads\/2016\/07\/11BergamoEntre\u0301e-MariaMaggiore-Largeur-max.-1024-Hauteur-max.-768.jpg?resize=200%2C300 200w\" sizes=\"(max-width: 512px) 100vw, 512px\" data-recalc-dims=\"1\" \/><\/a><p id=\"caption-attachment-2823\" class=\"wp-caption-text\">L&rsquo;entr\u00e9e principale de la basilique, qui contient de nombreux tr\u00e9sors du patrimoine.<\/p><\/div>\n<div id=\"attachment_2832\" style=\"width: 650px\" class=\"wp-caption alignnone\"><a href=\"https:\/\/i2.wp.com\/www.presstourism.ch\/WP_ALEX\/wp-content\/uploads\/2016\/07\/9BergamoLionsSantaM-Largeur-max.-1024-Hauteur-max.-768.jpg\"><img aria-describedby=\"caption-attachment-2832\" loading=\"lazy\" class=\"wp-image-2832 size-large\" src=\"https:\/\/i0.wp.com\/www.presstourism.ch\/WP_ALEX\/wp-content\/uploads\/2016\/07\/9BergamoLionsSantaM-Largeur-max.-1024-Hauteur-max.-768-1024x682.jpg?resize=584%2C389\" alt=\"9BergamoLionsSantaM [Largeur max. 1024 Hauteur max. 768]\" width=\"584\" height=\"389\" srcset=\"https:\/\/i1.wp.com\/www.presstourism.ch\/wp-content\/uploads\/2016\/07\/9BergamoLionsSantaM-Largeur-max.-1024-Hauteur-max.-768.jpg?w=1024 1024w, https:\/\/i1.wp.com\/www.presstourism.ch\/wp-content\/uploads\/2016\/07\/9BergamoLionsSantaM-Largeur-max.-1024-Hauteur-max.-768.jpg?resize=300%2C200 300w, https:\/\/i1.wp.com\/www.presstourism.ch\/wp-content\/uploads\/2016\/07\/9BergamoLionsSantaM-Largeur-max.-1024-Hauteur-max.-768.jpg?resize=768%2C512 768w, https:\/\/i1.wp.com\/www.presstourism.ch\/wp-content\/uploads\/2016\/07\/9BergamoLionsSantaM-Largeur-max.-1024-Hauteur-max.-768.jpg?resize=600%2C400 600w\" sizes=\"(max-width: 584px) 100vw, 584px\" data-recalc-dims=\"1\" \/><\/a><p id=\"caption-attachment-2832\" class=\"wp-caption-text\">Le porche m\u00e9ridional de la basilique de San Maria Maggiore est bien gard\u00e9 par ses lions blancs.<\/p><\/div>\n<div id=\"attachment_2822\" style=\"width: 650px\" class=\"wp-caption aligncenter\"><a href=\"https:\/\/i2.wp.com\/www.presstourism.ch\/WP_ALEX\/wp-content\/uploads\/2016\/07\/10BergamoSMariaMaggiore-Largeur-max.-1024-Hauteur-max.-768.jpg\"><img aria-describedby=\"caption-attachment-2822\" loading=\"lazy\" class=\"wp-image-2822 size-large\" src=\"https:\/\/i1.wp.com\/www.presstourism.ch\/WP_ALEX\/wp-content\/uploads\/2016\/07\/10BergamoSMariaMaggiore-Largeur-max.-1024-Hauteur-max.-768-1024x682.jpg?resize=584%2C389\" alt=\"Dans la basilique de Santa Maria Maggiore avec ses statues \u00e0 m\u00eame le sol.\" width=\"584\" height=\"389\" srcset=\"https:\/\/i0.wp.com\/www.presstourism.ch\/wp-content\/uploads\/2016\/07\/10BergamoSMariaMaggiore-Largeur-max.-1024-Hauteur-max.-768.jpg?w=1024 1024w, https:\/\/i0.wp.com\/www.presstourism.ch\/wp-content\/uploads\/2016\/07\/10BergamoSMariaMaggiore-Largeur-max.-1024-Hauteur-max.-768.jpg?resize=300%2C200 300w, https:\/\/i0.wp.com\/www.presstourism.ch\/wp-content\/uploads\/2016\/07\/10BergamoSMariaMaggiore-Largeur-max.-1024-Hauteur-max.-768.jpg?resize=768%2C512 768w, https:\/\/i0.wp.com\/www.presstourism.ch\/wp-content\/uploads\/2016\/07\/10BergamoSMariaMaggiore-Largeur-max.-1024-Hauteur-max.-768.jpg?resize=600%2C400 600w\" sizes=\"(max-width: 584px) 100vw, 584px\" data-recalc-dims=\"1\" \/><\/a><p id=\"caption-attachment-2822\" class=\"wp-caption-text\">Dans la basilique de Santa Maria Maggiore avec ses statues \u00e0 m\u00eame le sol.<\/p><\/div>\n<p>&nbsp;<\/p>\n","protected":false},"excerpt":{"rendered":"<p>Moins connue que certaines de ses consoeurs italiennes, la cit\u00e9 lombarde a tout pour plaire, rec\u00e8le de nombreux attraits et se parcourt \u00e0 pied ou en funiculaire. \u00c0 la sortie de la gare, on peut d\u00e9j\u00e0 apercevoir au loin sur &hellip; <a href=\"http:\/\/www.presstourism.ch\/?page_id=2820\">Continuer la lecture <span class=\"meta-nav\">&rarr;<\/span><\/a><\/p>\n","protected":false},"author":1,"featured_media":0,"parent":302,"menu_order":0,"comment_status":"closed","ping_status":"closed","template":"","meta":{"ngg_post_thumbnail":0,"spay_email":""},"jetpack_sharing_enabled":true,"jetpack_shortlink":"https:\/\/wp.me\/P468TV-Ju","_links":{"self":[{"href":"http:\/\/www.presstourism.ch\/index.php?rest_route=\/wp\/v2\/pages\/2820"}],"collection":[{"href":"http:\/\/www.presstourism.ch\/index.php?rest_route=\/wp\/v2\/pages"}],"about":[{"href":"http:\/\/www.presstourism.ch\/index.php?rest_route=\/wp\/v2\/types\/page"}],"author":[{"embeddable":true,"href":"http:\/\/www.presstourism.ch\/index.php?rest_route=\/wp\/v2\/users\/1"}],"replies":[{"embeddable":true,"href":"http:\/\/www.presstourism.ch\/index.php?rest_route=%2Fwp%2Fv2%2Fcomments&post=2820"}],"version-history":[{"count":1,"href":"http:\/\/www.presstourism.ch\/index.php?rest_route=\/wp\/v2\/pages\/2820\/revisions"}],"predecessor-version":[{"id":2834,"href":"http:\/\/www.presstourism.ch\/index.php?rest_route=\/wp\/v2\/pages\/2820\/revisions\/2834"}],"up":[{"embeddable":true,"href":"http:\/\/www.presstourism.ch\/index.php?rest_route=\/wp\/v2\/pages\/302"}],"wp:attachment":[{"href":"http:\/\/www.presstourism.ch\/index.php?rest_route=%2Fwp%2Fv2%2Fmedia&parent=2820"}],"curies":[{"name":"wp","href":"https:\/\/api.w.org\/{rel}","templated":true}]}}