{"id":279,"date":"2013-11-15T16:26:42","date_gmt":"2013-11-15T15:26:42","guid":{"rendered":"http:\/\/www.presstourism.ch\/WP_ALEX\/?page_id=279"},"modified":"2022-07-27T09:19:31","modified_gmt":"2022-07-27T07:19:31","slug":"france","status":"publish","type":"page","link":"http:\/\/www.presstourism.ch\/?page_id=279","title":{"rendered":"France"},"content":{"rendered":"<p><a href=\"http:\/\/www.presstourism.ch\/WP_ALEX\/?page_id=8460\"><strong>L\u2019association d\u00e9couvre la ville de Troyes et son superbe patrimoine<\/strong><\/a><\/p>\n<p>Textes et Photos: Georgika Aeby-Demeter et Roger Juillerat<\/p>\n<p>L\u2019assembl\u00e9e g\u00e9n\u00e9rale 2022 de l\u2019Association suisse des journalistes du tourisme s\u2019est d\u00e9roul\u00e9e \u00e0 Troyes, dans l\u2019Aube, en Champagne.<\/p>\n<figure class=\"wp-block-image\"><a href=\"https:\/\/i2.wp.com\/www.presstourism.ch\/WP_ALEX\/wp-content\/uploads\/2022\/07\/IMG_9403.jpg\"><img loading=\"lazy\" class=\"wp-image-8419 aligncenter\" src=\"https:\/\/i2.wp.com\/www.presstourism.ch\/WP_ALEX\/wp-content\/uploads\/2022\/07\/IMG_9403.jpg?resize=584%2C386\" alt=\"\" width=\"399\" height=\"285\" srcset=\"https:\/\/i0.wp.com\/www.presstourism.ch\/wp-content\/uploads\/2022\/07\/IMG_9403.jpg?zoom=2&amp;resize=399%2C285 798w, https:\/\/i0.wp.com\/www.presstourism.ch\/wp-content\/uploads\/2022\/07\/IMG_9403.jpg?zoom=3&amp;resize=399%2C285 1197w\" sizes=\"(max-width: 399px) 100vw, 399px\" \/><\/a><\/figure>\n<p>&nbsp;<\/p>\n<p>&nbsp;<\/p>\n<p><strong>Alsace &amp; Lorraine<\/strong><\/p>\n<div>\n<p><strong><a href=\"http:\/\/www.escapada.ch\/Chateau-de-Grignan-le-Versailles-du-Sud_a383.html\">Ch\u00e2teau de Grignan : le Versailles du Sud<\/a><\/strong><\/p>\n<\/div>\n<div>\n<p>Christine Ansermet<\/p>\n<p>\u00abIci, nos nuits sont plus belles que vos jours \u00bb : ce serait du ch\u00e2teau de Grignan que la Marquise de S\u00e9vign\u00e9 aurait adress\u00e9 ces mots devenus c\u00e9l\u00e8bres \u00e0 Jean Racine. Peut-\u00eatre en contemplant \u00ab les vues triomphantes \u00bb offertes par l&rsquo;immense terrasse de ce bijou Renaissance o\u00f9 se d\u00e9roulaient des f\u00eates fastueuses qui eurent finalement raison de la fortune de son propri\u00e9taire, le comte de Grignan.<\/p>\n<\/div>\n<div>&nbsp;<\/div>\n<p><strong><a href=\"http:\/\/s169196779.onlinehome.fr\/?page_id=3059\">La Dr\u00f4me comme une douce braise<\/a><\/strong><\/p>\n<p>Alex D\u00e9cotte<\/p>\n<p>Belle lurette que je n\u2019\u00e9tais plus revenu dans la Dr\u00f4me. J\u2019avais tort. Elle restait en moi comme une braise si douce et si tenace qu\u2019il me semblait inutile de la raviver. Peut-\u00eatre aurait-elle fini par s\u2019\u00e9teindre tout \u00e0 fait si le hasard ne m\u2019avait invit\u00e9 \u00e0 y souffler \u00e0 nouveau pendant quelques jours.<\/p>\n<p><img loading=\"lazy\" class=\"aligncenter\" src=\"https:\/\/i2.wp.com\/s169196779.onlinehome.fr\/wp-content\/uploads\/2013\/08\/FRADRow-Valence-V%C3%A9lo-P1000228sw-300x288.jpg?resize=300%2C288\" alt=\"FRADRow Valence V\u00e9lo P1000228sw\" width=\"300\" height=\"288\"  data-recalc-dims=\"1\"><\/p>\n<p>&nbsp;<\/p>\n<div>&nbsp;<\/div>\n<p><strong>Midi-Pyr\u00e9n\u00e9es <\/strong><\/p>\n<p><strong><a title=\"Lien permanent vers Midi-Pyr\u00e9n\u00e9es, le fief des comtes de Toulouse\" href=\"http:\/\/www.jepars.ch\/magazine\/?p=5151\" rel=\"bookmark\"> Midi-Pyr\u00e9n\u00e9es, le fief des comtes de Toulouse <\/a><\/strong><\/p>\n<p>Erika Bodmer &amp; G\u00e9rard Blanc<\/p>\n<p>La r\u00e9gion appel\u00e9e Midi-Pyr\u00e9n\u00e9es se pr\u00e9sente sur le mod\u00e8le de son h\u00e9ros Henri IV par sa soif de libert\u00e9 linguistique, religieuse, politique et surtout gastronomique.La particularit\u00e9 r\u00e9gionale de ce pays s\u2019affiche sans complexe, les meilleurs exemples \u00e9tant le retour en force de la langue occitane affich\u00e9e \u00e0 c\u00f4t\u00e9 du fran\u00e7ais sur les indications des rues ou dans les stations de m\u00e9tro de Toulouse, de m\u00eame que cette omnipr\u00e9sente croix occitane des comtes de Toulouse qui se retrouve sur les b\u00e2timents officiels et sur certains b\u00e2timents agricoles ou industriels.<\/p>\n<p style=\"text-align: center;\"><a href=\"http:\/\/www.jepars.ch\/magazine\/?p=5151\"><img loading=\"lazy\" title=\"Ch\u00e2teau Chambert \u00e0 Cahors \" src=\"https:\/\/i1.wp.com\/www.jepars.ch\/magazine\/wp-content\/uploads\/2011\/08\/cahors1-455x303.jpg?resize=455%2C303\" alt=\"Ch\u00e2teau Chambert \u00e0 Cahors\" width=\"455\" height=\"303\"  data-recalc-dims=\"1\"><\/a><\/p>\n<p>&nbsp;<\/p>\n","protected":false},"excerpt":{"rendered":"<p>L\u2019association d\u00e9couvre la ville de Troyes et son superbe patrimoine Textes et Photos: Georgika Aeby-Demeter et Roger Juillerat L\u2019assembl\u00e9e g\u00e9n\u00e9rale 2022 de l\u2019Association suisse des journalistes du tourisme s\u2019est d\u00e9roul\u00e9e \u00e0 Troyes, dans l\u2019Aube, en Champagne. &nbsp; &nbsp; Alsace &amp; &hellip; <a href=\"http:\/\/www.presstourism.ch\/?page_id=279\">Continuer la lecture <span class=\"meta-nav\">&rarr;<\/span><\/a><\/p>\n","protected":false},"author":1,"featured_media":0,"parent":2161,"menu_order":0,"comment_status":"open","ping_status":"open","template":"","meta":{"ngg_post_thumbnail":0,"spay_email":""},"jetpack_sharing_enabled":true,"jetpack_shortlink":"https:\/\/wp.me\/P468TV-4v","_links":{"self":[{"href":"http:\/\/www.presstourism.ch\/index.php?rest_route=\/wp\/v2\/pages\/279"}],"collection":[{"href":"http:\/\/www.presstourism.ch\/index.php?rest_route=\/wp\/v2\/pages"}],"about":[{"href":"http:\/\/www.presstourism.ch\/index.php?rest_route=\/wp\/v2\/types\/page"}],"author":[{"embeddable":true,"href":"http:\/\/www.presstourism.ch\/index.php?rest_route=\/wp\/v2\/users\/1"}],"replies":[{"embeddable":true,"href":"http:\/\/www.presstourism.ch\/index.php?rest_route=%2Fwp%2Fv2%2Fcomments&post=279"}],"version-history":[{"count":8,"href":"http:\/\/www.presstourism.ch\/index.php?rest_route=\/wp\/v2\/pages\/279\/revisions"}],"predecessor-version":[{"id":8469,"href":"http:\/\/www.presstourism.ch\/index.php?rest_route=\/wp\/v2\/pages\/279\/revisions\/8469"}],"up":[{"embeddable":true,"href":"http:\/\/www.presstourism.ch\/index.php?rest_route=\/wp\/v2\/pages\/2161"}],"wp:attachment":[{"href":"http:\/\/www.presstourism.ch\/index.php?rest_route=%2Fwp%2Fv2%2Fmedia&parent=279"}],"curies":[{"name":"wp","href":"https:\/\/api.w.org\/{rel}","templated":true}]}}