{"id":2741,"date":"2016-07-09T15:19:40","date_gmt":"2016-07-09T14:19:40","guid":{"rendered":"http:\/\/www.presstourism.ch\/WP_ALEX\/?page_id=2741"},"modified":"2024-04-13T10:03:39","modified_gmt":"2024-04-13T08:03:39","slug":"le-perou-entre-pacifique-et-montagnes-sacrees","status":"publish","type":"page","link":"http:\/\/www.presstourism.ch\/?page_id=2741","title":{"rendered":"Le P\u00e9rou,  entre Pacifique et montagnes sacr\u00e9es"},"content":{"rendered":"<p><div id=\"attachment_2742\" style=\"width: 650px\" class=\"wp-caption alignnone\"><a href=\"https:\/\/i1.wp.com\/www.presstourism.ch\/WP_ALEX\/wp-content\/uploads\/2016\/07\/C-GAD-Mus\u00e9e-Larco-Tr\u00e9sors-Incas-Largeur-max.-1024-Hauteur-max.-768.jpg\"><img aria-describedby=\"caption-attachment-2742\" loading=\"lazy\" class=\"wp-image-2742 size-large\" src=\"https:\/\/i2.wp.com\/www.presstourism.ch\/WP_ALEX\/wp-content\/uploads\/2016\/07\/C-GAD-Mus\u00e9e-Larco-Tr\u00e9sors-Incas-Largeur-max.-1024-Hauteur-max.-768-1024x768.jpg?resize=584%2C438\" alt=\"(C) GAD Mus\u00e9e Larco Tr\u00e9sors Incas [Largeur max. 1024 Hauteur max. 768]\" width=\"584\" height=\"438\" srcset=\"https:\/\/i2.wp.com\/www.presstourism.ch\/wp-content\/uploads\/2016\/07\/C-GAD-Mus\u00e9e-Larco-Tr\u00e9sors-Incas-Largeur-max.-1024-Hauteur-max.-768.jpg?w=1024 1024w, https:\/\/i2.wp.com\/www.presstourism.ch\/wp-content\/uploads\/2016\/07\/C-GAD-Mus\u00e9e-Larco-Tr\u00e9sors-Incas-Largeur-max.-1024-Hauteur-max.-768.jpg?resize=300%2C225 300w, https:\/\/i2.wp.com\/www.presstourism.ch\/wp-content\/uploads\/2016\/07\/C-GAD-Mus\u00e9e-Larco-Tr\u00e9sors-Incas-Largeur-max.-1024-Hauteur-max.-768.jpg?resize=768%2C576 768w, https:\/\/i2.wp.com\/www.presstourism.ch\/wp-content\/uploads\/2016\/07\/C-GAD-Mus\u00e9e-Larco-Tr\u00e9sors-Incas-Largeur-max.-1024-Hauteur-max.-768.jpg?resize=600%2C450 600w\" sizes=\"(max-width: 584px) 100vw, 584px\" data-recalc-dims=\"1\" \/><\/a><p id=\"caption-attachment-2742\" class=\"wp-caption-text\">(C) GAD Mus\u00e9e Larco Tr\u00e9sors Incas<\/p><\/div>Il a nourri l\u2019\u00e9pop\u00e9e mythique de l\u2019Eldorado. La puissance et la richesse du P\u00e9rou ont marqu\u00e9 l\u2019Histoire et attis\u00e9 les convoitises \u00e0 l\u2019heure des grandes conqu\u00eates espagnoles. Aujourd\u2019hui encore, le pays fascine. Du colossal au sacr\u00e9, l\u2019aventure se poursuit et se d\u00e9couvre au rythme d\u2019une culture et d\u2019un art de vivre uniques qui n\u2019ont pas fini d\u2019\u00e9tonner.<\/p>\n<div id=\"attachment_2743\" style=\"width: 650px\" class=\"wp-caption alignnone\"><a href=\"https:\/\/i2.wp.com\/www.presstourism.ch\/WP_ALEX\/wp-content\/uploads\/2016\/07\/012186200-Lima-la-place-des-Armes-la-nuit-c-Gihan-Tubbeh-Largeur-max.-1024-Hauteur-max.-768.jpg\"><img aria-describedby=\"caption-attachment-2743\" loading=\"lazy\" class=\"wp-image-2743 size-large\" src=\"https:\/\/i2.wp.com\/www.presstourism.ch\/WP_ALEX\/wp-content\/uploads\/2016\/07\/012186200-Lima-la-place-des-Armes-la-nuit-c-Gihan-Tubbeh-Largeur-max.-1024-Hauteur-max.-768-1024x682.jpg?resize=584%2C389\" alt=\"Lima: la place des Armes la nuit (c) Gihan Tubbeh \" width=\"584\" height=\"389\" srcset=\"https:\/\/i0.wp.com\/www.presstourism.ch\/wp-content\/uploads\/2016\/07\/012186200-Lima-la-place-des-Armes-la-nuit-c-Gihan-Tubbeh-Largeur-max.-1024-Hauteur-max.-768.jpg?w=1024 1024w, https:\/\/i0.wp.com\/www.presstourism.ch\/wp-content\/uploads\/2016\/07\/012186200-Lima-la-place-des-Armes-la-nuit-c-Gihan-Tubbeh-Largeur-max.-1024-Hauteur-max.-768.jpg?resize=300%2C200 300w, https:\/\/i0.wp.com\/www.presstourism.ch\/wp-content\/uploads\/2016\/07\/012186200-Lima-la-place-des-Armes-la-nuit-c-Gihan-Tubbeh-Largeur-max.-1024-Hauteur-max.-768.jpg?resize=768%2C512 768w, https:\/\/i0.wp.com\/www.presstourism.ch\/wp-content\/uploads\/2016\/07\/012186200-Lima-la-place-des-Armes-la-nuit-c-Gihan-Tubbeh-Largeur-max.-1024-Hauteur-max.-768.jpg?resize=600%2C400 600w\" sizes=\"(max-width: 584px) 100vw, 584px\" data-recalc-dims=\"1\" \/><\/a><p id=\"caption-attachment-2743\" class=\"wp-caption-text\">Lima: la place des Armes la nuit (c) Gihan Tubbeh<\/p><\/div>\n<p>C\u2019\u00e9tait l\u2019Empire Inca s\u2019\u00e9tendant sur une grande partie de l\u2019Am\u00e9rique du Sud. Pr\u00e8s de cinq si\u00e8cles plus tard, la l\u00e9gende reste vivante. Face au Pacifique, Lima, la capitale fond\u00e9e sous le nom de la <em>Cit\u00e9 des Rois<\/em> par le conquistador Francisco Pizarro en 1535, est aujourd\u2019hui une ville d\u2019environ 10 millions d\u2019habitants. Entour\u00e9e des montagnes de la Cordill\u00e8re des Andes, luxuriante et color\u00e9e, Lima est un centre de commerce et d\u2019\u00e9changes affair\u00e9. Un carrefour financier. Class\u00e9 Patrimoine mondial de l\u2019UNESCO, le c\u0153ur de la ville a su pr\u00e9server l\u2019h\u00e9ritage architectural de l\u2019\u00e9poque coloniale en parfaite harmonie avec les gratte-ciel nouvellement \u00e9rig\u00e9s sur le front de mer.<\/p>\n<div id=\"attachment_2744\" style=\"width: 650px\" class=\"wp-caption alignnone\"><a href=\"https:\/\/i0.wp.com\/www.presstourism.ch\/WP_ALEX\/wp-content\/uploads\/2016\/07\/017306200-Vue-depuis-Miraflor\u00e8s-face-au-Pacifique-c-Luis-Gamero-Largeur-max.-1024-Hauteur-max.-768.jpg\"><img aria-describedby=\"caption-attachment-2744\" loading=\"lazy\" class=\"wp-image-2744 size-large\" src=\"https:\/\/i0.wp.com\/www.presstourism.ch\/WP_ALEX\/wp-content\/uploads\/2016\/07\/017306200-Vue-depuis-Miraflor\u00e8s-face-au-Pacifique-c-Luis-Gamero-Largeur-max.-1024-Hauteur-max.-768-1024x685.jpg?resize=584%2C391\" alt=\"Vue depuis Miraflor\u00e8s, face au Pacifique (c) Luis Gamero\" width=\"584\" height=\"391\" srcset=\"https:\/\/i0.wp.com\/www.presstourism.ch\/wp-content\/uploads\/2016\/07\/017306200-Vue-depuis-Miraflor\u00e8s-face-au-Pacifique-c-Luis-Gamero-Largeur-max.-1024-Hauteur-max.-768.jpg?w=1024 1024w, https:\/\/i0.wp.com\/www.presstourism.ch\/wp-content\/uploads\/2016\/07\/017306200-Vue-depuis-Miraflor\u00e8s-face-au-Pacifique-c-Luis-Gamero-Largeur-max.-1024-Hauteur-max.-768.jpg?resize=300%2C201 300w, https:\/\/i0.wp.com\/www.presstourism.ch\/wp-content\/uploads\/2016\/07\/017306200-Vue-depuis-Miraflor\u00e8s-face-au-Pacifique-c-Luis-Gamero-Largeur-max.-1024-Hauteur-max.-768.jpg?resize=768%2C514 768w, https:\/\/i0.wp.com\/www.presstourism.ch\/wp-content\/uploads\/2016\/07\/017306200-Vue-depuis-Miraflor\u00e8s-face-au-Pacifique-c-Luis-Gamero-Largeur-max.-1024-Hauteur-max.-768.jpg?resize=600%2C401 600w\" sizes=\"(max-width: 584px) 100vw, 584px\" data-recalc-dims=\"1\" \/><\/a><p id=\"caption-attachment-2744\" class=\"wp-caption-text\">Vue depuis Miraflor\u00e8s, face au Pacifique (c) Luis Gamero<\/p><\/div>\n<p>Points n\u00e9vralgiques de la vie nocturne et touristique, les \u00e9l\u00e9gants quartiers c\u00f4tiers Miraflores, Barranco et autres La Molina, San Isidro et Los Olivos qui accueillent aussi les enseignes les plus r\u00e9put\u00e9es tout comme les boutiques de souvenirs. Typiques et accueillants, les march\u00e9s d\u2019artisanat indiens, le plus color\u00e9 \u00e9tant Inka Market, v\u00e9ritable village anim\u00e9 o\u00f9 trouver des articles en alpaca ou en argent, des textiles tiss\u00e9s mains, de la poterie, des fl\u00fbtes et, dans des gourdes grav\u00e9es et peintes, le Pisco, la boisson nationale devenue aujourd\u2019hui une appellation contr\u00f4l\u00e9e.<\/p>\n<div id=\"attachment_2745\" style=\"width: 650px\" class=\"wp-caption alignnone\"><a href=\"https:\/\/i1.wp.com\/www.presstourism.ch\/WP_ALEX\/wp-content\/uploads\/2016\/07\/015967200-Artisanat-et-souvenirs-p\u00e9ruviens-CB\u00e9atrice-Velarde-Largeur-max.-1024-Hauteur-max.-768.jpg\"><img aria-describedby=\"caption-attachment-2745\" loading=\"lazy\" class=\"wp-image-2745 size-large\" src=\"https:\/\/i1.wp.com\/www.presstourism.ch\/WP_ALEX\/wp-content\/uploads\/2016\/07\/015967200-Artisanat-et-souvenirs-p\u00e9ruviens-CB\u00e9atrice-Velarde-Largeur-max.-1024-Hauteur-max.-768-1024x685.jpg?resize=584%2C391\" alt=\"Artisanat et souvenirs p\u00e9ruviens (C) B\u00e9atrice Velarde\" width=\"584\" height=\"391\" srcset=\"https:\/\/i0.wp.com\/www.presstourism.ch\/wp-content\/uploads\/2016\/07\/015967200-Artisanat-et-souvenirs-p\u00e9ruviens-CB\u00e9atrice-Velarde-Largeur-max.-1024-Hauteur-max.-768.jpg?w=1024 1024w, https:\/\/i0.wp.com\/www.presstourism.ch\/wp-content\/uploads\/2016\/07\/015967200-Artisanat-et-souvenirs-p\u00e9ruviens-CB\u00e9atrice-Velarde-Largeur-max.-1024-Hauteur-max.-768.jpg?resize=300%2C201 300w, https:\/\/i0.wp.com\/www.presstourism.ch\/wp-content\/uploads\/2016\/07\/015967200-Artisanat-et-souvenirs-p\u00e9ruviens-CB\u00e9atrice-Velarde-Largeur-max.-1024-Hauteur-max.-768.jpg?resize=768%2C514 768w, https:\/\/i0.wp.com\/www.presstourism.ch\/wp-content\/uploads\/2016\/07\/015967200-Artisanat-et-souvenirs-p\u00e9ruviens-CB\u00e9atrice-Velarde-Largeur-max.-1024-Hauteur-max.-768.jpg?resize=600%2C401 600w\" sizes=\"(max-width: 584px) 100vw, 584px\" data-recalc-dims=\"1\" \/><\/a><p id=\"caption-attachment-2745\" class=\"wp-caption-text\">Artisanat et souvenirs p\u00e9ruviens (C) B\u00e9atrice Velarde<\/p><\/div>\n<p><strong>Un riche patrimoine culturel<\/strong><\/p>\n<div id=\"attachment_2746\" style=\"width: 650px\" class=\"wp-caption alignnone\"><a href=\"https:\/\/i2.wp.com\/www.presstourism.ch\/WP_ALEX\/wp-content\/uploads\/2016\/07\/028093200-Cath\u00e9drale-de-Lima-C-Luis-Gamero-Largeur-max.-1024-Hauteur-max.-768.jpg\"><img aria-describedby=\"caption-attachment-2746\" loading=\"lazy\" class=\"wp-image-2746 size-large\" src=\"https:\/\/i0.wp.com\/www.presstourism.ch\/WP_ALEX\/wp-content\/uploads\/2016\/07\/028093200-Cath\u00e9drale-de-Lima-C-Luis-Gamero-Largeur-max.-1024-Hauteur-max.-768-1024x682.jpg?resize=584%2C389\" alt=\"Cath\u00e9drale de Lima (C) Luis Gamero\" width=\"584\" height=\"389\" srcset=\"https:\/\/i0.wp.com\/www.presstourism.ch\/wp-content\/uploads\/2016\/07\/028093200-Cath\u00e9drale-de-Lima-C-Luis-Gamero-Largeur-max.-1024-Hauteur-max.-768.jpg?w=1024 1024w, https:\/\/i0.wp.com\/www.presstourism.ch\/wp-content\/uploads\/2016\/07\/028093200-Cath\u00e9drale-de-Lima-C-Luis-Gamero-Largeur-max.-1024-Hauteur-max.-768.jpg?resize=300%2C200 300w, https:\/\/i0.wp.com\/www.presstourism.ch\/wp-content\/uploads\/2016\/07\/028093200-Cath\u00e9drale-de-Lima-C-Luis-Gamero-Largeur-max.-1024-Hauteur-max.-768.jpg?resize=768%2C512 768w, https:\/\/i0.wp.com\/www.presstourism.ch\/wp-content\/uploads\/2016\/07\/028093200-Cath\u00e9drale-de-Lima-C-Luis-Gamero-Largeur-max.-1024-Hauteur-max.-768.jpg?resize=600%2C400 600w\" sizes=\"(max-width: 584px) 100vw, 584px\" data-recalc-dims=\"1\" \/><\/a><p id=\"caption-attachment-2746\" class=\"wp-caption-text\">Cath\u00e9drale de Lima (C) Luis Gamero<\/p><\/div>\n<p>Les monuments d\u2019int\u00e9r\u00eats se trouvant dans la p\u00e9riph\u00e9rie du centre historique, les plus typiques exemples de l\u2019architecture cr\u00e9ole d\u2019inspiration espagnole comme les grandes maisons de ma\u00eetres, mais encore les b\u00e2timents n\u00e9o-classiques d\u2019inspiration fran\u00e7aise ou Art Nouveau se situent vers la Place Saint Martin ou la Place d\u2019Armes. La cath\u00e9drale de Lima, \u00e9rig\u00e9e au XVIIe si\u00e8cle, \u00e9tant &#8211; quant \u00e0 elle &#8211; un magnifique t\u00e9moignage du baroque colonial. Le panorama culturel est abondant en mus\u00e9es, s\u2019il s\u2019en d\u00e9nombre une soixantaine \u00e0 Lima, les Mus\u00e9es de la nation, d\u2019arch\u00e9ologie, d\u2019anthropologie et d\u2019histoire, le Mus\u00e9e d\u2019Art de Lima (MALI), celui de l\u2019Or\u2026 sont les plus visit\u00e9s.<\/p>\n<div id=\"attachment_2747\" style=\"width: 650px\" class=\"wp-caption alignnone\"><a href=\"https:\/\/i2.wp.com\/www.presstourism.ch\/WP_ALEX\/wp-content\/uploads\/2016\/07\/006949200-Mus\u00e9e-des-Beaux-Arts-Lima-C-Domingo-Giribardi-Largeur-max.-1024-Hauteur-max.-768.jpg\"><img aria-describedby=\"caption-attachment-2747\" loading=\"lazy\" class=\"wp-image-2747 size-large\" src=\"https:\/\/i0.wp.com\/www.presstourism.ch\/WP_ALEX\/wp-content\/uploads\/2016\/07\/006949200-Mus\u00e9e-des-Beaux-Arts-Lima-C-Domingo-Giribardi-Largeur-max.-1024-Hauteur-max.-768-1024x684.jpg?resize=584%2C391\" alt=\"Mus\u00e9e des Beaux-Arts Lima (C) Domingo Giribardi\" width=\"584\" height=\"391\" srcset=\"https:\/\/i2.wp.com\/www.presstourism.ch\/wp-content\/uploads\/2016\/07\/006949200-Mus\u00e9e-des-Beaux-Arts-Lima-C-Domingo-Giribardi-Largeur-max.-1024-Hauteur-max.-768.jpg?w=1024 1024w, https:\/\/i2.wp.com\/www.presstourism.ch\/wp-content\/uploads\/2016\/07\/006949200-Mus\u00e9e-des-Beaux-Arts-Lima-C-Domingo-Giribardi-Largeur-max.-1024-Hauteur-max.-768.jpg?resize=300%2C200 300w, https:\/\/i2.wp.com\/www.presstourism.ch\/wp-content\/uploads\/2016\/07\/006949200-Mus\u00e9e-des-Beaux-Arts-Lima-C-Domingo-Giribardi-Largeur-max.-1024-Hauteur-max.-768.jpg?resize=768%2C513 768w, https:\/\/i2.wp.com\/www.presstourism.ch\/wp-content\/uploads\/2016\/07\/006949200-Mus\u00e9e-des-Beaux-Arts-Lima-C-Domingo-Giribardi-Largeur-max.-1024-Hauteur-max.-768.jpg?resize=600%2C401 600w\" sizes=\"(max-width: 584px) 100vw, 584px\" data-recalc-dims=\"1\" \/><\/a><p id=\"caption-attachment-2747\" class=\"wp-caption-text\">Mus\u00e9e des Beaux-Arts Lima (C) Domingo Giribardi<\/p><\/div>\n<p>Incontournable, le Mus\u00e9e Larco, fond\u00e9 en 1926, porte un t\u00e9moignage unique sur le P\u00e9rou pr\u00e9colombien. Sis en un manoir du XVIIIe si\u00e8cle, entour\u00e9 de somptueux jardins, dot\u00e9 d\u2019un restaurant sous la houlette du grand chef Gaston Acurio, il rec\u00e8le des&nbsp; tr\u00e9sors, bijoux, textiles et c\u00e9ramiques incomparables. Et\u2026 une \u00e9tonnante collection d\u2019art \u00e9rotique, v\u00e9ritable attraction touristique.<\/p>\n<div id=\"attachment_2749\" style=\"width: 650px\" class=\"wp-caption alignnone\"><a href=\"https:\/\/i0.wp.com\/www.presstourism.ch\/WP_ALEX\/wp-content\/uploads\/2016\/07\/022131200-D\u00e9tail-dobjet-Mus\u00e9e-Larco-C-Janine-Costa-Largeur-max.-1024-Hauteur-max.-768-1.jpg\"><img aria-describedby=\"caption-attachment-2749\" loading=\"lazy\" class=\"wp-image-2749 size-large\" src=\"https:\/\/i2.wp.com\/www.presstourism.ch\/WP_ALEX\/wp-content\/uploads\/2016\/07\/022131200-D\u00e9tail-dobjet-Mus\u00e9e-Larco-C-Janine-Costa-Largeur-max.-1024-Hauteur-max.-768-1-1024x681.jpg?resize=584%2C389\" alt=\"D\u00e9tail d'objet Mus\u00e9e Larco (C) Janine Costa\" width=\"584\" height=\"389\" srcset=\"https:\/\/i1.wp.com\/www.presstourism.ch\/wp-content\/uploads\/2016\/07\/022131200-D\u00e9tail-dobjet-Mus\u00e9e-Larco-C-Janine-Costa-Largeur-max.-1024-Hauteur-max.-768-1.jpg?w=1024 1024w, https:\/\/i1.wp.com\/www.presstourism.ch\/wp-content\/uploads\/2016\/07\/022131200-D\u00e9tail-dobjet-Mus\u00e9e-Larco-C-Janine-Costa-Largeur-max.-1024-Hauteur-max.-768-1.jpg?resize=300%2C200 300w, https:\/\/i1.wp.com\/www.presstourism.ch\/wp-content\/uploads\/2016\/07\/022131200-D\u00e9tail-dobjet-Mus\u00e9e-Larco-C-Janine-Costa-Largeur-max.-1024-Hauteur-max.-768-1.jpg?resize=768%2C511 768w, https:\/\/i1.wp.com\/www.presstourism.ch\/wp-content\/uploads\/2016\/07\/022131200-D\u00e9tail-dobjet-Mus\u00e9e-Larco-C-Janine-Costa-Largeur-max.-1024-Hauteur-max.-768-1.jpg?resize=600%2C399 600w\" sizes=\"(max-width: 584px) 100vw, 584px\" data-recalc-dims=\"1\" \/><\/a><p id=\"caption-attachment-2749\" class=\"wp-caption-text\">D\u00e9tail d&rsquo;objet Mus\u00e9e Larco (C) Janine Costa<\/p><\/div>\n<p>Le Mus\u00e9e de Pedro de Osma \u00e0 Barranco, pr\u00e9sente la plus int\u00e9ressante collection de peinture p\u00e9ruvienne du XVIe si\u00e8cle. Sous le m\u00eame toit, une importante vitrine de sculptures et d\u2019argenterie, de mobilier, livres et gravures, de textiles, tapis et ornements religieux compl\u00e8tent l\u2019assortiment. A d\u00e9couvrir, \u00e9galement, le Museo Mario Testino (MATE), qui a pour vocation&nbsp;de lancer les artistes et photographes contemporains p\u00e9ruviens.<\/p>\n<div id=\"attachment_2750\" style=\"width: 650px\" class=\"wp-caption alignnone\"><a href=\"https:\/\/i2.wp.com\/www.presstourism.ch\/WP_ALEX\/wp-content\/uploads\/2016\/07\/C-GAD-Quartier-dartiste-\u00e0-Lima-Largeur-max.-1024-Hauteur-max.-768.jpg\"><img aria-describedby=\"caption-attachment-2750\" loading=\"lazy\" class=\"wp-image-2750 size-large\" src=\"https:\/\/i2.wp.com\/www.presstourism.ch\/WP_ALEX\/wp-content\/uploads\/2016\/07\/C-GAD-Quartier-dartiste-\u00e0-Lima-Largeur-max.-1024-Hauteur-max.-768-1024x768.jpg?resize=584%2C438\" alt=\"(C) GAD Quartier d'artistes \u00e0 Lima \" width=\"584\" height=\"438\" srcset=\"https:\/\/i1.wp.com\/www.presstourism.ch\/wp-content\/uploads\/2016\/07\/C-GAD-Quartier-dartiste-\u00e0-Lima-Largeur-max.-1024-Hauteur-max.-768.jpg?w=1024 1024w, https:\/\/i1.wp.com\/www.presstourism.ch\/wp-content\/uploads\/2016\/07\/C-GAD-Quartier-dartiste-\u00e0-Lima-Largeur-max.-1024-Hauteur-max.-768.jpg?resize=300%2C225 300w, https:\/\/i1.wp.com\/www.presstourism.ch\/wp-content\/uploads\/2016\/07\/C-GAD-Quartier-dartiste-\u00e0-Lima-Largeur-max.-1024-Hauteur-max.-768.jpg?resize=768%2C576 768w, https:\/\/i1.wp.com\/www.presstourism.ch\/wp-content\/uploads\/2016\/07\/C-GAD-Quartier-dartiste-\u00e0-Lima-Largeur-max.-1024-Hauteur-max.-768.jpg?resize=600%2C450 600w\" sizes=\"(max-width: 584px) 100vw, 584px\" data-recalc-dims=\"1\" \/><\/a><p id=\"caption-attachment-2750\" class=\"wp-caption-text\">(C) GAD Quartier d&rsquo;artistes \u00e0 Lima<\/p><\/div>\n<p><strong>L\u2019Eldorado gastronomique <\/strong><\/p>\n<div id=\"attachment_2751\" style=\"width: 606px\" class=\"wp-caption aligncenter\"><a href=\"https:\/\/i2.wp.com\/www.presstourism.ch\/WP_ALEX\/wp-content\/uploads\/2016\/07\/013122200-Quelques-vari\u00e9t\u00e9s-de-ma\u00efs-p\u00e9ruvien-c-Gihan-Gubbeh-Largeur-max.-1024-Hauteur-max.-768.jpg\"><img aria-describedby=\"caption-attachment-2751\" loading=\"lazy\" class=\"wp-image-2751 size-full\" src=\"https:\/\/i2.wp.com\/www.presstourism.ch\/WP_ALEX\/wp-content\/uploads\/2016\/07\/013122200-Quelques-vari\u00e9t\u00e9s-de-ma\u00efs-p\u00e9ruvien-c-Gihan-Gubbeh-Largeur-max.-1024-Hauteur-max.-768.jpg?resize=584%2C389\" alt=\"Quelques vari\u00e9t\u00e9s de ma\u00efs p\u00e9ruvien (c) Gihan Gubbeh\" width=\"584\" height=\"389\" srcset=\"https:\/\/i0.wp.com\/www.presstourism.ch\/wp-content\/uploads\/2016\/07\/013122200-Quelques-vari\u00e9t\u00e9s-de-ma\u00efs-p\u00e9ruvien-c-Gihan-Gubbeh-Largeur-max.-1024-Hauteur-max.-768.jpg?w=596 596w, https:\/\/i0.wp.com\/www.presstourism.ch\/wp-content\/uploads\/2016\/07\/013122200-Quelques-vari\u00e9t\u00e9s-de-ma\u00efs-p\u00e9ruvien-c-Gihan-Gubbeh-Largeur-max.-1024-Hauteur-max.-768.jpg?resize=300%2C200 300w\" sizes=\"(max-width: 584px) 100vw, 584px\" data-recalc-dims=\"1\" \/><\/a><p id=\"caption-attachment-2751\" class=\"wp-caption-text\">Quelques vari\u00e9t\u00e9s de ma\u00efs p\u00e9ruvien (c) Gihan Gubbeh<\/p><\/div>\n<p>S\u00e9lectionn\u00e9 par l<em>\u2019Organisation Mondiale du Tourisme<\/em> (OMT) pour accueillir le <em>2<sup>e<\/sup> Forum Mondial du Tourisme Gastronomique 2016<\/em>, la r\u00e9putation du P\u00e9rou en termes culinaires d\u00e9passe largement ses fronti\u00e8res. Ainsi, le pays vient de se distinguer aux <em>World Travel Awards<\/em> d\u00e9cern\u00e9s par un jury international, en d\u00e9crochant le titre de la meilleure destination gastronomique de l\u2019industrie du tourisme pour la 4e ann\u00e9e cons\u00e9cutive&nbsp;! Outre ces brillantes distinctions, deux \u00e9tablissements de Lima ont \u00e9t\u00e9 cit\u00e9s au <em>World\u2019s 50 Restaurants<\/em> de l\u2019Ann\u00e9e 2014.<\/p>\n<div id=\"attachment_2752\" style=\"width: 523px\" class=\"wp-caption aligncenter\"><a href=\"https:\/\/i2.wp.com\/www.presstourism.ch\/WP_ALEX\/wp-content\/uploads\/2016\/07\/002940200-Lima-la-Place-des-Armes-la-nuit-c-Anibal-Solimano-Largeur-max.-1024-Hauteur-max.-768.jpg\"><img aria-describedby=\"caption-attachment-2752\" loading=\"lazy\" class=\"wp-image-2752 size-full\" src=\"https:\/\/i2.wp.com\/www.presstourism.ch\/WP_ALEX\/wp-content\/uploads\/2016\/07\/002940200-Lima-la-Place-des-Armes-la-nuit-c-Anibal-Solimano-Largeur-max.-1024-Hauteur-max.-768.jpg?resize=513%2C768\" alt=\"Lima: la Place des Armes la nuit (c) Anibal Solimano \" width=\"513\" height=\"768\" srcset=\"https:\/\/i1.wp.com\/www.presstourism.ch\/wp-content\/uploads\/2016\/07\/002940200-Lima-la-Place-des-Armes-la-nuit-c-Anibal-Solimano-Largeur-max.-1024-Hauteur-max.-768.jpg?w=513 513w, https:\/\/i1.wp.com\/www.presstourism.ch\/wp-content\/uploads\/2016\/07\/002940200-Lima-la-Place-des-Armes-la-nuit-c-Anibal-Solimano-Largeur-max.-1024-Hauteur-max.-768.jpg?resize=200%2C300 200w\" sizes=\"(max-width: 513px) 100vw, 513px\" data-recalc-dims=\"1\" \/><\/a><p id=\"caption-attachment-2752\" class=\"wp-caption-text\">Lima: la Place des Armes la nuit (c) Anibal Solimano<\/p><\/div>\n<p>Fond\u00e9e et lanc\u00e9e par le chef Gaston Acurio, <em>Mistura,<\/em> <em>la Foire gastronomique internationale de Lima<\/em>, l\u2019une des manifestations les plus importantes d\u2019Am\u00e9rique latine attire aujourd\u2019hui, outre les chefs de renoms, plus de 200 000 participants. Organis\u00e9 par la Soci\u00e9t\u00e9 P\u00e9ruvienne de gastronomie (APEGA), le concept est rassembleur et s\u2019\u00e9tend de la gastronomie durable au march\u00e9 des produits. Exposants et producteurs se pressent au Parc des Expositions sur une dizaine de jours, cours de cuisine, concours, d\u00e9gustations, tables rondes et conf\u00e9rences ponctuent cette joyeuse grande f\u00eate populaire.<\/p>\n<div id=\"attachment_2753\" style=\"width: 650px\" class=\"wp-caption alignnone\"><a href=\"https:\/\/i2.wp.com\/www.presstourism.ch\/WP_ALEX\/wp-content\/uploads\/2016\/07\/026911200-Piscou-le-cocktail-national-du-P\u00e9rou-C-Yayo-Lopez-Largeur-max.-1024-Hauteur-max.-768.jpg\"><img aria-describedby=\"caption-attachment-2753\" loading=\"lazy\" class=\"wp-image-2753 size-large\" src=\"https:\/\/i0.wp.com\/www.presstourism.ch\/WP_ALEX\/wp-content\/uploads\/2016\/07\/026911200-Piscou-le-cocktail-national-du-P\u00e9rou-C-Yayo-Lopez-Largeur-max.-1024-Hauteur-max.-768-1024x683.jpg?resize=584%2C390\" alt=\"Le Pisco, cocktail national du P\u00e9rou (C) Yayo Lopez \" width=\"584\" height=\"390\" srcset=\"https:\/\/i0.wp.com\/www.presstourism.ch\/wp-content\/uploads\/2016\/07\/026911200-Piscou-le-cocktail-national-du-P\u00e9rou-C-Yayo-Lopez-Largeur-max.-1024-Hauteur-max.-768.jpg?w=1024 1024w, https:\/\/i0.wp.com\/www.presstourism.ch\/wp-content\/uploads\/2016\/07\/026911200-Piscou-le-cocktail-national-du-P\u00e9rou-C-Yayo-Lopez-Largeur-max.-1024-Hauteur-max.-768.jpg?resize=300%2C200 300w, https:\/\/i0.wp.com\/www.presstourism.ch\/wp-content\/uploads\/2016\/07\/026911200-Piscou-le-cocktail-national-du-P\u00e9rou-C-Yayo-Lopez-Largeur-max.-1024-Hauteur-max.-768.jpg?resize=768%2C512 768w, https:\/\/i0.wp.com\/www.presstourism.ch\/wp-content\/uploads\/2016\/07\/026911200-Piscou-le-cocktail-national-du-P\u00e9rou-C-Yayo-Lopez-Largeur-max.-1024-Hauteur-max.-768.jpg?resize=600%2C400 600w\" sizes=\"(max-width: 584px) 100vw, 584px\" data-recalc-dims=\"1\" \/><\/a><p id=\"caption-attachment-2753\" class=\"wp-caption-text\">Le Pisco, cocktail national du P\u00e9rou (C) Yayo Lopez<\/p><\/div>\n<p>Le talent gastronomique du P\u00e9rou s\u2019explique par la diversit\u00e9 du pays et l\u2019immense vari\u00e9t\u00e9 de ses cultures. Aux racines indig\u00e8nes mill\u00e9naires se m\u00ealent tous ses accents historiques, ces saveurs venues d\u2019ailleurs, celles des migrations en provenance d\u2019Europe, d\u2019Asie, d\u2019Afrique\u2026 dont les influences se multiplient. Les cultures s\u2019acclimatent, les traditions se bousculant, d\u2019autres \u00e9pices et assaisonnements s\u2019imposent. Les tendances culinaires s\u2019installent et le P\u00e9rou se d\u00e9couvre de brillants ambassadeurs&nbsp; \u00e0 travers le monde!&nbsp; Illustrant cette mouvance<strong>,<\/strong> la cuisine de Mitsuharu Tsumura au Maido \u00e0 Lima propose une d\u00e9licate et \u00e9tonnante carte fusion. Entre les go\u00fbts p\u00e9ruviens et japonais, (cuisine Nikkei), une inspiration inventive et raffin\u00e9e marie ici la fine tradition japonaise aux sp\u00e9cialit\u00e9s nationales. Du grand art&nbsp;!<\/p>\n<p style=\"text-align: right;\">Georgika Aeby-Demeter<\/p>\n<p style=\"text-align: left;\">&nbsp;<\/p>\n","protected":false},"excerpt":{"rendered":"<p>Il a nourri l\u2019\u00e9pop\u00e9e mythique de l\u2019Eldorado. La puissance et la richesse du P\u00e9rou ont marqu\u00e9 l\u2019Histoire et attis\u00e9 les convoitises \u00e0 l\u2019heure des grandes conqu\u00eates espagnoles. Aujourd\u2019hui encore, le pays fascine. Du colossal au sacr\u00e9, l\u2019aventure se poursuit et &hellip; <a href=\"http:\/\/www.presstourism.ch\/?page_id=2741\">Continuer la lecture <span class=\"meta-nav\">&rarr;<\/span><\/a><\/p>\n","protected":false},"author":1,"featured_media":0,"parent":2755,"menu_order":0,"comment_status":"closed","ping_status":"closed","template":"","meta":{"ngg_post_thumbnail":0,"spay_email":""},"jetpack_sharing_enabled":true,"jetpack_shortlink":"https:\/\/wp.me\/P468TV-Id","_links":{"self":[{"href":"http:\/\/www.presstourism.ch\/index.php?rest_route=\/wp\/v2\/pages\/2741"}],"collection":[{"href":"http:\/\/www.presstourism.ch\/index.php?rest_route=\/wp\/v2\/pages"}],"about":[{"href":"http:\/\/www.presstourism.ch\/index.php?rest_route=\/wp\/v2\/types\/page"}],"author":[{"embeddable":true,"href":"http:\/\/www.presstourism.ch\/index.php?rest_route=\/wp\/v2\/users\/1"}],"replies":[{"embeddable":true,"href":"http:\/\/www.presstourism.ch\/index.php?rest_route=%2Fwp%2Fv2%2Fcomments&post=2741"}],"version-history":[{"count":3,"href":"http:\/\/www.presstourism.ch\/index.php?rest_route=\/wp\/v2\/pages\/2741\/revisions"}],"predecessor-version":[{"id":9383,"href":"http:\/\/www.presstourism.ch\/index.php?rest_route=\/wp\/v2\/pages\/2741\/revisions\/9383"}],"up":[{"embeddable":true,"href":"http:\/\/www.presstourism.ch\/index.php?rest_route=\/wp\/v2\/pages\/2755"}],"wp:attachment":[{"href":"http:\/\/www.presstourism.ch\/index.php?rest_route=%2Fwp%2Fv2%2Fmedia&parent=2741"}],"curies":[{"name":"wp","href":"https:\/\/api.w.org\/{rel}","templated":true}]}}