{"id":2704,"date":"2016-06-28T12:55:56","date_gmt":"2016-06-28T11:55:56","guid":{"rendered":"http:\/\/www.presstourism.ch\/WP_ALEX\/?page_id=2704"},"modified":"2023-06-09T19:53:26","modified_gmt":"2023-06-09T17:53:26","slug":"aeby-demeter-georgika","status":"publish","type":"page","link":"http:\/\/www.presstourism.ch\/?page_id=2704","title":{"rendered":"Aeby-Demeter Georgika"},"content":{"rendered":"<p class=\"entry-title\"><a href=\"https:\/\/i0.wp.com\/www.presstourism.ch\/wp-content\/uploads\/2023\/02\/georgika_aeby-demeter-1.jpg\"><img loading=\"lazy\" class=\"alignnone size-full wp-image-8677\" src=\"https:\/\/i0.wp.com\/www.presstourism.ch\/wp-content\/uploads\/2023\/02\/georgika_aeby-demeter-1.jpg?resize=115%2C155\" alt=\"\" width=\"115\" height=\"155\"  data-recalc-dims=\"1\"><\/a><\/p>\n<p>R\u00e9dactrice en chef<br \/>\nExclusif Magazine<\/p>\n<p>Ysatis Consulting SA<br \/>\nCase postale 28 \/1226 Th\u00f4nex T\u00e9l. 022 3461534, fax: 022 3462123, mobile 079 3424670<br \/>\nEmail: <a href=\"mailto:gad@ysatis.ch\">gad@ysatis.ch<br \/>\nInternet: <\/a><a href=\"http:\/\/www.exclusifmag.com\">www.exclusifmag.com<br \/>\n<\/a><\/p>\n<p>Publi\u00e9s sur le site de Presstourism:<\/p>\n<p><a href=\"http:\/\/www.presstourism.ch\/?p=8345\">Val Thorens joyau du ski europ\u00e9en<\/a><\/p>\n<p><a href=\"http:\/\/www.presstourism.ch\/?page_id=8304\">Vienne, l&rsquo;Art en h\u00e9ritage &#8211; Capitale de toutes les<\/a><a href=\"http:\/\/www.presstourism.ch\/?page_id=8304\"> splendeurs<\/a><\/p>\n<p><a href=\"http:\/\/www.presstourism.ch\/?page_id=4414\">Irr\u00e9sistible Slov\u00e9nie<\/a><\/p>\n<p><a href=\"http:\/\/www.presstourism.ch\/?page_id=2677\">Panama au rythme du canal<\/a><\/p>\n<p><a href=\"http:\/\/www.presstourism.ch\/?page_id=2741\">Le P\u00e9rou,&nbsp; entre Pacifique et montagnes sacr\u00e9es<\/a><\/p>\n<p><a href=\"http:\/\/www.presstourism.ch\/?page_id=2765\">P\u00e9rou, destination aux relents d&rsquo;aventure<\/a><\/p>\n","protected":false},"excerpt":{"rendered":"<p>R\u00e9dactrice en chef Exclusif Magazine Ysatis Consulting SA Case postale 28 \/1226 Th\u00f4nex T\u00e9l. 022 3461534, fax: 022 3462123, mobile 079 3424670 Email: gad@ysatis.ch Internet: www.exclusifmag.com Publi\u00e9s sur le site de Presstourism: Val Thorens joyau du ski europ\u00e9en Vienne, l&rsquo;Art &hellip; <a href=\"http:\/\/www.presstourism.ch\/?page_id=2704\">Continuer la lecture <span class=\"meta-nav\">&rarr;<\/span><\/a><\/p>\n","protected":false},"author":1,"featured_media":0,"parent":76,"menu_order":0,"comment_status":"closed","ping_status":"closed","template":"","meta":{"ngg_post_thumbnail":0,"spay_email":""},"jetpack_sharing_enabled":true,"jetpack_shortlink":"https:\/\/wp.me\/P468TV-HC","_links":{"self":[{"href":"http:\/\/www.presstourism.ch\/index.php?rest_route=\/wp\/v2\/pages\/2704"}],"collection":[{"href":"http:\/\/www.presstourism.ch\/index.php?rest_route=\/wp\/v2\/pages"}],"about":[{"href":"http:\/\/www.presstourism.ch\/index.php?rest_route=\/wp\/v2\/types\/page"}],"author":[{"embeddable":true,"href":"http:\/\/www.presstourism.ch\/index.php?rest_route=\/wp\/v2\/users\/1"}],"replies":[{"embeddable":true,"href":"http:\/\/www.presstourism.ch\/index.php?rest_route=%2Fwp%2Fv2%2Fcomments&post=2704"}],"version-history":[{"count":14,"href":"http:\/\/www.presstourism.ch\/index.php?rest_route=\/wp\/v2\/pages\/2704\/revisions"}],"predecessor-version":[{"id":9144,"href":"http:\/\/www.presstourism.ch\/index.php?rest_route=\/wp\/v2\/pages\/2704\/revisions\/9144"}],"up":[{"embeddable":true,"href":"http:\/\/www.presstourism.ch\/index.php?rest_route=\/wp\/v2\/pages\/76"}],"wp:attachment":[{"href":"http:\/\/www.presstourism.ch\/index.php?rest_route=%2Fwp%2Fv2%2Fmedia&parent=2704"}],"curies":[{"name":"wp","href":"https:\/\/api.w.org\/{rel}","templated":true}]}}