{"id":268,"date":"2013-11-15T15:36:24","date_gmt":"2013-11-15T14:36:24","guid":{"rendered":"http:\/\/www.presstourism.ch\/WP_ALEX\/?page_id=268"},"modified":"2025-05-28T15:45:37","modified_gmt":"2025-05-28T13:45:37","slug":"auf-deutsch","status":"publish","type":"page","link":"http:\/\/www.presstourism.ch\/?page_id=268","title":{"rendered":"Auf deutsch"},"content":{"rendered":"<h1 style=\"text-align: center;\" align=\"center\"><img loading=\"lazy\" class=\"aligncenter\" src=\"data:image\/png;base64,iVBORw0KGgoAAAANSUhEUgAAAR4AAACwCAIAAABWyparAAANv0lEQVR4nO3c249cR14H8N+p6zmnuz2+JHbisbNmEawWEBKIFQ8gJB6Q9oE\/yRIIQbQrWLEPK5B4AQmQ4G\/giQ3JzPRtxjOTrO1kN0QBEt\/Gc+nbuXXxMPZiearI1PpUzpnxt\/R5yEO5zq9+Xd\/M6dPqJsLAwMDAwMDAwHi9R4SBgRFgIFoYGEEGMQwMjAAD0cLACDIQLQyMIIMEkwBQO0QLIAhECyAIRAsgCEQLIAhECyAIRAsgCEQLIAhECyAIRAsgCEQLIAhECyAIRAsgCEQLIAhECyAIRAsgCEQLIAhECyAIRAsgCEQLIAhECyAIRAsgCEQLIAhECyAIRAsgCEQLIAhECyAIRAsgCEQLIAhECyAIRAsgCEQLIAhECyAIRAsgCEQLIAhECyAIRAsgCEQLIAhECyAIRAsgCEQLIAhECyAIRAsgCEQLIAhECyAIRAsgCEQLIAhECyAIEqQEKXlCStpKRX5iUla+833rcc13OdmBY771J2TnWidxqKt+37656vfdl2\/9vn1w1aNIWdX1urj6fHImyReGUFIoyZRkSpKK7KQfHgsr5z8RZOdbj2u+i+O63vV794Hsaqq\/rtexttfLWY9nH1z1aLLzrd9Vj2t+yl92hdglYheJrRDrEesSS4mlxKIOt9KxHybIyjVfamblW49rvovSzMq3fuXgWodSZlVX\/b59c9Xv4vt6ufj2wVXPBcasfOt31ePqc0r0EiIZk4xJxRTHFMeUxpTG1InT5xl7Sc\/TCmkr13zXdX3rqWuduup3reNbZ119qKtvbcMdQvf5ZNwopo6ijqQOpw6jThR1iHWIdRLVs9Kxn2fRPcE1n6V2vvW45vuuU1f9rnV866yrD771+6prXy6u617kdnXV7+pbl5KX0AXRtbpI0qrD\/PR0YuWan3A733pc833Xqat+1zq+ddbVB9\/6fdW1LxfXdSNtV1f9rr6ple5LiBSRevb+jHESjGREOiLq1iRxcM3vOdRVj+91fev37UNd+21b3xpah6d23tf1dfLN1rvXbn3v6q3vv3nrB1du\/fDyrR+t3PqblVt\/e+HW36c3rf4p9vOv+h0r3\/m+9bjmu\/xz8o6Vb\/3\/ouxc6\/xDx66u+n375qrfd1++9fv2wVXPP6bvWNX1upy+z\/TJjd7nCVUxN5qmmvZ7tB9TpvlCKAA4pX2hjqScCTaX0UyLSRzTx6sXP49ZFWuj+FTTfjfa15QrOVEKAE7pSOiJ4D+P1pHWdH\/1ymdaFjoxUk8kHaRiX7JcJAdaAcApTYSeCb4QfCGjueSHStHd1Wuf6rhQPSOSmeAHiT7kquSdqVQAcEoLHmdcZIJnIpoJdiAlfXT9rZ\/qJJM9IzpTJg50fBjpkjolUwBwWjwpuCgZzxnNBNsXgnZXr34S60x1lyKecnao1CSSS0oNKQA4rSgxTC4jXjCasegp57S9euV+Iuc6XQo15dGhFkfEDMXLSAHAKRmWmkiaiBeMphHtMUbbN1buJ2Km5FLyCaMDxSZES5IZVwBwSoalhikT8Sp6Hq3d66sPuDJCzFP2OOGZSCpimaKSCQA4LSErLkoelTxacHbIlSVaJUWIFoAfRAsgCEQLIIgXojVHtABqg2gBBIEbQoAgEC2AIKzReih0STRP2V5HZiIxTM0FogXgoWBxTqKImFGi1OpQCEQLoAYFi3NiiBZAzb46WgseI1oAvl6MVq4kogVQj6+OFm4IAX4BeK8FEASiBRCEJVofrt74IhImiqYxPUlFoTpL4guJaAF4yBkvGa8EW0qeS3EkNKIFUANECyAIRAsgiBejlSFaAHVBtACCwA0hQBCIFkAQiBZAGCe\/ColoAdQA0QIIAtECCOLkj6UhWgA1QLQAgsANIUAQiBZAEJbfIVx96wGXRrDnP\/HZqUhkijVfK8DZUbC4ZKpkvGC04OxISku0SuKIFoCXgsUlE4gWQM0QLYAgXozWHNECqAuiBRAEbggBgkC0AIKwRGtw88YjkRoSZawfdtS+SnIVzzQruLBjys41vylnpc7Q+21bH9pWj6csYnZSFFItlTYqrXSaqZT6168\/YnFFrNTqYSKfcp1xNRPkXIKEnWt+U85KnaH327Y+tK0eT6WQVguiLGJFxEumFkwecUVbN24+FR0TSRPH+514ItOlTHLNKy4dtINrflPOSp2h99u2PrStnnqUjBsmDVdGJrmKj3RCm6s3nrLUkDBKHyR6wpOliHPJzn5rzkqdoffbtj60rR4\/OTGrigvDlZHaqLSI06MkpcG1tx6RLikqhXik+H6kMhIzjhvCswY3hF8L13uwOdGCoixiCyanTOwJSaObN5+oromkSZMn3fhAp4VOFonIY22nEzvX\/KaclTpD77dtfWhbPZ6KJLY65DTlbM75Qqi5UPtC0fo3bjzQHUMi78QPu3ovTuc6nqR8nmiHxME1vylnpc7Q+21bH9pWj5+JElb7CT9M5CxWx\/+nmKmE\/u3KxY+JjoieEH3M6GdEXxL9D9GXAHDCA4cvND1S0b5kEyGnTEwiSQ\/\/7o8+f\/dXF3\/9zcm7V6Y\/uP74L68\/+au3975\/Zf5nb1sVf9oubavTVY+v7M9XrerqQ111NlWPa52Dv7ALfV1z+5fM7W+a279sbn\/L3P529Se\/TsvPvjsffdvs\/ooZXjXbN83WDXPnhtm6lv\/kplXWMm2r01WPr+LuO1Z19aGuOpuqx7WO2bQLfd3yXqe811veW1nevbS8\/0b28TV6+sWvfbHbLe+r2TbN79HTj+jgHk3u0tGm3d52u7StTlc9vg7HdnX1oa46m6rHtc7hll3o6z7aocfbtHeH9rboyTY92I1ofv93nn7whhleqN6jakPM11U2UEWfmzVht94ybavTVY+v95ldXX2oq86m6nGtM3AIfd21FbO2Yj64ZD64ataumfW3yfznd\/PBt8zWN8zaRTO8aoZvma3rZuuN+bBrVfTbpW11uurxNe2nVnX1oa46m6rHtY75wC70dY\/GNBnTbESzUTQdi4MtTQf\/9Z0vx29m253DdToa8ydjcbijZrt8tiOtiq12aVudrnp8TbeFVV19qKvOpupxrZPfsQt93ek2zbZosRllW2J2R012Ujp68NsPti\/nH8VHA5ps094OTX\/C53cjs0bQpHWHxgtrt6ORXejrFu+l1Xvp8sdd8+NL5XuX8\/ffJPPp7082rpvhperfyazF+Xpixj2zmRbDntVs3C5tq9NVj69qvGJVVx\/qqrOpelzrmDW70Nc9HNNkHM1GfDZUk3FysNmhxed\/\/HCYVncof1\/n61fmI73cVeUwLofKqugLK9d8l7wvrOpaPzRX\/b59813HNd+lGior3+u2rc9tO4fZgOcDnvdFsaGyfjobvBCt7D8UovXq9fv2DdFq9pzUGK1swPO+yPsq66eTIaJV90vu2zdEq9lz0kC0iqGw63M713yH\/PgP6Al1rR+as37Pvvmu45rvUg6ElXf9betzy84hohX+JffsG6LV7DlpIFq+NzZt+0Pf1I2Kb99wQ9jsOWnghtD3iLStZU295L59Q7SaPSeI1pl5yX37hmg1e06+jmid8nOt8+qsHDVop2Iky5Esh6oaxMWwuxj1vP9qnVeIFryKYiSLkSyHqhzGxbA7GyNazyFa8Co8otX4U9e2PORtujA4E\/KhyIeiGMhioPNBZzrqIlrPW4NowSvwiFbjf2G\/ZrghhFeB91pOiBa8CkTLCdGCV\/H\/Reulz7Vw1OA0cE6OeXyuhZbBaeCcHPN5+D6QVo3vAVoF5+RZH\/C5FkAIPg\/fj+8dT2h8D9AqOCfH8LkWQBAeN4TVSFs1vgdoFZyTY4gW1Azn5Jg9Wo\/HXfMhK9eSfP3KbKjMh9psduq6ZOiHs17fC\/wFruu7vu91Q89val+v23mw\/w7hS9Fa7ipE62s7gojW+TgP9m8ZI1oNHkFE63ycB49o1fZQMvCXNXx\/PCz0+nX9+Fnofobe1+t2HhCt1h1BROt8nAfcELbuxgk3hOfjPCBarTuCiNb5OA+IVuuOIKJ1Ps6DLVr\/\/YePh9fMTqfcoHwjnfVXzM5Fc4fV9ZKHbmXoI9vUvpo6ynXt96xcty62z7VORGu5vYJoIVqIlpdT\/dVCtBAtRMuXT7Rqeigc+mFr6IfaTe2rqYfdde33rFy3LogWotXSI\/46RQs3hLghxA3hqSFaiFZLjziihWghWoiWhSVa5rM\/eNq\/Xm1fztZZtcaLjdjsdPNdXddRO+uyDW4V+iicFed1X76qoayG0gye\/Q7hbNw7jtbb1falbD16Hq0L2c5r1xoX14+B+a5zXo\/ged2XL2u0fm9v42q1fSnfYMt1VWzEZru3uKNdR+p14\/qCuu86riPY+AZf0Xndl3cfRrIaymqoqkGcjbrTcY+Wn\/7uk\/U3q52V59FKzdaF+ZYO\/bDyrMCPgcFp5Mf\/MZDFQC+GncmoS9XPvvN4\/XK1s1L0udnQxXpnubkyHWvXkXrduFrZ1Dptc1735evnv0OYD\/V82Dkad6n46W89WlupdnpFn5t+XKx3qvHKBL9D+FXvGRovDFolG8tiJIuRKkbxYtQ93OpR\/slvPlq\/UO30ygEz\/bhY71WjS0eDxPUe43XjamVT67TNed2Xr2wss7EsRiobxbPxs2j9xsO1XrXTKQfMbKT5WrccXjzsI1rPLMexle865\/UIntd9+Vpsymwss\/H\/Ret\/AYrgIXFLiqjkAAAAAElFTkSuQmCC\" alt=\"\" width=\"124\" height=\"72\"><\/h1>\n<h1 style=\"text-align: center;\">http:\/\/www.presstourism.info\/<\/h1>\n<p style=\"text-align: center;\" align=\"center\"><span style=\"color: #ccffcc;\">HERZLICH WILLKOMMEN BEI DEN MEDIENSCHAFFENDEN VON TOURISMPRESS<\/span><\/p>\n<p align=\"center\"><strong><a href=\"http:\/\/www.presstourism.ch\/?page_id=9805\" data-wplink-edit=\"true\">Die Seele der Toskana: Kultur und Geschmack<\/a><\/strong><\/p>\n<p>&nbsp;<\/p>\n<p style=\"text-align: center;\"><a href=\"http:\/\/www.presstourism.ch\/?p=9603\"><span style=\"color: #0000ff;\"><strong>Die Logiern\u00e4chtezahl erreicht in der Sommersaison 2024 einen neuen Rekord<\/strong><\/span><\/a><\/p>\n<p align=\"center\">&nbsp;<\/p>\n<h2 style=\"font-weight: 400; text-align: center;\"><a href=\"http:\/\/www.presstourism.ch\/?page_id=9158(ouvre un nouvel onglet)\" data-wplink-url-error=\"true\"><strong>Der Schweizer Tourismus in Zahlen 2022<\/strong><\/a><\/h2>\n<p align=\"center\">&nbsp;<\/p>\n\n\n<h1 class=\"has-text-align-center has-medium-font-size\"><a href=\"http:\/\/www.presstourism.ch\/?page_id=8586\">Ein f\u00fcr Besucher zug\u00e4nglicher Schatz der Vergangenheit: die Apothicairerie von Bourg-en-Bresse<\/a><\/h1>\n\n\n\n<p class=\"has-text-align-center\">Orith Tempelman<\/p>\n\n\n\n<p><\/p>\n\n\n\n<p><\/p>\n\n\n\n<h2 class=\"has-text-align-center has-medium-font-size\"><a href=\"http:\/\/www.presstourism.ch\/?page_id=8494\">Wien feiert das Leben<\/a><\/h2>\n\n\n\n<p class=\"has-text-align-center\">Jean-Pierre Reinle<\/p>\n\n\n\n<p><\/p>\n\n\n\n<p><\/p>\n\n\n\n<h2 class=\"has-text-align-center has-medium-font-size\"><p><strong><a href=\"http:\/\/www.presstourism.ch\/?page_id=8158\">Hagia Sophia \u2013 Basilika \u2013 Moschee \u2013 Museum \u2013 ?<\/a><\/strong><\/p><\/h2>\n\n\n\n<p class=\"has-text-align-center\">Orith Tempelman<\/p>\n","protected":false},"excerpt":{"rendered":"<p>http:\/\/www.presstourism.info\/ HERZLICH WILLKOMMEN BEI DEN MEDIENSCHAFFENDEN VON TOURISMPRESS Die Seele der Toskana: Kultur und Geschmack &nbsp; Die Logiern\u00e4chtezahl erreicht in der Sommersaison 2024 einen neuen Rekord &nbsp; Der Schweizer Tourismus in Zahlen 2022 &nbsp; Ein f\u00fcr Besucher zug\u00e4nglicher Schatz der &hellip; <a href=\"http:\/\/www.presstourism.ch\/?page_id=268\">Continuer la lecture <span class=\"meta-nav\">&rarr;<\/span><\/a><\/p>\n","protected":false},"author":1,"featured_media":0,"parent":0,"menu_order":10,"comment_status":"open","ping_status":"open","template":"","meta":{"ngg_post_thumbnail":0,"spay_email":""},"jetpack_sharing_enabled":true,"jetpack_shortlink":"https:\/\/wp.me\/P468TV-4k","_links":{"self":[{"href":"http:\/\/www.presstourism.ch\/index.php?rest_route=\/wp\/v2\/pages\/268"}],"collection":[{"href":"http:\/\/www.presstourism.ch\/index.php?rest_route=\/wp\/v2\/pages"}],"about":[{"href":"http:\/\/www.presstourism.ch\/index.php?rest_route=\/wp\/v2\/types\/page"}],"author":[{"embeddable":true,"href":"http:\/\/www.presstourism.ch\/index.php?rest_route=\/wp\/v2\/users\/1"}],"replies":[{"embeddable":true,"href":"http:\/\/www.presstourism.ch\/index.php?rest_route=%2Fwp%2Fv2%2Fcomments&post=268"}],"version-history":[{"count":29,"href":"http:\/\/www.presstourism.ch\/index.php?rest_route=\/wp\/v2\/pages\/268\/revisions"}],"predecessor-version":[{"id":9832,"href":"http:\/\/www.presstourism.ch\/index.php?rest_route=\/wp\/v2\/pages\/268\/revisions\/9832"}],"wp:attachment":[{"href":"http:\/\/www.presstourism.ch\/index.php?rest_route=%2Fwp%2Fv2%2Fmedia&parent=268"}],"curies":[{"name":"wp","href":"https:\/\/api.w.org\/{rel}","templated":true}]}}