{"id":2668,"date":"2016-06-28T11:16:30","date_gmt":"2016-06-28T10:16:30","guid":{"rendered":"http:\/\/www.presstourism.ch\/WP_ALEX\/?page_id=2668"},"modified":"2016-06-28T11:22:59","modified_gmt":"2016-06-28T10:22:59","slug":"2016-assemblee-generale-yverdon","status":"publish","type":"page","link":"http:\/\/www.presstourism.ch\/?page_id=2668","title":{"rendered":"2016 Assembl\u00e9e g\u00e9n\u00e9rale Yverdon"},"content":{"rendered":"<p><a href=\"http:\/\/www.presstourism.ch\/WP_ALEX\/wp-content\/uploads\/2016\/06\/PV-AG-Yverdon-Juin-2016.docx\">PV provisoire AG Yverdon Juin 2016<\/a><\/p>\n","protected":false},"excerpt":{"rendered":"<p>PV provisoire AG Yverdon Juin 2016<\/p>\n","protected":false},"author":1,"featured_media":0,"parent":490,"menu_order":0,"comment_status":"closed","ping_status":"closed","template":"","meta":{"ngg_post_thumbnail":0,"spay_email":""},"jetpack_sharing_enabled":true,"jetpack_shortlink":"https:\/\/wp.me\/P468TV-H2","_links":{"self":[{"href":"http:\/\/www.presstourism.ch\/index.php?rest_route=\/wp\/v2\/pages\/2668"}],"collection":[{"href":"http:\/\/www.presstourism.ch\/index.php?rest_route=\/wp\/v2\/pages"}],"about":[{"href":"http:\/\/www.presstourism.ch\/index.php?rest_route=\/wp\/v2\/types\/page"}],"author":[{"embeddable":true,"href":"http:\/\/www.presstourism.ch\/index.php?rest_route=\/wp\/v2\/users\/1"}],"replies":[{"embeddable":true,"href":"http:\/\/www.presstourism.ch\/index.php?rest_route=%2Fwp%2Fv2%2Fcomments&post=2668"}],"version-history":[{"count":3,"href":"http:\/\/www.presstourism.ch\/index.php?rest_route=\/wp\/v2\/pages\/2668\/revisions"}],"predecessor-version":[{"id":2672,"href":"http:\/\/www.presstourism.ch\/index.php?rest_route=\/wp\/v2\/pages\/2668\/revisions\/2672"}],"up":[{"embeddable":true,"href":"http:\/\/www.presstourism.ch\/index.php?rest_route=\/wp\/v2\/pages\/490"}],"wp:attachment":[{"href":"http:\/\/www.presstourism.ch\/index.php?rest_route=%2Fwp%2Fv2%2Fmedia&parent=2668"}],"curies":[{"name":"wp","href":"https:\/\/api.w.org\/{rel}","templated":true}]}}