{"id":2639,"date":"2016-06-28T10:07:35","date_gmt":"2016-06-28T09:07:35","guid":{"rendered":"http:\/\/www.presstourism.ch\/WP_ALEX\/?page_id=2639"},"modified":"2016-06-28T11:27:07","modified_gmt":"2016-06-28T10:27:07","slug":"les-journalistes-suisses-du-tourisme-a-yverdon-les-bains","status":"publish","type":"page","link":"http:\/\/www.presstourism.ch\/?page_id=2639","title":{"rendered":"Les journalistes suisses du tourisme \u00e0 Yverdon-les-Bains"},"content":{"rendered":"<p><strong>\u00ab\u00a0C&rsquo;est une beaut\u00e9 qui s&rsquo;ignore\u00a0\u00bb<\/strong><\/p>\n<p><a href=\"https:\/\/i0.wp.com\/www.presstourism.ch\/WP_ALEX\/wp-content\/uploads\/2016\/06\/IMG_0513.jpeg\"><img loading=\"lazy\" class=\"aligncenter wp-image-2626 size-large\" src=\"https:\/\/i0.wp.com\/www.presstourism.ch\/WP_ALEX\/wp-content\/uploads\/2016\/06\/IMG_0513-1024x683.jpeg?resize=584%2C390\" alt=\"IMG_0513\" width=\"584\" height=\"390\" srcset=\"https:\/\/i0.wp.com\/www.presstourism.ch\/wp-content\/uploads\/2016\/06\/IMG_0513.jpeg?resize=1024%2C683 1024w, https:\/\/i0.wp.com\/www.presstourism.ch\/wp-content\/uploads\/2016\/06\/IMG_0513.jpeg?resize=300%2C200 300w, https:\/\/i0.wp.com\/www.presstourism.ch\/wp-content\/uploads\/2016\/06\/IMG_0513.jpeg?resize=768%2C512 768w, https:\/\/i0.wp.com\/www.presstourism.ch\/wp-content\/uploads\/2016\/06\/IMG_0513.jpeg?resize=600%2C400 600w, https:\/\/i0.wp.com\/www.presstourism.ch\/wp-content\/uploads\/2016\/06\/IMG_0513.jpeg?w=1280 1280w, https:\/\/i0.wp.com\/www.presstourism.ch\/wp-content\/uploads\/2016\/06\/IMG_0513.jpeg?w=1168 1168w\" sizes=\"(max-width: 584px) 100vw, 584px\" data-recalc-dims=\"1\" \/><\/a>Plac\u00e9e sous la pr\u00e9sidence de Philippe Nanzer, l&rsquo;Association suisse des journalistes du tourisme, qui regroupe une soixantaine de membres sous la d\u00e9nomiation de Presstourism, a tenu samedi son assembl\u00e9e g\u00e9n\u00e9rale \u00e0 Yverdon-les-Bains. Apr\u00e8s les assises \u00e0 la salle L\u00e9on-Michaud du ch\u00e2teau, ils ont eu l&rsquo;occasion de se retrouver autour d&rsquo;un repas \u00e0 la Fourchette puis de faire des visites guid\u00e9es de la ville sous la conduite de Monique Chevalley et Janine Dufour, d\u00e9couvrant notamment les rues du Centre historique, les bords de la Thi\u00e8le et la Maison d&rsquo;Ailleurs ou encore les menhirs de Clendy. Une verr\u00e9e offerte par la Municipalit\u00e9 a mis un terme \u00e0 cette journ\u00e9e. \u00ab\u00a0Yverdon-les-Bains, c&rsquo;est une beaut\u00e9 qui s&rsquo;ignore\u00a0\u00bb, a lanc\u00e9 un membre sous la statue de Pestalozzi, soulignant avec d&rsquo;autres les richesses culturelles et le patrimoine souvent insoup\u00e7onn\u00e9 de la Cit\u00e9 thermale.<\/p>\n<p><strong>Texte et photos: Roger Juillerat<\/strong><\/p>\n<p><a href=\"https:\/\/i0.wp.com\/www.presstourism.ch\/WP_ALEX\/wp-content\/uploads\/2016\/06\/IMG_0530.jpeg\"><img loading=\"lazy\" class=\"aligncenter wp-image-2631 size-large\" src=\"https:\/\/i2.wp.com\/www.presstourism.ch\/WP_ALEX\/wp-content\/uploads\/2016\/06\/IMG_0530-1024x683.jpeg?resize=584%2C390\" alt=\"IMG_0530\" width=\"584\" height=\"390\" srcset=\"https:\/\/i2.wp.com\/www.presstourism.ch\/wp-content\/uploads\/2016\/06\/IMG_0530.jpeg?resize=1024%2C683 1024w, https:\/\/i2.wp.com\/www.presstourism.ch\/wp-content\/uploads\/2016\/06\/IMG_0530.jpeg?resize=300%2C200 300w, https:\/\/i2.wp.com\/www.presstourism.ch\/wp-content\/uploads\/2016\/06\/IMG_0530.jpeg?resize=768%2C512 768w, https:\/\/i2.wp.com\/www.presstourism.ch\/wp-content\/uploads\/2016\/06\/IMG_0530.jpeg?resize=600%2C400 600w, https:\/\/i2.wp.com\/www.presstourism.ch\/wp-content\/uploads\/2016\/06\/IMG_0530.jpeg?w=1280 1280w, https:\/\/i2.wp.com\/www.presstourism.ch\/wp-content\/uploads\/2016\/06\/IMG_0530.jpeg?w=1168 1168w\" sizes=\"(max-width: 584px) 100vw, 584px\" data-recalc-dims=\"1\" \/><\/a><\/p>\n<p><a href=\"https:\/\/i2.wp.com\/www.presstourism.ch\/WP_ALEX\/wp-content\/uploads\/2016\/06\/IMG_0525.jpeg\"><img loading=\"lazy\" class=\"aligncenter wp-image-2629 size-large\" src=\"https:\/\/i2.wp.com\/www.presstourism.ch\/WP_ALEX\/wp-content\/uploads\/2016\/06\/IMG_0525-1024x683.jpeg?resize=584%2C390\" alt=\"IMG_0525\" width=\"584\" height=\"390\" srcset=\"https:\/\/i2.wp.com\/www.presstourism.ch\/wp-content\/uploads\/2016\/06\/IMG_0525.jpeg?resize=1024%2C683 1024w, https:\/\/i2.wp.com\/www.presstourism.ch\/wp-content\/uploads\/2016\/06\/IMG_0525.jpeg?resize=300%2C200 300w, https:\/\/i2.wp.com\/www.presstourism.ch\/wp-content\/uploads\/2016\/06\/IMG_0525.jpeg?resize=768%2C512 768w, https:\/\/i2.wp.com\/www.presstourism.ch\/wp-content\/uploads\/2016\/06\/IMG_0525.jpeg?resize=600%2C400 600w, https:\/\/i2.wp.com\/www.presstourism.ch\/wp-content\/uploads\/2016\/06\/IMG_0525.jpeg?w=1280 1280w, https:\/\/i2.wp.com\/www.presstourism.ch\/wp-content\/uploads\/2016\/06\/IMG_0525.jpeg?w=1168 1168w\" sizes=\"(max-width: 584px) 100vw, 584px\" data-recalc-dims=\"1\" \/><\/a><\/p>\n<p><a href=\"https:\/\/i0.wp.com\/www.presstourism.ch\/WP_ALEX\/wp-content\/uploads\/2016\/06\/IMG_0507.jpeg\"><img loading=\"lazy\" class=\"aligncenter wp-image-2624 size-large\" src=\"https:\/\/i2.wp.com\/www.presstourism.ch\/WP_ALEX\/wp-content\/uploads\/2016\/06\/IMG_0507-1024x683.jpeg?resize=584%2C390\" alt=\"IMG_0507\" width=\"584\" height=\"390\" srcset=\"https:\/\/i1.wp.com\/www.presstourism.ch\/wp-content\/uploads\/2016\/06\/IMG_0507.jpeg?resize=1024%2C683 1024w, https:\/\/i1.wp.com\/www.presstourism.ch\/wp-content\/uploads\/2016\/06\/IMG_0507.jpeg?resize=300%2C200 300w, https:\/\/i1.wp.com\/www.presstourism.ch\/wp-content\/uploads\/2016\/06\/IMG_0507.jpeg?resize=768%2C512 768w, https:\/\/i1.wp.com\/www.presstourism.ch\/wp-content\/uploads\/2016\/06\/IMG_0507.jpeg?resize=600%2C400 600w, https:\/\/i1.wp.com\/www.presstourism.ch\/wp-content\/uploads\/2016\/06\/IMG_0507.jpeg?w=1280 1280w, https:\/\/i1.wp.com\/www.presstourism.ch\/wp-content\/uploads\/2016\/06\/IMG_0507.jpeg?w=1168 1168w\" sizes=\"(max-width: 584px) 100vw, 584px\" data-recalc-dims=\"1\" \/><\/a><\/p>\n<p><a href=\"https:\/\/i1.wp.com\/www.presstourism.ch\/WP_ALEX\/wp-content\/uploads\/2016\/06\/IMG_0499.jpeg\"><img loading=\"lazy\" class=\"aligncenter wp-image-2621 size-large\" src=\"https:\/\/i1.wp.com\/www.presstourism.ch\/WP_ALEX\/wp-content\/uploads\/2016\/06\/IMG_0499-1024x683.jpeg?resize=584%2C390\" alt=\"IMG_0499\" width=\"584\" height=\"390\" srcset=\"https:\/\/i2.wp.com\/www.presstourism.ch\/wp-content\/uploads\/2016\/06\/IMG_0499.jpeg?resize=1024%2C683 1024w, https:\/\/i2.wp.com\/www.presstourism.ch\/wp-content\/uploads\/2016\/06\/IMG_0499.jpeg?resize=300%2C200 300w, https:\/\/i2.wp.com\/www.presstourism.ch\/wp-content\/uploads\/2016\/06\/IMG_0499.jpeg?resize=768%2C512 768w, https:\/\/i2.wp.com\/www.presstourism.ch\/wp-content\/uploads\/2016\/06\/IMG_0499.jpeg?resize=600%2C400 600w, https:\/\/i2.wp.com\/www.presstourism.ch\/wp-content\/uploads\/2016\/06\/IMG_0499.jpeg?w=1280 1280w, https:\/\/i2.wp.com\/www.presstourism.ch\/wp-content\/uploads\/2016\/06\/IMG_0499.jpeg?w=1168 1168w\" sizes=\"(max-width: 584px) 100vw, 584px\" data-recalc-dims=\"1\" \/><\/a><\/p>\n<p><a href=\"https:\/\/i1.wp.com\/www.presstourism.ch\/WP_ALEX\/wp-content\/uploads\/2016\/06\/IMG_0526.jpeg\"><img loading=\"lazy\" class=\"aligncenter wp-image-2630 size-large\" src=\"https:\/\/i0.wp.com\/www.presstourism.ch\/WP_ALEX\/wp-content\/uploads\/2016\/06\/IMG_0526-1024x683.jpeg?resize=584%2C390\" alt=\"IMG_0526\" width=\"584\" height=\"390\" srcset=\"https:\/\/i0.wp.com\/www.presstourism.ch\/wp-content\/uploads\/2016\/06\/IMG_0526.jpeg?resize=1024%2C683 1024w, https:\/\/i0.wp.com\/www.presstourism.ch\/wp-content\/uploads\/2016\/06\/IMG_0526.jpeg?resize=300%2C200 300w, https:\/\/i0.wp.com\/www.presstourism.ch\/wp-content\/uploads\/2016\/06\/IMG_0526.jpeg?resize=768%2C512 768w, https:\/\/i0.wp.com\/www.presstourism.ch\/wp-content\/uploads\/2016\/06\/IMG_0526.jpeg?resize=600%2C400 600w, https:\/\/i0.wp.com\/www.presstourism.ch\/wp-content\/uploads\/2016\/06\/IMG_0526.jpeg?w=1280 1280w, https:\/\/i0.wp.com\/www.presstourism.ch\/wp-content\/uploads\/2016\/06\/IMG_0526.jpeg?w=1168 1168w\" sizes=\"(max-width: 584px) 100vw, 584px\" data-recalc-dims=\"1\" \/><\/a><\/p>\n<p><a href=\"http:\/\/www.presstourism.ch\/WP_ALEX\/?page_id=2650\">Voir les photos de l&rsquo;Assembl\u00e9e g\u00e9n\u00e9rale<\/a><\/p>\n","protected":false},"excerpt":{"rendered":"<p>\u00ab\u00a0C&rsquo;est une beaut\u00e9 qui s&rsquo;ignore\u00a0\u00bb Plac\u00e9e sous la pr\u00e9sidence de Philippe Nanzer, l&rsquo;Association suisse des journalistes du tourisme, qui regroupe une soixantaine de membres sous la d\u00e9nomiation de Presstourism, a tenu samedi son assembl\u00e9e g\u00e9n\u00e9rale \u00e0 Yverdon-les-Bains. Apr\u00e8s les assises &hellip; <a href=\"http:\/\/www.presstourism.ch\/?page_id=2639\">Continuer la lecture <span class=\"meta-nav\">&rarr;<\/span><\/a><\/p>\n","protected":false},"author":1,"featured_media":0,"parent":341,"menu_order":0,"comment_status":"closed","ping_status":"closed","template":"","meta":{"ngg_post_thumbnail":0,"spay_email":""},"jetpack_sharing_enabled":true,"jetpack_shortlink":"https:\/\/wp.me\/P468TV-Gz","_links":{"self":[{"href":"http:\/\/www.presstourism.ch\/index.php?rest_route=\/wp\/v2\/pages\/2639"}],"collection":[{"href":"http:\/\/www.presstourism.ch\/index.php?rest_route=\/wp\/v2\/pages"}],"about":[{"href":"http:\/\/www.presstourism.ch\/index.php?rest_route=\/wp\/v2\/types\/page"}],"author":[{"embeddable":true,"href":"http:\/\/www.presstourism.ch\/index.php?rest_route=\/wp\/v2\/users\/1"}],"replies":[{"embeddable":true,"href":"http:\/\/www.presstourism.ch\/index.php?rest_route=%2Fwp%2Fv2%2Fcomments&post=2639"}],"version-history":[{"count":2,"href":"http:\/\/www.presstourism.ch\/index.php?rest_route=\/wp\/v2\/pages\/2639\/revisions"}],"predecessor-version":[{"id":2674,"href":"http:\/\/www.presstourism.ch\/index.php?rest_route=\/wp\/v2\/pages\/2639\/revisions\/2674"}],"up":[{"embeddable":true,"href":"http:\/\/www.presstourism.ch\/index.php?rest_route=\/wp\/v2\/pages\/341"}],"wp:attachment":[{"href":"http:\/\/www.presstourism.ch\/index.php?rest_route=%2Fwp%2Fv2%2Fmedia&parent=2639"}],"curies":[{"name":"wp","href":"https:\/\/api.w.org\/{rel}","templated":true}]}}