{"id":2548,"date":"2016-06-11T09:24:53","date_gmt":"2016-06-11T08:24:53","guid":{"rendered":"http:\/\/www.presstourism.ch\/WP_ALEX\/?page_id=2548"},"modified":"2016-06-11T09:47:00","modified_gmt":"2016-06-11T08:47:00","slug":"le-monde-de-charlot","status":"publish","type":"page","link":"http:\/\/www.presstourism.ch\/?page_id=2548","title":{"rendered":"Le monde de Charlot"},"content":{"rendered":"<p><a href=\"https:\/\/i1.wp.com\/www.presstourism.ch\/WP_ALEX\/wp-content\/uploads\/2016\/06\/13-IMG_0039-002.jpg\" rel=\"attachment wp-att-2557\"><img loading=\"lazy\" class=\"alignnone wp-image-2557 size-large\" src=\"https:\/\/i2.wp.com\/www.presstourism.ch\/WP_ALEX\/wp-content\/uploads\/2016\/06\/13-IMG_0039-002-1024x683.jpg?resize=584%2C390\" alt=\"Sculpture et sculptrice\" width=\"584\" height=\"390\" srcset=\"https:\/\/i0.wp.com\/www.presstourism.ch\/wp-content\/uploads\/2016\/06\/13-IMG_0039-002.jpg?resize=1024%2C683 1024w, https:\/\/i0.wp.com\/www.presstourism.ch\/wp-content\/uploads\/2016\/06\/13-IMG_0039-002.jpg?resize=300%2C200 300w, https:\/\/i0.wp.com\/www.presstourism.ch\/wp-content\/uploads\/2016\/06\/13-IMG_0039-002.jpg?resize=768%2C512 768w, https:\/\/i0.wp.com\/www.presstourism.ch\/wp-content\/uploads\/2016\/06\/13-IMG_0039-002.jpg?resize=600%2C400 600w, https:\/\/i0.wp.com\/www.presstourism.ch\/wp-content\/uploads\/2016\/06\/13-IMG_0039-002.jpg?w=1600 1600w, https:\/\/i0.wp.com\/www.presstourism.ch\/wp-content\/uploads\/2016\/06\/13-IMG_0039-002.jpg?w=1168 1168w\" sizes=\"(max-width: 584px) 100vw, 584px\" data-recalc-dims=\"1\" \/><\/a><\/p>\n<p>Les temps modernes obligent \u2013 \u00e0 Chaplin\u2019s World, le tout nouveau mus\u00e9e de Corsier-sur-Vevey, les visiteurs peuvent t\u00e9l\u00e9charger une app pour les guider \u00e0 travers les pi\u00e8ces du Manoir du Ban, l\u2019\u00e9l\u00e9gante maison de ma\u00eetre o\u00f9 la famille Chaplin s\u2019est install\u00e9e en 1953. Bras ouverts, Sir Charles Spencer Chaplin lui-m\u00eame vous accueille en bas de la rampe d\u2019escalier \u2013 on le reverra, lui et d\u2019autres personnalit\u00e9s (ceux qui ont marqu\u00e9 sa vie) cr\u00e9\u00e9es par Gr\u00e9vin, au cours de la visite. <em>\u00ab\u00a0Just call me Charlie\u00a0\u00bb<\/em> (appelez-moi Charlot) se pr\u00e9senta-t-il. Homme modeste n\u00e9 dans un quartier mis\u00e9reux de Londres, il a su se d\u00e9brouiller seul d\u00e8s l\u2019\u00e2ge de 9 ans, ayant rapidement compris le pouvoir du rire, une langue comprise dans le monde entier.<\/p>\n<div id=\"attachment_2562\" style=\"width: 650px\" class=\"wp-caption alignnone\"><a href=\"https:\/\/i2.wp.com\/www.presstourism.ch\/WP_ALEX\/wp-content\/uploads\/2016\/06\/19-IMG_0052-001.jpg\" rel=\"attachment wp-att-2562\"><img aria-describedby=\"caption-attachment-2562\" loading=\"lazy\" class=\"wp-image-2562 size-large\" src=\"https:\/\/i2.wp.com\/www.presstourism.ch\/WP_ALEX\/wp-content\/uploads\/2016\/06\/19-IMG_0052-001-1024x683.jpg?resize=584%2C390\" alt=\"The Kid\" width=\"584\" height=\"390\" srcset=\"https:\/\/i2.wp.com\/www.presstourism.ch\/wp-content\/uploads\/2016\/06\/19-IMG_0052-001.jpg?resize=1024%2C683 1024w, https:\/\/i2.wp.com\/www.presstourism.ch\/wp-content\/uploads\/2016\/06\/19-IMG_0052-001.jpg?resize=300%2C200 300w, https:\/\/i2.wp.com\/www.presstourism.ch\/wp-content\/uploads\/2016\/06\/19-IMG_0052-001.jpg?resize=768%2C512 768w, https:\/\/i2.wp.com\/www.presstourism.ch\/wp-content\/uploads\/2016\/06\/19-IMG_0052-001.jpg?resize=600%2C400 600w, https:\/\/i2.wp.com\/www.presstourism.ch\/wp-content\/uploads\/2016\/06\/19-IMG_0052-001.jpg?w=1600 1600w, https:\/\/i2.wp.com\/www.presstourism.ch\/wp-content\/uploads\/2016\/06\/19-IMG_0052-001.jpg?w=1168 1168w\" sizes=\"(max-width: 584px) 100vw, 584px\" data-recalc-dims=\"1\" \/><\/a><p id=\"caption-attachment-2562\" class=\"wp-caption-text\">The Kid<\/p><\/div>\n<p>La visite commence \u00e0 l\u2019\u00e9tage sup\u00e9rieur, la partie documentaire du mus\u00e9e avec \u00e9crans, photos, coupures de presse revisitant le parcours de Charlot\u00a0: ses d\u00e9buts \u00e0 Londres, les 40 ann\u00e9es pass\u00e9es aux Etats-Unis, son int\u00e9r\u00eat pour la philosophie, la politique, son exil pour cause de sympathies communistes, les 25 derni\u00e8res ann\u00e9es de sa vie ici \u00e0 Corsier, avec sa jeune \u00e9pouse Oona et leurs 8 enfants.<\/p>\n<div id=\"attachment_2561\" style=\"width: 650px\" class=\"wp-caption alignnone\"><a href=\"https:\/\/i1.wp.com\/www.presstourism.ch\/WP_ALEX\/wp-content\/uploads\/2016\/06\/17-IMG_0049-001.jpg\" rel=\"attachment wp-att-2561\"><img aria-describedby=\"caption-attachment-2561\" loading=\"lazy\" class=\"wp-image-2561 size-large\" src=\"https:\/\/i0.wp.com\/www.presstourism.ch\/WP_ALEX\/wp-content\/uploads\/2016\/06\/17-IMG_0049-001-683x1024.jpg?resize=584%2C876\" alt=\"La terrasse\" width=\"584\" height=\"876\" srcset=\"https:\/\/i1.wp.com\/www.presstourism.ch\/wp-content\/uploads\/2016\/06\/17-IMG_0049-001.jpg?resize=683%2C1024 683w, https:\/\/i1.wp.com\/www.presstourism.ch\/wp-content\/uploads\/2016\/06\/17-IMG_0049-001.jpg?resize=200%2C300 200w, https:\/\/i1.wp.com\/www.presstourism.ch\/wp-content\/uploads\/2016\/06\/17-IMG_0049-001.jpg?resize=768%2C1152 768w, https:\/\/i1.wp.com\/www.presstourism.ch\/wp-content\/uploads\/2016\/06\/17-IMG_0049-001.jpg?resize=600%2C900 600w, https:\/\/i1.wp.com\/www.presstourism.ch\/wp-content\/uploads\/2016\/06\/17-IMG_0049-001.jpg?w=1067 1067w\" sizes=\"(max-width: 584px) 100vw, 584px\" data-recalc-dims=\"1\" \/><\/a><p id=\"caption-attachment-2561\" class=\"wp-caption-text\">La terrasse<\/p><\/div>\n<p>Suivons les fl\u00e8ches vers le rez-de-chauss\u00e9e pour la visite du propri\u00e9taire. Nous nous retrouvons d\u2019abord dans le bureau o\u00f9 Charlot devenu plus s\u00e9rieusement M. Chaplin a \u00e9crit son autobiographie, devant la fen\u00eatre donnant sur le vaste parc entour\u00e9 d\u2019arbres sur fond de montagnes. De la salle de bains au salon, de la chambre \u00e0 la salle \u00e0 manger avec sa grande table dress\u00e9e pour dix personnes, on se sent \u00e0 l\u2019aise parmi ces meubles d\u00e9suets mais beaux\u00a0; ils ont l\u2019air si confortables, si \u00ab\u00a0cosy\u00a0\u00bb.<\/p>\n<div id=\"attachment_2552\" style=\"width: 650px\" class=\"wp-caption alignnone\"><a href=\"https:\/\/i0.wp.com\/www.presstourism.ch\/WP_ALEX\/wp-content\/uploads\/2016\/06\/07-IMG_0022-003.jpg\" rel=\"attachment wp-att-2552\"><img aria-describedby=\"caption-attachment-2552\" loading=\"lazy\" class=\"wp-image-2552 size-large\" src=\"https:\/\/i0.wp.com\/www.presstourism.ch\/WP_ALEX\/wp-content\/uploads\/2016\/06\/07-IMG_0022-003-1024x684.jpg?resize=584%2C391\" alt=\"La table pour dix\" width=\"584\" height=\"391\" srcset=\"https:\/\/i2.wp.com\/www.presstourism.ch\/wp-content\/uploads\/2016\/06\/07-IMG_0022-003.jpg?resize=1024%2C684 1024w, https:\/\/i2.wp.com\/www.presstourism.ch\/wp-content\/uploads\/2016\/06\/07-IMG_0022-003.jpg?resize=300%2C200 300w, https:\/\/i2.wp.com\/www.presstourism.ch\/wp-content\/uploads\/2016\/06\/07-IMG_0022-003.jpg?resize=768%2C513 768w, https:\/\/i2.wp.com\/www.presstourism.ch\/wp-content\/uploads\/2016\/06\/07-IMG_0022-003.jpg?resize=600%2C401 600w, https:\/\/i2.wp.com\/www.presstourism.ch\/wp-content\/uploads\/2016\/06\/07-IMG_0022-003.jpg?w=1600 1600w, https:\/\/i2.wp.com\/www.presstourism.ch\/wp-content\/uploads\/2016\/06\/07-IMG_0022-003.jpg?w=1168 1168w\" sizes=\"(max-width: 584px) 100vw, 584px\" data-recalc-dims=\"1\" \/><\/a><p id=\"caption-attachment-2552\" class=\"wp-caption-text\">La table pour dix<\/p><\/div>\n<p>On poursuit la visite au Studio, nouvelle construction \u00e0 c\u00f4t\u00e9 du garage ou Charlot rangeait sa Bentley \u2013 maintenant la boutique du mus\u00e9e o\u00f9 on peut s\u2019\u00e9quiper en canne et chapeau melon. Apr\u00e8s une courte s\u00e9ance de cin\u00e9ma, la sc\u00e8ne se l\u00e8ve et le public est invit\u00e9 \u00e0 entrer dans le d\u00e9cor derri\u00e8re l\u2019\u00e9cran. L\u00e0, on passe de surprise en d\u00e9couverte \u2013 et je ne vous en dirai pas plus, gardons le suspense\u2026 C\u2019est \u00e9trangement \u00e9mouvant\u00a0; j\u2019ai vu des enfants rire, j\u2019ai vu une jeune fille s\u2019asseoir \u00e0 c\u00f4t\u00e9 de Charlot comme si c\u2019\u00e9tait son grand-p\u00e8re,\u00a0 j\u2019ai vu un vieux monsieur essuyer une larme furtive\u2026<\/p>\n<div id=\"attachment_2551\" style=\"width: 650px\" class=\"wp-caption alignnone\"><a href=\"https:\/\/i2.wp.com\/www.presstourism.ch\/WP_ALEX\/wp-content\/uploads\/2016\/06\/06-IMG_0017-006.jpg\" rel=\"attachment wp-att-2551\"><img aria-describedby=\"caption-attachment-2551\" loading=\"lazy\" class=\"wp-image-2551 size-large\" src=\"https:\/\/i1.wp.com\/www.presstourism.ch\/WP_ALEX\/wp-content\/uploads\/2016\/06\/06-IMG_0017-006-1024x684.jpg?resize=584%2C391\" alt=\"Le piano\" width=\"584\" height=\"391\" srcset=\"https:\/\/i2.wp.com\/www.presstourism.ch\/wp-content\/uploads\/2016\/06\/06-IMG_0017-006.jpg?resize=1024%2C684 1024w, https:\/\/i2.wp.com\/www.presstourism.ch\/wp-content\/uploads\/2016\/06\/06-IMG_0017-006.jpg?resize=300%2C200 300w, https:\/\/i2.wp.com\/www.presstourism.ch\/wp-content\/uploads\/2016\/06\/06-IMG_0017-006.jpg?resize=768%2C513 768w, https:\/\/i2.wp.com\/www.presstourism.ch\/wp-content\/uploads\/2016\/06\/06-IMG_0017-006.jpg?resize=600%2C401 600w, https:\/\/i2.wp.com\/www.presstourism.ch\/wp-content\/uploads\/2016\/06\/06-IMG_0017-006.jpg?w=1600 1600w, https:\/\/i2.wp.com\/www.presstourism.ch\/wp-content\/uploads\/2016\/06\/06-IMG_0017-006.jpg?w=1168 1168w\" sizes=\"(max-width: 584px) 100vw, 584px\" data-recalc-dims=\"1\" \/><\/a><p id=\"caption-attachment-2551\" class=\"wp-caption-text\">Le piano<\/p><\/div>\n<p>Le parc entourant le manoir est \u00e9galement ouvert au public, ainsi que le restaurant, The Tramp, install\u00e9 dans la ferme en bordure de route, qui fut \u00e0 l\u2019origine de ce domaine jadis agricole.<\/p>\n<p style=\"text-align: right;\">Barbara Ender, avril 2016<\/p>\n<hr \/>\n<p>Chaplin\u2019s World, route du Fenil 2, Corsier-sur Vevey<\/p>\n<p>230 places de parc. Si vous venez en train, prenez le bus 212 devant la gare (c\u00f4t\u00e9 poste) jusqu\u2019\u00e0 l\u2019arr\u00eat Chaplin (zone 70 donc inclus dans le ticket Mobilis)<\/p>\n<p><a href=\"http:\/\/www.chaplinsworld.com\">www.chaplinsworld.com<\/a><\/p>\n<p>Application Chaplin\u2019sWorld gratuit en fran\u00e7ais, anglais et allemand, tr\u00e8s bien r\u00e9alis\u00e9e avec plan du manoir, anecdotes, reportages sonores et en images, informations pratiques.<\/p>\n<hr \/>\n<p>&nbsp;<\/p>\n","protected":false},"excerpt":{"rendered":"<p>Les temps modernes obligent \u2013 \u00e0 Chaplin\u2019s World, le tout nouveau mus\u00e9e de Corsier-sur-Vevey, les visiteurs peuvent t\u00e9l\u00e9charger une app pour les guider \u00e0 travers les pi\u00e8ces du Manoir du Ban, l\u2019\u00e9l\u00e9gante maison de ma\u00eetre o\u00f9 la famille Chaplin s\u2019est &hellip; <a href=\"http:\/\/www.presstourism.ch\/?page_id=2548\">Continuer la lecture <span class=\"meta-nav\">&rarr;<\/span><\/a><\/p>\n","protected":false},"author":1,"featured_media":0,"parent":341,"menu_order":0,"comment_status":"closed","ping_status":"closed","template":"","meta":{"ngg_post_thumbnail":0,"spay_email":""},"jetpack_sharing_enabled":true,"jetpack_shortlink":"https:\/\/wp.me\/P468TV-F6","_links":{"self":[{"href":"http:\/\/www.presstourism.ch\/index.php?rest_route=\/wp\/v2\/pages\/2548"}],"collection":[{"href":"http:\/\/www.presstourism.ch\/index.php?rest_route=\/wp\/v2\/pages"}],"about":[{"href":"http:\/\/www.presstourism.ch\/index.php?rest_route=\/wp\/v2\/types\/page"}],"author":[{"embeddable":true,"href":"http:\/\/www.presstourism.ch\/index.php?rest_route=\/wp\/v2\/users\/1"}],"replies":[{"embeddable":true,"href":"http:\/\/www.presstourism.ch\/index.php?rest_route=%2Fwp%2Fv2%2Fcomments&post=2548"}],"version-history":[{"count":3,"href":"http:\/\/www.presstourism.ch\/index.php?rest_route=\/wp\/v2\/pages\/2548\/revisions"}],"predecessor-version":[{"id":2573,"href":"http:\/\/www.presstourism.ch\/index.php?rest_route=\/wp\/v2\/pages\/2548\/revisions\/2573"}],"up":[{"embeddable":true,"href":"http:\/\/www.presstourism.ch\/index.php?rest_route=\/wp\/v2\/pages\/341"}],"wp:attachment":[{"href":"http:\/\/www.presstourism.ch\/index.php?rest_route=%2Fwp%2Fv2%2Fmedia&parent=2548"}],"curies":[{"name":"wp","href":"https:\/\/api.w.org\/{rel}","templated":true}]}}