{"id":252,"date":"2013-11-15T02:13:45","date_gmt":"2013-11-15T01:13:45","guid":{"rendered":"http:\/\/www.presstourism.ch\/WP_ALEX\/?page_id=252"},"modified":"2013-11-15T02:13:45","modified_gmt":"2013-11-15T01:13:45","slug":"2012-tunisie","status":"publish","type":"page","link":"http:\/\/www.presstourism.ch\/?page_id=252","title":{"rendered":"2012 Tunisie"},"content":{"rendered":"<div><img loading=\"lazy\" class=\"aligncenter\" alt=\"\" src=\"https:\/\/i2.wp.com\/sb4-1.infomaniak.ch\/sites\/c4\/c493c95f91125629724acfd1fee9774f\/attachments\/Image\/Pour_site_Tunisie\/BLANC_1832w.jpg?resize=491%2C327\" width=\"491\" height=\"327\" data-recalc-dims=\"1\" \/><\/div>\n<p>En 2012, c&rsquo;est en Tunisie que s&rsquo;est tenue notre Assembl\u00e9e g\u00e9n\u00e9rale 2012. De Djerba \u00e0 Douz, ce voyage a permis \u00e0 nos membres de d\u00e9couvrir ou red\u00e9couvrir un pays pour lequel le tourisme est une des activit\u00e9s principales.<\/p>\n<p>En quoi le \u00ab\u00a0printemps arabe\u00a0\u00bb a-t-il chang\u00e9 la donne ? Le tourisme et les touristes de demain seront-ils les m\u00eames que ceux d&rsquo;hier ? Quelles sont les nouvelles et bonnes raisons de se rendre \u00e0 nouveau &#8211; ou diff\u00e9remment &#8211; en Tunisie ? Autant de questions que nous nous sommes pos\u00e9es sur place. Autant de questions qui se sont aussi pos\u00e9es lors d&rsquo;une r\u00e9union \u00e0 Djerba, avec la participation d&rsquo;0rith Tempelmann, notre vice-pr\u00e9sidente (voir dans le tableau de gauche).<br \/>\n<strong>Programme du voyage en Tunisie<\/p>\n<p>Assembl\u00e9e G\u00e9n\u00e9rale Presstourism.ch<br \/>\nDu 28 avril au 02 Mai 2012<br \/>\nTUNISIE (Djerba &#8211; Douz)<\/strong><br \/>\n<strong>Samedi 28 Avril 2012 :<\/strong><br \/>\nDe Gen\u00e8ve :<br \/>\n&#8211; 11h20 D\u00e9part du vol TU 875 \u00e0 destination de Djerba, d\u00e9jeuner \u00e0 bord<br \/>\n&#8211; 12h20 Arriv\u00e9e \u00e0 l\u2019a\u00e9roport de Djerba, accueil, transfert et logement \u00e0 l\u2019h\u00f4tel Yadis<br \/>\nDjerba Golf Thalasso &amp; Spa<br \/>\n<strong><br \/>\nDimanche 29 Avril 2012<\/strong><br \/>\nMatin<br \/>\n&#8211; 08h00 D\u00e9part pour village Erriadh<br \/>\nVisite de la synagogue de la Ghriba qui constitue l&rsquo;un des principaux<br \/>\nmarqueurs identitaires des Juifs de Djerba et de l\u2019h\u00f4tel de charme Dar Dhiafa<br \/>\nwww.hoteldardhiafa.com<br \/>\n&#8211; 10h00 D\u00e9part pour Houmet Essouk capitale de l\u2019\u00eele<br \/>\nVisite du march\u00e9 aux poissons, vente \u00e0 la cri\u00e9e<br \/>\nBalade dans les ruelles de Houmet Essouk<br \/>\n&#8211; 12h30 D\u00e9jeuner au restaurant Haroun au port de Djerba<br \/>\nApr\u00e8s-midi<br \/>\n&#8211; 14h00 D\u00e9part pour Matmata<br \/>\n&#8211; 15h30 Arriv\u00e9e \u00e0 Matmata, d\u00e9couverte de ce paysage lunaire parsem\u00e9 de crat\u00e8res<br \/>\nprofonds ou les maisons troglodytes sont creus\u00e9s dans la terre glaise. C\u2019est<br \/>\ndans ce paysage surr\u00e9aliste qu\u2019on a tourn\u00e9 pour la premi\u00e8re fois en Mars 1976<br \/>\n\u00ab STAR WARS \u00bb<br \/>\n&#8211; 16h30 D\u00e9part pour Douz<br \/>\n&#8211; 18h00 Arriv\u00e9e \u00e0 Douz et installation \u00e0 l\u2019h\u00f4tel El Mouradi Douz<\/p>\n<p><strong>Lundi 30 Avril 2012<\/strong><br \/>\nMatin<br \/>\n&#8211; 09h00 Assembl\u00e9e g\u00e9n\u00e9rale annuelle de Presstourism.ch<br \/>\nApr\u00e8s Midi<br \/>\n&#8211; 14:00 Visite du centre d\u2019animation P\u00e9gase (excursion \u00e0 dos de chameaux \/ Quads \/<br \/>\nULM)<br \/>\n&#8211; 16h00 D\u00e9part pour le d\u00e9sert direction Dhiret Aicha (20 KM Sud Est de Douz)<br \/>\n&#8211; 18h00 Arriv\u00e9e et installation au campement mont\u00e9 sp\u00e9cialement pour l\u2019occasion par<br \/>\nl\u2019agence Habibi Travel de Douz<br \/>\nContemplation du coucher du soleil<br \/>\n&#8211; 20:00 D\u00eener sous tente servi par l\u2019h\u00f4tel El Mouradi de Douz avec animation<br \/>\nfolklorique<br \/>\nNuit au campement<\/p>\n<p><strong>Mardi 1er Mai 2012<\/strong><br \/>\nMatin<br \/>\n&#8211; 08h00 D\u00e9part pour Chott El Dj\u00e9rid via Dbabcha<br \/>\nArr\u00eat photos aux dunes p\u00e9trifi\u00e9es de Dbabcha<br \/>\nContemplation du lac sal\u00e9<br \/>\n&#8211; 11h00 D\u00e9part pour Kebili<br \/>\n&#8211; 12h30 Arriv\u00e9e \u00e0 K\u00e9bili, d\u00e9jeuner dans l\u2019oasis<br \/>\nApr\u00e8s Midi<br \/>\n&#8211; 14h00 D\u00e9part pour Djerba via Gabes et Mareth<br \/>\n&#8211; 18h00 Arriv\u00e9e \u00e0 Djerba et installation \u00e0 l\u2019h\u00f4tel Yadis Djerba Golf Thalasso &amp; Spa<br \/>\n<strong><br \/>\nMercredi 2 Mai 2012<\/strong><br \/>\n&#8211; 09h00 Temps \u00e0 disposition pour profiter d\u2019une d\u00e9tente au centre de thalassoth\u00e9rapie<br \/>\nde l\u2019h\u00f4tel<br \/>\n&#8211; 11h00 Check out et d\u00e9part pour l\u2019a\u00e9roport de Djerba<br \/>\n&#8211; 14h00 D\u00e9part du vol TU 874 \u00e0 destination de Gen\u00e8ve<\/p>\n<div style=\"text-align: center;\">\nPhotos Barbara Ender<\/p>\n<p><img loading=\"lazy\" alt=\"\" src=\"https:\/\/i2.wp.com\/sb4-1.infomaniak.ch\/sites\/c4\/c493c95f91125629724acfd1fee9774f\/attachments\/Image\/Pour_site_Tunisie\/Ender42w.jpg?resize=448%2C298\" width=\"448\" height=\"298\" data-recalc-dims=\"1\" \/><img loading=\"lazy\" alt=\"\" src=\"https:\/\/i0.wp.com\/sb4-1.infomaniak.ch\/sites\/c4\/c493c95f91125629724acfd1fee9774f\/attachments\/Image\/Pour_site_Tunisie\/Ender40w.jpg?resize=448%2C299\" width=\"448\" height=\"299\" data-recalc-dims=\"1\" \/><br \/>\n<img loading=\"lazy\" alt=\"\" src=\"https:\/\/i2.wp.com\/sb4-1.infomaniak.ch\/sites\/c4\/c493c95f91125629724acfd1fee9774f\/attachments\/Image\/Pour_site_Tunisie\/ENDER23w.jpg?resize=448%2C299\" width=\"448\" height=\"299\" data-recalc-dims=\"1\" \/><br \/>\n<img loading=\"lazy\" alt=\"\" src=\"https:\/\/i2.wp.com\/sb4-1.infomaniak.ch\/sites\/c4\/c493c95f91125629724acfd1fee9774f\/attachments\/Image\/Pour_site_Tunisie\/Ender91w.jpg?resize=299%2C448\" width=\"299\" height=\"448\" data-recalc-dims=\"1\" \/><img loading=\"lazy\" alt=\"\" src=\"https:\/\/i2.wp.com\/sb4-1.infomaniak.ch\/sites\/c4\/c493c95f91125629724acfd1fee9774f\/attachments\/Image\/Pour_site_Tunisie\/Ender210w.jpg?resize=298%2C448\" width=\"298\" height=\"448\" data-recalc-dims=\"1\" \/><br \/>\n<img loading=\"lazy\" alt=\"\" src=\"https:\/\/i0.wp.com\/sb4-1.infomaniak.ch\/sites\/c4\/c493c95f91125629724acfd1fee9774f\/attachments\/Image\/Pour_site_Tunisie\/Ender236w.jpg?resize=448%2C299\" width=\"448\" height=\"299\" data-recalc-dims=\"1\" \/><\/p>\n<p>Photos Sonya Mermoud\n<\/p><\/div>\n<div style=\"text-align: center;\"><img loading=\"lazy\" alt=\"\" src=\"https:\/\/i1.wp.com\/sb4-1.infomaniak.ch\/sites\/c4\/c493c95f91125629724acfd1fee9774f\/attachments\/Image\/Pour_site_Tunisie\/Mermoud84w.jpg?resize=448%2C298\" width=\"448\" height=\"298\" data-recalc-dims=\"1\" \/><\/div>\n<div style=\"text-align: center;\"><img loading=\"lazy\" alt=\"\" src=\"https:\/\/i1.wp.com\/sb4-1.infomaniak.ch\/sites\/c4\/c493c95f91125629724acfd1fee9774f\/attachments\/Image\/Pour_site_Tunisie\/Mermoud176w.jpg?resize=448%2C298\" width=\"448\" height=\"298\" data-recalc-dims=\"1\" \/><img loading=\"lazy\" alt=\"\" src=\"https:\/\/i0.wp.com\/sb4-1.infomaniak.ch\/sites\/c4\/c493c95f91125629724acfd1fee9774f\/attachments\/Image\/Pour_site_Tunisie\/Mermoud219w.jpg?resize=448%2C298\" width=\"448\" height=\"298\" data-recalc-dims=\"1\" \/><img loading=\"lazy\" alt=\"\" src=\"https:\/\/i1.wp.com\/sb4-1.infomaniak.ch\/sites\/c4\/c493c95f91125629724acfd1fee9774f\/attachments\/Image\/Pour_site_Tunisie\/Mermoud247w.jpg?resize=448%2C298\" width=\"448\" height=\"298\" data-recalc-dims=\"1\" \/><\/div>\n<div style=\"text-align: center;\"><img loading=\"lazy\" alt=\"\" src=\"https:\/\/i1.wp.com\/sb4-1.infomaniak.ch\/sites\/c4\/c493c95f91125629724acfd1fee9774f\/attachments\/Image\/Pour_site_Tunisie\/Mermoud332w.jpg?resize=448%2C298\" width=\"448\" height=\"298\" data-recalc-dims=\"1\" \/><\/p>\n<\/div>\n<div style=\"text-align: center;\">\n<p>Photos Thierry Porchet<\/p>\n<\/div>\n<div style=\"text-align: center;\"><img loading=\"lazy\" alt=\"\" src=\"https:\/\/i0.wp.com\/sb4-1.infomaniak.ch\/sites\/c4\/c493c95f91125629724acfd1fee9774f\/attachments\/Image\/Pour_site_Tunisie\/Porchet6929w.jpg?resize=584%2C415\" width=\"584\" height=\"415\" data-recalc-dims=\"1\" \/><\/div>\n<div style=\"text-align: center;\"><img loading=\"lazy\" alt=\"\" src=\"https:\/\/i2.wp.com\/sb4-1.infomaniak.ch\/sites\/c4\/c493c95f91125629724acfd1fee9774f\/attachments\/Image\/Pour_site_Tunisie\/Porchet6901w.jpg?resize=584%2C388\" width=\"584\" height=\"388\" data-recalc-dims=\"1\" \/><\/div>\n<div style=\"text-align: center;\"><img loading=\"lazy\" alt=\"\" src=\"https:\/\/i2.wp.com\/sb4-1.infomaniak.ch\/sites\/c4\/c493c95f91125629724acfd1fee9774f\/attachments\/Image\/Pour_site_Tunisie\/Porchet7053w.jpg?resize=584%2C868\" width=\"584\" height=\"868\" data-recalc-dims=\"1\" \/><\/div>\n<div><img loading=\"lazy\" class=\"aligncenter\" alt=\"\" src=\"https:\/\/i1.wp.com\/sb4-1.infomaniak.ch\/sites\/c4\/c493c95f91125629724acfd1fee9774f\/attachments\/Image\/Pour_site_Tunisie\/Porchet7547w.jpg?resize=584%2C471\" width=\"584\" height=\"471\" data-recalc-dims=\"1\" \/><img loading=\"lazy\" class=\"aligncenter\" alt=\"\" src=\"https:\/\/i2.wp.com\/sb4-1.infomaniak.ch\/sites\/c4\/c493c95f91125629724acfd1fee9774f\/attachments\/Image\/Pour_site_Tunisie\/Porchet7341w.jpg?resize=584%2C433\" width=\"584\" height=\"433\" data-recalc-dims=\"1\" \/><img loading=\"lazy\" class=\"aligncenter\" alt=\"\" src=\"https:\/\/i1.wp.com\/sb4-1.infomaniak.ch\/sites\/c4\/c493c95f91125629724acfd1fee9774f\/attachments\/Image\/Pour_site_Tunisie\/Porchet7372w.jpg?resize=584%2C446\" width=\"584\" height=\"446\" data-recalc-dims=\"1\" \/><img loading=\"lazy\" class=\"aligncenter\" alt=\"\" src=\"https:\/\/i0.wp.com\/sb4-1.infomaniak.ch\/sites\/c4\/c493c95f91125629724acfd1fee9774f\/attachments\/CropImages\/96ab47e39f210bded725bfa4eb4a9055.jpeg?resize=584%2C409\" width=\"584\" height=\"409\" data-recalc-dims=\"1\" \/><\/div>\n","protected":false},"excerpt":{"rendered":"<p>En 2012, c&rsquo;est en Tunisie que s&rsquo;est tenue notre Assembl\u00e9e g\u00e9n\u00e9rale 2012. De Djerba \u00e0 Douz, ce voyage a permis \u00e0 nos membres de d\u00e9couvrir ou red\u00e9couvrir un pays pour lequel le tourisme est une des activit\u00e9s principales. En quoi &hellip; <a href=\"http:\/\/www.presstourism.ch\/?page_id=252\">Continuer la lecture <span class=\"meta-nav\">&rarr;<\/span><\/a><\/p>\n","protected":false},"author":1,"featured_media":0,"parent":242,"menu_order":0,"comment_status":"open","ping_status":"open","template":"","meta":{"ngg_post_thumbnail":0,"spay_email":""},"jetpack_sharing_enabled":true,"jetpack_shortlink":"https:\/\/wp.me\/P468TV-44","_links":{"self":[{"href":"http:\/\/www.presstourism.ch\/index.php?rest_route=\/wp\/v2\/pages\/252"}],"collection":[{"href":"http:\/\/www.presstourism.ch\/index.php?rest_route=\/wp\/v2\/pages"}],"about":[{"href":"http:\/\/www.presstourism.ch\/index.php?rest_route=\/wp\/v2\/types\/page"}],"author":[{"embeddable":true,"href":"http:\/\/www.presstourism.ch\/index.php?rest_route=\/wp\/v2\/users\/1"}],"replies":[{"embeddable":true,"href":"http:\/\/www.presstourism.ch\/index.php?rest_route=%2Fwp%2Fv2%2Fcomments&post=252"}],"version-history":[{"count":1,"href":"http:\/\/www.presstourism.ch\/index.php?rest_route=\/wp\/v2\/pages\/252\/revisions"}],"predecessor-version":[{"id":253,"href":"http:\/\/www.presstourism.ch\/index.php?rest_route=\/wp\/v2\/pages\/252\/revisions\/253"}],"up":[{"embeddable":true,"href":"http:\/\/www.presstourism.ch\/index.php?rest_route=\/wp\/v2\/pages\/242"}],"wp:attachment":[{"href":"http:\/\/www.presstourism.ch\/index.php?rest_route=%2Fwp%2Fv2%2Fmedia&parent=252"}],"curies":[{"name":"wp","href":"https:\/\/api.w.org\/{rel}","templated":true}]}}