{"id":2514,"date":"2016-04-26T10:54:22","date_gmt":"2016-04-26T09:54:22","guid":{"rendered":"http:\/\/www.presstourism.ch\/WP_ALEX\/?page_id=2514"},"modified":"2016-04-26T11:26:29","modified_gmt":"2016-04-26T10:26:29","slug":"verdun-sur-les-pas-des-soldats-de-la-grande-bataille","status":"publish","type":"page","link":"http:\/\/www.presstourism.ch\/?page_id=2514","title":{"rendered":"VERDUN \/ Sur les pas des soldats de la grande bataille"},"content":{"rendered":"<p><a href=\"https:\/\/i0.wp.com\/www.presstourism.ch\/WP_ALEX\/wp-content\/uploads\/2016\/04\/4BaladeVerdun-ImagesGuerre.jpeg\" rel=\"attachment wp-att-2520\"><img loading=\"lazy\" class=\"alignnone wp-image-2520 size-large\" src=\"https:\/\/i0.wp.com\/www.presstourism.ch\/WP_ALEX\/wp-content\/uploads\/2016\/04\/4BaladeVerdun-ImagesGuerre-1024x683.jpeg?resize=584%2C390\" alt=\"4BaladeVerdun ImagesGuerre\" width=\"584\" height=\"390\" srcset=\"https:\/\/i1.wp.com\/www.presstourism.ch\/wp-content\/uploads\/2016\/04\/4BaladeVerdun-ImagesGuerre.jpeg?resize=1024%2C683 1024w, https:\/\/i1.wp.com\/www.presstourism.ch\/wp-content\/uploads\/2016\/04\/4BaladeVerdun-ImagesGuerre.jpeg?resize=300%2C200 300w, https:\/\/i1.wp.com\/www.presstourism.ch\/wp-content\/uploads\/2016\/04\/4BaladeVerdun-ImagesGuerre.jpeg?resize=768%2C512 768w, https:\/\/i1.wp.com\/www.presstourism.ch\/wp-content\/uploads\/2016\/04\/4BaladeVerdun-ImagesGuerre.jpeg?resize=600%2C400 600w, https:\/\/i1.wp.com\/www.presstourism.ch\/wp-content\/uploads\/2016\/04\/4BaladeVerdun-ImagesGuerre.jpeg?w=1280 1280w, https:\/\/i1.wp.com\/www.presstourism.ch\/wp-content\/uploads\/2016\/04\/4BaladeVerdun-ImagesGuerre.jpeg?w=1168 1168w\" sizes=\"(max-width: 584px) 100vw, 584px\" data-recalc-dims=\"1\" \/><\/a><\/p>\n<p>VERDUN &#8211; 2016, c&rsquo;est l&rsquo;ann\u00e9e du centenaire d&rsquo;une bataille symbole de la premi\u00e8re guerre mondiale et l&rsquo;occasion d&rsquo;aller visiter ses sites de m\u00e9moire. Pour mieux comprendre l&rsquo;histoire d&rsquo;un haut lieu de souvenir.<\/p>\n<div id=\"attachment_2519\" style=\"width: 650px\" class=\"wp-caption alignnone\"><a href=\"https:\/\/i1.wp.com\/www.presstourism.ch\/WP_ALEX\/wp-content\/uploads\/2016\/04\/3BaladeVerdunCitadelle-Souterraine.jpeg\" rel=\"attachment wp-att-2519\"><img aria-describedby=\"caption-attachment-2519\" loading=\"lazy\" class=\"wp-image-2519 size-large\" src=\"https:\/\/i1.wp.com\/www.presstourism.ch\/WP_ALEX\/wp-content\/uploads\/2016\/04\/3BaladeVerdunCitadelle-Souterraine-1024x683.jpeg?resize=584%2C390\" alt=\"Dans les galeries de la citadelle souterraine, on d\u00e9couvre des animations visuelles depuis un wagonnet.\" width=\"584\" height=\"390\" srcset=\"https:\/\/i1.wp.com\/www.presstourism.ch\/wp-content\/uploads\/2016\/04\/3BaladeVerdunCitadelle-Souterraine.jpeg?resize=1024%2C683 1024w, https:\/\/i1.wp.com\/www.presstourism.ch\/wp-content\/uploads\/2016\/04\/3BaladeVerdunCitadelle-Souterraine.jpeg?resize=300%2C200 300w, https:\/\/i1.wp.com\/www.presstourism.ch\/wp-content\/uploads\/2016\/04\/3BaladeVerdunCitadelle-Souterraine.jpeg?resize=768%2C512 768w, https:\/\/i1.wp.com\/www.presstourism.ch\/wp-content\/uploads\/2016\/04\/3BaladeVerdunCitadelle-Souterraine.jpeg?resize=600%2C400 600w, https:\/\/i1.wp.com\/www.presstourism.ch\/wp-content\/uploads\/2016\/04\/3BaladeVerdunCitadelle-Souterraine.jpeg?w=1280 1280w, https:\/\/i1.wp.com\/www.presstourism.ch\/wp-content\/uploads\/2016\/04\/3BaladeVerdunCitadelle-Souterraine.jpeg?w=1168 1168w\" sizes=\"(max-width: 584px) 100vw, 584px\" data-recalc-dims=\"1\" \/><\/a><p id=\"caption-attachment-2519\" class=\"wp-caption-text\">Dans les galeries de la citadelle souterraine, on d\u00e9couvre des animations visuelles depuis un wagonnet.<\/p><\/div>\n<p>Un programme \u00e9v\u00e9nementiel aux multiples facettes a \u00e9t\u00e9 mis sur pied cette ann\u00e9e pour le centenaire de la bataille de Verdun, la plus longue de la premi\u00e8re Guerre mondiale et sans doute la plus cruelle avec ses 700\u00a0000 victimes. Il est tout autant poignant qu&rsquo;impressionnant de visiter les sites de cette bataille et de mieux comprendre ce que fut la vie des soldats fran\u00e7ais et allemands durant pas moins de 300 jours.<\/p>\n<div id=\"attachment_2518\" style=\"width: 650px\" class=\"wp-caption alignnone\"><a href=\"https:\/\/i0.wp.com\/www.presstourism.ch\/WP_ALEX\/wp-content\/uploads\/2016\/04\/2B_BaladeVerdunCentre-MondialPaixEXPO.jpeg\" rel=\"attachment wp-att-2518\"><img aria-describedby=\"caption-attachment-2518\" loading=\"lazy\" class=\"wp-image-2518 size-large\" src=\"https:\/\/i1.wp.com\/www.presstourism.ch\/WP_ALEX\/wp-content\/uploads\/2016\/04\/2B_BaladeVerdunCentre-MondialPaixEXPO-1024x683.jpeg?resize=584%2C390\" alt=\"Centre mondial de la Paix\" width=\"584\" height=\"390\" srcset=\"https:\/\/i1.wp.com\/www.presstourism.ch\/wp-content\/uploads\/2016\/04\/2B_BaladeVerdunCentre-MondialPaixEXPO.jpeg?resize=1024%2C683 1024w, https:\/\/i1.wp.com\/www.presstourism.ch\/wp-content\/uploads\/2016\/04\/2B_BaladeVerdunCentre-MondialPaixEXPO.jpeg?resize=300%2C200 300w, https:\/\/i1.wp.com\/www.presstourism.ch\/wp-content\/uploads\/2016\/04\/2B_BaladeVerdunCentre-MondialPaixEXPO.jpeg?resize=768%2C512 768w, https:\/\/i1.wp.com\/www.presstourism.ch\/wp-content\/uploads\/2016\/04\/2B_BaladeVerdunCentre-MondialPaixEXPO.jpeg?resize=600%2C400 600w, https:\/\/i1.wp.com\/www.presstourism.ch\/wp-content\/uploads\/2016\/04\/2B_BaladeVerdunCentre-MondialPaixEXPO.jpeg?w=1280 1280w, https:\/\/i1.wp.com\/www.presstourism.ch\/wp-content\/uploads\/2016\/04\/2B_BaladeVerdunCentre-MondialPaixEXPO.jpeg?w=1168 1168w\" sizes=\"(max-width: 584px) 100vw, 584px\" data-recalc-dims=\"1\" \/><\/a><p id=\"caption-attachment-2518\" class=\"wp-caption-text\">Centre mondial de la Paix<\/p><\/div>\n<p>Le plus pratique est de commencer par les lieux situ\u00e9s en ville avec sa citadelle souterraine, qui servait de centre de logistique \u00e0 l&rsquo;\u00e9tat-major. C&rsquo;est l\u00e0 aussi que fut choisi en 1920 le soldat inconnu qui repose sous l&rsquo;Arc de triomphe, \u00e0 Paris. Au Centre mondial de la paix, des libert\u00e9s et des droits de l&rsquo;homme, situ\u00e9 dans l&rsquo;ancien palais \u00e9piscopal de Verdun (XVIIIe), une exposition sur le th\u00e8me de \u00ab\u00a0Que reste-t-il de la Grande Guerre\u00a0\u00bb offre un parcours interactif \u00e0 partir de documents audios et vid\u00e9os parfaitement conserv\u00e9s. Sur les quais de la Meuse, on trouve le monument \u00e0 la victoire, juste en face de l&rsquo;ancien mess des officiers. Ce dernier est un \u00e9l\u00e9gant b\u00e2timent du XIXe si\u00e8cle, actuellement transform\u00e9 et am\u00e9nag\u00e9 en h\u00f4tel-restaurant haut de gamme, les \u00ab\u00a0Jardins du Mess\u00a0\u00bb.<\/p>\n<div id=\"attachment_2521\" style=\"width: 650px\" class=\"wp-caption alignnone\"><a href=\"https:\/\/i0.wp.com\/www.presstourism.ch\/WP_ALEX\/wp-content\/uploads\/2016\/04\/5BaladeVerdunQuai-Meuse.jpeg\" rel=\"attachment wp-att-2521\"><img aria-describedby=\"caption-attachment-2521\" loading=\"lazy\" class=\"wp-image-2521 size-large\" src=\"https:\/\/i1.wp.com\/www.presstourism.ch\/WP_ALEX\/wp-content\/uploads\/2016\/04\/5BaladeVerdunQuai-Meuse-1024x683.jpeg?resize=584%2C390\" alt=\"Les quais de la Meuse et le monument de la libert\u00e9 (\u00e0 dr.) depuis une terrasse du futur h\u00f4tel &quot;Les Jardins du Mess&quot;.\" width=\"584\" height=\"390\" srcset=\"https:\/\/i0.wp.com\/www.presstourism.ch\/wp-content\/uploads\/2016\/04\/5BaladeVerdunQuai-Meuse.jpeg?resize=1024%2C683 1024w, https:\/\/i0.wp.com\/www.presstourism.ch\/wp-content\/uploads\/2016\/04\/5BaladeVerdunQuai-Meuse.jpeg?resize=300%2C200 300w, https:\/\/i0.wp.com\/www.presstourism.ch\/wp-content\/uploads\/2016\/04\/5BaladeVerdunQuai-Meuse.jpeg?resize=768%2C512 768w, https:\/\/i0.wp.com\/www.presstourism.ch\/wp-content\/uploads\/2016\/04\/5BaladeVerdunQuai-Meuse.jpeg?resize=600%2C400 600w, https:\/\/i0.wp.com\/www.presstourism.ch\/wp-content\/uploads\/2016\/04\/5BaladeVerdunQuai-Meuse.jpeg?w=1280 1280w, https:\/\/i0.wp.com\/www.presstourism.ch\/wp-content\/uploads\/2016\/04\/5BaladeVerdunQuai-Meuse.jpeg?w=1168 1168w\" sizes=\"(max-width: 584px) 100vw, 584px\" data-recalc-dims=\"1\" \/><\/a><p id=\"caption-attachment-2521\" class=\"wp-caption-text\">Les quais de la Meuse et le monument de la libert\u00e9 (\u00e0 dr.) depuis une terrasse du futur h\u00f4tel \u00ab\u00a0Les Jardins du Mess\u00a0\u00bb.<\/p><\/div>\n<p>Mais c&rsquo;est le moment de quitter la petite ville (19\u00a0000 habitants), qui compte bien d&rsquo;autres curiosit\u00e9s, pour rejoindre le champ de bataille, \u00e0 une dizaine de km. L&rsquo;ossuaire de Douaumont, gigantesque n\u00e9cropole o\u00f9 reposent les restes de 130\u00a0000 soldats inconnus, fran\u00e7ais et allemands s&rsquo;impose en premier lieu.<\/p>\n<div id=\"attachment_2515\" style=\"width: 650px\" class=\"wp-caption alignnone\"><a href=\"https:\/\/i1.wp.com\/www.presstourism.ch\/WP_ALEX\/wp-content\/uploads\/2016\/04\/1A_BaladeVerdunOssuaire-Cimetie\u0300re.jpeg\" rel=\"attachment wp-att-2515\"><img aria-describedby=\"caption-attachment-2515\" loading=\"lazy\" class=\"wp-image-2515 size-large\" src=\"https:\/\/i0.wp.com\/www.presstourism.ch\/WP_ALEX\/wp-content\/uploads\/2016\/04\/1A_BaladeVerdunOssuaire-Cimetie\u0300re-1024x683.jpeg?resize=584%2C390\" alt=\"L'ossuaire de Douaumont est le monument embl\u00e9matique du champ de bataille avec son immense n\u00e9cropole nationale.\" width=\"584\" height=\"390\" srcset=\"https:\/\/i1.wp.com\/www.presstourism.ch\/wp-content\/uploads\/2016\/04\/1A_BaladeVerdunOssuaire-Cimetie\u0300re.jpeg?resize=1024%2C683 1024w, https:\/\/i1.wp.com\/www.presstourism.ch\/wp-content\/uploads\/2016\/04\/1A_BaladeVerdunOssuaire-Cimetie\u0300re.jpeg?resize=300%2C200 300w, https:\/\/i1.wp.com\/www.presstourism.ch\/wp-content\/uploads\/2016\/04\/1A_BaladeVerdunOssuaire-Cimetie\u0300re.jpeg?resize=768%2C512 768w, https:\/\/i1.wp.com\/www.presstourism.ch\/wp-content\/uploads\/2016\/04\/1A_BaladeVerdunOssuaire-Cimetie\u0300re.jpeg?resize=600%2C400 600w, https:\/\/i1.wp.com\/www.presstourism.ch\/wp-content\/uploads\/2016\/04\/1A_BaladeVerdunOssuaire-Cimetie\u0300re.jpeg?w=1280 1280w, https:\/\/i1.wp.com\/www.presstourism.ch\/wp-content\/uploads\/2016\/04\/1A_BaladeVerdunOssuaire-Cimetie\u0300re.jpeg?w=1168 1168w\" sizes=\"(max-width: 584px) 100vw, 584px\" data-recalc-dims=\"1\" \/><\/a><p id=\"caption-attachment-2515\" class=\"wp-caption-text\">L&rsquo;ossuaire de Douaumont est le monument embl\u00e9matique du champ de bataille avec son immense n\u00e9cropole nationale.<\/p><\/div>\n<p>La galerie centrale est recouverte d&rsquo;inscriptions en l&rsquo;honneur des morts et renferme aussi la chapelle ainsi que la flamme du souvenir \u00e0 l&rsquo;une de ses extr\u00e9mit\u00e9s. Enfin, devant l&rsquo;ossuaire s&rsquo;\u00e9tend l&rsquo;immense cimeti\u00e8re o\u00f9 reposent 16\u00a0000 soldats fran\u00e7ais.<\/p>\n<div id=\"attachment_2516\" style=\"width: 650px\" class=\"wp-caption alignnone\"><a href=\"https:\/\/i0.wp.com\/www.presstourism.ch\/WP_ALEX\/wp-content\/uploads\/2016\/04\/1B_BaladeVerdunOssuraire-Inte\u0301rieur.jpeg\" rel=\"attachment wp-att-2516\"><img aria-describedby=\"caption-attachment-2516\" loading=\"lazy\" class=\"wp-image-2516 size-large\" src=\"https:\/\/i0.wp.com\/www.presstourism.ch\/WP_ALEX\/wp-content\/uploads\/2016\/04\/1B_BaladeVerdunOssuraire-Inte\u0301rieur-1024x683.jpeg?resize=584%2C390\" alt=\"Les noms des soldats disparus sur les murs du grand couloir de l'ossuaire. \" width=\"584\" height=\"390\" srcset=\"https:\/\/i1.wp.com\/www.presstourism.ch\/wp-content\/uploads\/2016\/04\/1B_BaladeVerdunOssuraire-Inte\u0301rieur.jpeg?resize=1024%2C683 1024w, https:\/\/i1.wp.com\/www.presstourism.ch\/wp-content\/uploads\/2016\/04\/1B_BaladeVerdunOssuraire-Inte\u0301rieur.jpeg?resize=300%2C200 300w, https:\/\/i1.wp.com\/www.presstourism.ch\/wp-content\/uploads\/2016\/04\/1B_BaladeVerdunOssuraire-Inte\u0301rieur.jpeg?resize=768%2C512 768w, https:\/\/i1.wp.com\/www.presstourism.ch\/wp-content\/uploads\/2016\/04\/1B_BaladeVerdunOssuraire-Inte\u0301rieur.jpeg?resize=600%2C400 600w, https:\/\/i1.wp.com\/www.presstourism.ch\/wp-content\/uploads\/2016\/04\/1B_BaladeVerdunOssuraire-Inte\u0301rieur.jpeg?w=1280 1280w, https:\/\/i1.wp.com\/www.presstourism.ch\/wp-content\/uploads\/2016\/04\/1B_BaladeVerdunOssuraire-Inte\u0301rieur.jpeg?w=1168 1168w\" sizes=\"(max-width: 584px) 100vw, 584px\" data-recalc-dims=\"1\" \/><\/a><p id=\"caption-attachment-2516\" class=\"wp-caption-text\">Les noms des soldats disparus sur les murs du grand couloir de l&rsquo;ossuaire.<\/p><\/div>\n<p><strong>Texte et photos: Roger Juillerat<\/strong><\/p>\n<p><a href=\"http:\/\/www.presstourism.ch\/WP_ALEX\/wp-content\/uploads\/2016\/04\/NVT_Mercredi060416_w-BaladeVerdun1A.pdf\" rel=\"\">Lire ou t\u00e9l\u00e9charger l&rsquo;article publi\u00e9 dans le Nord Vaudois<\/a><\/p>\n<p><a href=\"http:\/\/www.presstourism.ch\/WP_ALEX\/?page_id=2531\">Lire le deuxi\u00e8me volet de ce reportage<\/a><\/p>\n<hr \/>\n<div id=\"attachment_2522\" style=\"width: 650px\" class=\"wp-caption alignnone\"><a href=\"https:\/\/i1.wp.com\/www.presstourism.ch\/WP_ALEX\/wp-content\/uploads\/2016\/04\/6BaladeVerdunMeuse-PorteChausse\u0301e.jpeg\" rel=\"attachment wp-att-2522\"><img aria-describedby=\"caption-attachment-2522\" loading=\"lazy\" class=\"wp-image-2522 size-large\" src=\"https:\/\/i1.wp.com\/www.presstourism.ch\/WP_ALEX\/wp-content\/uploads\/2016\/04\/6BaladeVerdunMeuse-PorteChausse\u0301e-1024x683.jpeg?resize=584%2C390\" alt=\"La Porte Chauss\u00e9e et le pont traversant la Meuse dans la ville fortifi\u00e9e.\" width=\"584\" height=\"390\" srcset=\"https:\/\/i1.wp.com\/www.presstourism.ch\/wp-content\/uploads\/2016\/04\/6BaladeVerdunMeuse-PorteChausse\u0301e.jpeg?resize=1024%2C683 1024w, https:\/\/i1.wp.com\/www.presstourism.ch\/wp-content\/uploads\/2016\/04\/6BaladeVerdunMeuse-PorteChausse\u0301e.jpeg?resize=300%2C200 300w, https:\/\/i1.wp.com\/www.presstourism.ch\/wp-content\/uploads\/2016\/04\/6BaladeVerdunMeuse-PorteChausse\u0301e.jpeg?resize=768%2C512 768w, https:\/\/i1.wp.com\/www.presstourism.ch\/wp-content\/uploads\/2016\/04\/6BaladeVerdunMeuse-PorteChausse\u0301e.jpeg?resize=600%2C400 600w, https:\/\/i1.wp.com\/www.presstourism.ch\/wp-content\/uploads\/2016\/04\/6BaladeVerdunMeuse-PorteChausse\u0301e.jpeg?w=1280 1280w, https:\/\/i1.wp.com\/www.presstourism.ch\/wp-content\/uploads\/2016\/04\/6BaladeVerdunMeuse-PorteChausse\u0301e.jpeg?w=1168 1168w\" sizes=\"(max-width: 584px) 100vw, 584px\" data-recalc-dims=\"1\" \/><\/a><p id=\"caption-attachment-2522\" class=\"wp-caption-text\">La Porte Chauss\u00e9e et le pont traversant la Meuse dans la ville fortifi\u00e9e.<\/p><\/div>\n<p><strong>Infos pratiques<\/strong><\/p>\n<p><strong>Y aller:<\/strong> en voiture, il faut compter six heures depuis Yverdon via Pontarlier, Baume-les-Dames, Epinal et Nancy. Ou par B\u00e2le, Strasbourg et Metz (autoroute tout le long). A peu pr\u00e8s le m\u00eame temps en train, sur le parcours B\u00e2le et Strasbourg puis Nancy. Cinq heures de TGV via Paris ou Dijon et Nancy.<\/p>\n<p><strong>Sites de r\u00e9f\u00e9rence:<\/strong> <a href=\"http:\/\/www.verdun2016.org\">www.verdun2016.org<\/a>, <a href=\"http:\/\/www.tourisme-meuse.com\">www.tourisme-meuse.com<\/a> et <a href=\"http:\/\/www.verdun-meuse.fr\">www.verdun-meuse.fr<\/a>. Il existe un Pass Lorraine, qui offre de nombreuses r\u00e9ductions pour visiter les sites de Verdun et d&rsquo;autres lieux.<\/p>\n<p><strong>Mais aussi:<\/strong> de passage \u00e0 Nancy, il faut voir la fameuse et grandiose place Stanislas.<\/p>\n<hr \/>\n<p><em><strong><a href=\"https:\/\/i2.wp.com\/www.presstourism.ch\/WP_ALEX\/wp-content\/uploads\/2016\/04\/19160400-Boistay-Ferney-203.jpg\" rel=\"attachment wp-att-2523\"><img loading=\"lazy\" class=\"alignnone size-medium wp-image-2523\" src=\"https:\/\/i0.wp.com\/www.presstourism.ch\/WP_ALEX\/wp-content\/uploads\/2016\/04\/19160400-Boistay-Ferney-203-171x300.jpg?resize=171%2C300\" alt=\"19160400 Boistay Ferney 203\" width=\"171\" height=\"300\" srcset=\"https:\/\/i2.wp.com\/www.presstourism.ch\/wp-content\/uploads\/2016\/04\/19160400-Boistay-Ferney-203.jpg?resize=171%2C300 171w, https:\/\/i2.wp.com\/www.presstourism.ch\/wp-content\/uploads\/2016\/04\/19160400-Boistay-Ferney-203.jpg?w=438 438w\" sizes=\"(max-width: 171px) 100vw, 171px\" data-recalc-dims=\"1\" \/><\/a>\u00a0A noter<\/strong> qu&rsquo;en France voisine, un site recense tous les enfants du Pays de Gex tu\u00e9s pendant la Grande guerre. Leur photo est publi\u00e9e \u00e0 la date du centi\u00e8me anniversaire de leur mort:<\/em> <a href=\"http:\/\/www.memoire-gessienne.fr\">www.memoire-gessienne.fr<\/a><\/p>\n<hr \/>\n<p>&nbsp;<\/p>\n","protected":false},"excerpt":{"rendered":"<p>VERDUN &#8211; 2016, c&rsquo;est l&rsquo;ann\u00e9e du centenaire d&rsquo;une bataille symbole de la premi\u00e8re guerre mondiale et l&rsquo;occasion d&rsquo;aller visiter ses sites de m\u00e9moire. Pour mieux comprendre l&rsquo;histoire d&rsquo;un haut lieu de souvenir. Un programme \u00e9v\u00e9nementiel aux multiples facettes a \u00e9t\u00e9 &hellip; <a href=\"http:\/\/www.presstourism.ch\/?page_id=2514\">Continuer la lecture <span class=\"meta-nav\">&rarr;<\/span><\/a><\/p>\n","protected":false},"author":1,"featured_media":0,"parent":289,"menu_order":0,"comment_status":"closed","ping_status":"closed","template":"","meta":{"ngg_post_thumbnail":0,"spay_email":""},"jetpack_sharing_enabled":true,"jetpack_shortlink":"https:\/\/wp.me\/P468TV-Ey","_links":{"self":[{"href":"http:\/\/www.presstourism.ch\/index.php?rest_route=\/wp\/v2\/pages\/2514"}],"collection":[{"href":"http:\/\/www.presstourism.ch\/index.php?rest_route=\/wp\/v2\/pages"}],"about":[{"href":"http:\/\/www.presstourism.ch\/index.php?rest_route=\/wp\/v2\/types\/page"}],"author":[{"embeddable":true,"href":"http:\/\/www.presstourism.ch\/index.php?rest_route=\/wp\/v2\/users\/1"}],"replies":[{"embeddable":true,"href":"http:\/\/www.presstourism.ch\/index.php?rest_route=%2Fwp%2Fv2%2Fcomments&post=2514"}],"version-history":[{"count":4,"href":"http:\/\/www.presstourism.ch\/index.php?rest_route=\/wp\/v2\/pages\/2514\/revisions"}],"predecessor-version":[{"id":2539,"href":"http:\/\/www.presstourism.ch\/index.php?rest_route=\/wp\/v2\/pages\/2514\/revisions\/2539"}],"up":[{"embeddable":true,"href":"http:\/\/www.presstourism.ch\/index.php?rest_route=\/wp\/v2\/pages\/289"}],"wp:attachment":[{"href":"http:\/\/www.presstourism.ch\/index.php?rest_route=%2Fwp%2Fv2%2Fmedia&parent=2514"}],"curies":[{"name":"wp","href":"https:\/\/api.w.org\/{rel}","templated":true}]}}