{"id":2496,"date":"2016-04-17T14:24:07","date_gmt":"2016-04-17T13:24:07","guid":{"rendered":"http:\/\/www.presstourism.ch\/WP_ALEX\/?page_id=2496"},"modified":"2016-04-17T14:41:56","modified_gmt":"2016-04-17T13:41:56","slug":"le-sahara-a-montpellier","status":"publish","type":"page","link":"http:\/\/www.presstourism.ch\/?page_id=2496","title":{"rendered":"Le Sahara \u00e0 Montpellier !"},"content":{"rendered":"<h5 style=\"text-align: right;\"><a href=\"https:\/\/i0.wp.com\/www.presstourism.ch\/WP_ALEX\/wp-content\/uploads\/2016\/04\/photo-mus\u00e9e.jpg\" rel=\"attachment wp-att-2498\"><img loading=\"lazy\" class=\"size-medium wp-image-2498 aligncenter\" src=\"https:\/\/i1.wp.com\/www.presstourism.ch\/WP_ALEX\/wp-content\/uploads\/2016\/04\/photo-mus\u00e9e-300x263.jpg?resize=300%2C263\" alt=\"photo mus\u00e9e\" width=\"300\" height=\"263\" srcset=\"https:\/\/i1.wp.com\/www.presstourism.ch\/wp-content\/uploads\/2016\/04\/photo-mus\u00e9e.jpg?resize=300%2C263 300w, https:\/\/i1.wp.com\/www.presstourism.ch\/wp-content\/uploads\/2016\/04\/photo-mus\u00e9e.jpg?resize=768%2C674 768w, https:\/\/i1.wp.com\/www.presstourism.ch\/wp-content\/uploads\/2016\/04\/photo-mus\u00e9e.jpg?resize=600%2C527 600w, https:\/\/i1.wp.com\/www.presstourism.ch\/wp-content\/uploads\/2016\/04\/photo-mus\u00e9e.jpg?w=796 796w\" sizes=\"(max-width: 300px) 100vw, 300px\" data-recalc-dims=\"1\" \/><\/a>Texte: Alex D\u00e9cotte \/ Photos: Mus\u00e9e saharien et Alex D\u00e9cotte<\/h5>\n<p>Niger, Mali ou m\u00eame Sud alg\u00e9rien, l\u2019\u00e9poque n\u2019est pas vraiment propice au tourisme saharien. Heureusement \u00a0il existe, pas tr\u00e8s loin de la Suisse, un petit coin de Sahara authentique et chaleureux, le Mus\u00e9e saharien du Cr\u00e8s, \u00e0 deux pas de Montpellier. Cr\u00e9\u00e9 voil\u00e0 deux ans, il accueille d\u00e9j\u00e0 les sp\u00e9cialistes fran\u00e7ais et europ\u00e9ens du Sahara ainsi que des groupes locaux ou r\u00e9gionaux de scolaires et d\u2019adultes. Vous qui prendrez bient\u00f4t la route pour le Midi m\u00e9diterran\u00e9en ou les plages de Catalogne, faites-y donc \u00e9tape. Son cr\u00e9ateur, Bernard Adell, vous accueillera en ami et vous ne vous lasserez pas de d\u2019\u00e9couter ses commentaires passionn\u00e9s en d\u00e9couvrant ses surprenantes collections.<\/p>\n<p><a href=\"https:\/\/i2.wp.com\/www.presstourism.ch\/WP_ALEX\/wp-content\/uploads\/2016\/04\/DSCN0354.jpg\" rel=\"attachment wp-att-2499\"><img loading=\"lazy\" class=\"size-medium wp-image-2499 aligncenter\" src=\"https:\/\/i1.wp.com\/www.presstourism.ch\/WP_ALEX\/wp-content\/uploads\/2016\/04\/DSCN0354-300x225.jpg?resize=300%2C225\" alt=\"DSCN0354\" width=\"300\" height=\"225\" srcset=\"https:\/\/i1.wp.com\/www.presstourism.ch\/wp-content\/uploads\/2016\/04\/DSCN0354.jpg?resize=300%2C225 300w, https:\/\/i1.wp.com\/www.presstourism.ch\/wp-content\/uploads\/2016\/04\/DSCN0354.jpg?resize=768%2C576 768w, https:\/\/i1.wp.com\/www.presstourism.ch\/wp-content\/uploads\/2016\/04\/DSCN0354.jpg?w=1024 1024w, https:\/\/i1.wp.com\/www.presstourism.ch\/wp-content\/uploads\/2016\/04\/DSCN0354.jpg?resize=600%2C450 600w\" sizes=\"(max-width: 300px) 100vw, 300px\" data-recalc-dims=\"1\" \/><\/a>L\u2019histoire de Bernard Adell est d\u00e9j\u00e0, en elle-m\u00eame, une aventure. Le Sahara, il ne l\u2019a d\u00e9couvert ni avec l\u2019arm\u00e9e fran\u00e7aise (il \u00e9tait trop jeune), ni avec\u00a0 des ethnologues en mission scientifique. Non, le Sahara, il l\u2019a d&rsquo;abord parcouru sur les chapeaux de roues, en 1984, pour sa premi\u00e8re et unique participation au Paris-Dakar\u00a0! Il est vrai qu\u2019\u00e0 l\u2019\u00e9poque il exploitait, \u00e0 l\u2019emplacement du mus\u00e9e, un grand garage et adorait la vitesse. La curiosit\u00e9 et la passion du Sahara lui sont-elles venues \u00e0 bord de son bolide des sables ou sommeillaient-elles d\u00e9j\u00e0 dans le secret de ses origines sud-m\u00e9diterran\u00e9ennes\u00a0? Ce qui est s\u00fbr, c\u2019est qu\u2019il a eu le coup de foudre et que, depuis lors, il a travers\u00e9 le Sahara dans tous les sens, poussant parfois jusqu\u2019en Syrie, si ch\u00e8re \u00e0 son c\u0153ur.<\/p>\n<p><a href=\"https:\/\/i0.wp.com\/www.presstourism.ch\/WP_ALEX\/wp-content\/uploads\/2016\/04\/DSC_0935.jpg\" rel=\"attachment wp-att-2500\"><img loading=\"lazy\" class=\"size-medium wp-image-2500 aligncenter\" src=\"https:\/\/i0.wp.com\/www.presstourism.ch\/WP_ALEX\/wp-content\/uploads\/2016\/04\/DSC_0935-300x199.jpg?resize=300%2C199\" alt=\"DSC_0935\" width=\"300\" height=\"199\" srcset=\"https:\/\/i0.wp.com\/www.presstourism.ch\/wp-content\/uploads\/2016\/04\/DSC_0935.jpg?resize=300%2C199 300w, https:\/\/i0.wp.com\/www.presstourism.ch\/wp-content\/uploads\/2016\/04\/DSC_0935.jpg?resize=768%2C510 768w, https:\/\/i0.wp.com\/www.presstourism.ch\/wp-content\/uploads\/2016\/04\/DSC_0935.jpg?w=1024 1024w, https:\/\/i0.wp.com\/www.presstourism.ch\/wp-content\/uploads\/2016\/04\/DSC_0935.jpg?resize=600%2C398 600w\" sizes=\"(max-width: 300px) 100vw, 300px\" data-recalc-dims=\"1\" \/><\/a>Le mus\u00e9e saharien est d\u00e9sormais l\u2019essentiel de sa vie. Au fil des ann\u00e9es, il a tiss\u00e9 des liens avec ceux qui, au sein de la <a href=\"http:\/\/www.les-sahariens.fr\/\">Rahla<\/a> (\u00ab\u00a0les sahariens\u00a0\u00bb), restent d\u00e9tenteurs \u00a0de secrets, de documents et d\u2019objets li\u00e9s \u00e0 l\u2019histoire des peuples nomades et des explorateurs occidentaux.<\/p>\n<p><a href=\"https:\/\/i2.wp.com\/www.presstourism.ch\/WP_ALEX\/wp-content\/uploads\/2016\/04\/DSC_0840s.jpg\" rel=\"attachment wp-att-2501\"><img loading=\"lazy\" class=\"size-medium wp-image-2501 aligncenter\" src=\"https:\/\/i1.wp.com\/www.presstourism.ch\/WP_ALEX\/wp-content\/uploads\/2016\/04\/DSC_0840s-300x121.jpg?resize=300%2C121\" alt=\"DSC_0840s\" width=\"300\" height=\"121\" srcset=\"https:\/\/i0.wp.com\/www.presstourism.ch\/wp-content\/uploads\/2016\/04\/DSC_0840s.jpg?resize=300%2C121 300w, https:\/\/i0.wp.com\/www.presstourism.ch\/wp-content\/uploads\/2016\/04\/DSC_0840s.jpg?resize=768%2C309 768w, https:\/\/i0.wp.com\/www.presstourism.ch\/wp-content\/uploads\/2016\/04\/DSC_0840s.jpg?w=1024 1024w, https:\/\/i0.wp.com\/www.presstourism.ch\/wp-content\/uploads\/2016\/04\/DSC_0840s.jpg?resize=600%2C241 600w\" sizes=\"(max-width: 300px) 100vw, 300px\" data-recalc-dims=\"1\" \/><\/a>Le mus\u00e9e comporte deux \u00e9tages. On y p\u00e9n\u00e8tre par le niveau sup\u00e9rieur, largement consacr\u00e9 \u00e0 l\u2019exploration et \u00e0 la pr\u00e9sence fran\u00e7aises. De nombreux mannequins arborent des uniformes militaires originaux, nagu\u00e8re port\u00e9s par les officiers fran\u00e7ais ou par les troupes suppl\u00e9tives locales. Dans les vitrines, des t\u00e9moignages rares et touchants, en particulier la photo jaunie du <a href=\"http:\/\/www.cerclealgerianiste.fr\/index.php\/archives\/encyclopedie-algerianiste\/histoire\/histoire-militaire\/generalites-militaires\/231-disparition-et-mort-du-general-laperrine\">g\u00e9n\u00e9ral Laperrine<\/a>, mort de d\u00e9shydratation en 1920, suite \u00e0 l\u2019accident de son avion, \u00e0 bord duquel il \u00e9tait parti \u00e0 la recherche de la tombe de son ami Charles de Foucauld, assassin\u00e9 quatre ans plus t\u00f4t.<\/p>\n<p><a href=\"https:\/\/i1.wp.com\/www.presstourism.ch\/WP_ALEX\/wp-content\/uploads\/2016\/04\/220px-Theodore_Monod_-_Adrar_de_Mauritanie_-_Oued_Akerdil_-_D\u00e9cembre_1998s.jpg\" rel=\"attachment wp-att-2502\"><img loading=\"lazy\" class=\"size-full wp-image-2502 aligncenter\" src=\"https:\/\/i1.wp.com\/www.presstourism.ch\/WP_ALEX\/wp-content\/uploads\/2016\/04\/220px-Theodore_Monod_-_Adrar_de_Mauritanie_-_Oued_Akerdil_-_D\u00e9cembre_1998s.jpg?resize=220%2C180\" alt=\"220px-Theodore_Monod_-_Adrar_de_Mauritanie_-_Oued_Akerdil_-_D\u00e9cembre_1998s\" width=\"220\" height=\"180\" data-recalc-dims=\"1\" \/><\/a>C\u2019est \u00e0 l\u2019\u00e9tage inf\u00e9rieur qu\u2019on s&rsquo;approche avec \u00e9motion, dans une s\u00e9rie de vitrines qui lui sont d\u00e9di\u00e9es,\u00a0 des objets que la famille de <a href=\"https:\/\/fr.wikipedia.org\/wiki\/Th%C3%A9odore_Monod\">Th\u00e9odore Monod<\/a> a confi\u00e9s au mus\u00e9e. Explorateur, naturaliste et \u00e9cologiste avant l\u2019heure, Monod a parcouru le Sahara pendant pr\u00e8s de 80 ans, publi\u00e9 une centaine de livres parmi lesquels, d\u00e8s 1937, \u00ab\u00a0M\u00e9har\u00e9es, exploration au vrai Sahara\u00a0\u00bb. Face au burnous qui fut le sien, on se prend \u00e0 r\u00eaver d\u2019une aventure qui donna d\u00e9finitivement au Sahara et aux Sahariens leurs lettres de noblesse.<\/p>\n<p><a href=\"https:\/\/i2.wp.com\/www.presstourism.ch\/WP_ALEX\/wp-content\/uploads\/2016\/04\/DSC_0295.jpg\" rel=\"attachment wp-att-2503\"><img loading=\"lazy\" class=\"size-medium wp-image-2503 aligncenter\" src=\"https:\/\/i2.wp.com\/www.presstourism.ch\/WP_ALEX\/wp-content\/uploads\/2016\/04\/DSC_0295-300x199.jpg?resize=300%2C199\" alt=\"DSC_0295\" width=\"300\" height=\"199\" srcset=\"https:\/\/i1.wp.com\/www.presstourism.ch\/wp-content\/uploads\/2016\/04\/DSC_0295.jpg?resize=300%2C199 300w, https:\/\/i1.wp.com\/www.presstourism.ch\/wp-content\/uploads\/2016\/04\/DSC_0295.jpg?resize=768%2C510 768w, https:\/\/i1.wp.com\/www.presstourism.ch\/wp-content\/uploads\/2016\/04\/DSC_0295.jpg?w=1024 1024w, https:\/\/i1.wp.com\/www.presstourism.ch\/wp-content\/uploads\/2016\/04\/DSC_0295.jpg?resize=600%2C398 600w\" sizes=\"(max-width: 300px) 100vw, 300px\" data-recalc-dims=\"1\" \/><\/a>Une grande place est \u00e9galement r\u00e9serv\u00e9e \u00e0 l\u2019artisanat touareg (armes, serrures, parures, bijoux, sacs, selles, outres, etc.). De nombreuses pi\u00e8ces ont \u00e9t\u00e9 confi\u00e9es au mus\u00e9e par Jean-Claude Bourgeon, guide saharien reconnu et compagnon de route de notre ami, le photographe suisse <a href=\"http:\/\/blog.les-amis-de-maximilien.org\/\">Maximilien Bruggmann<\/a>, qu\u2019il a souvent accompagn\u00e9 dans les immensit\u00e9s nig\u00e9riennes \u00e0 la recherche de gravures rupestres,\u00a0 aujourd\u2019hui inaccessibles et dont les plus beaux clich\u00e9s devraient bient\u00f4t rejoindre \u00e0 leur tour le Mus\u00e9e saharien.<\/p>\n<p><a href=\"https:\/\/i1.wp.com\/www.presstourism.ch\/WP_ALEX\/wp-content\/uploads\/2016\/04\/D29c1-44N-Pr\u00e9001-300x199.jpg\" rel=\"attachment wp-att-2505\"><img loading=\"lazy\" class=\"size-medium wp-image-2505 aligncenter\" src=\"https:\/\/i1.wp.com\/www.presstourism.ch\/WP_ALEX\/wp-content\/uploads\/2016\/04\/D29c1-44N-Pr\u00e9001-300x199-300x199.jpg?resize=300%2C199\" alt=\"D29c1-44N-Pr\u00e9001-300x199\" width=\"300\" height=\"199\" data-recalc-dims=\"1\" \/><\/a>Enfin, si la visite vous a convaincus au point de vous inciter \u00e0 traverser le d\u00e9sert \u00e0 dos de chameau, commencez donc par vous entra\u00eener dans les environs\u00a0! A Balaruc-le-Vieux, <a href=\"http:\/\/dromasud.fr\">l\u2019association Dromasud<\/a> poss\u00e8de plusieurs dromadaires et accueille petits et grands pour une premi\u00e8re approche, suivie de belles balades en plein air.<\/p>\n<p><a href=\"https:\/\/i2.wp.com\/www.presstourism.ch\/WP_ALEX\/wp-content\/uploads\/2016\/04\/GUE7269s.jpg\" rel=\"attachment wp-att-2504\"><img loading=\"lazy\" class=\"size-medium wp-image-2504 aligncenter\" src=\"https:\/\/i0.wp.com\/www.presstourism.ch\/WP_ALEX\/wp-content\/uploads\/2016\/04\/GUE7269s-300x219.jpg?resize=300%2C219\" alt=\"_GUE7269s\" width=\"300\" height=\"219\" srcset=\"https:\/\/i1.wp.com\/www.presstourism.ch\/wp-content\/uploads\/2016\/04\/GUE7269s.jpg?resize=300%2C219 300w, https:\/\/i1.wp.com\/www.presstourism.ch\/wp-content\/uploads\/2016\/04\/GUE7269s.jpg?resize=600%2C438 600w, https:\/\/i1.wp.com\/www.presstourism.ch\/wp-content\/uploads\/2016\/04\/GUE7269s.jpg?w=631 631w\" sizes=\"(max-width: 300px) 100vw, 300px\" data-recalc-dims=\"1\" \/><\/a><\/p>\n<hr \/>\n<p>&nbsp;<\/p>\n<div class=\"confit-address\" style=\"text-align: right;\"><a href=\"http:\/\/maps.google.com\/maps?z=16&amp;q=mus%C3%A9e+saharien+1,+avenue+de+castelnau+34920+le+cr%C3%A8s\" target=\"_blank\">Mus\u00e9e saharien<br \/>\n1, avenue de Castelnau<br \/>\n34920 Le Cr\u00e8s<\/a><\/div>\n<div class=\"confit-phone\" style=\"text-align: right;\">+33 (0)6 67 29 94 42<\/div>\n<div class=\"confit-hours\" style=\"text-align: right;\">Ouvert de 14h \u00e0 18h, sauf mardi, dimanche et jours f\u00e9ri\u00e9s<\/div>\n<div class=\"confit-hours\" style=\"text-align: right;\">\n<p><a href=\"http:\/\/www.museesaharien.fr\">www.museesaharien.fr<\/a><\/p>\n<\/div>\n<hr \/>\n<p><a href=\"http:\/\/www.presstourism.ch\/WP_ALEX\/wp-content\/uploads\/2016\/04\/Le-Sahara-\u00e0-Montpellier.pdf\" rel=\"\">T\u00e9l\u00e9charger l&rsquo;article \u00ab\u00a0Le Sahara \u00e0 Montpellier\u00a0\u00bb<\/a><\/p>\n","protected":false},"excerpt":{"rendered":"<p>Texte: Alex D\u00e9cotte \/ Photos: Mus\u00e9e saharien et Alex D\u00e9cotte Niger, Mali ou m\u00eame Sud alg\u00e9rien, l\u2019\u00e9poque n\u2019est pas vraiment propice au tourisme saharien. Heureusement \u00a0il existe, pas tr\u00e8s loin de la Suisse, un petit coin de Sahara authentique et &hellip; <a href=\"http:\/\/www.presstourism.ch\/?page_id=2496\">Continuer la lecture <span class=\"meta-nav\">&rarr;<\/span><\/a><\/p>\n","protected":false},"author":1,"featured_media":0,"parent":2494,"menu_order":0,"comment_status":"closed","ping_status":"closed","template":"","meta":{"ngg_post_thumbnail":0,"spay_email":""},"jetpack_sharing_enabled":true,"jetpack_shortlink":"https:\/\/wp.me\/P468TV-Eg","_links":{"self":[{"href":"http:\/\/www.presstourism.ch\/index.php?rest_route=\/wp\/v2\/pages\/2496"}],"collection":[{"href":"http:\/\/www.presstourism.ch\/index.php?rest_route=\/wp\/v2\/pages"}],"about":[{"href":"http:\/\/www.presstourism.ch\/index.php?rest_route=\/wp\/v2\/types\/page"}],"author":[{"embeddable":true,"href":"http:\/\/www.presstourism.ch\/index.php?rest_route=\/wp\/v2\/users\/1"}],"replies":[{"embeddable":true,"href":"http:\/\/www.presstourism.ch\/index.php?rest_route=%2Fwp%2Fv2%2Fcomments&post=2496"}],"version-history":[{"count":4,"href":"http:\/\/www.presstourism.ch\/index.php?rest_route=\/wp\/v2\/pages\/2496\/revisions"}],"predecessor-version":[{"id":2512,"href":"http:\/\/www.presstourism.ch\/index.php?rest_route=\/wp\/v2\/pages\/2496\/revisions\/2512"}],"up":[{"embeddable":true,"href":"http:\/\/www.presstourism.ch\/index.php?rest_route=\/wp\/v2\/pages\/2494"}],"wp:attachment":[{"href":"http:\/\/www.presstourism.ch\/index.php?rest_route=%2Fwp%2Fv2%2Fmedia&parent=2496"}],"curies":[{"name":"wp","href":"https:\/\/api.w.org\/{rel}","templated":true}]}}