{"id":244,"date":"2013-11-15T02:09:17","date_gmt":"2013-11-15T01:09:17","guid":{"rendered":"http:\/\/www.presstourism.ch\/WP_ALEX\/?page_id=244"},"modified":"2013-11-18T15:28:53","modified_gmt":"2013-11-18T14:28:53","slug":"2013-drome","status":"publish","type":"page","link":"http:\/\/www.presstourism.ch\/?page_id=244","title":{"rendered":"2013 Dr\u00f4me"},"content":{"rendered":"<p style=\"text-align: right;\">A l&rsquo;invitation de <em>La Dr\u00f4me Tourisme<\/em> et de son directeur, Bruno Domenach, notre assembl\u00e9e g\u00e9n\u00e9rale 2013 s&rsquo;est d\u00e9roul\u00e9e \u00e0 Valence et nous a permis de d\u00e9couvrir les plus beaux sites de ce d\u00e9partement fran\u00e7ais si proche et pourtant si m\u00e9connu.<br \/>\n<span style=\"text-decoration: underline;\"> <img loading=\"lazy\" class=\"aligncenter\" alt=\"\" src=\"https:\/\/i2.wp.com\/sb4-1.infomaniak.ch\/sites\/c4\/c493c95f91125629724acfd1fee9774f\/attachments\/Image\/Pour_DROME\/PTCH_Dauphin___1w.jpg?resize=486%2C291\" width=\"486\" height=\"291\" data-recalc-dims=\"1\" \/><a href=\"http:\/\/www.presstourism.ch\/WP_ALEX\/wp-content\/uploads\/2013\/11\/PTCH-Dauphin\u00e9-1-Copie.pdf\">T\u00e9l\u00e9charger l&rsquo;article<\/a><br \/>\n<\/span><\/p>\n<p><span style=\"text-decoration: underline;\">Programme du 22 au 24 mai 2013<\/span><\/p>\n<p style=\"text-align: right;\"><i>\u00a0<a href=\"https:\/\/i0.wp.com\/www.presstourism.ch\/WP_ALEX\/wp-content\/uploads\/2013\/11\/20130524_PTCH_Rocheville_DLw.jpg\"><img loading=\"lazy\" class=\"size-medium wp-image-245 aligncenter\" alt=\"20130524_PTCH_Rocheville_DLw\" src=\"https:\/\/i2.wp.com\/www.presstourism.ch\/WP_ALEX\/wp-content\/uploads\/2013\/11\/20130524_PTCH_Rocheville_DLw-300x150.jpg?resize=388%2C194\" width=\"388\" height=\"194\" srcset=\"https:\/\/i0.wp.com\/www.presstourism.ch\/wp-content\/uploads\/2013\/11\/20130524_PTCH_Rocheville_DLw.jpg?resize=300%2C150 300w, https:\/\/i0.wp.com\/www.presstourism.ch\/wp-content\/uploads\/2013\/11\/20130524_PTCH_Rocheville_DLw.jpg?w=1024 1024w\" sizes=\"(max-width: 388px) 100vw, 388px\" data-recalc-dims=\"1\" \/><\/a><\/i><a href=\"http:\/\/www.presstourism.ch\/WP_ALEX\/wp-content\/uploads\/2013\/11\/20130524-PTCH-Rocheville-DL.pdf\">T\u00e9l\u00e9charger l&rsquo;article<\/a><\/p>\n<p><span style=\"text-decoration: underline;\">Mercredi 22 mai 2013<\/span><\/p>\n<p>Visite guid\u00e9e de <i>Valence Ville d\u2019Art et d\u2019Histoire<\/i><br \/>\nVisite en avant-premi\u00e8re du chantier du Mus\u00e9e des Beaux-Arts et d\u2019Arch\u00e9ologie<\/p>\n<p><span style=\"text-decoration: underline;\"> Jeudi 23 mai 2013<\/span><\/p>\n<p>Nyons.<br \/>\nVisite des Vieux Moulins \u00e0 huile et de la savonnerie.<br \/>\nVisite de la distillerie Bleu Provence.<br \/>\nPuis Grignan et son c\u00e9l\u00e8bre ch\u00e2teau<br \/>\nD\u00e9gustation comment\u00e9e de l\u2019appellation locale\u00a0: Grignan-les-Adh\u00e9mar \u00e0 Roussas.<\/p>\n<p><span style=\"text-decoration: underline;\">Vendredi 24 mai 2013<\/span><\/p>\n<p>Matin\u00e9e\u00a0: tenue de l\u2019Assembl\u00e9e G\u00e9n\u00e9rale de l\u2019Association <i>au si\u00e8ge de La Dr\u00f4me Tourisme)<br \/>\n<\/i>Apr\u00e8s-midi \u00e0 Romans-sur-Is\u00e8re\u00a0: visite du Mus\u00e9e international de la Chaussure<br \/>\nVisite du centre historique de Romans et la Coll\u00e9giale St-Barnard<\/p>\n<p>Hauterives\u00a0: Palais id\u00e9al du facteur Cheval. Un monument unique, chef d\u2019\u0153uvre d\u2019art na\u00eff, fruits du travail d\u2019un seul homme, pendant 33 ans.<\/p>\n<p><a href=\"https:\/\/i0.wp.com\/www.presstourism.ch\/WP_ALEX\/wp-content\/uploads\/2013\/11\/Groupe_Cheval_MG_7720sd.jpg\"><img loading=\"lazy\" class=\"size-medium wp-image-246 aligncenter\" alt=\"Groupe_Cheval_MG_7720sd\" src=\"https:\/\/i2.wp.com\/www.presstourism.ch\/WP_ALEX\/wp-content\/uploads\/2013\/11\/Groupe_Cheval_MG_7720sd-300x189.jpg?resize=443%2C279\" width=\"443\" height=\"279\" srcset=\"https:\/\/i0.wp.com\/www.presstourism.ch\/wp-content\/uploads\/2013\/11\/Groupe_Cheval_MG_7720sd.jpg?resize=300%2C189 300w, https:\/\/i0.wp.com\/www.presstourism.ch\/wp-content\/uploads\/2013\/11\/Groupe_Cheval_MG_7720sd.jpg?w=1024 1024w\" sizes=\"(max-width: 443px) 100vw, 443px\" data-recalc-dims=\"1\" \/><\/a><br \/>\n<strong>Les premiers articles de nos membres<\/strong><\/p>\n<p><a href=\"http:\/\/www.escapada.ch\/Chateau-de-Grignan-le-Versailles-du-Sud_a383.html\">Grignan, Versailles du Sud \/ Christine Ansermet<\/a><\/p>\n<p>\u00abIci, nos nuits sont plus belles que vos jours \u00bb : ce serait du ch\u00e2teau de Grignan que la Marquise de S\u00e9vign\u00e9 aurait adress\u00e9 ces mots devenus c\u00e9l\u00e8bres \u00e0 Jean Racine. Peut-\u00eatre en contemplant \u00ab les vues triomphantes \u00bb offertes par l&rsquo;immense terrasse de ce bijou Renaissance o\u00f9 se d\u00e9roulaient des f\u00eates fastueuses qui eurent finalement raison de la fortune de son propri\u00e9taire, le comte de Grignan.<\/p>\n<p><a href=\"https:\/\/i0.wp.com\/www.presstourism.ch\/WP_ALEX\/wp-content\/uploads\/2013\/11\/Grignan.jpg\"><img loading=\"lazy\" class=\"size-full wp-image-247 aligncenter\" alt=\"Grignan\" src=\"https:\/\/i0.wp.com\/www.presstourism.ch\/WP_ALEX\/wp-content\/uploads\/2013\/11\/Grignan.jpg?resize=300%2C200\" width=\"300\" height=\"200\" data-recalc-dims=\"1\" \/><\/a><\/p>\n<p><a href=\"http:\/\/s169196779.onlinehome.fr\/?page_id=3059\">La Dr\u00f4me comme une douce braise \/ Alex D\u00e9cotte<\/a><\/p>\n<p>Belle lurette que je n\u2019\u00e9tais plus revenu dans la Dr\u00f4me. J\u2019avais tort. Elle restait en moi comme une braise si douce et si tenace qu\u2019il me semblait inutile de la raviver. Peut-\u00eatre aurait-elle fini par s\u2019\u00e9teindre tout \u00e0 fait si le hasard ne m\u2019avait invit\u00e9 \u00e0 y souffler \u00e0 nouveau pendant quelques jours.<\/p>\n<p style=\"text-align: center;\"><a href=\"https:\/\/i2.wp.com\/www.presstourism.ch\/WP_ALEX\/wp-content\/uploads\/2013\/11\/FRADROw-Nyons-Picnic-P1000247w.jpg\"><img loading=\"lazy\" class=\"alignnone size-medium wp-image-248\" alt=\"FRADROw-Nyons-Picnic-P1000247w\" src=\"https:\/\/i2.wp.com\/www.presstourism.ch\/WP_ALEX\/wp-content\/uploads\/2013\/11\/FRADROw-Nyons-Picnic-P1000247w-300x175.jpg?resize=300%2C175\" width=\"300\" height=\"175\" srcset=\"https:\/\/i2.wp.com\/www.presstourism.ch\/wp-content\/uploads\/2013\/11\/FRADROw-Nyons-Picnic-P1000247w.jpg?resize=300%2C175 300w, https:\/\/i2.wp.com\/www.presstourism.ch\/wp-content\/uploads\/2013\/11\/FRADROw-Nyons-Picnic-P1000247w.jpg?w=640 640w\" sizes=\"(max-width: 300px) 100vw, 300px\" data-recalc-dims=\"1\" \/><\/a><\/p>\n","protected":false},"excerpt":{"rendered":"<p>A l&rsquo;invitation de La Dr\u00f4me Tourisme et de son directeur, Bruno Domenach, notre assembl\u00e9e g\u00e9n\u00e9rale 2013 s&rsquo;est d\u00e9roul\u00e9e \u00e0 Valence et nous a permis de d\u00e9couvrir les plus beaux sites de ce d\u00e9partement fran\u00e7ais si proche et pourtant si m\u00e9connu. &hellip; <a href=\"http:\/\/www.presstourism.ch\/?page_id=244\">Continuer la lecture <span class=\"meta-nav\">&rarr;<\/span><\/a><\/p>\n","protected":false},"author":1,"featured_media":0,"parent":242,"menu_order":0,"comment_status":"open","ping_status":"open","template":"","meta":{"ngg_post_thumbnail":0,"spay_email":""},"jetpack_sharing_enabled":true,"jetpack_shortlink":"https:\/\/wp.me\/P468TV-3W","_links":{"self":[{"href":"http:\/\/www.presstourism.ch\/index.php?rest_route=\/wp\/v2\/pages\/244"}],"collection":[{"href":"http:\/\/www.presstourism.ch\/index.php?rest_route=\/wp\/v2\/pages"}],"about":[{"href":"http:\/\/www.presstourism.ch\/index.php?rest_route=\/wp\/v2\/types\/page"}],"author":[{"embeddable":true,"href":"http:\/\/www.presstourism.ch\/index.php?rest_route=\/wp\/v2\/users\/1"}],"replies":[{"embeddable":true,"href":"http:\/\/www.presstourism.ch\/index.php?rest_route=%2Fwp%2Fv2%2Fcomments&post=244"}],"version-history":[{"count":4,"href":"http:\/\/www.presstourism.ch\/index.php?rest_route=\/wp\/v2\/pages\/244\/revisions"}],"predecessor-version":[{"id":569,"href":"http:\/\/www.presstourism.ch\/index.php?rest_route=\/wp\/v2\/pages\/244\/revisions\/569"}],"up":[{"embeddable":true,"href":"http:\/\/www.presstourism.ch\/index.php?rest_route=\/wp\/v2\/pages\/242"}],"wp:attachment":[{"href":"http:\/\/www.presstourism.ch\/index.php?rest_route=%2Fwp%2Fv2%2Fmedia&parent=244"}],"curies":[{"name":"wp","href":"https:\/\/api.w.org\/{rel}","templated":true}]}}