{"id":242,"date":"2013-11-15T01:54:45","date_gmt":"2013-11-15T00:54:45","guid":{"rendered":"http:\/\/www.presstourism.ch\/WP_ALEX\/?page_id=242"},"modified":"2013-11-15T01:54:45","modified_gmt":"2013-11-15T00:54:45","slug":"voyages","status":"publish","type":"page","link":"http:\/\/www.presstourism.ch\/?page_id=242","title":{"rendered":"Voyages"},"content":{"rendered":"<p>Nous publions ici le r\u00e9cit de nos diff\u00e9rents voyages de presse ainsi que les articles r\u00e9dig\u00e9s sp\u00e9cialement par nos membres.<\/p>\n","protected":false},"excerpt":{"rendered":"<p>Nous publions ici le r\u00e9cit de nos diff\u00e9rents voyages de presse ainsi que les articles r\u00e9dig\u00e9s sp\u00e9cialement par nos membres.<\/p>\n","protected":false},"author":1,"featured_media":0,"parent":14,"menu_order":0,"comment_status":"open","ping_status":"open","template":"","meta":{"ngg_post_thumbnail":0,"spay_email":""},"jetpack_sharing_enabled":true,"jetpack_shortlink":"https:\/\/wp.me\/P468TV-3U","_links":{"self":[{"href":"http:\/\/www.presstourism.ch\/index.php?rest_route=\/wp\/v2\/pages\/242"}],"collection":[{"href":"http:\/\/www.presstourism.ch\/index.php?rest_route=\/wp\/v2\/pages"}],"about":[{"href":"http:\/\/www.presstourism.ch\/index.php?rest_route=\/wp\/v2\/types\/page"}],"author":[{"embeddable":true,"href":"http:\/\/www.presstourism.ch\/index.php?rest_route=\/wp\/v2\/users\/1"}],"replies":[{"embeddable":true,"href":"http:\/\/www.presstourism.ch\/index.php?rest_route=%2Fwp%2Fv2%2Fcomments&post=242"}],"version-history":[{"count":1,"href":"http:\/\/www.presstourism.ch\/index.php?rest_route=\/wp\/v2\/pages\/242\/revisions"}],"predecessor-version":[{"id":243,"href":"http:\/\/www.presstourism.ch\/index.php?rest_route=\/wp\/v2\/pages\/242\/revisions\/243"}],"up":[{"embeddable":true,"href":"http:\/\/www.presstourism.ch\/index.php?rest_route=\/wp\/v2\/pages\/14"}],"wp:attachment":[{"href":"http:\/\/www.presstourism.ch\/index.php?rest_route=%2Fwp%2Fv2%2Fmedia&parent=242"}],"curies":[{"name":"wp","href":"https:\/\/api.w.org\/{rel}","templated":true}]}}