{"id":2369,"date":"2016-04-04T18:18:57","date_gmt":"2016-04-04T17:18:57","guid":{"rendered":"http:\/\/www.presstourism.ch\/WP_ALEX\/?page_id=2369"},"modified":"2016-04-04T18:25:58","modified_gmt":"2016-04-04T17:25:58","slug":"zufferey-roland","status":"publish","type":"page","link":"http:\/\/www.presstourism.ch\/?page_id=2369","title":{"rendered":"Zufferey Roland"},"content":{"rendered":"<section id=\"page-zones__main-widgets__responsivecolumns20-zones__column1\" class=\"bk-zone column columns-two-right\" data-uniqueid=\"page-zones__main-widgets__responsivecolumns20-zones__column1\">\n<div id=\"page-zones__main-widgets__responsivecolumns20-zones__column1-widgets__content\" class=\"widget content\" data-uniqueid=\"page-zones__main-widgets__responsivecolumns20-zones__column1-widgets__content\">\n<div class=\"bk-content-text js-text-content wysihtml-editor-content\">\n<h2><a href=\"https:\/\/i2.wp.com\/www.presstourism.ch\/WP_ALEX\/wp-content\/uploads\/2016\/04\/DSCN0106.jpg\" rel=\"attachment wp-att-2370\"><img loading=\"lazy\" class=\"alignnone size-medium wp-image-2370\" src=\"https:\/\/i0.wp.com\/www.presstourism.ch\/WP_ALEX\/wp-content\/uploads\/2016\/04\/DSCN0106-300x200.jpg?resize=300%2C200\" alt=\"DSCN0106\" width=\"300\" height=\"200\" srcset=\"https:\/\/i1.wp.com\/www.presstourism.ch\/wp-content\/uploads\/2016\/04\/DSCN0106.jpg?resize=300%2C200 300w, https:\/\/i1.wp.com\/www.presstourism.ch\/wp-content\/uploads\/2016\/04\/DSCN0106.jpg?resize=768%2C512 768w, https:\/\/i1.wp.com\/www.presstourism.ch\/wp-content\/uploads\/2016\/04\/DSCN0106.jpg?w=1024 1024w, https:\/\/i1.wp.com\/www.presstourism.ch\/wp-content\/uploads\/2016\/04\/DSCN0106.jpg?resize=600%2C400 600w\" sizes=\"(max-width: 300px) 100vw, 300px\" data-recalc-dims=\"1\" \/><\/a><\/h2>\n<p>Publications:<\/p>\n<p><a href=\"http:\/\/www.presstourism.ch\/WP_ALEX\/?page_id=2302\">Objectif Cuba<\/a><\/p>\n<hr \/>\n<p>Imprimerie de Rive<br \/>\n20, bd Helv\u00e9tique,\u00a01207 Gen\u00e8ve<br \/>\nT\u00e9l. 022 786 22 11<br \/>\nMobile: 079 397 64 19<br \/>\nEmail: <a href=\"mailto:Imprimerierive@freesurf.ch\" target=\"_self\">Imprimerierive@freesurf.ch<br \/>\n<\/a>Photographe ind\u00e9pendant<br \/>\nLangues: fran\u00e7ais, anglais<\/p>\n<hr \/>\n<p>&nbsp;<\/p>\n<\/div>\n<\/div>\n<\/section>\n","protected":false},"excerpt":{"rendered":"<p>Publications: Objectif Cuba Imprimerie de Rive 20, bd Helv\u00e9tique,\u00a01207 Gen\u00e8ve T\u00e9l. 022 786 22 11 Mobile: 079 397 64 19 Email: Imprimerierive@freesurf.ch Photographe ind\u00e9pendant Langues: fran\u00e7ais, anglais &nbsp;<\/p>\n","protected":false},"author":1,"featured_media":0,"parent":76,"menu_order":0,"comment_status":"closed","ping_status":"closed","template":"","meta":{"ngg_post_thumbnail":0,"spay_email":""},"jetpack_sharing_enabled":true,"jetpack_shortlink":"https:\/\/wp.me\/P468TV-Cd","_links":{"self":[{"href":"http:\/\/www.presstourism.ch\/index.php?rest_route=\/wp\/v2\/pages\/2369"}],"collection":[{"href":"http:\/\/www.presstourism.ch\/index.php?rest_route=\/wp\/v2\/pages"}],"about":[{"href":"http:\/\/www.presstourism.ch\/index.php?rest_route=\/wp\/v2\/types\/page"}],"author":[{"embeddable":true,"href":"http:\/\/www.presstourism.ch\/index.php?rest_route=\/wp\/v2\/users\/1"}],"replies":[{"embeddable":true,"href":"http:\/\/www.presstourism.ch\/index.php?rest_route=%2Fwp%2Fv2%2Fcomments&post=2369"}],"version-history":[{"count":2,"href":"http:\/\/www.presstourism.ch\/index.php?rest_route=\/wp\/v2\/pages\/2369\/revisions"}],"predecessor-version":[{"id":2374,"href":"http:\/\/www.presstourism.ch\/index.php?rest_route=\/wp\/v2\/pages\/2369\/revisions\/2374"}],"up":[{"embeddable":true,"href":"http:\/\/www.presstourism.ch\/index.php?rest_route=\/wp\/v2\/pages\/76"}],"wp:attachment":[{"href":"http:\/\/www.presstourism.ch\/index.php?rest_route=%2Fwp%2Fv2%2Fmedia&parent=2369"}],"curies":[{"name":"wp","href":"https:\/\/api.w.org\/{rel}","templated":true}]}}