{"id":23,"date":"2013-11-14T11:51:33","date_gmt":"2013-11-14T10:51:33","guid":{"rendered":"http:\/\/www.presstourism.ch\/WP_ALEX\/?page_id=23"},"modified":"2023-06-09T20:12:23","modified_gmt":"2023-06-09T18:12:23","slug":"ansermet-christine","status":"publish","type":"page","link":"http:\/\/www.presstourism.ch\/?page_id=23","title":{"rendered":"Ansermet Christine"},"content":{"rendered":"<p><a href=\"https:\/\/i2.wp.com\/www.presstourism.ch\/wp-content\/uploads\/2013\/11\/Ansermet.jpg\"><img loading=\"lazy\" class=\"alignnone size-full wp-image-28\" src=\"https:\/\/i2.wp.com\/www.presstourism.ch\/wp-content\/uploads\/2013\/11\/Ansermet.jpg?resize=113%2C151\" alt=\"\" width=\"113\" height=\"151\"  data-recalc-dims=\"1\"><\/a><a href=\"https:\/\/i1.wp.com\/www.presstourism.ch\/WP_ALEX\/wp-content\/uploads\/2013\/11\/Ansermet.jpg\"><img loading=\"lazy\" class=\"alignnone size-full wp-image-28\" src=\"https:\/\/i1.wp.com\/www.presstourism.ch\/WP_ALEX\/wp-content\/uploads\/2013\/11\/Ansermet.jpg?resize=113%2C151\" alt=\"Ansermet\" width=\"113\" height=\"151\"  data-recalc-dims=\"1\"><\/a><\/p>\n<div id=\"mod_5052314\">\n<div>\n<p><strong><a href=\"http:\/\/www.escapada.ch\/\">escapada.ch<\/a><\/strong><\/p>\n<\/div>\n<\/div>\n<div id=\"mod_5052337\">\n<div>\n<p>Le web magazine des loisirs et des voyages<\/p>\n<\/div>\n<\/div>\n<p>ANSERMET, Christine<br \/>\nRte de Bourgogne 23<br \/>\n2019 Rochefort<br \/>\nT\u00e9l. mobile:079 899 04 84<br \/>\nEmail <a href=\"mailto:christine.ansermet@escapada.ch\">:christine.ansermet@escapada.ch<\/a><br \/>\nInternet: <a href=\"http:\/\/www.escapada.ch\/\">www.escapada.ch<\/a><br \/>\nFonction: Journaliste RP et \u00e9ditrice<br \/>\nM\u00e9dias: Site escapada.ch, Brochure Carouge, guide touristique Illicom<br \/>\nLangues: Fran\u00e7ais, allemand, anglais, italien, russe.<\/p>\n","protected":false},"excerpt":{"rendered":"<p>escapada.ch Le web magazine des loisirs et des voyages ANSERMET, Christine Rte de Bourgogne 23 2019 Rochefort T\u00e9l. mobile:079 899 04 84 Email :christine.ansermet@escapada.ch Internet: www.escapada.ch Fonction: Journaliste RP et \u00e9ditrice M\u00e9dias: Site escapada.ch, Brochure Carouge, guide touristique Illicom Langues: &hellip; <a href=\"http:\/\/www.presstourism.ch\/?page_id=23\">Continuer la lecture <span class=\"meta-nav\">&rarr;<\/span><\/a><\/p>\n","protected":false},"author":1,"featured_media":0,"parent":76,"menu_order":0,"comment_status":"open","ping_status":"open","template":"","meta":{"ngg_post_thumbnail":0,"spay_email":""},"jetpack_sharing_enabled":true,"jetpack_shortlink":"https:\/\/wp.me\/P468TV-n","_links":{"self":[{"href":"http:\/\/www.presstourism.ch\/index.php?rest_route=\/wp\/v2\/pages\/23"}],"collection":[{"href":"http:\/\/www.presstourism.ch\/index.php?rest_route=\/wp\/v2\/pages"}],"about":[{"href":"http:\/\/www.presstourism.ch\/index.php?rest_route=\/wp\/v2\/types\/page"}],"author":[{"embeddable":true,"href":"http:\/\/www.presstourism.ch\/index.php?rest_route=\/wp\/v2\/users\/1"}],"replies":[{"embeddable":true,"href":"http:\/\/www.presstourism.ch\/index.php?rest_route=%2Fwp%2Fv2%2Fcomments&post=23"}],"version-history":[{"count":5,"href":"http:\/\/www.presstourism.ch\/index.php?rest_route=\/wp\/v2\/pages\/23\/revisions"}],"predecessor-version":[{"id":9148,"href":"http:\/\/www.presstourism.ch\/index.php?rest_route=\/wp\/v2\/pages\/23\/revisions\/9148"}],"up":[{"embeddable":true,"href":"http:\/\/www.presstourism.ch\/index.php?rest_route=\/wp\/v2\/pages\/76"}],"wp:attachment":[{"href":"http:\/\/www.presstourism.ch\/index.php?rest_route=%2Fwp%2Fv2%2Fmedia&parent=23"}],"curies":[{"name":"wp","href":"https:\/\/api.w.org\/{rel}","templated":true}]}}