{"id":228,"date":"2013-11-15T00:55:14","date_gmt":"2013-11-14T23:55:14","guid":{"rendered":"http:\/\/www.presstourism.ch\/WP_ALEX\/?page_id=228"},"modified":"2024-04-11T10:59:38","modified_gmt":"2024-04-11T08:59:38","slug":"ethiopie","status":"publish","type":"page","link":"http:\/\/www.presstourism.ch\/?page_id=228","title":{"rendered":"Ethiopie"},"content":{"rendered":"<p style=\"text-align: center;\"><img loading=\"lazy\" class=\"alignnone wp-image-229 size-medium\" src=\"https:\/\/i2.wp.com\/www.presstourism.ch\/wp-content\/uploads\/2013\/11\/Ethiopie.gif?resize=278%2C300\" alt=\"Ethiopie\" width=\"278\" height=\"300\"  data-recalc-dims=\"1\"><\/p>\n<p><strong><a href=\"http:\/\/www.jepars.ch\/magazine\/?p=6231\">Les Ethiopiens du nord<\/a><\/strong><\/p>\n<p>G\u00e9rard Blanc<\/p>\n<p><img loading=\"lazy\" class=\"aligncenter\" title=\"Ermite\" src=\"https:\/\/i0.wp.com\/www.jepars.ch\/magazine\/wp-content\/uploads\/2011\/05\/COUV-455x643.jpg?resize=178%2C253\" alt=\"Ermite\" width=\"178\" height=\"253\"  data-recalc-dims=\"1\"><\/p>\n<p>Le christianisme omnipr\u00e9sent pourrait rappeler certaines pratiques musulmanes. Par exemple, vers les cinq heures du matin, les haut-parleurs de l\u2019\u00e9glise la plus proche diffusent des messages d\u2019incitation \u00e0 la pri\u00e8re et \u00e0 la lecture de la bible. Les chr\u00e9tiens \u00c9thiopie ont deux p\u00e9riodes de je\u00fbne annuelles de 40 jours chacune, au cours desquelles, comme pour le ramadan, ils mangent seulement apr\u00e8s le coucher du soleil.<\/p>\n<p><strong><a href=\"http:\/\/www.jepars.ch\/magazine\/?p=4653\">L<\/a><a href=\"http:\/\/www.jepars.ch\/magazine\/?p=4653\">\u2019Ethiopie chr\u00e9tienne&nbsp;: mystique Abyssinie<\/a><\/strong><\/p>\n<p>G\u00e9rard Blanc<\/p>\n<p>Dans le seul p\u00e9rim\u00e8tre de l\u2019ancienne Abyssinie d\u00e9limit\u00e9 par Makal\u00e9, Gheralta, Adigrat, Debr\u00e9 Damo, Axoum et La Lib\u00e9la, des tr\u00e9sors d\u2019art religieux, de vestiges n\u00e9olithiques, de paysages g\u00e9ologiques \u00e9poustouflants et de traditions populaires tenaces ont de quoi enthousiasmer toute personne en qu\u00eate de d\u00e9couvertes in\u00e9dites.<\/p>\n","protected":false},"excerpt":{"rendered":"<p>Les Ethiopiens du nord G\u00e9rard Blanc Le christianisme omnipr\u00e9sent pourrait rappeler certaines pratiques musulmanes. Par exemple, vers les cinq heures du matin, les haut-parleurs de l\u2019\u00e9glise la plus proche diffusent des messages d\u2019incitation \u00e0 la pri\u00e8re et \u00e0 la lecture &hellip; <a href=\"http:\/\/www.presstourism.ch\/?page_id=228\">Continuer la lecture <span class=\"meta-nav\">&rarr;<\/span><\/a><\/p>\n","protected":false},"author":1,"featured_media":0,"parent":162,"menu_order":0,"comment_status":"open","ping_status":"open","template":"","meta":{"ngg_post_thumbnail":0,"spay_email":""},"jetpack_sharing_enabled":true,"jetpack_shortlink":"https:\/\/wp.me\/P468TV-3G","_links":{"self":[{"href":"http:\/\/www.presstourism.ch\/index.php?rest_route=\/wp\/v2\/pages\/228"}],"collection":[{"href":"http:\/\/www.presstourism.ch\/index.php?rest_route=\/wp\/v2\/pages"}],"about":[{"href":"http:\/\/www.presstourism.ch\/index.php?rest_route=\/wp\/v2\/types\/page"}],"author":[{"embeddable":true,"href":"http:\/\/www.presstourism.ch\/index.php?rest_route=\/wp\/v2\/users\/1"}],"replies":[{"embeddable":true,"href":"http:\/\/www.presstourism.ch\/index.php?rest_route=%2Fwp%2Fv2%2Fcomments&post=228"}],"version-history":[{"count":6,"href":"http:\/\/www.presstourism.ch\/index.php?rest_route=\/wp\/v2\/pages\/228\/revisions"}],"predecessor-version":[{"id":9305,"href":"http:\/\/www.presstourism.ch\/index.php?rest_route=\/wp\/v2\/pages\/228\/revisions\/9305"}],"up":[{"embeddable":true,"href":"http:\/\/www.presstourism.ch\/index.php?rest_route=\/wp\/v2\/pages\/162"}],"wp:attachment":[{"href":"http:\/\/www.presstourism.ch\/index.php?rest_route=%2Fwp%2Fv2%2Fmedia&parent=228"}],"curies":[{"name":"wp","href":"https:\/\/api.w.org\/{rel}","templated":true}]}}