{"id":219,"date":"2013-11-15T00:43:17","date_gmt":"2013-11-14T23:43:17","guid":{"rendered":"http:\/\/www.presstourism.ch\/WP_ALEX\/?page_id=219"},"modified":"2016-03-03T16:26:17","modified_gmt":"2016-03-03T15:26:17","slug":"espagne","status":"publish","type":"page","link":"http:\/\/www.presstourism.ch\/?page_id=219","title":{"rendered":"Espagne"},"content":{"rendered":"<p style=\"text-align: center;\">\u00a0<a href=\"https:\/\/i1.wp.com\/www.presstourism.ch\/WP_ALEX\/wp-content\/uploads\/2013\/11\/espagne.gif\"><img loading=\"lazy\" class=\"alignnone size-medium wp-image-222\" src=\"https:\/\/i2.wp.com\/www.presstourism.ch\/WP_ALEX\/wp-content\/uploads\/2013\/11\/espagne-300x244.gif?resize=163%2C132\" alt=\"espagne\" width=\"163\" height=\"132\" data-recalc-dims=\"1\" \/><\/a><a href=\"https:\/\/i0.wp.com\/www.presstourism.ch\/WP_ALEX\/wp-content\/uploads\/2013\/11\/canaries.gif\"><img loading=\"lazy\" src=\"https:\/\/i0.wp.com\/www.presstourism.ch\/WP_ALEX\/wp-content\/uploads\/2013\/11\/canaries-300x160.gif?resize=275%2C132\" alt=\"canaries\" width=\"275\" height=\"132\" data-recalc-dims=\"1\" \/><\/a><a href=\"https:\/\/i2.wp.com\/www.presstourism.ch\/WP_ALEX\/wp-content\/uploads\/2013\/11\/baleares.gif\"><img loading=\"lazy\" src=\"https:\/\/i0.wp.com\/www.presstourism.ch\/WP_ALEX\/wp-content\/uploads\/2013\/11\/baleares-300x232.gif?resize=170%2C131\" alt=\"baleares\" width=\"170\" height=\"131\" data-recalc-dims=\"1\" \/><\/a><\/p>\n<p><strong><a href=\"http:\/\/www.presstourism.ch\/attachments\/File\/AD_Nouveaux_20120806\/Morzier_GRAN_CANARIA.pdf\">Gran Canaria \/ J.Morzier<\/a><\/strong><\/p>\n<p dir=\"ltr\" data-angle=\"0\" data-font-name=\"g_font_169_0\" data-canvas-width=\"152.6736990327835\">\u00cele toute ronde, au milieu des Canaries, la Gran Canaria vit \u00e0 l\u2019heure d\u2019un printemps doux toute l\u2019ann\u00e9e. Il y pleut rarement et la temp\u00e9rature moyenne avoisine les 25 degr\u00e9s. Un climat propice \u00e0 de merveilleuses vacances de d\u00e9tente b\u00e9n\u00e9ficiant d\u2019une offre h\u00f4teli\u00e8re particuli\u00e8rement soign\u00e9e.<\/p>\n","protected":false},"excerpt":{"rendered":"<p>\u00a0 Gran Canaria \/ J.Morzier \u00cele toute ronde, au milieu des Canaries, la Gran Canaria vit \u00e0 l\u2019heure d\u2019un printemps doux toute l\u2019ann\u00e9e. Il y pleut rarement et la temp\u00e9rature moyenne avoisine les 25 degr\u00e9s. Un climat propice \u00e0 de &hellip; <a href=\"http:\/\/www.presstourism.ch\/?page_id=219\">Continuer la lecture <span class=\"meta-nav\">&rarr;<\/span><\/a><\/p>\n","protected":false},"author":1,"featured_media":0,"parent":2161,"menu_order":0,"comment_status":"open","ping_status":"open","template":"","meta":{"ngg_post_thumbnail":0,"spay_email":""},"jetpack_sharing_enabled":true,"jetpack_shortlink":"https:\/\/wp.me\/P468TV-3x","_links":{"self":[{"href":"http:\/\/www.presstourism.ch\/index.php?rest_route=\/wp\/v2\/pages\/219"}],"collection":[{"href":"http:\/\/www.presstourism.ch\/index.php?rest_route=\/wp\/v2\/pages"}],"about":[{"href":"http:\/\/www.presstourism.ch\/index.php?rest_route=\/wp\/v2\/types\/page"}],"author":[{"embeddable":true,"href":"http:\/\/www.presstourism.ch\/index.php?rest_route=\/wp\/v2\/users\/1"}],"replies":[{"embeddable":true,"href":"http:\/\/www.presstourism.ch\/index.php?rest_route=%2Fwp%2Fv2%2Fcomments&post=219"}],"version-history":[{"count":4,"href":"http:\/\/www.presstourism.ch\/index.php?rest_route=\/wp\/v2\/pages\/219\/revisions"}],"predecessor-version":[{"id":2234,"href":"http:\/\/www.presstourism.ch\/index.php?rest_route=\/wp\/v2\/pages\/219\/revisions\/2234"}],"up":[{"embeddable":true,"href":"http:\/\/www.presstourism.ch\/index.php?rest_route=\/wp\/v2\/pages\/2161"}],"wp:attachment":[{"href":"http:\/\/www.presstourism.ch\/index.php?rest_route=%2Fwp%2Fv2%2Fmedia&parent=219"}],"curies":[{"name":"wp","href":"https:\/\/api.w.org\/{rel}","templated":true}]}}