{"id":2161,"date":"2016-03-03T15:55:38","date_gmt":"2016-03-03T14:55:38","guid":{"rendered":"http:\/\/www.presstourism.ch\/WP_ALEX\/?page_id=2161"},"modified":"2020-04-06T13:51:35","modified_gmt":"2020-04-06T12:51:35","slug":"europe","status":"publish","type":"page","link":"http:\/\/www.presstourism.ch\/?page_id=2161","title":{"rendered":"Europe"},"content":{"rendered":"\n<div class=\"wp-block-image\"><figure class=\"aligncenter size-large\"><img loading=\"lazy\" width=\"299\" height=\"260\" src=\"https:\/\/i0.wp.com\/www.presstourism.ch\/WP_ALEX\/wp-content\/uploads\/2020\/04\/carte_nom_pays_europe_couleur.png?resize=299%2C260\" alt=\"\" class=\"wp-image-6517\" data-recalc-dims=\"1\"\/><\/figure><\/div>\n\n\n<p>En d\u00e9pla\u00e7ant la fl\u00e8che sur Pays, choisissez le continent puis le pays et enfin l&rsquo;article. Sinon, en page d&rsquo;accueil, indiquez un nom, un lieu&#8230; et vous trouverez certainement votre bonheur.<\/p>","protected":false},"excerpt":{"rendered":"<p>En d\u00e9pla\u00e7ant la fl\u00e8che sur Pays, choisissez le continent puis le pays et enfin l&rsquo;article. Sinon, en page d&rsquo;accueil, indiquez un nom, un lieu&#8230; et vous trouverez certainement votre bonheur.<\/p>\n","protected":false},"author":1,"featured_media":0,"parent":160,"menu_order":0,"comment_status":"closed","ping_status":"closed","template":"","meta":{"ngg_post_thumbnail":0,"spay_email":""},"jetpack_sharing_enabled":true,"jetpack_shortlink":"https:\/\/wp.me\/P468TV-yR","_links":{"self":[{"href":"http:\/\/www.presstourism.ch\/index.php?rest_route=\/wp\/v2\/pages\/2161"}],"collection":[{"href":"http:\/\/www.presstourism.ch\/index.php?rest_route=\/wp\/v2\/pages"}],"about":[{"href":"http:\/\/www.presstourism.ch\/index.php?rest_route=\/wp\/v2\/types\/page"}],"author":[{"embeddable":true,"href":"http:\/\/www.presstourism.ch\/index.php?rest_route=\/wp\/v2\/users\/1"}],"replies":[{"embeddable":true,"href":"http:\/\/www.presstourism.ch\/index.php?rest_route=%2Fwp%2Fv2%2Fcomments&post=2161"}],"version-history":[{"count":3,"href":"http:\/\/www.presstourism.ch\/index.php?rest_route=\/wp\/v2\/pages\/2161\/revisions"}],"predecessor-version":[{"id":6518,"href":"http:\/\/www.presstourism.ch\/index.php?rest_route=\/wp\/v2\/pages\/2161\/revisions\/6518"}],"up":[{"embeddable":true,"href":"http:\/\/www.presstourism.ch\/index.php?rest_route=\/wp\/v2\/pages\/160"}],"wp:attachment":[{"href":"http:\/\/www.presstourism.ch\/index.php?rest_route=%2Fwp%2Fv2%2Fmedia&parent=2161"}],"curies":[{"name":"wp","href":"https:\/\/api.w.org\/{rel}","templated":true}]}}