{"id":2147,"date":"2016-02-28T10:10:47","date_gmt":"2016-02-28T09:10:47","guid":{"rendered":"http:\/\/www.presstourism.ch\/WP_ALEX\/?page_id=2147"},"modified":"2016-02-28T10:22:05","modified_gmt":"2016-02-28T09:22:05","slug":"40-photos-de-djanet","status":"publish","type":"page","link":"http:\/\/www.presstourism.ch\/?page_id=2147","title":{"rendered":"40 photos de Djanet"},"content":{"rendered":"<p>Avec Jean-Claude Bourgeon, nous nous sommes rendus dans l&rsquo;extr\u00eame sud-est de l&rsquo;Alg\u00e9rie, tout pr\u00e8s de la Libye et du Niger, pour poser nos pas dans les traces de Maximilien Bruggmann, photographe suisse de r\u00e9putation internationale et membre d&rsquo;honneur de Presstourism.ch. C&rsquo;est en effet dans cette r\u00e9gion que, voil\u00e0 bient\u00f4t 50 ans, notre ami a fait l&rsquo;acquisition de six chameaux et pass\u00e9 pr\u00e8s d&rsquo;un an avec les nomades touareg. Nous avons voulu v\u00e9rifier que, malgr\u00e9 les d\u00e9rives du progr\u00e8s, ces d\u00e9cors sublimes avaient conserv\u00e9 leur \u00e2me. Pari gagn\u00e9 !<\/p>\n<p style=\"text-align: right;\">Alex D\u00e9cotte<\/p>\n<div class=\"gmedia_gallery gmediaShortcodeError\" data-gmid=\"2\" data-error=\"photomania: folder missed or module broken\"><\/div>\n","protected":false},"excerpt":{"rendered":"<p>Avec Jean-Claude Bourgeon, nous nous sommes rendus dans l&rsquo;extr\u00eame sud-est de l&rsquo;Alg\u00e9rie, tout pr\u00e8s de la Libye et du Niger, pour poser nos pas dans les traces de Maximilien Bruggmann, photographe suisse de r\u00e9putation internationale et membre d&rsquo;honneur de Presstourism.ch. &hellip; <a href=\"http:\/\/www.presstourism.ch\/?page_id=2147\">Continuer la lecture <span class=\"meta-nav\">&rarr;<\/span><\/a><\/p>\n","protected":false},"author":1,"featured_media":0,"parent":164,"menu_order":0,"comment_status":"closed","ping_status":"closed","template":"","meta":{"ngg_post_thumbnail":0,"spay_email":""},"jetpack_sharing_enabled":true,"jetpack_shortlink":"https:\/\/wp.me\/P468TV-yD","_links":{"self":[{"href":"http:\/\/www.presstourism.ch\/index.php?rest_route=\/wp\/v2\/pages\/2147"}],"collection":[{"href":"http:\/\/www.presstourism.ch\/index.php?rest_route=\/wp\/v2\/pages"}],"about":[{"href":"http:\/\/www.presstourism.ch\/index.php?rest_route=\/wp\/v2\/types\/page"}],"author":[{"embeddable":true,"href":"http:\/\/www.presstourism.ch\/index.php?rest_route=\/wp\/v2\/users\/1"}],"replies":[{"embeddable":true,"href":"http:\/\/www.presstourism.ch\/index.php?rest_route=%2Fwp%2Fv2%2Fcomments&post=2147"}],"version-history":[{"count":4,"href":"http:\/\/www.presstourism.ch\/index.php?rest_route=\/wp\/v2\/pages\/2147\/revisions"}],"predecessor-version":[{"id":2151,"href":"http:\/\/www.presstourism.ch\/index.php?rest_route=\/wp\/v2\/pages\/2147\/revisions\/2151"}],"up":[{"embeddable":true,"href":"http:\/\/www.presstourism.ch\/index.php?rest_route=\/wp\/v2\/pages\/164"}],"wp:attachment":[{"href":"http:\/\/www.presstourism.ch\/index.php?rest_route=%2Fwp%2Fv2%2Fmedia&parent=2147"}],"curies":[{"name":"wp","href":"https:\/\/api.w.org\/{rel}","templated":true}]}}