{"id":211,"date":"2013-11-15T00:24:19","date_gmt":"2013-11-14T23:24:19","guid":{"rendered":"http:\/\/www.presstourism.ch\/WP_ALEX\/?page_id=211"},"modified":"2016-03-03T16:22:40","modified_gmt":"2016-03-03T15:22:40","slug":"cuba","status":"publish","type":"page","link":"http:\/\/www.presstourism.ch\/?page_id=211","title":{"rendered":"Cuba"},"content":{"rendered":"<p style=\"text-align: center;\"><a href=\"https:\/\/i1.wp.com\/www.presstourism.ch\/WP_ALEX\/wp-content\/uploads\/2013\/11\/cuba.gif\"><img loading=\"lazy\" class=\"alignnone size-medium wp-image-212\" src=\"https:\/\/i0.wp.com\/www.presstourism.ch\/WP_ALEX\/wp-content\/uploads\/2013\/11\/cuba-300x159.gif?resize=300%2C159\" alt=\"cuba\" width=\"300\" height=\"159\" data-recalc-dims=\"1\" \/><\/a><\/p>\n<p><a href=\"http:\/\/www.jepars.ch\/magazine\/?p=6760\">Faire ou ne pas faire \u00e0 Cuba\u00a0<\/a><\/p>\n<p>On peut engager la conversation pratiquement avec tout le monde \u00e0 Cuba. Les gens sont relativement ouverts, mais davantage en ville qu\u2019\u00e0 la campagne. Les Cubains des villes, comme \u00e0 la Havane ou \u00e0 Trinidad, peuvent m\u00eame \u00eatre un peu trop entreprenants, car ils essayeront souvent de vous vendre des souvenirs ou des cigares.<\/p>\n","protected":false},"excerpt":{"rendered":"<p>Faire ou ne pas faire \u00e0 Cuba\u00a0 On peut engager la conversation pratiquement avec tout le monde \u00e0 Cuba. Les gens sont relativement ouverts, mais davantage en ville qu\u2019\u00e0 la campagne. Les Cubains des villes, comme \u00e0 la Havane ou &hellip; <a href=\"http:\/\/www.presstourism.ch\/?page_id=211\">Continuer la lecture <span class=\"meta-nav\">&rarr;<\/span><\/a><\/p>\n","protected":false},"author":1,"featured_media":0,"parent":2226,"menu_order":0,"comment_status":"open","ping_status":"open","template":"","meta":{"ngg_post_thumbnail":0,"spay_email":""},"jetpack_sharing_enabled":true,"jetpack_shortlink":"https:\/\/wp.me\/P468TV-3p","_links":{"self":[{"href":"http:\/\/www.presstourism.ch\/index.php?rest_route=\/wp\/v2\/pages\/211"}],"collection":[{"href":"http:\/\/www.presstourism.ch\/index.php?rest_route=\/wp\/v2\/pages"}],"about":[{"href":"http:\/\/www.presstourism.ch\/index.php?rest_route=\/wp\/v2\/types\/page"}],"author":[{"embeddable":true,"href":"http:\/\/www.presstourism.ch\/index.php?rest_route=\/wp\/v2\/users\/1"}],"replies":[{"embeddable":true,"href":"http:\/\/www.presstourism.ch\/index.php?rest_route=%2Fwp%2Fv2%2Fcomments&post=211"}],"version-history":[{"count":2,"href":"http:\/\/www.presstourism.ch\/index.php?rest_route=\/wp\/v2\/pages\/211\/revisions"}],"predecessor-version":[{"id":2232,"href":"http:\/\/www.presstourism.ch\/index.php?rest_route=\/wp\/v2\/pages\/211\/revisions\/2232"}],"up":[{"embeddable":true,"href":"http:\/\/www.presstourism.ch\/index.php?rest_route=\/wp\/v2\/pages\/2226"}],"wp:attachment":[{"href":"http:\/\/www.presstourism.ch\/index.php?rest_route=%2Fwp%2Fv2%2Fmedia&parent=211"}],"curies":[{"name":"wp","href":"https:\/\/api.w.org\/{rel}","templated":true}]}}