{"id":208,"date":"2013-11-15T00:21:05","date_gmt":"2013-11-14T23:21:05","guid":{"rendered":"http:\/\/www.presstourism.ch\/WP_ALEX\/?page_id=208"},"modified":"2016-03-03T16:21:57","modified_gmt":"2016-03-03T15:21:57","slug":"croatie","status":"publish","type":"page","link":"http:\/\/www.presstourism.ch\/?page_id=208","title":{"rendered":"Croatie"},"content":{"rendered":"<p style=\"text-align: center;\"><a href=\"https:\/\/i2.wp.com\/www.presstourism.ch\/WP_ALEX\/wp-content\/uploads\/2013\/11\/croatie.gif\"><img loading=\"lazy\" class=\"alignnone size-medium wp-image-209\" src=\"https:\/\/i0.wp.com\/www.presstourism.ch\/WP_ALEX\/wp-content\/uploads\/2013\/11\/croatie-300x232.gif?resize=300%2C232\" alt=\"croatie\" width=\"300\" height=\"232\" data-recalc-dims=\"1\" \/><\/a><\/p>\n<p>&nbsp;<\/p>\n<div class=\"titre\">\n<h1 class=\"access\">La mer, les rochers et les \u00e9cureuils d\u2019Umag<\/h1>\n<\/div>\n<div class=\"chapeau\">\n<p class=\"access\">Dans l&rsquo;ouest de la Croatie, la province d&rsquo;Istrie \u2013 Istarska Zupanija en croate \u2013 est une terre de vignobles, de truffes, de vins, d\u2019huile d\u2019olives, de jambon et de fromages\u2026<\/p>\n<\/div>\n<div class=\"photo shadow top\" style=\"margin-bottom: 10px;\"><img title=\"La mer, les rochers et les \u00e9cureuils d\u2019Umag\" src=\"https:\/\/i1.wp.com\/www.escapada.ch\/photo\/art\/default\/6987710-10686556.jpg?w=576\" alt=\"La mer, les rochers et les \u00e9cureuils d\u2019Umag\" data-recalc-dims=\"1\" \/><\/div>\n<div class=\"texte\">\n<div class=\"access firstletter\">Et aussi de villes fortifi\u00e9es, de villages aux airs de Toscane italienne, de charmants petits ports diss\u00e9min\u00e9s sur la c\u00f4te, au bord de l\u2019Adriatique. Umag en fait partie.<\/div>\n<\/div>\n<div id=\"para_2\" class=\"para_10686557 resize\">\n<div class=\"texte\">\n<p class=\"access firstletter\">Sur cette presqu\u2019\u00eele de la c\u00f4te ouest de l\u2019Istrie, h\u00f4tels et villages de vacances, r\u00e9sidences locatives et campings font, tout l\u2019\u00e9t\u00e9, le bonheur des vacanciers en qu\u00eate d\u2019animations sportives et nocturnes.<\/p>\n<p>Mer d\u2019un bleu profond m\u00eal\u00e9 de gris, pierre blanche, vertes for\u00eats de pins\u2026\u00a0 Le soir, une\u00a0 promenade vous emm\u00e8ne le long de la c\u00f4te escarp\u00e9e, sur de petits sentiers bord\u00e9s de gen\u00eats et de bruy\u00e8res qui m\u00ealent leurs senteurs aux embruns de l\u2019Adriatique. De magnifiques couchers de soleil sont la r\u00e9compense du randonneur\u2026<\/p>\n<p class=\"access firstletter\"><a href=\"http:\/\/www.escapada.ch\/La-mer-les-rochers-et-les-ecureuils-d-Umag_a749.html\">Lire la suite&#8230;<\/a><\/p>\n<\/div>\n<\/div>\n<div id=\"intertitre_3\" class=\"intertitre before_left resize\" style=\"margin-bottom: 10px;\">\n<hr \/>\n<\/div>\n<h1 class=\"entry-title\">Hum, le plus petit village du monde<\/h1>\n<p><span style=\"text-decoration: underline;\">Par Alex D\u00e9cotte<\/span><\/p>\n<p style=\"text-align: center;\"><a href=\"http:\/\/i0.wp.com\/www.presstourism.ch\/WP_ALEX\/wp-content\/uploads\/2014\/05\/Hum-DSC_0005s.jpg\"><img loading=\"lazy\" class=\"alignnone size-medium wp-image-801\" src=\"http:\/\/i0.wp.com\/www.presstourism.ch\/WP_ALEX\/wp-content\/uploads\/2014\/05\/Hum-DSC_0005s.jpg?resize=300%2C286\" alt=\"Hum DSC_0005s\" width=\"300\" height=\"286\" srcset=\"https:\/\/i0.wp.com\/www.presstourism.ch\/wp-content\/uploads\/2014\/05\/Hum-DSC_0005s.jpg?w=804 804w, https:\/\/i0.wp.com\/www.presstourism.ch\/wp-content\/uploads\/2014\/05\/Hum-DSC_0005s.jpg?resize=300%2C286 300w\" sizes=\"(max-width: 300px) 100vw, 300px\" \/><\/a><\/p>\n<p>Dans le Guiness des records, ils doivent bien \u00eatre une bonne douzaine, les lieux \u00e0 se proclamer \u00ab plus petit village du monde\u00a0\u00bb. Mais en Istrie croate, pas de doute, le plus petit village du monde, c\u2019est ici, \u00e0 Hum. Oui, Hum\u00a0! A lui seul, le nom laisse d\u00e9j\u00e0 un rien perplexe mais c\u2019est comme \u00e7a\u00a0!<\/p>\n<p><a title=\"Hum, le plus petit village du monde\" href=\"http:\/\/www.presstourism.ch\/WP_ALEX\/?page_id=800\">Lire la suite&#8230;<\/a><\/p>\n<hr \/>\n<h2>Balade maritime en Istrie<\/h2>\n<p><span style=\"text-decoration: underline;\">Par Sonya Mermoud et Thierry Porchet<\/span><\/p>\n<p>Entre plaisirs baln\u00e9aires, d\u00e9couvertes de lieux pittoresques charg\u00e9s d\u2019histoire, et gastronomie, l\u2019Istrie inscrit sur sa carte de visite nombre d\u2019atouts. Coups de c\u0153ur\u2026<\/p>\n<p style=\"text-align: center;\"><a href=\"http:\/\/i1.wp.com\/www.presstourism.ch\/WP_ALEX\/wp-content\/uploads\/2014\/06\/Istrie.jpg\"><img loading=\"lazy\" class=\"alignnone size-medium wp-image-858\" src=\"http:\/\/i1.wp.com\/www.presstourism.ch\/WP_ALEX\/wp-content\/uploads\/2014\/06\/Istrie.jpg?resize=300%2C199\" alt=\"Croatie-mai 2014 - \u00a9Thierry Porchet\" width=\"300\" height=\"199\" srcset=\"https:\/\/i1.wp.com\/www.presstourism.ch\/wp-content\/uploads\/2014\/06\/Istrie.jpg?w=586 586w, https:\/\/i1.wp.com\/www.presstourism.ch\/wp-content\/uploads\/2014\/06\/Istrie.jpg?resize=300%2C199 300w\" sizes=\"(max-width: 300px) 100vw, 300px\" \/><\/a><\/p>\n<p>Annon\u00e7ant sur ses d\u00e9pliants touristiques pas moins de 2300 heures d\u2019ensoleillement annuel gr\u00e2ce \u00e0 un climat m\u00e9diterran\u00e9en, l\u2019Istrie aura jou\u00e9 de malchance \u00e0 la mi-mai. Pluie, vent et froid se sont invit\u00e9s au programme du 15 de ce mois-l\u00e0, consacr\u00e9 \u00e0 la d\u00e9couverte, en bateau, de son littoral. Pas de quoi assombrir une croisi\u00e8re qui se chargera alors d\u2019un petit air m\u00e9lancolique propice \u00e0 la r\u00eaverie.\u00a0Mariant contemplation et voyage int\u00e9rieur, les pens\u00e9es voguant d\u2019une rive joliment dentel\u00e9e \u00e0 une autre, mentale, au rythme alangui de la balade\u2026 Le regard rafra\u00eechi par les embruns et les rafales intermittentes\u2026<\/p>\n<p style=\"text-align: left;\"><a href=\"http:\/\/www.presstourism.ch\/WP_ALEX\/wp-content\/uploads\/2014\/06\/p10-v3.pdf\">Lire la suite\u2026<\/a><\/p>\n<hr \/>\n<h1 class=\"entry-title\">Tout truffe et pur plaisir<\/h1>\n<p><span style=\"text-decoration: underline;\">Par Nina Brissot<\/span><\/p>\n<p style=\"text-align: center;\">\u00a0<a href=\"http:\/\/i2.wp.com\/www.presstourism.ch\/WP_ALEX\/wp-content\/uploads\/2014\/05\/Truffes-DSCN4303.jpg\"><img loading=\"lazy\" class=\"alignnone size-medium wp-image-784\" src=\"http:\/\/i2.wp.com\/www.presstourism.ch\/WP_ALEX\/wp-content\/uploads\/2014\/05\/Truffes-DSCN4303.jpg?resize=255%2C300\" alt=\"Truffes DSCN4303\" width=\"255\" height=\"300\" srcset=\"https:\/\/i0.wp.com\/www.presstourism.ch\/wp-content\/uploads\/2014\/05\/Truffes-DSCN4303.jpg?w=1359 1359w, https:\/\/i0.wp.com\/www.presstourism.ch\/wp-content\/uploads\/2014\/05\/Truffes-DSCN4303.jpg?resize=255%2C300 255w, https:\/\/i0.wp.com\/www.presstourism.ch\/wp-content\/uploads\/2014\/05\/Truffes-DSCN4303.jpg?resize=871%2C1024 871w, https:\/\/i0.wp.com\/www.presstourism.ch\/wp-content\/uploads\/2014\/05\/Truffes-DSCN4303.jpg?w=1168 1168w\" sizes=\"(max-width: 255px) 100vw, 255px\" \/><\/a><\/p>\n<p>\u00a0<strong>Gastronomie\u00a0<\/strong>: Si la Croatie est la perle de l\u2019Adriatique, l\u2019Istrie en est la bo\u00eete magique. Des paysages ondoyants et verdoyants. Bord\u00e9 du ruban bleu de la mer, des collines des for\u00eats, un accueil et\u2026. une gastronomie pour le moins surprenante.<\/p>\n<p style=\"text-align: left;\"><a title=\"Tout truffe et pur plaisir\" href=\"http:\/\/www.presstourism.ch\/WP_ALEX\/?page_id=782\">Lire la suite&#8230;<\/a><\/p>\n<hr \/>\n<h1 class=\"entry-title\">L\u2019Istrie de Sonia<\/h1>\n<p><span style=\"text-decoration: underline;\">Par Alex D\u00e9cotte<\/span><\/p>\n<p style=\"text-align: center;\"><a href=\"http:\/\/i0.wp.com\/www.presstourism.ch\/WP_ALEX\/wp-content\/uploads\/2014\/05\/Sonia-DSC_0041sm.jpg\"><img loading=\"lazy\" class=\"alignnone size-medium wp-image-835\" src=\"http:\/\/i0.wp.com\/www.presstourism.ch\/WP_ALEX\/wp-content\/uploads\/2014\/05\/Sonia-DSC_0041sm.jpg?resize=267%2C300\" alt=\"Sonia DSC_0041sm\" width=\"267\" height=\"300\" srcset=\"https:\/\/i2.wp.com\/www.presstourism.ch\/wp-content\/uploads\/2014\/05\/Sonia-DSC_0041sm.jpg?w=685 685w, https:\/\/i2.wp.com\/www.presstourism.ch\/wp-content\/uploads\/2014\/05\/Sonia-DSC_0041sm.jpg?resize=267%2C300 267w\" sizes=\"(max-width: 267px) 100vw, 267px\" \/><\/a><\/p>\n<p>Nous avons pos\u00e9 le pied dans les ruelles de Hum, le plus petit village du monde\u00a0; vu la plus grosse truffe du monde et chass\u00e9 les plus petites, embarqu\u00e9 sur le rafiot reliant Porec \u00e0 Rovinj via le canal de Limski\u00a0; observ\u00e9 la fronti\u00e8re slov\u00e8ne du haut du Kastel de Buje\u00a0; appr\u00e9ci\u00e9 le savoureux poisson d\u2019Adriatique, d\u00e9gust\u00e9 une huile d\u2019olive au v\u00e9ritable go\u00fbt d\u2019olives, fait glisser sur notre langue le Malvoisie blanc et le Teran rouge. Bref, en quatre jours d\u2019Istrie, nous avons fait un beau bout de chemin et r\u00e9colt\u00e9 un joli fagot de surprises mais notre plus belle d\u00e9couverte restera Sonia.<\/p>\n<p style=\"text-align: left;\">\u00a0<a title=\"L\u2019Istrie de Sonia\" href=\"http:\/\/www.presstourism.ch\/WP_ALEX\/?page_id=833\">Lire la suite&#8230;<\/a><\/p>\n<hr \/>\n<h2>Dubrovnik<\/h2>\n<p><span style=\"text-decoration: underline;\">Par Alex D\u00e9cotte<\/span><\/p>\n<p><a href=\"https:\/\/i0.wp.com\/s169196779.onlinehome.fr\/wp-content\/uploads\/2013\/09\/DSC003981.jpg\"><img loading=\"lazy\" class=\"aligncenter\" src=\"https:\/\/i1.wp.com\/s169196779.onlinehome.fr\/wp-content\/uploads\/2013\/09\/DSC003981-300x158.jpg?resize=300%2C158\" alt=\"DSC00398\" width=\"300\" height=\"158\" data-recalc-dims=\"1\" \/><\/a>Rouges et clinquants, les toits de tuiles rondes. Rouges. Tous. Ou enfin presque tous. Quelques-uns sont plus clairs, plus cr\u00e8me, plus irr\u00e9guliers. C\u2019est que la tuile rouge, proven\u00e7ale, est un cadeau de la ville de Toulouse pour la reconstruction de la ville. Et que tout, ou presque, a d\u00fb \u00eatre reb\u00e2ti ou du moins r\u00e9habilit\u00e9.<\/p>\n<p><a href=\"http:\/\/s169196779.onlinehome.fr\/?page_id=206\">Lire la suite&#8230;<\/a><\/p>\n<hr \/>\n<h2>Zagreb, ne vraie ville d&rsquo;Europe centrale<\/h2>\n<p><span style=\"text-decoration: underline;\">Par Roger Juillerat<\/span><\/p>\n<p>Les charmes de Zagreb demandent \u00e0 \u00eatre d\u00e9couverts entre son patrimoine historique, ses grands parcs et promenades,son tramway bleu et son mus\u00e9e des coeurs bris\u00e9s.<\/p>\n<p style=\"text-align: left;\"><a href=\"http:\/\/www.presstourism.ch\/WP_ALEX\/wp-content\/uploads\/2013\/11\/2013-Zagreb.pdf\">Lire la suite&#8230;<\/a><\/p>\n<hr \/>\n<h2 style=\"text-align: left;\">Kroatien<\/h2>\n<p dir=\"ltr\" data-angle=\"0\" data-font-name=\"g_font_8_0\" data-canvas-width=\"272.6582585878373\"><span style=\"text-decoration: underline;\">Par Werner Knecht<\/span><\/p>\n<p dir=\"ltr\" data-angle=\"0\" data-font-name=\"g_font_8_0\" data-canvas-width=\"272.6582585878373\">Zur\u00fcck in die Seventies. Retrocharme und unber\u00fchrte Landschaften machen Kroatien zum lohnenden Ferienziel.<\/p>\n<p dir=\"ltr\" data-angle=\"0\" data-font-name=\"g_font_8_0\" data-canvas-width=\"272.6582585878373\"><a href=\"http:\/\/www.presstourism.ch\/attachments\/File\/KNECHTkroatien-2011.pdf\">Lire la suite&#8230;<\/a><\/p>\n<hr \/>\n<h2><\/h2>\n<h2>Presstourism.ch en Croatie<\/h2>\n<p>Du 15 au 18 mai 2014, \u00e0 l&rsquo;invitation de l&rsquo;Office croate du Tourisme et de Croatia Airlines, toute l&rsquo;\u00e9quipe de presstourism.ch a d\u00e9couvert\u00a0la Croatie et plus particuli\u00e8rement l&rsquo;Istrie. C&rsquo;est \u00e0\u00a0Umag, le 16 mai au matin, que s&rsquo;est tenue notre\u00a0assembl\u00e9e g\u00e9n\u00e9rale annuelle.<\/p>\n<p><img loading=\"lazy\" class=\"alignnone size-medium wp-image-771 aligncenter\" src=\"https:\/\/i1.wp.com\/www.presstourism.ch\/WP_ALEX\/wp-content\/uploads\/2014\/05\/P1000762w-300x224.jpg?resize=300%2C224\" alt=\"P1000762w\" width=\"300\" height=\"224\" srcset=\"https:\/\/i0.wp.com\/www.presstourism.ch\/wp-content\/uploads\/2014\/05\/P1000762w.jpg?resize=300%2C224 300w, https:\/\/i0.wp.com\/www.presstourism.ch\/wp-content\/uploads\/2014\/05\/P1000762w.jpg?w=448 448w\" sizes=\"(max-width: 300px) 100vw, 300px\" data-recalc-dims=\"1\" \/><\/p>\n<p dir=\"ltr\" data-angle=\"0\" data-font-name=\"g_font_8_0\" data-canvas-width=\"272.6582585878373\">Lisez aussi le communiqu\u00e9 de presse de l&rsquo;Office du Tourisme de Croatie \u00e0 propos de l&rsquo;Istrie:\u00a0<a href=\"http:\/\/www.presstourism.ch\/WP_ALEX\/wp-content\/uploads\/2014\/05\/Istrie-ONCT.pdf\">Istrie ONCT<\/a><\/p>\n<hr \/>\n","protected":false},"excerpt":{"rendered":"<p>&nbsp; La mer, les rochers et les \u00e9cureuils d\u2019Umag Dans l&rsquo;ouest de la Croatie, la province d&rsquo;Istrie \u2013 Istarska Zupanija en croate \u2013 est une terre de vignobles, de truffes, de vins, d\u2019huile d\u2019olives, de jambon et de fromages\u2026 Et &hellip; <a href=\"http:\/\/www.presstourism.ch\/?page_id=208\">Continuer la lecture <span class=\"meta-nav\">&rarr;<\/span><\/a><\/p>\n","protected":false},"author":1,"featured_media":0,"parent":2161,"menu_order":0,"comment_status":"open","ping_status":"open","template":"","meta":{"ngg_post_thumbnail":0,"spay_email":""},"jetpack_sharing_enabled":true,"jetpack_shortlink":"https:\/\/wp.me\/P468TV-3m","_links":{"self":[{"href":"http:\/\/www.presstourism.ch\/index.php?rest_route=\/wp\/v2\/pages\/208"}],"collection":[{"href":"http:\/\/www.presstourism.ch\/index.php?rest_route=\/wp\/v2\/pages"}],"about":[{"href":"http:\/\/www.presstourism.ch\/index.php?rest_route=\/wp\/v2\/types\/page"}],"author":[{"embeddable":true,"href":"http:\/\/www.presstourism.ch\/index.php?rest_route=\/wp\/v2\/users\/1"}],"replies":[{"embeddable":true,"href":"http:\/\/www.presstourism.ch\/index.php?rest_route=%2Fwp%2Fv2%2Fcomments&post=208"}],"version-history":[{"count":19,"href":"http:\/\/www.presstourism.ch\/index.php?rest_route=\/wp\/v2\/pages\/208\/revisions"}],"predecessor-version":[{"id":2231,"href":"http:\/\/www.presstourism.ch\/index.php?rest_route=\/wp\/v2\/pages\/208\/revisions\/2231"}],"up":[{"embeddable":true,"href":"http:\/\/www.presstourism.ch\/index.php?rest_route=\/wp\/v2\/pages\/2161"}],"wp:attachment":[{"href":"http:\/\/www.presstourism.ch\/index.php?rest_route=%2Fwp%2Fv2%2Fmedia&parent=208"}],"curies":[{"name":"wp","href":"https:\/\/api.w.org\/{rel}","templated":true}]}}