{"id":203,"date":"2013-11-15T00:00:36","date_gmt":"2013-11-14T23:00:36","guid":{"rendered":"http:\/\/www.presstourism.ch\/WP_ALEX\/?page_id=203"},"modified":"2016-03-03T16:20:32","modified_gmt":"2016-03-03T15:20:32","slug":"chine","status":"publish","type":"page","link":"http:\/\/www.presstourism.ch\/?page_id=203","title":{"rendered":"Chine"},"content":{"rendered":"<p style=\"text-align: center;\"><a href=\"https:\/\/i1.wp.com\/www.presstourism.ch\/WP_ALEX\/wp-content\/uploads\/2013\/11\/chine.gif\"><img loading=\"lazy\" class=\"alignnone size-medium wp-image-204\" src=\"https:\/\/i1.wp.com\/www.presstourism.ch\/WP_ALEX\/wp-content\/uploads\/2013\/11\/chine-300x244.gif?resize=300%2C244\" alt=\"chine\" width=\"300\" height=\"244\" data-recalc-dims=\"1\" \/><\/a><\/p>\n<p><strong><a href=\"http:\/\/fr.youtube.com\/watch?v=UaJXOBd6jdY\">Transsib\u00e9rien: P\u00e9kin et la Grande Muraille \/ Alex D\u00e9cotte<\/a><\/strong><\/p>\n<p>Arriv\u00e9e \u00e0 P\u00e9kin. Grande muraille de Chine. Extrait du DVD r\u00e9alis\u00e9 par Alex D\u00e9cotte en 2007 et ins\u00e9r\u00e9 dans le livre \u00ab\u00a0Trains de r\u00eave\u00a0\u00bb (Editions Seven 7, Paris)<\/p>\n<p><img loading=\"lazy\" id=\"il_fi\" class=\"aligncenter\" src=\"https:\/\/i1.wp.com\/www.futura-sciences.com\/img\/grande_muraille_chine.jpg?resize=310%2C232\" alt=\"\" width=\"310\" height=\"232\" data-recalc-dims=\"1\" \/><\/p>\n<p>&nbsp;<\/p>\n<p><strong><a title=\"Lien permanent vers Aux confins de la Chine sur la Route de la Soie\" href=\"http:\/\/www.jepars.ch\/magazine\/?p=5794\" rel=\"bookmark\"> Aux confins de la Chine sur la Route de la Soie <\/a><\/strong><\/p>\n<p>Mariette Muller<\/p>\n<p>Au temps des grandes dynasties de l\u2019Empire du Milieu, cette r\u00e9gion a connu son heure de gloire quand les lourdes caravanes des marchands la traversaient de part en part, suivant ainsi le trac\u00e9 de la Route de la Soie.<\/p>\n<p><img loading=\"lazy\" class=\"aligncenter\" title=\"Aux confins de la Chine sur la Route de la Soie\" src=\"https:\/\/i0.wp.com\/www.jepars.ch\/magazine\/wp-content\/uploads\/2011\/11\/Festival1+-455x323.jpg?resize=355%2C252\" alt=\"\" width=\"355\" height=\"252\" data-recalc-dims=\"1\" \/><\/p>\n","protected":false},"excerpt":{"rendered":"<p>Transsib\u00e9rien: P\u00e9kin et la Grande Muraille \/ Alex D\u00e9cotte Arriv\u00e9e \u00e0 P\u00e9kin. Grande muraille de Chine. Extrait du DVD r\u00e9alis\u00e9 par Alex D\u00e9cotte en 2007 et ins\u00e9r\u00e9 dans le livre \u00ab\u00a0Trains de r\u00eave\u00a0\u00bb (Editions Seven 7, Paris) &nbsp; Aux confins &hellip; <a href=\"http:\/\/www.presstourism.ch\/?page_id=203\">Continuer la lecture <span class=\"meta-nav\">&rarr;<\/span><\/a><\/p>\n","protected":false},"author":1,"featured_media":0,"parent":2222,"menu_order":0,"comment_status":"open","ping_status":"open","template":"","meta":{"ngg_post_thumbnail":0,"spay_email":""},"jetpack_sharing_enabled":true,"jetpack_shortlink":"https:\/\/wp.me\/P468TV-3h","_links":{"self":[{"href":"http:\/\/www.presstourism.ch\/index.php?rest_route=\/wp\/v2\/pages\/203"}],"collection":[{"href":"http:\/\/www.presstourism.ch\/index.php?rest_route=\/wp\/v2\/pages"}],"about":[{"href":"http:\/\/www.presstourism.ch\/index.php?rest_route=\/wp\/v2\/types\/page"}],"author":[{"embeddable":true,"href":"http:\/\/www.presstourism.ch\/index.php?rest_route=\/wp\/v2\/users\/1"}],"replies":[{"embeddable":true,"href":"http:\/\/www.presstourism.ch\/index.php?rest_route=%2Fwp%2Fv2%2Fcomments&post=203"}],"version-history":[{"count":4,"href":"http:\/\/www.presstourism.ch\/index.php?rest_route=\/wp\/v2\/pages\/203\/revisions"}],"predecessor-version":[{"id":2230,"href":"http:\/\/www.presstourism.ch\/index.php?rest_route=\/wp\/v2\/pages\/203\/revisions\/2230"}],"up":[{"embeddable":true,"href":"http:\/\/www.presstourism.ch\/index.php?rest_route=\/wp\/v2\/pages\/2222"}],"wp:attachment":[{"href":"http:\/\/www.presstourism.ch\/index.php?rest_route=%2Fwp%2Fv2%2Fmedia&parent=203"}],"curies":[{"name":"wp","href":"https:\/\/api.w.org\/{rel}","templated":true}]}}