{"id":1980,"date":"2016-02-27T15:00:24","date_gmt":"2016-02-27T14:00:24","guid":{"rendered":"http:\/\/www.presstourism.ch\/WP_ALEX\/?page_id=1980"},"modified":"2024-04-13T00:15:29","modified_gmt":"2024-04-12T22:15:29","slug":"zurich-en-suivant-les-rives-de-la-limmat","status":"publish","type":"page","link":"http:\/\/www.presstourism.ch\/?page_id=1980","title":{"rendered":"Zurich: En suivant les rives de la Limmat"},"content":{"rendered":"<div id=\"attachment_1981\" style=\"width: 310px\" class=\"wp-caption aligncenter\"><a href=\"https:\/\/i1.wp.com\/www.presstourism.ch\/WP_ALEX\/wp-content\/uploads\/2016\/02\/1ZurichLimmat1.jpg\"><img aria-describedby=\"caption-attachment-1981\" loading=\"lazy\" class=\"size-medium wp-image-1981\" src=\"https:\/\/i1.wp.com\/www.presstourism.ch\/WP_ALEX\/wp-content\/uploads\/2016\/02\/1ZurichLimmat1-300x225.jpg?resize=300%2C225\" alt=\"En suivant le cours de la Limmat \u00e0 Zurich avec l\u2019\u00e9glise Grossm\u00fcnster en toile de fond.\" width=\"300\" height=\"225\" srcset=\"https:\/\/i0.wp.com\/www.presstourism.ch\/wp-content\/uploads\/2016\/02\/1ZurichLimmat1.jpg?resize=300%2C225 300w, https:\/\/i0.wp.com\/www.presstourism.ch\/wp-content\/uploads\/2016\/02\/1ZurichLimmat1.jpg?resize=1024%2C768 1024w, https:\/\/i0.wp.com\/www.presstourism.ch\/wp-content\/uploads\/2016\/02\/1ZurichLimmat1.jpg?resize=600%2C450 600w, https:\/\/i0.wp.com\/www.presstourism.ch\/wp-content\/uploads\/2016\/02\/1ZurichLimmat1.jpg?w=1168 1168w, https:\/\/i0.wp.com\/www.presstourism.ch\/wp-content\/uploads\/2016\/02\/1ZurichLimmat1.jpg?w=1752 1752w\" sizes=\"(max-width: 300px) 100vw, 300px\" data-recalc-dims=\"1\" \/><\/a><p id=\"caption-attachment-1981\" class=\"wp-caption-text\">En suivant le cours de la Limmat \u00e0 Zurich avec l\u2019\u00e9glise Grossm\u00fcnster en toile de fond.<\/p><\/div>\n<p>Les attraits ne manquent pas dans la plus grande ville du pays et il est captivant de fl\u00e2ner le long de la rivi\u00e8re et dans le centre historique, avec plusieurs d\u00e9couvertes \u00e0 la cl\u00e9.<\/p>\n<div id=\"attachment_1985\" style=\"width: 235px\" class=\"wp-caption aligncenter\"><a href=\"https:\/\/i2.wp.com\/www.presstourism.ch\/WP_ALEX\/wp-content\/uploads\/2016\/02\/4B_ZurichLimmatZeug.jpg\"><img aria-describedby=\"caption-attachment-1985\" loading=\"lazy\" class=\"size-medium wp-image-1985\" src=\"https:\/\/i1.wp.com\/www.presstourism.ch\/WP_ALEX\/wp-content\/uploads\/2016\/02\/4B_ZurichLimmatZeug-225x300.jpg?resize=225%2C300\" alt=\"Le restaurant du Zeughauskeller incontournanle \u00e0 Zurich.\" width=\"225\" height=\"300\" srcset=\"https:\/\/i0.wp.com\/www.presstourism.ch\/wp-content\/uploads\/2016\/02\/4B_ZurichLimmatZeug.jpg?resize=225%2C300 225w, https:\/\/i0.wp.com\/www.presstourism.ch\/wp-content\/uploads\/2016\/02\/4B_ZurichLimmatZeug.jpg?resize=768%2C1024 768w, https:\/\/i0.wp.com\/www.presstourism.ch\/wp-content\/uploads\/2016\/02\/4B_ZurichLimmatZeug.jpg?resize=600%2C800 600w, https:\/\/i0.wp.com\/www.presstourism.ch\/wp-content\/uploads\/2016\/02\/4B_ZurichLimmatZeug.jpg?w=1168 1168w, https:\/\/i0.wp.com\/www.presstourism.ch\/wp-content\/uploads\/2016\/02\/4B_ZurichLimmatZeug.jpg?w=1752 1752w\" sizes=\"(max-width: 225px) 100vw, 225px\" data-recalc-dims=\"1\" \/><\/a><p id=\"caption-attachment-1985\" class=\"wp-caption-text\">Le restaurant du Zeughauskeller incontournanle \u00e0 Zurich.<\/p><\/div>\n<p>Une r\u00e9cente escale \u00e0 Zurich m&rsquo;a permis de red\u00e9couvrir une partie de cette belle ville, la plus peupl\u00e9e de Suisse, apr\u00e8s avoir parcouru les stands anim\u00e9s du 1er salon du tourisme de l&rsquo;ann\u00e9e au Hallenstadion. Ce dernier est une attraction \u00e0 lui tout seul et est utilis\u00e9 pour divers spectacles et manifestations dans les domaines commercial, musical et sportif, sans oublier la patinoire des Lions, actuellement en t\u00eate du championnat suisse de hockey sur glace.<\/p>\n<div id=\"attachment_1983\" style=\"width: 310px\" class=\"wp-caption aligncenter\"><a href=\"https:\/\/i0.wp.com\/www.presstourism.ch\/WP_ALEX\/wp-content\/uploads\/2016\/02\/3ZurichLimmatBulles.jpg\"><img aria-describedby=\"caption-attachment-1983\" loading=\"lazy\" class=\"size-medium wp-image-1983\" src=\"https:\/\/i0.wp.com\/www.presstourism.ch\/WP_ALEX\/wp-content\/uploads\/2016\/02\/3ZurichLimmatBulles-300x200.jpg?resize=300%2C200\" alt=\"En suivant le cours de la Limmat \u00e0 Zurich on peut rencontrer un amoureux des bulles.\" width=\"300\" height=\"200\" srcset=\"https:\/\/i0.wp.com\/www.presstourism.ch\/wp-content\/uploads\/2016\/02\/3ZurichLimmatBulles.jpg?resize=300%2C200 300w, https:\/\/i0.wp.com\/www.presstourism.ch\/wp-content\/uploads\/2016\/02\/3ZurichLimmatBulles.jpg?resize=1024%2C683 1024w, https:\/\/i0.wp.com\/www.presstourism.ch\/wp-content\/uploads\/2016\/02\/3ZurichLimmatBulles.jpg?resize=600%2C400 600w, https:\/\/i0.wp.com\/www.presstourism.ch\/wp-content\/uploads\/2016\/02\/3ZurichLimmatBulles.jpg?w=1168 1168w, https:\/\/i0.wp.com\/www.presstourism.ch\/wp-content\/uploads\/2016\/02\/3ZurichLimmatBulles.jpg?w=1752 1752w\" sizes=\"(max-width: 300px) 100vw, 300px\" data-recalc-dims=\"1\" \/><\/a><p id=\"caption-attachment-1983\" class=\"wp-caption-text\">En suivant le cours de la Limmat \u00e0 Zurich, on peut rencontrer un amoureux des bulles.<\/p><\/div>\n<p>Par beau temps, il fait bon marcher le long des rives de la Limmat en partant de la gare, qui jouxte le Mus\u00e9e national. En faisant, bien entendu, quelques d\u00e9tours dans les rues du centre historique, ses ruelles, ses jolies places et son riche patrimoine. L&rsquo;esplanade du Lindenhof, plant\u00e9e de tilleuls, surplombe la rivi\u00e8re et offre un super panorama avec notamment les clochers de l&rsquo;\u00e9glise Grossm\u00fcnster et les b\u00e2timents de l&rsquo;Universit\u00e9 en toile de fond. En redescendant sur les quais, on rejoint la Weinplatz puis le Frauenbadi, joli b\u00e2timent du port de plaisance, avant d&rsquo;arriver au bord du lac et de traverser le Quaibr\u00fccke, o\u00f9 le coup d&rsquo;oeil vers la cit\u00e9 est \u00e9galement superbe.<\/p>\n<div id=\"attachment_1988\" style=\"width: 310px\" class=\"wp-caption aligncenter\"><a href=\"https:\/\/i0.wp.com\/www.presstourism.ch\/WP_ALEX\/wp-content\/uploads\/2016\/02\/7ZurichLimmatOpera.jpg\"><img aria-describedby=\"caption-attachment-1988\" loading=\"lazy\" class=\"size-medium wp-image-1988\" src=\"https:\/\/i0.wp.com\/www.presstourism.ch\/WP_ALEX\/wp-content\/uploads\/2016\/02\/7ZurichLimmatOpera-300x225.jpg?resize=300%2C225\" alt=\"L\u2019op\u00e9ra, Opernhaus, a une capacit\u00e9 de 1100 places.\" width=\"300\" height=\"225\" srcset=\"https:\/\/i2.wp.com\/www.presstourism.ch\/wp-content\/uploads\/2016\/02\/7ZurichLimmatOpera.jpg?resize=300%2C225 300w, https:\/\/i2.wp.com\/www.presstourism.ch\/wp-content\/uploads\/2016\/02\/7ZurichLimmatOpera.jpg?resize=1024%2C768 1024w, https:\/\/i2.wp.com\/www.presstourism.ch\/wp-content\/uploads\/2016\/02\/7ZurichLimmatOpera.jpg?resize=600%2C450 600w, https:\/\/i2.wp.com\/www.presstourism.ch\/wp-content\/uploads\/2016\/02\/7ZurichLimmatOpera.jpg?w=1168 1168w, https:\/\/i2.wp.com\/www.presstourism.ch\/wp-content\/uploads\/2016\/02\/7ZurichLimmatOpera.jpg?w=1752 1752w\" sizes=\"(max-width: 300px) 100vw, 300px\" data-recalc-dims=\"1\" \/><\/a><p id=\"caption-attachment-1988\" class=\"wp-caption-text\">L\u2019op\u00e9ra, Opernhaus, a une capacit\u00e9 de 1100 places.<\/p><\/div>\n<p>De l&rsquo;autre c\u00f4t\u00e9 de la Limmat, on se retrouve vers la place du Sechsel\u00e4uten o\u00f9 les Zurichois br\u00fblent chaque 3e lundi d&rsquo;avril depuis des si\u00e8cles le B\u00f6\u00f6gg, leur Bonhomme qui chasse d\u00e9finitivement l&rsquo;hiver. Il y a \u00e9galement l&rsquo;op\u00e9ra, qui contient une magnifique salle de concerts et de ballets. En remontant la rivi\u00e8re jusqu&rsquo;\u00e0 la gare, on a l&#8217;embarras du choix dans le contexte historique et des arr\u00eats s&rsquo;imposent \u00e0 la galerie Lumas, Marktgasse 9, qui expose les plus grands photographe du monde, ainsi qu&rsquo;au Cabaret Voltaire, lieu de naissance du mythe Dada, qui f\u00eate cette ann\u00e9e son 100e anniversaire.<\/p>\n<p><strong>Texte et photos: Roger Juillerat<\/strong><\/p>\n<div id=\"attachment_1986\" style=\"width: 310px\" class=\"wp-caption aligncenter\"><a href=\"https:\/\/i1.wp.com\/www.presstourism.ch\/WP_ALEX\/wp-content\/uploads\/2016\/02\/5ZurichLimmatAltstadt.jpg\"><img aria-describedby=\"caption-attachment-1986\" loading=\"lazy\" class=\"size-medium wp-image-1986\" src=\"https:\/\/i2.wp.com\/www.presstourism.ch\/WP_ALEX\/wp-content\/uploads\/2016\/02\/5ZurichLimmatAltstadt-300x200.jpg?resize=300%2C200\" alt=\"En suivant le cours de la Limmat et en traversant le vieille ville \u00e0 Zurich.\" width=\"300\" height=\"200\" srcset=\"https:\/\/i0.wp.com\/www.presstourism.ch\/wp-content\/uploads\/2016\/02\/5ZurichLimmatAltstadt.jpg?resize=300%2C200 300w, https:\/\/i0.wp.com\/www.presstourism.ch\/wp-content\/uploads\/2016\/02\/5ZurichLimmatAltstadt.jpg?resize=1024%2C683 1024w, https:\/\/i0.wp.com\/www.presstourism.ch\/wp-content\/uploads\/2016\/02\/5ZurichLimmatAltstadt.jpg?resize=600%2C400 600w, https:\/\/i0.wp.com\/www.presstourism.ch\/wp-content\/uploads\/2016\/02\/5ZurichLimmatAltstadt.jpg?w=1168 1168w, https:\/\/i0.wp.com\/www.presstourism.ch\/wp-content\/uploads\/2016\/02\/5ZurichLimmatAltstadt.jpg?w=1752 1752w\" sizes=\"(max-width: 300px) 100vw, 300px\" data-recalc-dims=\"1\" \/><\/a><p id=\"caption-attachment-1986\" class=\"wp-caption-text\">En traversant le vieille ville \u00e0 Zurich.<\/p><\/div>\n<p><strong>Infos pratiques<\/strong><\/p>\n<div id=\"attachment_1984\" style=\"width: 310px\" class=\"wp-caption aligncenter\"><a href=\"https:\/\/i2.wp.com\/www.presstourism.ch\/WP_ALEX\/wp-content\/uploads\/2016\/02\/4A_ZurichLimmatZeug.jpg\"><img aria-describedby=\"caption-attachment-1984\" loading=\"lazy\" class=\"size-medium wp-image-1984\" src=\"https:\/\/i1.wp.com\/www.presstourism.ch\/WP_ALEX\/wp-content\/uploads\/2016\/02\/4A_ZurichLimmatZeug-300x225.jpg?resize=300%2C225\" alt=\"Le restaurant Zeughauskeller est une curiosit\u00e9 de la cit\u00e9 et sert des sp\u00e9cialit\u00e9s du terroir.\" width=\"300\" height=\"225\" srcset=\"https:\/\/i0.wp.com\/www.presstourism.ch\/wp-content\/uploads\/2016\/02\/4A_ZurichLimmatZeug.jpg?resize=300%2C225 300w, https:\/\/i0.wp.com\/www.presstourism.ch\/wp-content\/uploads\/2016\/02\/4A_ZurichLimmatZeug.jpg?resize=1024%2C768 1024w, https:\/\/i0.wp.com\/www.presstourism.ch\/wp-content\/uploads\/2016\/02\/4A_ZurichLimmatZeug.jpg?resize=600%2C450 600w, https:\/\/i0.wp.com\/www.presstourism.ch\/wp-content\/uploads\/2016\/02\/4A_ZurichLimmatZeug.jpg?w=1168 1168w, https:\/\/i0.wp.com\/www.presstourism.ch\/wp-content\/uploads\/2016\/02\/4A_ZurichLimmatZeug.jpg?w=1752 1752w\" sizes=\"(max-width: 300px) 100vw, 300px\" data-recalc-dims=\"1\" \/><\/a><p id=\"caption-attachment-1984\" class=\"wp-caption-text\">Le restaurant Zeughauskeller est une curiosit\u00e9 de la cit\u00e9 et sert des sp\u00e9cialit\u00e9s du terroir.<\/p><\/div>\n<p><strong>Y aller:<\/strong> en train jusqu&rsquo;\u00e0 la Gare centrale et son b\u00e2timent monumental, proche du centre historique, www.cff.ch<\/p>\n<p><strong>Mais aussi:<\/strong> le Zoo de Zurich, le jardin botanique, la c\u00e9l\u00e8bre place financi\u00e8re Paradeplatz, le mus\u00e9e de l&rsquo;horlogerie Beyer, le Kunsthaus, l&rsquo;artisanat traditionnel au \u00ab\u00a0Schipfe\u00a0\u00bb (entre la Limmat et le Lindenhof), le shopping, etc.<\/p>\n<div id=\"attachment_1982\" style=\"width: 310px\" class=\"wp-caption aligncenter\"><a href=\"https:\/\/i2.wp.com\/www.presstourism.ch\/WP_ALEX\/wp-content\/uploads\/2016\/02\/2ZurichLimmatLumas.jpg\"><img aria-describedby=\"caption-attachment-1982\" loading=\"lazy\" class=\"size-medium wp-image-1982\" src=\"https:\/\/i2.wp.com\/www.presstourism.ch\/WP_ALEX\/wp-content\/uploads\/2016\/02\/2ZurichLimmatLumas-300x200.jpg?resize=300%2C200\" alt=\"On trouve des oeuvres des plus grands photographes du monde \u00e0 la Galrrie Lumas, sur la Marktgasse dans la vieille ville.\" width=\"300\" height=\"200\" srcset=\"https:\/\/i1.wp.com\/www.presstourism.ch\/wp-content\/uploads\/2016\/02\/2ZurichLimmatLumas.jpg?resize=300%2C200 300w, https:\/\/i1.wp.com\/www.presstourism.ch\/wp-content\/uploads\/2016\/02\/2ZurichLimmatLumas.jpg?resize=1024%2C683 1024w, https:\/\/i1.wp.com\/www.presstourism.ch\/wp-content\/uploads\/2016\/02\/2ZurichLimmatLumas.jpg?resize=600%2C400 600w, https:\/\/i1.wp.com\/www.presstourism.ch\/wp-content\/uploads\/2016\/02\/2ZurichLimmatLumas.jpg?w=1168 1168w, https:\/\/i1.wp.com\/www.presstourism.ch\/wp-content\/uploads\/2016\/02\/2ZurichLimmatLumas.jpg?w=1752 1752w\" sizes=\"(max-width: 300px) 100vw, 300px\" data-recalc-dims=\"1\" \/><\/a><p id=\"caption-attachment-1982\" class=\"wp-caption-text\">On trouve des oeuvres des plus grands photographes du monde \u00e0 la Galerie Lumas, sur la Marktgasse .<\/p><\/div>\n<div id=\"attachment_1987\" style=\"width: 310px\" class=\"wp-caption aligncenter\"><a href=\"https:\/\/i2.wp.com\/www.presstourism.ch\/WP_ALEX\/wp-content\/uploads\/2016\/02\/6ZurichLimmatFKWeber.jpg\"><img aria-describedby=\"caption-attachment-1987\" loading=\"lazy\" class=\"size-medium wp-image-1987\" src=\"https:\/\/i0.wp.com\/www.presstourism.ch\/WP_ALEX\/wp-content\/uploads\/2016\/02\/6ZurichLimmatFKWeber-300x200.jpg?resize=300%2C200\" alt=\"L\u2019enseigne de la maison de jouets Franz Carl Weber, premier magasin ouvert en Suisse.\" width=\"300\" height=\"200\" srcset=\"https:\/\/i0.wp.com\/www.presstourism.ch\/wp-content\/uploads\/2016\/02\/6ZurichLimmatFKWeber.jpg?resize=300%2C200 300w, https:\/\/i0.wp.com\/www.presstourism.ch\/wp-content\/uploads\/2016\/02\/6ZurichLimmatFKWeber.jpg?resize=1024%2C683 1024w, https:\/\/i0.wp.com\/www.presstourism.ch\/wp-content\/uploads\/2016\/02\/6ZurichLimmatFKWeber.jpg?resize=600%2C400 600w, https:\/\/i0.wp.com\/www.presstourism.ch\/wp-content\/uploads\/2016\/02\/6ZurichLimmatFKWeber.jpg?w=1168 1168w, https:\/\/i0.wp.com\/www.presstourism.ch\/wp-content\/uploads\/2016\/02\/6ZurichLimmatFKWeber.jpg?w=1752 1752w\" sizes=\"(max-width: 300px) 100vw, 300px\" data-recalc-dims=\"1\" \/><\/a><p id=\"caption-attachment-1987\" class=\"wp-caption-text\">L\u2019enseigne de la maison de jouets Franz Carl Weber, premier magasin ouvert en Suisse.<\/p><\/div>\n<p><strong>Couverts:<\/strong> ne pas manquer le restaurant Zeughauskeller avec son cadre rustique, Bahnhofstrasse 28, et y d\u00e9guster l&rsquo;\u00e9minc\u00e9 \u00e0 la zurichoise. La Brasserie Schiller ou brasserie des po\u00e8tes pr\u00e8s de l&rsquo;op\u00e9ra.<\/p>\n<p><strong>Se renseigner:<\/strong> <a href=\"http:\/\/www.zuerich.com\">www.zuerich.com<\/a>, Zurich sur <a href=\"http:\/\/myswitzerland.com\">myswitzerland.com<\/a><\/p>\n<p><a href=\"http:\/\/www.presstourism.ch\/wp-content\/uploads\/2016\/02\/NVT_Mercredi240216_w-BaladeZurich3.pdf\">Lire ou t\u00e9l\u00e9charger l&rsquo;article de R\u00e9gion Nord Vaudois <\/a><\/p>\n\n\n<p><\/p>\n","protected":false},"excerpt":{"rendered":"<p>Les attraits ne manquent pas dans la plus grande ville du pays et il est captivant de fl\u00e2ner le long de la rivi\u00e8re et dans le centre historique, avec plusieurs d\u00e9couvertes \u00e0 la cl\u00e9. Une r\u00e9cente escale \u00e0 Zurich m&rsquo;a &hellip; <a href=\"http:\/\/www.presstourism.ch\/?page_id=1980\">Continuer la lecture <span class=\"meta-nav\">&rarr;<\/span><\/a><\/p>\n","protected":false},"author":1,"featured_media":0,"parent":341,"menu_order":0,"comment_status":"closed","ping_status":"closed","template":"","meta":{"ngg_post_thumbnail":0,"spay_email":""},"jetpack_sharing_enabled":true,"jetpack_shortlink":"https:\/\/wp.me\/P468TV-vW","_links":{"self":[{"href":"http:\/\/www.presstourism.ch\/index.php?rest_route=\/wp\/v2\/pages\/1980"}],"collection":[{"href":"http:\/\/www.presstourism.ch\/index.php?rest_route=\/wp\/v2\/pages"}],"about":[{"href":"http:\/\/www.presstourism.ch\/index.php?rest_route=\/wp\/v2\/types\/page"}],"author":[{"embeddable":true,"href":"http:\/\/www.presstourism.ch\/index.php?rest_route=\/wp\/v2\/users\/1"}],"replies":[{"embeddable":true,"href":"http:\/\/www.presstourism.ch\/index.php?rest_route=%2Fwp%2Fv2%2Fcomments&post=1980"}],"version-history":[{"count":4,"href":"http:\/\/www.presstourism.ch\/index.php?rest_route=\/wp\/v2\/pages\/1980\/revisions"}],"predecessor-version":[{"id":9346,"href":"http:\/\/www.presstourism.ch\/index.php?rest_route=\/wp\/v2\/pages\/1980\/revisions\/9346"}],"up":[{"embeddable":true,"href":"http:\/\/www.presstourism.ch\/index.php?rest_route=\/wp\/v2\/pages\/341"}],"wp:attachment":[{"href":"http:\/\/www.presstourism.ch\/index.php?rest_route=%2Fwp%2Fv2%2Fmedia&parent=1980"}],"curies":[{"name":"wp","href":"https:\/\/api.w.org\/{rel}","templated":true}]}}