{"id":1952,"date":"2016-02-20T12:16:12","date_gmt":"2016-02-20T11:16:12","guid":{"rendered":"http:\/\/www.presstourism.ch\/WP_ALEX\/?page_id=1952"},"modified":"2016-02-20T12:16:36","modified_gmt":"2016-02-20T11:16:36","slug":"legee-mer-des-joies-et-peines","status":"publish","type":"page","link":"http:\/\/www.presstourism.ch\/?page_id=1952","title":{"rendered":"L&rsquo;Eg\u00e9e &#8211; mer des joies et peines"},"content":{"rendered":"<p><em>Mykonos &#8211; Star des Cyclades \/ par V\u00e9ronique Coppey<\/em><\/p>\n<p><a href=\"https:\/\/i1.wp.com\/www.presstourism.ch\/WP_ALEX\/wp-content\/uploads\/2016\/02\/Eg\u00e9e.jpg\"><img loading=\"lazy\" class=\"size-medium wp-image-1953 aligncenter\" src=\"https:\/\/i2.wp.com\/www.presstourism.ch\/WP_ALEX\/wp-content\/uploads\/2016\/02\/Eg\u00e9e-300x217.jpg?resize=300%2C217\" alt=\"Eg\u00e9e\" width=\"300\" height=\"217\" srcset=\"https:\/\/i2.wp.com\/www.presstourism.ch\/wp-content\/uploads\/2016\/02\/Eg\u00e9e.jpg?resize=300%2C217 300w, https:\/\/i2.wp.com\/www.presstourism.ch\/wp-content\/uploads\/2016\/02\/Eg\u00e9e.jpg?resize=1024%2C740 1024w, https:\/\/i2.wp.com\/www.presstourism.ch\/wp-content\/uploads\/2016\/02\/Eg\u00e9e.jpg?resize=600%2C434 600w, https:\/\/i2.wp.com\/www.presstourism.ch\/wp-content\/uploads\/2016\/02\/Eg\u00e9e.jpg?w=1599 1599w, https:\/\/i2.wp.com\/www.presstourism.ch\/wp-content\/uploads\/2016\/02\/Eg\u00e9e.jpg?w=1168 1168w\" sizes=\"(max-width: 300px) 100vw, 300px\" data-recalc-dims=\"1\" \/><\/a><em>Toute de blanc et de bleu, comme l&rsquo;\u00e9tendard du pays, l&rsquo;\u00eele de Mykonos fait partie des Cyclades. L&rsquo;archipel grec rassemble 24 \u00eeles paradisiaques riches d&rsquo;une diversit\u00e9 personnalis\u00e9e propre \u00e0 chacune. Pour les r\u00e9fugi\u00e9s c&rsquo;est une mer de la peine<\/em><\/p>\n<p>Paradoxalement, Mykonos signifie \u00abterre pau\u00advre \u00bb. Star des Cyclades avec l&rsquo;\u00eele de Santorin, Mykonos est devenue incontournable dans les ann\u00e9es soixante. Aujourd&rsquo;hui, point de chute de la communaut\u00e9 gay, Mykonos danse et fait la f\u00eate le soir venu.<\/p>\n<p><strong>L&#8217;embl\u00e8me de Mykonos&#8230;<\/strong><\/p>\n<p>Ce sont ses moulins \u00e0 vent d&rsquo;un blanc imma\u00adcul\u00e9 qui datent du 16\u00e8me si\u00e8cle. Symboles de la Gr\u00e8ce, ils parent le sommet de la colline et tranchent avec le bleu de la mer Eg\u00e9e. Une multi\u00adtude de chapelles et d&rsquo;\u00e9glises pars\u00e8ment l&rsquo;\u00eele. Le monast\u00e8re de la Panagia Tourliani est d\u00e9di\u00e9 \u00e0 la patronne de l&rsquo;\u00eele . Situ\u00e9 \u00e0 Ano Maria, il fut recon\u00adstruit au 18\u00e8me si\u00e8cle avec le pr\u00e9cieux marbre de l&rsquo;\u00eele de Tinos. Pour les navigateurs dans l&rsquo;\u00e2me, le mus\u00e9e maritime de la Mer Eg\u00e9e propose une collection de navires de la p\u00e9riode pr\u00e9-minoenne et m\u00eame contemporaine. Des mod\u00e8les de bateaux anciens, des cartes datant de 1600 ainsi qu&rsquo;un hommage aux h\u00e9ros de la r\u00e9volution grecque y sont pr\u00e9sent\u00e9s.<\/p>\n<p>La roche granitique de l&rsquo;\u00eele, m\u00eame si elle est tr\u00e8s dure, souffre de l&rsquo;\u00e9rosion. Des blocs isol\u00e9s prouvent le combat acharn\u00e9 de la pierre contre les \u00e9l\u00e9ments. Les c\u00f4tes de Mykonos flirtent entre l&rsquo;harmonie de la nature sauvage et les complexes immobiliers. Les plages l\u00e9gendaires d\u00e9bordent de succ\u00e8s. Mode de vie initi\u00e9 par les hippies, la sieste n&rsquo;est toujours pas envisageable sur la plage de Paradise. La musique bat son plein au d\u00e9but de l&rsquo;apr\u00e8s-midi d\u00e9j\u00e0. A l&rsquo;est de l&rsquo;\u00eele, la plage de Super Paradise s&rsquo;av\u00e8re plus calme. On pourra sy remettre tranquillement des exc\u00e8s de la veille.<\/p>\n<p><strong>&#8230;et le calme de D\u00e9los<\/strong><\/p>\n<p>Fig\u00e9e dans le marbre, D\u00e9los affiche toute sa grandeur. A une demi-heure de travers\u00e9e en bateau, l&rsquo;\u00eele calme de D\u00e9los contraste avec My\u00adkonos l&rsquo;agit\u00e9e. Totalement inhabit\u00e9e, elle abonde des vestiges les mieux conserv\u00e9s du pays. Centre culturel majeur de la Gr\u00e8ce Antique, elle comptait alors 25&rsquo;000 habitants. Place commerciale pro\u00adsp\u00e8re, elle repr\u00e9sentait un sanctuaire religieux incontournable. D&rsquo;innombrables temples \u00e9taient \u00e9rig\u00e9s et de belles demeures abritaient un peuple heureux.<\/p>\n<p>Mais pourquoi une telle f\u00e9licit\u00e9 ? Parce que D\u00e9los avait accueilli la naissance du Dieu Apol\u00adlon. D&rsquo;ailleurs, les Cyclades ont \u00e9t\u00e9 le berceau des Dieux. c&rsquo;est dire la magie des lieux. Cinq lions prot\u00e8gent le site et m\u00eame fig\u00e9e dans le marbre, D\u00e9los la somptueuse affiche toute sa grandeur. Quand le jour d\u00e9cline et que le vent est tomb\u00e9, on vient savourer comme un rite \u00e9ternel, l&rsquo;ultime moment o\u00f9 le soleil rejoint son ombre dans le lit de la mer.<\/p>\n<p style=\"text-align: right;\"><em>V\u00e9ronique Coppey<\/em><\/p>\n<p style=\"text-align: right;\"><strong>Hiver 2016 <\/strong>Vision \/ Synthese<\/p>\n<p>&nbsp;<\/p>\n","protected":false},"excerpt":{"rendered":"<p>Mykonos &#8211; Star des Cyclades \/ par V\u00e9ronique Coppey Toute de blanc et de bleu, comme l&rsquo;\u00e9tendard du pays, l&rsquo;\u00eele de Mykonos fait partie des Cyclades. L&rsquo;archipel grec rassemble 24 \u00eeles paradisiaques riches d&rsquo;une diversit\u00e9 personnalis\u00e9e propre \u00e0 chacune. Pour &hellip; <a href=\"http:\/\/www.presstourism.ch\/?page_id=1952\">Continuer la lecture <span class=\"meta-nav\">&rarr;<\/span><\/a><\/p>\n","protected":false},"author":1,"featured_media":0,"parent":914,"menu_order":0,"comment_status":"closed","ping_status":"closed","template":"","meta":{"ngg_post_thumbnail":0,"spay_email":""},"jetpack_sharing_enabled":true,"jetpack_shortlink":"https:\/\/wp.me\/P468TV-vu","_links":{"self":[{"href":"http:\/\/www.presstourism.ch\/index.php?rest_route=\/wp\/v2\/pages\/1952"}],"collection":[{"href":"http:\/\/www.presstourism.ch\/index.php?rest_route=\/wp\/v2\/pages"}],"about":[{"href":"http:\/\/www.presstourism.ch\/index.php?rest_route=\/wp\/v2\/types\/page"}],"author":[{"embeddable":true,"href":"http:\/\/www.presstourism.ch\/index.php?rest_route=\/wp\/v2\/users\/1"}],"replies":[{"embeddable":true,"href":"http:\/\/www.presstourism.ch\/index.php?rest_route=%2Fwp%2Fv2%2Fcomments&post=1952"}],"version-history":[{"count":1,"href":"http:\/\/www.presstourism.ch\/index.php?rest_route=\/wp\/v2\/pages\/1952\/revisions"}],"predecessor-version":[{"id":1954,"href":"http:\/\/www.presstourism.ch\/index.php?rest_route=\/wp\/v2\/pages\/1952\/revisions\/1954"}],"up":[{"embeddable":true,"href":"http:\/\/www.presstourism.ch\/index.php?rest_route=\/wp\/v2\/pages\/914"}],"wp:attachment":[{"href":"http:\/\/www.presstourism.ch\/index.php?rest_route=%2Fwp%2Fv2%2Fmedia&parent=1952"}],"curies":[{"name":"wp","href":"https:\/\/api.w.org\/{rel}","templated":true}]}}