{"id":193,"date":"2013-11-14T23:40:38","date_gmt":"2013-11-14T22:40:38","guid":{"rendered":"http:\/\/www.presstourism.ch\/WP_ALEX\/?page_id=193"},"modified":"2016-03-03T16:19:50","modified_gmt":"2016-03-03T15:19:50","slug":"cap-vert","status":"publish","type":"page","link":"http:\/\/www.presstourism.ch\/?page_id=193","title":{"rendered":"Cap-Vert"},"content":{"rendered":"<p style=\"text-align: center;\"><a href=\"https:\/\/i0.wp.com\/www.presstourism.ch\/WP_ALEX\/wp-content\/uploads\/2013\/11\/capvert.gif\"><img loading=\"lazy\" class=\"alignnone size-medium wp-image-201\" src=\"https:\/\/i0.wp.com\/www.presstourism.ch\/WP_ALEX\/wp-content\/uploads\/2013\/11\/capvert-293x300.gif?resize=293%2C300\" alt=\"capvert\" width=\"293\" height=\"300\" data-recalc-dims=\"1\" \/><\/a><\/p>\n<p><a href=\"http:\/\/tourismpress.ch\/attachments\/File\/BlancCap_Vert.pdf\"><br \/>\n<\/a><a href=\"http:\/\/www.jepars.ch\/magazine\/?s=courtoisie+au+cap-vert&amp;search=Recherche\">Courtoisie au Cap-Vert \/ G\u00e9rard Blanc<\/a><\/p>\n<p>Vous serez peut-\u00eatre invit\u00e9 dans une famille si vous avez su gagner leur confiance. En ce cas, il est de bon aloi d\u2019apporter un cadeau, mais celui-ci n\u2019aura pas besoin d\u2019\u00eatre important. Petits et grands adorent recevoir des stylos. Le chocolat suisse a aussi beaucoup de succ\u00e8s.<\/p>\n<p><img class=\"aligncenter\" title=\"Plage de Sao Pedro\" src=\"https:\/\/i1.wp.com\/www.routard.com\/images_contenu\/communaute\/photos\/publi\/034\/pt33058.jpg?w=584\" alt=\"Plage de Sao Pedro\" data-recalc-dims=\"1\" \/><\/p>\n<p>&nbsp;<\/p>\n","protected":false},"excerpt":{"rendered":"<p>Courtoisie au Cap-Vert \/ G\u00e9rard Blanc Vous serez peut-\u00eatre invit\u00e9 dans une famille si vous avez su gagner leur confiance. En ce cas, il est de bon aloi d\u2019apporter un cadeau, mais celui-ci n\u2019aura pas besoin d\u2019\u00eatre important. Petits et &hellip; <a href=\"http:\/\/www.presstourism.ch\/?page_id=193\">Continuer la lecture <span class=\"meta-nav\">&rarr;<\/span><\/a><\/p>\n","protected":false},"author":1,"featured_media":0,"parent":162,"menu_order":0,"comment_status":"open","ping_status":"open","template":"","meta":{"ngg_post_thumbnail":0,"spay_email":""},"jetpack_sharing_enabled":true,"jetpack_shortlink":"https:\/\/wp.me\/P468TV-37","_links":{"self":[{"href":"http:\/\/www.presstourism.ch\/index.php?rest_route=\/wp\/v2\/pages\/193"}],"collection":[{"href":"http:\/\/www.presstourism.ch\/index.php?rest_route=\/wp\/v2\/pages"}],"about":[{"href":"http:\/\/www.presstourism.ch\/index.php?rest_route=\/wp\/v2\/types\/page"}],"author":[{"embeddable":true,"href":"http:\/\/www.presstourism.ch\/index.php?rest_route=\/wp\/v2\/users\/1"}],"replies":[{"embeddable":true,"href":"http:\/\/www.presstourism.ch\/index.php?rest_route=%2Fwp%2Fv2%2Fcomments&post=193"}],"version-history":[{"count":4,"href":"http:\/\/www.presstourism.ch\/index.php?rest_route=\/wp\/v2\/pages\/193\/revisions"}],"predecessor-version":[{"id":2229,"href":"http:\/\/www.presstourism.ch\/index.php?rest_route=\/wp\/v2\/pages\/193\/revisions\/2229"}],"up":[{"embeddable":true,"href":"http:\/\/www.presstourism.ch\/index.php?rest_route=\/wp\/v2\/pages\/162"}],"wp:attachment":[{"href":"http:\/\/www.presstourism.ch\/index.php?rest_route=%2Fwp%2Fv2%2Fmedia&parent=193"}],"curies":[{"name":"wp","href":"https:\/\/api.w.org\/{rel}","templated":true}]}}